{"id":5106,"date":"2023-09-06T03:39:33","date_gmt":"2023-09-06T00:39:33","guid":{"rendered":"https:\/\/terch.com.ua\/hizmetlerimiz\/tahil-ambar-depolamasi\/"},"modified":"2024-03-23T03:23:15","modified_gmt":"2024-03-23T01:23:15","slug":"tahil-ambar-depolamasi","status":"publish","type":"page","link":"https:\/\/terch.com.ua\/tr\/hizmetlerimiz\/tahil-ambar-depolamasi\/","title":{"rendered":"Tah\u0131l ambar depolamas\u0131"},"content":{"rendered":"<p>[et_pb_section fb_built=&#8221;1&#8243; custom_padding_last_edited=&#8221;on|phone&#8221; admin_label=&#8221;Hero Section&#8221; _builder_version=&#8221;4.22.1&#8243; _module_preset=&#8221;default&#8221; background_enable_color=&#8221;off&#8221; background_image=&#8221;https:\/\/terch.com.ua\/wp-content\/uploads\/2023\/08\/bg-20.jpg&#8221; custom_margin=&#8221;||||false|false&#8221; custom_padding=&#8221;100px||100px||false|false&#8221; custom_padding_tablet=&#8221;100px||100px||false|false&#8221; custom_padding_phone=&#8221;0px||0px||false|false&#8221; locked=&#8221;off&#8221; collapsed=&#8221;off&#8221; global_colors_info=&#8221;{}&#8221;][et_pb_row _builder_version=&#8221;4.19.4&#8243; _module_preset=&#8221;default&#8221; global_colors_info=&#8221;{}&#8221;][et_pb_column type=&#8221;4_4&#8243; _builder_version=&#8221;4.19.4&#8243; _module_preset=&#8221;default&#8221; global_colors_info=&#8221;{}&#8221;][et_pb_text _builder_version=&#8221;4.22.1&#8243; _dynamic_attributes=&#8221;content&#8221; _module_preset=&#8221;default&#8221; text_font=&#8221;|||on|||||&#8221; text_text_color=&#8221;#ffffff&#8221; text_font_size=&#8221;40px&#8221; text_line_height=&#8221;68px&#8221; text_orientation=&#8221;center&#8221; custom_margin=&#8221;||0px||false|false&#8221; animation_style=&#8221;slide&#8221; animation_direction=&#8221;top&#8221; animation_duration=&#8221;300ms&#8221; text_font_size_tablet=&#8221;30px&#8221; text_font_size_phone=&#8221;30px&#8221; text_font_size_last_edited=&#8221;on|tablet&#8221; global_colors_info=&#8221;{}&#8221;]@ET-DC@eyJkeW5hbWljIjp0cnVlLCJjb250ZW50IjoicG9zdF90aXRsZSIsInNldHRpbmdzIjp7ImJlZm9yZSI6IiIsImFmdGVyIjoiIiwiZW5hYmxlX2h0bWwiOiJvZmYifX0=@[\/et_pb_text][difl_breadcrumbs use_separator_icon=&#8221;on&#8221; separator_font_icon=&#8221;&#x35;||divi||400&#8243; separator_icon_color=&#8221;#FFFFFF&#8221; home_text=&#8221;Ana Sayfa&#8221; alignment=&#8221;center&#8221; show_on_front_page=&#8221;off&#8221; show_title=&#8221;off&#8221; enable_schema=&#8221;on&#8221; _builder_version=&#8221;4.22.1&#8243; _module_preset=&#8221;default&#8221; pages_font_font=&#8221;Nunito Sans|600|||||||&#8221; pages_font_text_color=&#8221;#FFFFFF&#8221; pages_font_line_height=&#8221;22px&#8221; home_font_font=&#8221;|700|||||||&#8221; home_font_line_height=&#8221;22px&#8221; animation_style=&#8221;slide&#8221; animation_direction=&#8221;bottom&#8221; animation_duration=&#8221;300ms&#8221; global_colors_info=&#8221;{}&#8221;][\/difl_breadcrumbs][\/et_pb_column][\/et_pb_row][\/et_pb_section][et_pb_section fb_built=&#8221;1&#8243; custom_padding_last_edited=&#8221;on|phone&#8221; admin_label=&#8221;Body Section&#8221; _builder_version=&#8221;4.22.1&#8243; _module_preset=&#8221;default&#8221; background_color=&#8221;#fafbff&#8221; custom_margin_tablet=&#8221;&#8221; custom_margin_phone=&#8221;||0px||false|false&#8221; custom_margin_last_edited=&#8221;on|phone&#8221; custom_padding=&#8221;||||false|false&#8221; custom_padding_tablet=&#8221;||||false|false&#8221; custom_padding_phone=&#8221;||0px||false|false&#8221; locked=&#8221;off&#8221; collapsed=&#8221;off&#8221; global_colors_info=&#8221;{}&#8221;][et_pb_row column_structure=&#8221;3_5,2_5&#8243; disabled_on=&#8221;off|off|off&#8221; _builder_version=&#8221;4.22.1&#8243; _module_preset=&#8221;default&#8221; background_enable_image=&#8221;off&#8221; global_colors_info=&#8221;{}&#8221;][et_pb_column type=&#8221;3_5&#8243; _builder_version=&#8221;4.19.4&#8243; _module_preset=&#8221;default&#8221; custom_padding=&#8221;||||false|false&#8221; global_colors_info=&#8221;{}&#8221;][et_pb_blurb content_max_width=&#8221;100%&#8221; disabled_on=&#8221;off|off|off&#8221; _builder_version=&#8221;4.22.2&#8243; _module_preset=&#8221;default&#8221; header_font=&#8221;Nunito Sans|700|||||||&#8221; header_text_color=&#8221;#222222&#8243; header_font_size=&#8221;24px&#8221; header_line_height=&#8221;29px&#8221; body_font=&#8221;|300|||||||&#8221; body_line_height=&#8221;24px&#8221; hover_enabled=&#8221;0&#8243; global_colors_info=&#8221;{}&#8221; sticky_enabled=&#8221;0&#8243;]<\/p>\n<p>\u015eirketimiz tah\u0131l depolama hizmetleri sunmaktad\u0131r &#8211; \u00fcr\u00fcn kalitesine dikkat ediyor ve depolanmas\u0131 i\u00e7in g\u00fcvenli ko\u015fullar sa\u011fl\u0131yoruz.<\/p>\n<p>Tah\u0131l depolama i\u00e7in modern ekipman ve altyap\u0131ya sahibiz:<\/p>\n<ul>\n<li>Ta\u015f\u0131ma ekipman\u0131 Scandia Elevator, \u0130sve\u00e7 (200t\/h)<\/li>\n<li>Silomasters operasyonel tanklar\u0131, Espana (6 adet \/1 200m3)<\/li>\n<li>Silomasters d\u00fcz tabanl\u0131 tanklar, Espana (3 adet \/9 000m3)<\/li>\n<li>B\u00fchler TAS 206A-6 temizlik makinesi<\/li>\n<\/ul>\n<p>Ayr\u0131ca tah\u0131l ve ya\u011fl\u0131 tohumlar\u0131n karayolu ve demiryolu ile teslim al\u0131nmas\u0131 ve sevkiyat\u0131n\u0131n yan\u0131 s\u0131ra do\u011frudan vagondan vagona ve vagondan vagona aktarma imkan\u0131 da sunuyoruz.<\/p>\n<p>Modern depolar\u0131m\u0131z ve depolama tesislerimiz b\u00fcy\u00fck hacimli tah\u0131llar\u0131 i\u015flemek \u00fczere tasarlanm\u0131\u015ft\u0131r ve verimli ve g\u00fcvenli depolama sa\u011flamak i\u00e7in geli\u015fmi\u015f ekipmanlarla donat\u0131lm\u0131\u015ft\u0131r. M\u00fc\u015fterilerimiz i\u00e7in tah\u0131l kalitesini koruman\u0131n \u00f6nemini anl\u0131yoruz, bu nedenle i\u015fimizin her y\u00f6n\u00fc en uygun depolama ko\u015fullar\u0131n\u0131 sa\u011flamaya y\u00f6neliktir.<\/p>\n<p>Profesyonellerden olu\u015fan ekibimiz tah\u0131l i\u015finde uzun y\u0131llara dayanan deneyime sahiptir ve en y\u00fcksek \u00fcr\u00fcn g\u00fcvenli\u011fi standartlar\u0131n\u0131n nas\u0131l korunaca\u011f\u0131n\u0131 bilir. S\u0131cakl\u0131k, nem ve tah\u0131l kalitesini etkileyebilecek di\u011fer fakt\u00f6rleri izlemek i\u00e7in modern y\u00f6ntemler ve teknolojiler kullan\u0131yoruz.<\/p>\n<p>Depolar\u0131m\u0131z, istenmeyen olaylara kar\u015f\u0131 koruma sa\u011flayan ve de\u011ferli kargolar\u0131 g\u00fcvende tutan yang\u0131n s\u00f6nd\u00fcrme ve eri\u015fim kontrol sistemleri de dahil olmak \u00fczere y\u00fcksek g\u00fcvenlik standartlar\u0131na sahiptir. T\u00fcm depolama s\u00fcre\u00e7lerinin yasal gerekliliklere ve uluslararas\u0131 standartlara uygun olarak y\u00fcr\u00fct\u00fclmesini sa\u011fl\u0131yoruz.<\/p>\n<p>Ayr\u0131ca, depolar\u0131m\u0131z m\u00fc\u015fterilerimizin farkl\u0131 ihtiya\u00e7lar\u0131n\u0131 kar\u015f\u0131layacak \u015fekilde donat\u0131labilmektedir. Her m\u00fc\u015fterimize bireysel bir yakla\u015f\u0131m sunuyor ve \u00fcr\u00fcnlerinin \u00f6zelliklerini ve i\u015f ihtiya\u00e7lar\u0131n\u0131 g\u00f6z \u00f6n\u00fcnde bulundurarak tah\u0131llar\u0131n\u0131n depolanmas\u0131 i\u00e7in en uygun \u00e7\u00f6z\u00fcmleri geli\u015ftiriyoruz.<\/p>\n<p>Tah\u0131l depolama hizmetlerimiz, tar\u0131msal \u00fcreticiler ve di\u011fer tah\u0131l piyasas\u0131 oyuncular\u0131 i\u00e7in yeni f\u0131rsatlar yaratmaktad\u0131r. Tah\u0131l ta\u015f\u0131mac\u0131l\u0131\u011f\u0131n\u0131n lojistik zincirinde g\u00fcvenilir bir halka olu\u015fturarak kargo ak\u0131\u015f\u0131n\u0131n istikrar\u0131n\u0131 ve g\u00fcvenilirli\u011fini sa\u011fl\u0131yoruz.<\/p>\n<p>[\/et_pb_blurb][difl_advanced_blurb title=&#8221;Herhangi bir sorunuz var m\u0131?&#8221; sub_title=&#8221; Talep formunu doldurun ve bize g\u00f6nderin, m\u00fcmk\u00fcn olan en k\u0131sa s\u00fcrede yan\u0131t verece\u011fiz.&#8221; button_text=&#8221;Bir istek g\u00f6nderin&#8221; button_url=&#8221;#&#8221; blurb_icon=&#8221;&#x74;||divi||400&#8243; image_icon_container_position=&#8221;outside&#8221; image_placement=&#8221;flex_left&#8221; image_icon_item_align=&#8221;center&#8221; _builder_version=&#8221;4.22.1&#8243; _module_preset=&#8221;27a26ff8-77c3-4c32-8a97-1330a17f096e&#8221; custom_margin_tablet=&#8221;&#8221; custom_margin_phone=&#8221;||||false|false&#8221; custom_margin_last_edited=&#8221;on|desktop&#8221; locked=&#8221;off&#8221; global_colors_info=&#8221;{}&#8221;][\/difl_advanced_blurb][\/et_pb_column][et_pb_column type=&#8221;2_5&#8243; disabled_on=&#8221;on|on|off&#8221; _builder_version=&#8221;4.22.1&#8243; _module_preset=&#8221;default&#8221; background_image=&#8221;https:\/\/terch.com.ua\/wp-content\/uploads\/2022\/12\/silos.jpg&#8221; custom_padding=&#8221;400px||400px||true|false&#8221; animation_style=&#8221;fold&#8221; global_colors_info=&#8221;{}&#8221;][\/et_pb_column][\/et_pb_row][\/et_pb_section]<\/p>\n","protected":false},"excerpt":{"rendered":"<p><div class=\"et_pb_module difl_breadcrumbs difl_breadcrumbs_0 et_animated\">\n\t\t\t\t\n\t\t\t\t\n\t\t\t\t\n\t\t\t\t\n\t\t\t\t\n\t\t\t\t\n\t\t\t\t<div class=\"et_pb_module_inner\">\n\t\t\t\t\t<div class=\"df_breadcrumbs_container\">\r\n                             <script type=\"application\/ld+json\">{\"@context\":\"https:\\\/\\\/schema.org\\\/\",\"@type\":\"BreadcrumbList\",\"itemListElement\":[{\"@type\":\"ListItem\",\"position\":1,\"name\":\"Ana Sayfa\",\"item\":\"https:\\\/\\\/terch.com.ua\\\/tr\\\/\"}]}<\/script>\r\n                            <div class=\"df_breadcrumbs_wrapper\">\r\n                                <ul class=\"df-breadcrumbs\"><li class=\"df-breadcrumbs-item df-breadcrumbs-start\"><a href=\"https:\/\/terch.com.ua\/tr\/\"  rel=\"home\"><span class=\"df-breadcrumbs-text\">  Ana Sayfa <\/span><\/a><\/li><\/ul>\r\n                            <\/div>\r\n\r\n                        <\/div>\n\t\t\t\t<\/div>\n\t\t\t<\/div>\u015eirketimiz tah\u0131l depolama hizmetleri sunmaktad\u0131r &#8211; \u00fcr\u00fcn kalitesine dikkat ediyor ve depolanmas\u0131 i\u00e7in g\u00fcvenli ko\u015fullar sa\u011fl\u0131yoruz. Tah\u0131l depolama i\u00e7in modern ekipman ve altyap\u0131ya sahibiz: Ta\u015f\u0131ma ekipman\u0131 Scandia Elevator, \u0130sve\u00e7 (200t\/h) Silomasters operasyonel tanklar\u0131, Espana (6 adet \/1 200m3) Silomasters d\u00fcz tabanl\u0131 tanklar, Espana (3 adet \/9 000m3) B\u00fchler TAS 206A-6 temizlik makinesi Ayr\u0131ca tah\u0131l ve ya\u011fl\u0131 tohumlar\u0131n karayolu ve demiryolu ile teslim al\u0131nmas\u0131 ve sevkiyat\u0131n\u0131n yan\u0131 s\u0131ra do\u011frudan vagondan vagona ve vagondan vagona aktarma imkan\u0131 da sunuyoruz. Modern depolar\u0131m\u0131z ve depolama tesislerimiz b\u00fcy\u00fck hacimli tah\u0131llar\u0131 i\u015flemek \u00fczere tasarlanm\u0131\u015ft\u0131r ve verimli ve g\u00fcvenli depolama sa\u011flamak i\u00e7in geli\u015fmi\u015f ekipmanlarla donat\u0131lm\u0131\u015ft\u0131r. M\u00fc\u015fterilerimiz i\u00e7in tah\u0131l kalitesini koruman\u0131n \u00f6nemini anl\u0131yoruz, bu nedenle i\u015fimizin her y\u00f6n\u00fc en uygun depolama ko\u015fullar\u0131n\u0131 sa\u011flamaya y\u00f6neliktir. Profesyonellerden olu\u015fan ekibimiz tah\u0131l i\u015finde uzun y\u0131llara dayanan deneyime sahiptir ve en y\u00fcksek \u00fcr\u00fcn g\u00fcvenli\u011fi standartlar\u0131n\u0131n nas\u0131l korunaca\u011f\u0131n\u0131 bilir. S\u0131cakl\u0131k, nem ve tah\u0131l kalitesini etkileyebilecek di\u011fer fakt\u00f6rleri izlemek i\u00e7in modern y\u00f6ntemler ve teknolojiler kullan\u0131yoruz. Depolar\u0131m\u0131z, istenmeyen olaylara kar\u015f\u0131 koruma sa\u011flayan ve de\u011ferli kargolar\u0131 g\u00fcvende tutan yang\u0131n s\u00f6nd\u00fcrme ve eri\u015fim kontrol sistemleri de dahil olmak \u00fczere y\u00fcksek g\u00fcvenlik standartlar\u0131na sahiptir. T\u00fcm depolama s\u00fcre\u00e7lerinin yasal [&hellip;]<\/p>\n","protected":false},"author":1,"featured_media":0,"parent":5073,"menu_order":0,"comment_status":"closed","ping_status":"closed","template":"","meta":{"_et_pb_use_builder":"on","_et_pb_old_content":"","_et_gb_content_width":"","footnotes":""},"class_list":["post-5106","page","type-page","status-publish","hentry"],"_links":{"self":[{"href":"https:\/\/terch.com.ua\/tr\/wp-json\/wp\/v2\/pages\/5106","targetHints":{"allow":["GET"]}}],"collection":[{"href":"https:\/\/terch.com.ua\/tr\/wp-json\/wp\/v2\/pages"}],"about":[{"href":"https:\/\/terch.com.ua\/tr\/wp-json\/wp\/v2\/types\/page"}],"author":[{"embeddable":true,"href":"https:\/\/terch.com.ua\/tr\/wp-json\/wp\/v2\/users\/1"}],"replies":[{"embeddable":true,"href":"https:\/\/terch.com.ua\/tr\/wp-json\/wp\/v2\/comments?post=5106"}],"version-history":[{"count":2,"href":"https:\/\/terch.com.ua\/tr\/wp-json\/wp\/v2\/pages\/5106\/revisions"}],"predecessor-version":[{"id":5108,"href":"https:\/\/terch.com.ua\/tr\/wp-json\/wp\/v2\/pages\/5106\/revisions\/5108"}],"up":[{"embeddable":true,"href":"https:\/\/terch.com.ua\/tr\/wp-json\/wp\/v2\/pages\/5073"}],"wp:attachment":[{"href":"https:\/\/terch.com.ua\/tr\/wp-json\/wp\/v2\/media?parent=5106"}],"curies":[{"name":"wp","href":"https:\/\/api.w.org\/{rel}","templated":true}]}}