{"id":5103,"date":"2023-09-06T10:01:16","date_gmt":"2023-09-06T07:01:16","guid":{"rendered":"https:\/\/terch.com.ua\/hizmetlerimiz\/toptan-yag-tahil-ve-yagli-tohum-sevkiyati-satisi\/"},"modified":"2024-03-23T03:21:34","modified_gmt":"2024-03-23T01:21:34","slug":"toptan-yag-tahil-ve-yagli-tohum-sevkiyati-satisi","status":"publish","type":"page","link":"https:\/\/terch.com.ua\/tr\/hizmetlerimiz\/toptan-yag-tahil-ve-yagli-tohum-sevkiyati-satisi\/","title":{"rendered":"Toptan ya\u011f, tah\u0131l ve ya\u011fl\u0131 tohum sevkiyat\u0131 sat\u0131\u015f\u0131"},"content":{"rendered":"<p>[et_pb_section fb_built=&#8221;1&#8243; custom_padding_last_edited=&#8221;on|phone&#8221; admin_label=&#8221;Hero Section&#8221; _builder_version=&#8221;4.22.1&#8243; _module_preset=&#8221;default&#8221; background_enable_color=&#8221;off&#8221; background_image=&#8221;https:\/\/terch.com.ua\/wp-content\/uploads\/2023\/08\/bg-20.jpg&#8221; custom_margin=&#8221;||||false|false&#8221; custom_padding=&#8221;100px||100px||false|false&#8221; custom_padding_tablet=&#8221;100px||100px||false|false&#8221; custom_padding_phone=&#8221;0px||0px||true|false&#8221; locked=&#8221;off&#8221; collapsed=&#8221;off&#8221; global_colors_info=&#8221;{}&#8221;][et_pb_row _builder_version=&#8221;4.19.4&#8243; _module_preset=&#8221;default&#8221; global_colors_info=&#8221;{}&#8221;][et_pb_column type=&#8221;4_4&#8243; _builder_version=&#8221;4.19.4&#8243; _module_preset=&#8221;default&#8221; global_colors_info=&#8221;{}&#8221;][et_pb_text _builder_version=&#8221;4.22.1&#8243; _dynamic_attributes=&#8221;content&#8221; _module_preset=&#8221;default&#8221; text_font=&#8221;|||on|||||&#8221; text_text_color=&#8221;#ffffff&#8221; text_font_size=&#8221;40px&#8221; text_line_height=&#8221;68px&#8221; text_orientation=&#8221;center&#8221; custom_margin=&#8221;||0px||false|false&#8221; animation_style=&#8221;slide&#8221; animation_direction=&#8221;top&#8221; animation_duration=&#8221;300ms&#8221; text_font_size_tablet=&#8221;30px&#8221; text_font_size_phone=&#8221;30px&#8221; text_font_size_last_edited=&#8221;on|tablet&#8221; global_colors_info=&#8221;{}&#8221;]@ET-DC@eyJkeW5hbWljIjp0cnVlLCJjb250ZW50IjoicG9zdF90aXRsZSIsInNldHRpbmdzIjp7ImJlZm9yZSI6IiIsImFmdGVyIjoiIiwiZW5hYmxlX2h0bWwiOiJvZmYifX0=@[\/et_pb_text][difl_breadcrumbs use_separator_icon=&#8221;on&#8221; separator_font_icon=&#8221;&#x35;||divi||400&#8243; separator_icon_color=&#8221;#FFFFFF&#8221; home_text=&#8221;Ana Sayfa&#8221; alignment=&#8221;center&#8221; show_on_front_page=&#8221;off&#8221; show_title=&#8221;off&#8221; enable_schema=&#8221;on&#8221; _builder_version=&#8221;4.22.1&#8243; _module_preset=&#8221;default&#8221; pages_font_font=&#8221;Nunito Sans|600|||||||&#8221; pages_font_text_color=&#8221;#FFFFFF&#8221; pages_font_line_height=&#8221;22px&#8221; home_font_font=&#8221;|700|||||||&#8221; home_font_line_height=&#8221;22px&#8221; animation_style=&#8221;slide&#8221; animation_direction=&#8221;bottom&#8221; animation_duration=&#8221;300ms&#8221; global_colors_info=&#8221;{}&#8221;][\/difl_breadcrumbs][\/et_pb_column][\/et_pb_row][\/et_pb_section][et_pb_section fb_built=&#8221;1&#8243; custom_padding_last_edited=&#8221;on|phone&#8221; admin_label=&#8221;Body Section&#8221; _builder_version=&#8221;4.22.1&#8243; _module_preset=&#8221;default&#8221; background_color=&#8221;#fafbff&#8221; custom_margin_tablet=&#8221;&#8221; custom_margin_phone=&#8221;||0px||false|false&#8221; custom_margin_last_edited=&#8221;on|phone&#8221; custom_padding_tablet=&#8221;&#8221; custom_padding_phone=&#8221;||0px||false|false&#8221; locked=&#8221;off&#8221; collapsed=&#8221;off&#8221; global_colors_info=&#8221;{}&#8221;][et_pb_row column_structure=&#8221;3_5,2_5&#8243; disabled_on=&#8221;off|off|off&#8221; _builder_version=&#8221;4.22.1&#8243; _module_preset=&#8221;default&#8221; background_enable_image=&#8221;off&#8221; global_colors_info=&#8221;{}&#8221;][et_pb_column type=&#8221;3_5&#8243; _builder_version=&#8221;4.19.4&#8243; _module_preset=&#8221;default&#8221; custom_padding=&#8221;||||false|false&#8221; global_colors_info=&#8221;{}&#8221;][et_pb_blurb content_max_width=&#8221;100%&#8221; disabled_on=&#8221;off|off|off&#8221; _builder_version=&#8221;4.22.1&#8243; _module_preset=&#8221;default&#8221; header_font=&#8221;Nunito Sans|700|||||||&#8221; header_text_color=&#8221;#222222&#8243; header_font_size=&#8221;24px&#8221; header_line_height=&#8221;29px&#8221; body_font=&#8221;|300|||||||&#8221; body_line_height=&#8221;24px&#8221; global_colors_info=&#8221;{}&#8221;]<\/p>\n<p>\u015eirketimiz, m\u00fc\u015fterilerimize i\u015flerini b\u00fcy\u00fctmelerine ve m\u00fc\u015fterilerinin ihtiya\u00e7lar\u0131n\u0131 kar\u015f\u0131lamalar\u0131na yard\u0131mc\u0131 olacak kaliteli \u00fcr\u00fcnler sunma nihai hedefi ile tah\u0131l, ya\u011f ve tohum toptan sat\u0131\u015f\u0131nda uzmanla\u015fm\u0131\u015ft\u0131r.<\/p>\n<p>En y\u00fcksek kalite standartlar\u0131n\u0131 kar\u015f\u0131layan geni\u015f bir tah\u0131l, ya\u011fl\u0131 tohum ve tohum \u00fcr\u00fcnleri yelpazesi sunuyoruz. Tah\u0131llar\u0131m\u0131z besin de\u011feri y\u00fcksektir, t\u00fcm do\u011fal \u00f6zelliklerini korur ve onlarla haz\u0131rlanan yemeklere lezzet katar.<\/p>\n<p>Sundu\u011fumuz ya\u011flar, y\u00fcksek teknolojik kaliteye sahip do\u011fal hammaddelerden \u00fcretilmektedir. Sa\u011fl\u0131kl\u0131 ya\u011flar ve vitaminler a\u00e7\u0131s\u0131ndan zengindirler, bu da onlar\u0131 sa\u011fl\u0131kl\u0131 bir diyet i\u00e7in m\u00fckemmel bir se\u00e7im haline getirir.<\/p>\n<p>Sundu\u011fumuz tohumlar en y\u00fcksek kalitededir ve iyi bir hasad\u0131 garanti eder. Mahsulleri i\u00e7in y\u00fcksek kaliteli tohumlar sa\u011flamak isteyen tar\u0131msal giri\u015fimciler i\u00e7in m\u00fckemmel bir se\u00e7imdir.<\/p>\n<p>Mallar\u0131n h\u0131zl\u0131 teslimat\u0131n\u0131n m\u00fc\u015fterilerimizin i\u015fleri i\u00e7in \u00e7ok \u00f6nemli oldu\u011funu biliyoruz. Bu nedenle, m\u00fc\u015fterilerimizin \u00fcr\u00fcnlerini zaman\u0131nda ve b\u00fct\u00e7elerine uygun olarak teslim almalar\u0131n\u0131 sa\u011flamak i\u00e7in sipari\u015f i\u015fleme ve teslimat konusunda kendimize y\u00fcksek standartlar belirliyoruz.<\/p>\n<p>Hizmetlerimiz sat\u0131\u015fla s\u0131n\u0131rl\u0131 de\u011fildir. Ayr\u0131ca m\u00fc\u015fterilerimize i\u015fleri i\u00e7in en iyi \u00fcr\u00fcnleri se\u00e7me, tedarik planlamas\u0131na yard\u0131mc\u0131 olma ve geli\u015ftirme fikirlerini uygulama konusunda tavsiye ve destek sa\u011fl\u0131yoruz.<\/p>\n<p>Bizimle, yaln\u0131zca en kaliteli \u00fcr\u00fcnleri ve en \u00fcst d\u00fczeyde hizmeti alaca\u011f\u0131n\u0131zdan emin olabilirsiniz. Bizimle i\u015fbirli\u011finin i\u015finiz i\u00e7in ba\u015far\u0131l\u0131 ve karl\u0131 bir \u00e7\u00f6z\u00fcm olaca\u011f\u0131na inan\u0131yoruz<\/p>\n<p>[\/et_pb_blurb][difl_advanced_blurb title=&#8221;Herhangi bir sorunuz var m\u0131?&#8221; sub_title=&#8221; Talep formunu doldurun ve bize g\u00f6nderin, m\u00fcmk\u00fcn olan en k\u0131sa s\u00fcrede yan\u0131t verece\u011fiz.&#8221; button_text=&#8221;Bir istek g\u00f6nderin&#8221; button_url=&#8221;#&#8221; blurb_icon=&#8221;&#x74;||divi||400&#8243; image_icon_container_position=&#8221;outside&#8221; image_placement=&#8221;flex_left&#8221; image_icon_item_align=&#8221;center&#8221; _builder_version=&#8221;4.22.1&#8243; _module_preset=&#8221;27a26ff8-77c3-4c32-8a97-1330a17f096e&#8221; custom_margin_tablet=&#8221;&#8221; custom_margin_phone=&#8221;||||false|false&#8221; custom_margin_last_edited=&#8221;on|desktop&#8221; locked=&#8221;off&#8221; global_colors_info=&#8221;{}&#8221;][\/difl_advanced_blurb][\/et_pb_column][et_pb_column type=&#8221;2_5&#8243; disabled_on=&#8221;on|on|off&#8221; _builder_version=&#8221;4.22.1&#8243; _module_preset=&#8221;default&#8221; background_image=&#8221;https:\/\/terch.com.ua\/wp-content\/uploads\/070923-06.jpg&#8221; custom_padding=&#8221;400px||400px||true|false&#8221; animation_style=&#8221;fold&#8221; global_colors_info=&#8221;{}&#8221;][\/et_pb_column][\/et_pb_row][\/et_pb_section]<\/p>\n","protected":false},"excerpt":{"rendered":"<p><div class=\"et_pb_module difl_breadcrumbs difl_breadcrumbs_0 et_animated\">\n\t\t\t\t\n\t\t\t\t\n\t\t\t\t\n\t\t\t\t\n\t\t\t\t\n\t\t\t\t\n\t\t\t\t<div class=\"et_pb_module_inner\">\n\t\t\t\t\t<div class=\"df_breadcrumbs_container\">\r\n                             <script type=\"application\/ld+json\">{\"@context\":\"https:\\\/\\\/schema.org\\\/\",\"@type\":\"BreadcrumbList\",\"itemListElement\":[{\"@type\":\"ListItem\",\"position\":1,\"name\":\"Ana Sayfa\",\"item\":\"https:\\\/\\\/terch.com.ua\\\/tr\\\/\"}]}<\/script>\r\n                            <div class=\"df_breadcrumbs_wrapper\">\r\n                                <ul class=\"df-breadcrumbs\"><li class=\"df-breadcrumbs-item df-breadcrumbs-start\"><a href=\"https:\/\/terch.com.ua\/tr\/\"  rel=\"home\"><span class=\"df-breadcrumbs-text\">  Ana Sayfa <\/span><\/a><\/li><\/ul>\r\n                            <\/div>\r\n\r\n                        <\/div>\n\t\t\t\t<\/div>\n\t\t\t<\/div>\u015eirketimiz, m\u00fc\u015fterilerimize i\u015flerini b\u00fcy\u00fctmelerine ve m\u00fc\u015fterilerinin ihtiya\u00e7lar\u0131n\u0131 kar\u015f\u0131lamalar\u0131na yard\u0131mc\u0131 olacak kaliteli \u00fcr\u00fcnler sunma nihai hedefi ile tah\u0131l, ya\u011f ve tohum toptan sat\u0131\u015f\u0131nda uzmanla\u015fm\u0131\u015ft\u0131r. En y\u00fcksek kalite standartlar\u0131n\u0131 kar\u015f\u0131layan geni\u015f bir tah\u0131l, ya\u011fl\u0131 tohum ve tohum \u00fcr\u00fcnleri yelpazesi sunuyoruz. Tah\u0131llar\u0131m\u0131z besin de\u011feri y\u00fcksektir, t\u00fcm do\u011fal \u00f6zelliklerini korur ve onlarla haz\u0131rlanan yemeklere lezzet katar. Sundu\u011fumuz ya\u011flar, y\u00fcksek teknolojik kaliteye sahip do\u011fal hammaddelerden \u00fcretilmektedir. Sa\u011fl\u0131kl\u0131 ya\u011flar ve vitaminler a\u00e7\u0131s\u0131ndan zengindirler, bu da onlar\u0131 sa\u011fl\u0131kl\u0131 bir diyet i\u00e7in m\u00fckemmel bir se\u00e7im haline getirir. Sundu\u011fumuz tohumlar en y\u00fcksek kalitededir ve iyi bir hasad\u0131 garanti eder. Mahsulleri i\u00e7in y\u00fcksek kaliteli tohumlar sa\u011flamak isteyen tar\u0131msal giri\u015fimciler i\u00e7in m\u00fckemmel bir se\u00e7imdir. Mallar\u0131n h\u0131zl\u0131 teslimat\u0131n\u0131n m\u00fc\u015fterilerimizin i\u015fleri i\u00e7in \u00e7ok \u00f6nemli oldu\u011funu biliyoruz. Bu nedenle, m\u00fc\u015fterilerimizin \u00fcr\u00fcnlerini zaman\u0131nda ve b\u00fct\u00e7elerine uygun olarak teslim almalar\u0131n\u0131 sa\u011flamak i\u00e7in sipari\u015f i\u015fleme ve teslimat konusunda kendimize y\u00fcksek standartlar belirliyoruz. Hizmetlerimiz sat\u0131\u015fla s\u0131n\u0131rl\u0131 de\u011fildir. Ayr\u0131ca m\u00fc\u015fterilerimize i\u015fleri i\u00e7in en iyi \u00fcr\u00fcnleri se\u00e7me, tedarik planlamas\u0131na yard\u0131mc\u0131 olma ve geli\u015ftirme fikirlerini uygulama konusunda tavsiye ve destek sa\u011fl\u0131yoruz. Bizimle, yaln\u0131zca en kaliteli \u00fcr\u00fcnleri ve en \u00fcst d\u00fczeyde hizmeti alaca\u011f\u0131n\u0131zdan emin olabilirsiniz. Bizimle i\u015fbirli\u011finin i\u015finiz i\u00e7in ba\u015far\u0131l\u0131 ve [&hellip;]<\/p>\n","protected":false},"author":1,"featured_media":0,"parent":5073,"menu_order":0,"comment_status":"closed","ping_status":"closed","template":"","meta":{"_et_pb_use_builder":"on","_et_pb_old_content":"","_et_gb_content_width":"","footnotes":""},"class_list":["post-5103","page","type-page","status-publish","hentry"],"_links":{"self":[{"href":"https:\/\/terch.com.ua\/tr\/wp-json\/wp\/v2\/pages\/5103","targetHints":{"allow":["GET"]}}],"collection":[{"href":"https:\/\/terch.com.ua\/tr\/wp-json\/wp\/v2\/pages"}],"about":[{"href":"https:\/\/terch.com.ua\/tr\/wp-json\/wp\/v2\/types\/page"}],"author":[{"embeddable":true,"href":"https:\/\/terch.com.ua\/tr\/wp-json\/wp\/v2\/users\/1"}],"replies":[{"embeddable":true,"href":"https:\/\/terch.com.ua\/tr\/wp-json\/wp\/v2\/comments?post=5103"}],"version-history":[{"count":2,"href":"https:\/\/terch.com.ua\/tr\/wp-json\/wp\/v2\/pages\/5103\/revisions"}],"predecessor-version":[{"id":5105,"href":"https:\/\/terch.com.ua\/tr\/wp-json\/wp\/v2\/pages\/5103\/revisions\/5105"}],"up":[{"embeddable":true,"href":"https:\/\/terch.com.ua\/tr\/wp-json\/wp\/v2\/pages\/5073"}],"wp:attachment":[{"href":"https:\/\/terch.com.ua\/tr\/wp-json\/wp\/v2\/media?parent=5103"}],"curies":[{"name":"wp","href":"https:\/\/api.w.org\/{rel}","templated":true}]}}