{"id":5100,"date":"2023-09-06T02:55:28","date_gmt":"2023-09-05T23:55:28","guid":{"rendered":"https:\/\/terch.com.ua\/hizmetlerimiz\/aktarma-hizmetleri\/"},"modified":"2024-03-23T03:19:42","modified_gmt":"2024-03-23T01:19:42","slug":"aktarma-hizmetleri","status":"publish","type":"page","link":"https:\/\/terch.com.ua\/tr\/hizmetlerimiz\/aktarma-hizmetleri\/","title":{"rendered":"Aktarma hizmetleri"},"content":{"rendered":"<p>[et_pb_section fb_built=&#8221;1&#8243; custom_padding_last_edited=&#8221;on|phone&#8221; admin_label=&#8221;Hero Section&#8221; _builder_version=&#8221;4.22.1&#8243; _module_preset=&#8221;default&#8221; background_enable_color=&#8221;off&#8221; background_image=&#8221;https:\/\/terch.com.ua\/wp-content\/uploads\/2022\/12\/bg-20.jpg&#8221; custom_margin=&#8221;||||false|false&#8221; custom_margin_tablet=&#8221;||||false|false&#8221; custom_margin_phone=&#8221;||||false|false&#8221; custom_margin_last_edited=&#8221;on|phone&#8221; custom_padding=&#8221;100px||100px||true|false&#8221; custom_padding_tablet=&#8221;||||true|false&#8221; custom_padding_phone=&#8221;0px||0px||true|false&#8221; locked=&#8221;off&#8221; collapsed=&#8221;off&#8221; global_colors_info=&#8221;{}&#8221;][et_pb_row custom_padding_last_edited=&#8221;on|phone&#8221; _builder_version=&#8221;4.22.1&#8243; _module_preset=&#8221;default&#8221; custom_margin_tablet=&#8221;&#8221; custom_margin_phone=&#8221;||||false|false&#8221; custom_margin_last_edited=&#8221;on|phone&#8221; custom_padding=&#8221;||||false|false&#8221; custom_padding_tablet=&#8221;||||false|false&#8221; custom_padding_phone=&#8221;||||false|false&#8221; global_colors_info=&#8221;{}&#8221;][et_pb_column type=&#8221;4_4&#8243; _builder_version=&#8221;4.19.4&#8243; _module_preset=&#8221;default&#8221; global_colors_info=&#8221;{}&#8221;][et_pb_text _builder_version=&#8221;4.22.1&#8243; _dynamic_attributes=&#8221;content&#8221; _module_preset=&#8221;default&#8221; text_font=&#8221;|||on|||||&#8221; text_text_color=&#8221;#ffffff&#8221; text_font_size=&#8221;40px&#8221; text_line_height=&#8221;68px&#8221; text_orientation=&#8221;center&#8221; custom_margin=&#8221;||0px||false|false&#8221; animation_style=&#8221;slide&#8221; animation_direction=&#8221;top&#8221; animation_duration=&#8221;300ms&#8221; hover_enabled=&#8221;0&#8243; text_font_size_tablet=&#8221;30px&#8221; text_font_size_phone=&#8221;30px&#8221; text_font_size_last_edited=&#8221;on|phone&#8221; global_colors_info=&#8221;{}&#8221; sticky_enabled=&#8221;0&#8243;]@ET-DC@eyJkeW5hbWljIjp0cnVlLCJjb250ZW50IjoicG9zdF90aXRsZSIsInNldHRpbmdzIjp7ImJlZm9yZSI6IiIsImFmdGVyIjoiIiwiZW5hYmxlX2h0bWwiOiJvZmYifX0=@[\/et_pb_text][difl_breadcrumbs use_separator_icon=&#8221;on&#8221; separator_font_icon=&#8221;&#x35;||divi||400&#8243; separator_icon_color=&#8221;#FFFFFF&#8221; home_text=&#8221;Ana Sayfa&#8221; alignment=&#8221;center&#8221; show_on_front_page=&#8221;off&#8221; show_title=&#8221;off&#8221; enable_schema=&#8221;on&#8221; _builder_version=&#8221;4.22.1&#8243; _module_preset=&#8221;default&#8221; pages_font_font=&#8221;Nunito Sans|600|||||||&#8221; pages_font_text_color=&#8221;#FFFFFF&#8221; pages_font_line_height=&#8221;22px&#8221; home_font_font=&#8221;|700|||||||&#8221; home_font_line_height=&#8221;22px&#8221; animation_style=&#8221;slide&#8221; animation_direction=&#8221;bottom&#8221; animation_duration=&#8221;300ms&#8221; global_colors_info=&#8221;{}&#8221;][\/difl_breadcrumbs][\/et_pb_column][\/et_pb_row][\/et_pb_section][et_pb_section fb_built=&#8221;1&#8243; custom_padding_last_edited=&#8221;on|phone&#8221; admin_label=&#8221;Body Section&#8221; _builder_version=&#8221;4.22.1&#8243; _module_preset=&#8221;default&#8221; background_color=&#8221;#fafbff&#8221; custom_margin_tablet=&#8221;&#8221; custom_margin_phone=&#8221;||0px||false|false&#8221; custom_margin_last_edited=&#8221;on|phone&#8221; custom_padding_tablet=&#8221;&#8221; custom_padding_phone=&#8221;||0px||false|false&#8221; locked=&#8221;off&#8221; collapsed=&#8221;off&#8221; global_colors_info=&#8221;{}&#8221;][et_pb_row column_structure=&#8221;3_5,2_5&#8243; disabled_on=&#8221;off|off|off&#8221; _builder_version=&#8221;4.22.1&#8243; _module_preset=&#8221;default&#8221; global_colors_info=&#8221;{}&#8221;][et_pb_column type=&#8221;3_5&#8243; _builder_version=&#8221;4.19.4&#8243; _module_preset=&#8221;default&#8221; custom_padding=&#8221;||||false|false&#8221; global_colors_info=&#8221;{}&#8221;][et_pb_blurb content_max_width=&#8221;100%&#8221; disabled_on=&#8221;off|off|off&#8221; _builder_version=&#8221;4.22.1&#8243; _module_preset=&#8221;default&#8221; header_font=&#8221;Nunito Sans|700|||||||&#8221; header_text_color=&#8221;#222222&#8243; header_font_size=&#8221;24px&#8221; header_line_height=&#8221;29px&#8221; body_font=&#8221;|300|||||||&#8221; body_line_height=&#8221;24px&#8221; hover_enabled=&#8221;0&#8243; global_colors_info=&#8221;{}&#8221; sticky_enabled=&#8221;0&#8243;]<\/p>\n<p>\u015eirketimiz petrol, tah\u0131l, ya\u011fl\u0131 tohumlar ve bunlar\u0131n \u00fcr\u00fcnlerinin aktar\u0131lmas\u0131 i\u00e7in kapsaml\u0131 hizmetler sunmakta, mallar\u0131n ta\u015f\u0131nmas\u0131 ve depolanmas\u0131 i\u00e7in en uygun ko\u015fullar\u0131 sa\u011flamak \u00fczere verimli ve g\u00fcvenilir bir lojistik altyap\u0131s\u0131 olu\u015fturmaktad\u0131r.<\/p>\n<p>Hububat, ya\u011fl\u0131 tohumlar ve bunlar\u0131n t\u00fcrevlerinin nakliyesi temel faaliyetlerimizden biridir. \u00c7e\u015fitli \u00fcr\u00fcnlerin demiryolu ve karayolu ile ta\u015f\u0131nmas\u0131nda en y\u00fcksek kalite standartlar\u0131n\u0131 sa\u011fl\u0131yoruz. Motorlu ara\u00e7lardan ve geni\u015f Ukrayna (1520 UA) gabarisinden dar Avrupa (1435 EU) gabarisine kadar \u00e7e\u015fitli y\u00fcklerin aktar\u0131m\u0131n\u0131 ger\u00e7ekle\u015ftiriyoruz.<\/p>\n<p>Hizmetlerimiz, en yeni ekipman ve altyap\u0131 ile donat\u0131lm\u0131\u015f modern terminalimizde kargolar\u0131n kabul\u00fc ile ba\u015flar. Bo\u015faltmadan \u00f6nce kargonun kalitesini kontrol ediyor, ulusal ve uluslararas\u0131 standartlara ve gerekliliklere uygunlu\u011funu sa\u011fl\u0131yoruz. Bu ama\u00e7la laboratuvar\u0131m\u0131zdan uzmanlar ve bir eksper (gafta) g\u00f6revlendiriyoruz.<\/p>\n<p>Tah\u0131llar\u0131, ya\u011fl\u0131 tohumlar\u0131 ve bunlar\u0131n t\u00fcrevlerini teslim ald\u0131ktan sonra, bunlar\u0131 kontroll\u00fc s\u0131cakl\u0131k ve nem seviyelerine sahip modern depolar\u0131m\u0131zda depoluyoruz.<\/p>\n<p>Petrol, tah\u0131l, ya\u011fl\u0131 tohumlar ve \u00fcr\u00fcnlerinin aktarma s\u00fcreci, h\u0131zl\u0131 ve verimli kargo elle\u00e7lemesi sa\u011flayan modern ekipman ve teknolojiler kullan\u0131larak ger\u00e7ekle\u015ftirilmektedir. Aktarman\u0131n her a\u015famas\u0131n\u0131n sorunsuz i\u015flemesini ve en y\u00fcksek kalite standartlar\u0131n\u0131 kar\u015f\u0131lamas\u0131n\u0131 sa\u011flayan y\u00fcksek nitelikli bir uzman ekibimiz var.<\/p>\n<p>M\u00fc\u015fterilerimiz sadece y\u00fcksek kaliteli hizmet almakla kalm\u0131yor, ayn\u0131 zamanda kargo ta\u015f\u0131mac\u0131l\u0131\u011f\u0131 ve depolama s\u00fcre\u00e7lerinin verimlili\u011fi ve optimizasyonu sayesinde rekabet ortam\u0131nda avantaj elde ediyor. M\u00fc\u015fterilerimizin \u00e7\u0131karlar\u0131n\u0131 her zaman \u00f6n planda tutuyor ve onlar\u0131n ihtiya\u00e7 ve gereksinimlerini m\u00fcmk\u00fcn olan en iyi \u015fekilde kar\u015f\u0131lamak i\u00e7in \u00e7al\u0131\u015f\u0131yoruz.<\/p>\n<p>Tah\u0131l ve ya\u011fl\u0131 tohum aktarma hizmetlerimizle, Ukrayna ve Avrupa pazarlar\u0131 aras\u0131nda g\u00fcvenilir ve h\u0131zl\u0131 bir y\u00fck ak\u0131\u015f\u0131 sa\u011flayarak tar\u0131msal kalk\u0131nmay\u0131 ve ticareti destekliyoruz. \u015eirketimiz, lojistikte en y\u00fcksek standartlara ula\u015fmaya, bu \u00f6nemli sekt\u00f6r\u00fcn geli\u015fimine katk\u0131da bulunmaya ve m\u00fc\u015fterilerimizle istikrarl\u0131 ve ba\u015far\u0131l\u0131 i\u015f ortakl\u0131klar\u0131 sa\u011flamaya kararl\u0131d\u0131r.<\/p>\n<p>[\/et_pb_blurb][difl_advanced_blurb title=&#8221;Herhangi bir sorunuz var m\u0131?&#8221; sub_title=&#8221; Talep formunu doldurun ve bize g\u00f6nderin, m\u00fcmk\u00fcn olan en k\u0131sa s\u00fcrede yan\u0131t verece\u011fiz.&#8221; button_text=&#8221;Bir istek g\u00f6nderin&#8221; button_url=&#8221;#&#8221; blurb_icon=&#8221;&#x74;||divi||400&#8243; image_icon_container_position=&#8221;outside&#8221; image_placement=&#8221;flex_left&#8221; image_icon_item_align=&#8221;center&#8221; _builder_version=&#8221;4.22.1&#8243; _module_preset=&#8221;27a26ff8-77c3-4c32-8a97-1330a17f096e&#8221; global_colors_info=&#8221;{}&#8221;][\/difl_advanced_blurb][\/et_pb_column][et_pb_column type=&#8221;2_5&#8243; _builder_version=&#8221;4.22.1&#8243; _module_preset=&#8221;default&#8221; background_image=&#8221;https:\/\/terch.com.ua\/wp-content\/uploads\/070923-04.jpg&#8221; custom_padding=&#8221;400px||400px||true|false&#8221; animation_style=&#8221;fold&#8221; global_colors_info=&#8221;{}&#8221;][\/et_pb_column][\/et_pb_row][\/et_pb_section]<\/p>\n","protected":false},"excerpt":{"rendered":"<p><div class=\"et_pb_module difl_breadcrumbs difl_breadcrumbs_0 et_animated\">\n\t\t\t\t\n\t\t\t\t\n\t\t\t\t\n\t\t\t\t\n\t\t\t\t\n\t\t\t\t\n\t\t\t\t<div class=\"et_pb_module_inner\">\n\t\t\t\t\t<div class=\"df_breadcrumbs_container\">\r\n                             <script type=\"application\/ld+json\">{\"@context\":\"https:\\\/\\\/schema.org\\\/\",\"@type\":\"BreadcrumbList\",\"itemListElement\":[{\"@type\":\"ListItem\",\"position\":1,\"name\":\"Ana Sayfa\",\"item\":\"https:\\\/\\\/terch.com.ua\\\/tr\\\/\"}]}<\/script>\r\n                            <div class=\"df_breadcrumbs_wrapper\">\r\n                                <ul class=\"df-breadcrumbs\"><li class=\"df-breadcrumbs-item df-breadcrumbs-start\"><a href=\"https:\/\/terch.com.ua\/tr\/\"  rel=\"home\"><span class=\"df-breadcrumbs-text\">  Ana Sayfa <\/span><\/a><\/li><\/ul>\r\n                            <\/div>\r\n\r\n                        <\/div>\n\t\t\t\t<\/div>\n\t\t\t<\/div>\u015eirketimiz petrol, tah\u0131l, ya\u011fl\u0131 tohumlar ve bunlar\u0131n \u00fcr\u00fcnlerinin aktar\u0131lmas\u0131 i\u00e7in kapsaml\u0131 hizmetler sunmakta, mallar\u0131n ta\u015f\u0131nmas\u0131 ve depolanmas\u0131 i\u00e7in en uygun ko\u015fullar\u0131 sa\u011flamak \u00fczere verimli ve g\u00fcvenilir bir lojistik altyap\u0131s\u0131 olu\u015fturmaktad\u0131r. Hububat, ya\u011fl\u0131 tohumlar ve bunlar\u0131n t\u00fcrevlerinin nakliyesi temel faaliyetlerimizden biridir. \u00c7e\u015fitli \u00fcr\u00fcnlerin demiryolu ve karayolu ile ta\u015f\u0131nmas\u0131nda en y\u00fcksek kalite standartlar\u0131n\u0131 sa\u011fl\u0131yoruz. Motorlu ara\u00e7lardan ve geni\u015f Ukrayna (1520 UA) gabarisinden dar Avrupa (1435 EU) gabarisine kadar \u00e7e\u015fitli y\u00fcklerin aktar\u0131m\u0131n\u0131 ger\u00e7ekle\u015ftiriyoruz. Hizmetlerimiz, en yeni ekipman ve altyap\u0131 ile donat\u0131lm\u0131\u015f modern terminalimizde kargolar\u0131n kabul\u00fc ile ba\u015flar. Bo\u015faltmadan \u00f6nce kargonun kalitesini kontrol ediyor, ulusal ve uluslararas\u0131 standartlara ve gerekliliklere uygunlu\u011funu sa\u011fl\u0131yoruz. Bu ama\u00e7la laboratuvar\u0131m\u0131zdan uzmanlar ve bir eksper (gafta) g\u00f6revlendiriyoruz. Tah\u0131llar\u0131, ya\u011fl\u0131 tohumlar\u0131 ve bunlar\u0131n t\u00fcrevlerini teslim ald\u0131ktan sonra, bunlar\u0131 kontroll\u00fc s\u0131cakl\u0131k ve nem seviyelerine sahip modern depolar\u0131m\u0131zda depoluyoruz. Petrol, tah\u0131l, ya\u011fl\u0131 tohumlar ve \u00fcr\u00fcnlerinin aktarma s\u00fcreci, h\u0131zl\u0131 ve verimli kargo elle\u00e7lemesi sa\u011flayan modern ekipman ve teknolojiler kullan\u0131larak ger\u00e7ekle\u015ftirilmektedir. Aktarman\u0131n her a\u015famas\u0131n\u0131n sorunsuz i\u015flemesini ve en y\u00fcksek kalite standartlar\u0131n\u0131 kar\u015f\u0131lamas\u0131n\u0131 sa\u011flayan y\u00fcksek nitelikli bir uzman ekibimiz var. M\u00fc\u015fterilerimiz sadece y\u00fcksek kaliteli hizmet almakla kalm\u0131yor, ayn\u0131 zamanda kargo ta\u015f\u0131mac\u0131l\u0131\u011f\u0131 ve depolama s\u00fcre\u00e7lerinin verimlili\u011fi [&hellip;]<\/p>\n","protected":false},"author":1,"featured_media":0,"parent":5073,"menu_order":0,"comment_status":"closed","ping_status":"closed","template":"","meta":{"_et_pb_use_builder":"on","_et_pb_old_content":"","_et_gb_content_width":"","footnotes":""},"class_list":["post-5100","page","type-page","status-publish","hentry"],"_links":{"self":[{"href":"https:\/\/terch.com.ua\/tr\/wp-json\/wp\/v2\/pages\/5100","targetHints":{"allow":["GET"]}}],"collection":[{"href":"https:\/\/terch.com.ua\/tr\/wp-json\/wp\/v2\/pages"}],"about":[{"href":"https:\/\/terch.com.ua\/tr\/wp-json\/wp\/v2\/types\/page"}],"author":[{"embeddable":true,"href":"https:\/\/terch.com.ua\/tr\/wp-json\/wp\/v2\/users\/1"}],"replies":[{"embeddable":true,"href":"https:\/\/terch.com.ua\/tr\/wp-json\/wp\/v2\/comments?post=5100"}],"version-history":[{"count":2,"href":"https:\/\/terch.com.ua\/tr\/wp-json\/wp\/v2\/pages\/5100\/revisions"}],"predecessor-version":[{"id":5102,"href":"https:\/\/terch.com.ua\/tr\/wp-json\/wp\/v2\/pages\/5100\/revisions\/5102"}],"up":[{"embeddable":true,"href":"https:\/\/terch.com.ua\/tr\/wp-json\/wp\/v2\/pages\/5073"}],"wp:attachment":[{"href":"https:\/\/terch.com.ua\/tr\/wp-json\/wp\/v2\/media?parent=5100"}],"curies":[{"name":"wp","href":"https:\/\/api.w.org\/{rel}","templated":true}]}}