{"id":5097,"date":"2023-09-06T09:50:45","date_gmt":"2023-09-06T06:50:45","guid":{"rendered":"https:\/\/terch.com.ua\/hizmetlerimiz\/tarac-dolum-hizmetleri-ve-sonrasinda-depolama\/"},"modified":"2024-03-23T03:18:06","modified_gmt":"2024-03-23T01:18:06","slug":"tarac-dolum-hizmetleri-ve-sonrasinda-depolama","status":"publish","type":"page","link":"https:\/\/terch.com.ua\/tr\/hizmetlerimiz\/tarac-dolum-hizmetleri-ve-sonrasinda-depolama\/","title":{"rendered":"Tara\u00e7 dolum hizmetleri ve sonras\u0131nda depolama"},"content":{"rendered":"<p>[et_pb_section fb_built=&#8221;1&#8243; custom_padding_last_edited=&#8221;on|phone&#8221; admin_label=&#8221;Hero Section&#8221; _builder_version=&#8221;4.22.1&#8243; _module_preset=&#8221;default&#8221; background_enable_color=&#8221;off&#8221; background_image=&#8221;https:\/\/terch.com.ua\/wp-content\/uploads\/2023\/08\/bg-20.jpg&#8221; custom_margin=&#8221;||||false|false&#8221; custom_padding=&#8221;100px||100px||false|false&#8221; custom_padding_tablet=&#8221;100px||100px||false|false&#8221; custom_padding_phone=&#8221;0px||0px||true|false&#8221; locked=&#8221;off&#8221; collapsed=&#8221;off&#8221; global_colors_info=&#8221;{}&#8221;][et_pb_row custom_padding_last_edited=&#8221;on|phone&#8221; _builder_version=&#8221;4.22.1&#8243; _module_preset=&#8221;default&#8221; custom_padding_tablet=&#8221;&#8221; custom_padding_phone=&#8221;||||false|false&#8221; global_colors_info=&#8221;{}&#8221;][et_pb_column type=&#8221;4_4&#8243; _builder_version=&#8221;4.19.4&#8243; _module_preset=&#8221;default&#8221; global_colors_info=&#8221;{}&#8221;][et_pb_text _builder_version=&#8221;4.22.1&#8243; _dynamic_attributes=&#8221;content&#8221; _module_preset=&#8221;default&#8221; text_font=&#8221;|||on|||||&#8221; text_text_color=&#8221;#ffffff&#8221; text_font_size=&#8221;40px&#8221; text_line_height=&#8221;68px&#8221; text_orientation=&#8221;center&#8221; custom_margin=&#8221;||0px||false|false&#8221; animation_style=&#8221;slide&#8221; animation_direction=&#8221;top&#8221; animation_duration=&#8221;300ms&#8221; text_font_size_tablet=&#8221;30px&#8221; text_font_size_phone=&#8221;30px&#8221; text_font_size_last_edited=&#8221;on|tablet&#8221; header_font_size_tablet=&#8221;&#8221; header_font_size_phone=&#8221;&#8221; header_font_size_last_edited=&#8221;on|phone&#8221; global_colors_info=&#8221;{}&#8221;]@ET-DC@eyJkeW5hbWljIjp0cnVlLCJjb250ZW50IjoicG9zdF90aXRsZSIsInNldHRpbmdzIjp7ImJlZm9yZSI6IiIsImFmdGVyIjoiIiwiZW5hYmxlX2h0bWwiOiJvZmYifX0=@[\/et_pb_text][difl_breadcrumbs use_separator_icon=&#8221;on&#8221; separator_font_icon=&#8221;&#x35;||divi||400&#8243; separator_icon_color=&#8221;#FFFFFF&#8221; home_text=&#8221;Ana Sayfa&#8221; alignment=&#8221;center&#8221; show_on_front_page=&#8221;off&#8221; show_title=&#8221;off&#8221; enable_schema=&#8221;on&#8221; _builder_version=&#8221;4.22.1&#8243; _module_preset=&#8221;default&#8221; pages_font_font=&#8221;||||||||&#8221; pages_font_text_color=&#8221;#FFFFFF&#8221; pages_font_line_height=&#8221;22px&#8221; home_font_font=&#8221;||||||||&#8221; home_font_line_height=&#8221;22px&#8221; animation_style=&#8221;slide&#8221; animation_direction=&#8221;bottom&#8221; animation_duration=&#8221;300ms&#8221; pages_font_font_size_tablet=&#8221;&#8221; pages_font_font_size_phone=&#8221;&#8221; pages_font_font_size_last_edited=&#8221;on|phone&#8221; home_font_font_size_tablet=&#8221;&#8221; home_font_font_size_phone=&#8221;&#8221; home_font_font_size_last_edited=&#8221;on|phone&#8221; global_colors_info=&#8221;{}&#8221;][\/difl_breadcrumbs][\/et_pb_column][\/et_pb_row][\/et_pb_section][et_pb_section fb_built=&#8221;1&#8243; custom_padding_last_edited=&#8221;on|phone&#8221; admin_label=&#8221;Body Section&#8221; _builder_version=&#8221;4.22.1&#8243; _module_preset=&#8221;default&#8221; background_color=&#8221;#fafbff&#8221; custom_margin_tablet=&#8221;&#8221; custom_margin_phone=&#8221;||0px||false|false&#8221; custom_margin_last_edited=&#8221;on|phone&#8221; custom_padding_tablet=&#8221;&#8221; custom_padding_phone=&#8221;||0px||false|false&#8221; locked=&#8221;off&#8221; collapsed=&#8221;off&#8221; global_colors_info=&#8221;{}&#8221;][et_pb_row column_structure=&#8221;3_5,2_5&#8243; custom_padding_last_edited=&#8221;on|phone&#8221; disabled_on=&#8221;off|off|off&#8221; _builder_version=&#8221;4.22.1&#8243; _module_preset=&#8221;default&#8221; background_enable_image=&#8221;off&#8221; custom_padding_tablet=&#8221;&#8221; custom_padding_phone=&#8221;||||false|false&#8221; global_colors_info=&#8221;{}&#8221;][et_pb_column type=&#8221;3_5&#8243; _builder_version=&#8221;4.19.4&#8243; _module_preset=&#8221;default&#8221; custom_padding=&#8221;||||false|false&#8221; global_colors_info=&#8221;{}&#8221;][et_pb_blurb content_max_width=&#8221;100%&#8221; disabled_on=&#8221;off|off|off&#8221; _builder_version=&#8221;4.22.1&#8243; _module_preset=&#8221;default&#8221; header_font=&#8221;Nunito Sans|700|||||||&#8221; header_text_color=&#8221;#222222&#8243; header_font_size=&#8221;24px&#8221; header_line_height=&#8221;29px&#8221; body_font=&#8221;|300|||||||&#8221; body_line_height=&#8221;24px&#8221; global_colors_info=&#8221;{}&#8221;]<\/p>\n<p>\u015eirketimiz, \u00e7e\u015fitli konteyner t\u00fcrlerinin \u00fcr\u00fcnlerle doldurulmas\u0131n\u0131n yan\u0131 s\u0131ra paketlenmi\u015f \u00fcr\u00fcnlerin g\u00fcvenilir ve modern depolarda depolanmas\u0131 i\u00e7in kapsaml\u0131 hizmetler sunmaktad\u0131r. Bu kabiliyet, lojisti\u011fi verimli bir \u015fekilde organize etmelerine ve \u00fcretim ve i\u015fin temel y\u00f6nlerine odaklanmalar\u0131na olanak tan\u0131d\u0131\u011f\u0131 i\u00e7in bir\u00e7ok i\u015fletme i\u00e7in b\u00fcy\u00fck \u00f6nem ta\u015f\u0131maktad\u0131r.<\/p>\n<p>Uzmanlar\u0131m\u0131z, m\u00fc\u015fterinin ihtiya\u00e7lar\u0131n\u0131 ve gereksinimlerini ayr\u0131nt\u0131l\u0131 olarak analiz ederek her projeye ayr\u0131 ayr\u0131 yakla\u015f\u0131r. Kaplar\u0131 doldurmak i\u00e7in otomatik sistemlerden manuel doluma kadar \u00e7e\u015fitli se\u00e7enekler sunuyoruz; bu da \u00fcr\u00fcn \u00f6zelliklerini tam olarak dikkate almam\u0131z\u0131 ve en y\u00fcksek kalite standartlar\u0131n\u0131 kar\u015f\u0131lamam\u0131z\u0131 sa\u011fl\u0131yor.<\/p>\n<p>Hizmetimizin en \u00f6nemli avantajlar\u0131ndan biri de ambalajl\u0131 \u00fcr\u00fcnlerin depolanabilmesidir. Bu ama\u00e7la, uzun bir s\u00fcre boyunca \u00fcr\u00fcn kalitesini korumak i\u00e7in en uygun ko\u015fullar\u0131 yaratmam\u0131z\u0131 sa\u011flayan y\u00fcksek teknoloji ekipmanlarla donat\u0131lm\u0131\u015f modern depolar sunuyoruz.<\/p>\n<p>Profesyonellerden olu\u015fan ekibimiz, \u00fcr\u00fcnlerin kalitesini ve g\u00fcvenli\u011fini sa\u011flamak i\u00e7in depolama ko\u015fullar\u0131n\u0131 izler ve d\u00fczenli denetimler ger\u00e7ekle\u015ftirir. \u00dcr\u00fcnlerinizin g\u00fcvenilirli\u011fini ve g\u00fcvenli\u011fini garanti eden t\u00fcm g\u00fcvenlik gerekliliklerine ve standartlar\u0131na dikkatle uyuyoruz.<\/p>\n<p>\u015eirketimiz, m\u00fc\u015fterilerimize y\u00fcksek d\u00fczeyde hizmet sunmay\u0131 taahh\u00fct eder. Her projeye esnek \u00e7\u00f6z\u00fcmler ve bireysel bir yakla\u015f\u0131m sunarak \u00e7e\u015fitli \u00fcr\u00fcn t\u00fcrlerinin depolanmas\u0131 i\u00e7in en uygun ko\u015fullar\u0131 sa\u011flamam\u0131za olanak tan\u0131yoruz.<\/p>\n<p>Ayr\u0131ca \u015firketimiz depolama ve lojistik alan\u0131ndaki teknolojilerin geli\u015fimini ve yenilikleri yak\u0131ndan takip etmektedir. En uygun depolama ko\u015fullar\u0131n\u0131 ve konteynerlerin doldurulmas\u0131nda en verimli y\u00f6ntemleri sa\u011flamak i\u00e7in modern teknolojileri uyguluyoruz. Depolar\u0131m\u0131z ideal depolama ko\u015fullar\u0131n\u0131 sa\u011flamak i\u00e7in geli\u015fmi\u015f s\u0131cakl\u0131k, nem ve hava kontrol sistemleriyle donat\u0131lm\u0131\u015ft\u0131r.<\/p>\n<p>[\/et_pb_blurb][difl_advanced_blurb title=&#8221;Herhangi bir sorunuz var m\u0131?&#8221; sub_title=&#8221; Talep formunu doldurun ve bize g\u00f6nderin, m\u00fcmk\u00fcn olan en k\u0131sa s\u00fcrede yan\u0131t verece\u011fiz.&#8221; button_text=&#8221;Bir istek g\u00f6nderin&#8221; button_url=&#8221;#&#8221; blurb_icon=&#8221;&#x74;||divi||400&#8243; image_icon_container_position=&#8221;outside&#8221; image_placement=&#8221;flex_left&#8221; image_icon_item_align=&#8221;center&#8221; _builder_version=&#8221;4.22.1&#8243; _module_preset=&#8221;27a26ff8-77c3-4c32-8a97-1330a17f096e&#8221; custom_margin_tablet=&#8221;&#8221; custom_margin_phone=&#8221;||||false|false&#8221; custom_margin_last_edited=&#8221;on|desktop&#8221; locked=&#8221;off&#8221; global_colors_info=&#8221;{}&#8221;][\/difl_advanced_blurb][\/et_pb_column][et_pb_column type=&#8221;2_5&#8243; disabled_on=&#8221;on|on|off&#8221; _builder_version=&#8221;4.22.1&#8243; _module_preset=&#8221;default&#8221; background_image=&#8221;https:\/\/terch.com.ua\/wp-content\/uploads\/070923-01.jpg&#8221; custom_padding=&#8221;450px||450px||true|false&#8221; animation_style=&#8221;fold&#8221; global_colors_info=&#8221;{}&#8221;][\/et_pb_column][\/et_pb_row][\/et_pb_section]<\/p>\n","protected":false},"excerpt":{"rendered":"<p><div class=\"et_pb_module difl_breadcrumbs difl_breadcrumbs_0 et_animated\">\n\t\t\t\t\n\t\t\t\t\n\t\t\t\t\n\t\t\t\t\n\t\t\t\t\n\t\t\t\t\n\t\t\t\t<div class=\"et_pb_module_inner\">\n\t\t\t\t\t<div class=\"df_breadcrumbs_container\">\r\n                             <script type=\"application\/ld+json\">{\"@context\":\"https:\\\/\\\/schema.org\\\/\",\"@type\":\"BreadcrumbList\",\"itemListElement\":[{\"@type\":\"ListItem\",\"position\":1,\"name\":\"Ana Sayfa\",\"item\":\"https:\\\/\\\/terch.com.ua\\\/tr\\\/\"}]}<\/script>\r\n                            <div class=\"df_breadcrumbs_wrapper\">\r\n                                <ul class=\"df-breadcrumbs\"><li class=\"df-breadcrumbs-item df-breadcrumbs-start\"><a href=\"https:\/\/terch.com.ua\/tr\/\"  rel=\"home\"><span class=\"df-breadcrumbs-text\">  Ana Sayfa <\/span><\/a><\/li><\/ul>\r\n                            <\/div>\r\n\r\n                        <\/div>\n\t\t\t\t<\/div>\n\t\t\t<\/div>\u015eirketimiz, \u00e7e\u015fitli konteyner t\u00fcrlerinin \u00fcr\u00fcnlerle doldurulmas\u0131n\u0131n yan\u0131 s\u0131ra paketlenmi\u015f \u00fcr\u00fcnlerin g\u00fcvenilir ve modern depolarda depolanmas\u0131 i\u00e7in kapsaml\u0131 hizmetler sunmaktad\u0131r. Bu kabiliyet, lojisti\u011fi verimli bir \u015fekilde organize etmelerine ve \u00fcretim ve i\u015fin temel y\u00f6nlerine odaklanmalar\u0131na olanak tan\u0131d\u0131\u011f\u0131 i\u00e7in bir\u00e7ok i\u015fletme i\u00e7in b\u00fcy\u00fck \u00f6nem ta\u015f\u0131maktad\u0131r. Uzmanlar\u0131m\u0131z, m\u00fc\u015fterinin ihtiya\u00e7lar\u0131n\u0131 ve gereksinimlerini ayr\u0131nt\u0131l\u0131 olarak analiz ederek her projeye ayr\u0131 ayr\u0131 yakla\u015f\u0131r. Kaplar\u0131 doldurmak i\u00e7in otomatik sistemlerden manuel doluma kadar \u00e7e\u015fitli se\u00e7enekler sunuyoruz; bu da \u00fcr\u00fcn \u00f6zelliklerini tam olarak dikkate almam\u0131z\u0131 ve en y\u00fcksek kalite standartlar\u0131n\u0131 kar\u015f\u0131lamam\u0131z\u0131 sa\u011fl\u0131yor. Hizmetimizin en \u00f6nemli avantajlar\u0131ndan biri de ambalajl\u0131 \u00fcr\u00fcnlerin depolanabilmesidir. Bu ama\u00e7la, uzun bir s\u00fcre boyunca \u00fcr\u00fcn kalitesini korumak i\u00e7in en uygun ko\u015fullar\u0131 yaratmam\u0131z\u0131 sa\u011flayan y\u00fcksek teknoloji ekipmanlarla donat\u0131lm\u0131\u015f modern depolar sunuyoruz. Profesyonellerden olu\u015fan ekibimiz, \u00fcr\u00fcnlerin kalitesini ve g\u00fcvenli\u011fini sa\u011flamak i\u00e7in depolama ko\u015fullar\u0131n\u0131 izler ve d\u00fczenli denetimler ger\u00e7ekle\u015ftirir. \u00dcr\u00fcnlerinizin g\u00fcvenilirli\u011fini ve g\u00fcvenli\u011fini garanti eden t\u00fcm g\u00fcvenlik gerekliliklerine ve standartlar\u0131na dikkatle uyuyoruz. \u015eirketimiz, m\u00fc\u015fterilerimize y\u00fcksek d\u00fczeyde hizmet sunmay\u0131 taahh\u00fct eder. Her projeye esnek \u00e7\u00f6z\u00fcmler ve bireysel bir yakla\u015f\u0131m sunarak \u00e7e\u015fitli \u00fcr\u00fcn t\u00fcrlerinin depolanmas\u0131 i\u00e7in en uygun ko\u015fullar\u0131 sa\u011flamam\u0131za olanak tan\u0131yoruz. Ayr\u0131ca \u015firketimiz depolama [&hellip;]<\/p>\n","protected":false},"author":1,"featured_media":0,"parent":5073,"menu_order":0,"comment_status":"closed","ping_status":"closed","template":"","meta":{"_et_pb_use_builder":"on","_et_pb_old_content":"","_et_gb_content_width":"","footnotes":""},"class_list":["post-5097","page","type-page","status-publish","hentry"],"_links":{"self":[{"href":"https:\/\/terch.com.ua\/tr\/wp-json\/wp\/v2\/pages\/5097","targetHints":{"allow":["GET"]}}],"collection":[{"href":"https:\/\/terch.com.ua\/tr\/wp-json\/wp\/v2\/pages"}],"about":[{"href":"https:\/\/terch.com.ua\/tr\/wp-json\/wp\/v2\/types\/page"}],"author":[{"embeddable":true,"href":"https:\/\/terch.com.ua\/tr\/wp-json\/wp\/v2\/users\/1"}],"replies":[{"embeddable":true,"href":"https:\/\/terch.com.ua\/tr\/wp-json\/wp\/v2\/comments?post=5097"}],"version-history":[{"count":2,"href":"https:\/\/terch.com.ua\/tr\/wp-json\/wp\/v2\/pages\/5097\/revisions"}],"predecessor-version":[{"id":5099,"href":"https:\/\/terch.com.ua\/tr\/wp-json\/wp\/v2\/pages\/5097\/revisions\/5099"}],"up":[{"embeddable":true,"href":"https:\/\/terch.com.ua\/tr\/wp-json\/wp\/v2\/pages\/5073"}],"wp:attachment":[{"href":"https:\/\/terch.com.ua\/tr\/wp-json\/wp\/v2\/media?parent=5097"}],"curies":[{"name":"wp","href":"https:\/\/api.w.org\/{rel}","templated":true}]}}