{"id":5094,"date":"2023-09-06T09:52:28","date_gmt":"2023-09-06T06:52:28","guid":{"rendered":"https:\/\/terch.com.ua\/hizmetlerimiz\/laboratuvar-arastirmalari-ve-hizmetler\/"},"modified":"2024-03-23T03:16:36","modified_gmt":"2024-03-23T01:16:36","slug":"laboratuvar-arastirmalari-ve-hizmetler","status":"publish","type":"page","link":"https:\/\/terch.com.ua\/tr\/hizmetlerimiz\/laboratuvar-arastirmalari-ve-hizmetler\/","title":{"rendered":"Laboratuvar Ara\u015ft\u0131rmalar\u0131 ve Hizmetler"},"content":{"rendered":"<p>[et_pb_section fb_built=&#8221;1&#8243; custom_padding_last_edited=&#8221;on|phone&#8221; admin_label=&#8221;Hero Section&#8221; _builder_version=&#8221;4.22.1&#8243; _module_preset=&#8221;default&#8221; background_enable_color=&#8221;off&#8221; background_image=&#8221;https:\/\/terch.com.ua\/wp-content\/uploads\/2023\/08\/bg-20.jpg&#8221; custom_margin=&#8221;||||false|false&#8221; custom_padding=&#8221;100px||100px||false|false&#8221; custom_padding_tablet=&#8221;100px||100px||false|false&#8221; custom_padding_phone=&#8221;0px||0px||true|false&#8221; locked=&#8221;off&#8221; collapsed=&#8221;off&#8221; global_colors_info=&#8221;{}&#8221;][et_pb_row _builder_version=&#8221;4.19.4&#8243; _module_preset=&#8221;default&#8221; global_colors_info=&#8221;{}&#8221;][et_pb_column type=&#8221;4_4&#8243; _builder_version=&#8221;4.19.4&#8243; _module_preset=&#8221;default&#8221; global_colors_info=&#8221;{}&#8221;][et_pb_text _builder_version=&#8221;4.22.1&#8243; _dynamic_attributes=&#8221;content&#8221; _module_preset=&#8221;default&#8221; text_font=&#8221;|||on|||||&#8221; text_text_color=&#8221;#ffffff&#8221; text_font_size=&#8221;40px&#8221; text_line_height=&#8221;68px&#8221; text_orientation=&#8221;center&#8221; custom_margin=&#8221;||0px||false|false&#8221; hover_enabled=&#8221;0&#8243; text_font_size_tablet=&#8221;30px&#8221; text_font_size_phone=&#8221;30px&#8221; text_font_size_last_edited=&#8221;on|tablet&#8221; global_colors_info=&#8221;{}&#8221; animation_style=&#8221;slide&#8221; animation_direction=&#8221;top&#8221; animation_duration=&#8221;300ms&#8221; sticky_enabled=&#8221;0&#8243;]@ET-DC@eyJkeW5hbWljIjp0cnVlLCJjb250ZW50IjoicG9zdF90aXRsZSIsInNldHRpbmdzIjp7ImJlZm9yZSI6IiIsImFmdGVyIjoiIiwiZW5hYmxlX2h0bWwiOiJvZmYifX0=@[\/et_pb_text][difl_breadcrumbs use_separator_icon=&#8221;on&#8221; separator_font_icon=&#8221;&#x35;||divi||400&#8243; separator_icon_color=&#8221;#FFFFFF&#8221; home_text=&#8221;Ana Sayfa&#8221; alignment=&#8221;center&#8221; show_on_front_page=&#8221;off&#8221; show_title=&#8221;off&#8221; enable_schema=&#8221;on&#8221; _builder_version=&#8221;4.22.1&#8243; _module_preset=&#8221;default&#8221; pages_font_font=&#8221;Nunito Sans|600|||||||&#8221; pages_font_text_color=&#8221;#FFFFFF&#8221; pages_font_line_height=&#8221;22px&#8221; home_font_font=&#8221;Nunito Sans|700|||||||&#8221; home_font_line_height=&#8221;22px&#8221; hover_enabled=&#8221;0&#8243; global_colors_info=&#8221;{}&#8221; animation_style=&#8221;slide&#8221; animation_direction=&#8221;bottom&#8221; animation_duration=&#8221;300ms&#8221; sticky_enabled=&#8221;0&#8243;][\/difl_breadcrumbs][\/et_pb_column][\/et_pb_row][\/et_pb_section][et_pb_section fb_built=&#8221;1&#8243; custom_padding_last_edited=&#8221;on|phone&#8221; admin_label=&#8221;Body Section&#8221; _builder_version=&#8221;4.22.1&#8243; _module_preset=&#8221;default&#8221; background_color=&#8221;#fafbff&#8221; custom_margin_tablet=&#8221;&#8221; custom_margin_phone=&#8221;||0px||false|false&#8221; custom_margin_last_edited=&#8221;on|phone&#8221; custom_padding_tablet=&#8221;&#8221; custom_padding_phone=&#8221;||0px||false|false&#8221; locked=&#8221;off&#8221; collapsed=&#8221;off&#8221; global_colors_info=&#8221;{}&#8221;][et_pb_row column_structure=&#8221;3_5,2_5&#8243; disabled_on=&#8221;off|off|off&#8221; _builder_version=&#8221;4.22.1&#8243; _module_preset=&#8221;default&#8221; background_enable_image=&#8221;off&#8221; global_colors_info=&#8221;{}&#8221;][et_pb_column type=&#8221;3_5&#8243; _builder_version=&#8221;4.19.4&#8243; _module_preset=&#8221;default&#8221; custom_padding=&#8221;||||false|false&#8221; global_colors_info=&#8221;{}&#8221;][et_pb_blurb content_max_width=&#8221;100%&#8221; disabled_on=&#8221;off|off|off&#8221; _builder_version=&#8221;4.22.1&#8243; _module_preset=&#8221;default&#8221; header_font=&#8221;Nunito Sans|700|||||||&#8221; header_text_color=&#8221;#222222&#8243; header_font_size=&#8221;24px&#8221; header_line_height=&#8221;29px&#8221; body_font=&#8221;|300|||||||&#8221; body_line_height=&#8221;24px&#8221; global_colors_info=&#8221;{}&#8221;]<\/p>\n<p>\u015eirketimiz, \u00fcr\u00fcn kalite kontrol\u00fcn\u00fc sa\u011flamay\u0131 ama\u00e7layan \u00e7ok \u00e7e\u015fitli laboratuvar testleri ve hizmetleri sunmaktad\u0131r. \u00dcr\u00fcn kalitesinin i\u015f d\u00fcnyas\u0131nda \u00e7ok \u00f6nemli bir rol oynad\u0131\u011f\u0131n\u0131 biliyoruz, bu nedenle kendimize y\u00fcksek standartlar belirliyor ve g\u00fcvenilir ve do\u011fru laboratuvar sonu\u00e7lar\u0131 sa\u011fl\u0131yoruz. <\/p>\n<p>Laboratuvar\u0131m\u0131z, \u00e7e\u015fitli testleri b\u00fcy\u00fck bir do\u011fruluk ve g\u00fcvenilirlikle ger\u00e7ekle\u015ftirmemize olanak tan\u0131yan modern cihaz ve ekipmanlarla donat\u0131lm\u0131\u015ft\u0131r. Alanlar\u0131nda derinlemesine bilgi ve mesleki deneyime sahip deneyimli laboratuvar teknisyenleri ve uzmanlar\u0131ndan olu\u015fan bir ekibimiz var. Analizleri ve \u00e7al\u0131\u015fmalar\u0131 en y\u00fcksek kalite ve g\u00fcvenlik standartlar\u0131nda ger\u00e7ekle\u015ftirmektedirler.  <\/p>\n<p>\u00dcr\u00fcn kalitesini belirlemeye, olas\u0131 kusurlar\u0131 tespit etmeye ve kalite standartlar\u0131n\u0131 kar\u015f\u0131lamaya yard\u0131mc\u0131 olmak i\u00e7in fizikokimyasal, biyokimyasal, mikrobiyolojik ve di\u011fer ara\u015ft\u0131rma t\u00fcrlerini sa\u011fl\u0131yoruz. M\u00fc\u015fterilerimiz her bir \u00e7al\u0131\u015fma i\u00e7in profesyonel ve bireysel bir yakla\u015f\u0131ma g\u00fcvenebilirler. <\/p>\n<p>Laboratuvar\u0131m\u0131z, g\u00fcvenilir ve do\u011fru test sonu\u00e7lar\u0131 sunmam\u0131z\u0131 sa\u011flayan kalite standartlar\u0131 ve normlar\u0131na uygun olarak \u00e7al\u0131\u015fmaktad\u0131r. Ayr\u0131ca, m\u00fc\u015fterinin \u00fcr\u00fcnlerinin \u00f6zelliklerinin gerektirmesi halinde \u00f6zelle\u015ftirilmi\u015f ve uzmanla\u015fm\u0131\u015f test y\u00f6ntemleri geli\u015ftirme ve uygulama yetene\u011fine sahibiz. <\/p>\n<p>[\/et_pb_blurb][difl_advanced_blurb title=&#8221;Herhangi bir sorunuz var m\u0131?&#8221; sub_title=&#8221; Talep formunu doldurun ve bize g\u00f6nderin, m\u00fcmk\u00fcn olan en k\u0131sa s\u00fcrede yan\u0131t verece\u011fiz.&#8221; button_text=&#8221;Bir istek g\u00f6nderin&#8221; button_url=&#8221;#&#8221; blurb_icon=&#8221;&#x74;||divi||400&#8243; image_icon_container_position=&#8221;outside&#8221; image_placement=&#8221;flex_left&#8221; image_icon_item_align=&#8221;center&#8221; _builder_version=&#8221;4.22.1&#8243; _module_preset=&#8221;27a26ff8-77c3-4c32-8a97-1330a17f096e&#8221; custom_margin_tablet=&#8221;&#8221; custom_margin_phone=&#8221;||||false|false&#8221; custom_margin_last_edited=&#8221;on|desktop&#8221; locked=&#8221;off&#8221; global_colors_info=&#8221;{}&#8221;][\/difl_advanced_blurb][\/et_pb_column][et_pb_column type=&#8221;2_5&#8243; disabled_on=&#8221;on|on|off&#8221; _builder_version=&#8221;4.22.1&#8243; _module_preset=&#8221;default&#8221; background_image=&#8221;https:\/\/terch.com.ua\/wp-content\/uploads\/070923-03.jpg&#8221; custom_padding=&#8221;400px||400px||true|false&#8221; animation_style=&#8221;fold&#8221; global_colors_info=&#8221;{}&#8221;][\/et_pb_column][\/et_pb_row][\/et_pb_section]<\/p>\n","protected":false},"excerpt":{"rendered":"<p><div class=\"et_pb_module difl_breadcrumbs difl_breadcrumbs_0 et_animated\">\n\t\t\t\t\n\t\t\t\t\n\t\t\t\t\n\t\t\t\t\n\t\t\t\t\n\t\t\t\t\n\t\t\t\t<div class=\"et_pb_module_inner\">\n\t\t\t\t\t<div class=\"df_breadcrumbs_container\">\r\n                             <script type=\"application\/ld+json\">{\"@context\":\"https:\\\/\\\/schema.org\\\/\",\"@type\":\"BreadcrumbList\",\"itemListElement\":[{\"@type\":\"ListItem\",\"position\":1,\"name\":\"Ana Sayfa\",\"item\":\"https:\\\/\\\/terch.com.ua\\\/tr\\\/\"}]}<\/script>\r\n                            <div class=\"df_breadcrumbs_wrapper\">\r\n                                <ul class=\"df-breadcrumbs\"><li class=\"df-breadcrumbs-item df-breadcrumbs-start\"><a href=\"https:\/\/terch.com.ua\/tr\/\"  rel=\"home\"><span class=\"df-breadcrumbs-text\">  Ana Sayfa <\/span><\/a><\/li><\/ul>\r\n                            <\/div>\r\n\r\n                        <\/div>\n\t\t\t\t<\/div>\n\t\t\t<\/div>\u015eirketimiz, \u00fcr\u00fcn kalite kontrol\u00fcn\u00fc sa\u011flamay\u0131 ama\u00e7layan \u00e7ok \u00e7e\u015fitli laboratuvar testleri ve hizmetleri sunmaktad\u0131r. \u00dcr\u00fcn kalitesinin i\u015f d\u00fcnyas\u0131nda \u00e7ok \u00f6nemli bir rol oynad\u0131\u011f\u0131n\u0131 biliyoruz, bu nedenle kendimize y\u00fcksek standartlar belirliyor ve g\u00fcvenilir ve do\u011fru laboratuvar sonu\u00e7lar\u0131 sa\u011fl\u0131yoruz. Laboratuvar\u0131m\u0131z, \u00e7e\u015fitli testleri b\u00fcy\u00fck bir do\u011fruluk ve g\u00fcvenilirlikle ger\u00e7ekle\u015ftirmemize olanak tan\u0131yan modern cihaz ve ekipmanlarla donat\u0131lm\u0131\u015ft\u0131r. Alanlar\u0131nda derinlemesine bilgi ve mesleki deneyime sahip deneyimli laboratuvar teknisyenleri ve uzmanlar\u0131ndan olu\u015fan bir ekibimiz var. Analizleri ve \u00e7al\u0131\u015fmalar\u0131 en y\u00fcksek kalite ve g\u00fcvenlik standartlar\u0131nda ger\u00e7ekle\u015ftirmektedirler. \u00dcr\u00fcn kalitesini belirlemeye, olas\u0131 kusurlar\u0131 tespit etmeye ve kalite standartlar\u0131n\u0131 kar\u015f\u0131lamaya yard\u0131mc\u0131 olmak i\u00e7in fizikokimyasal, biyokimyasal, mikrobiyolojik ve di\u011fer ara\u015ft\u0131rma t\u00fcrlerini sa\u011fl\u0131yoruz. M\u00fc\u015fterilerimiz her bir \u00e7al\u0131\u015fma i\u00e7in profesyonel ve bireysel bir yakla\u015f\u0131ma g\u00fcvenebilirler. Laboratuvar\u0131m\u0131z, g\u00fcvenilir ve do\u011fru test sonu\u00e7lar\u0131 sunmam\u0131z\u0131 sa\u011flayan kalite standartlar\u0131 ve normlar\u0131na uygun olarak \u00e7al\u0131\u015fmaktad\u0131r. Ayr\u0131ca, m\u00fc\u015fterinin \u00fcr\u00fcnlerinin \u00f6zelliklerinin gerektirmesi halinde \u00f6zelle\u015ftirilmi\u015f ve uzmanla\u015fm\u0131\u015f test y\u00f6ntemleri geli\u015ftirme ve uygulama yetene\u011fine sahibiz. <div class=\"et_pb_module difl_advanced_blurb difl_advanced_blurb_0\">\n\t\t\t\t\n\t\t\t\t\n\t\t\t\t\n\t\t\t\t\n\t\t\t\t\n\t\t\t\t\n\t\t\t\t<div class=\"et_pb_module_inner\">\n\t\t\t\t\t<div class=\"df_ab_blurb_container\"> <div class=\"df_ab_blurb_content_container\"><div class=\"df_ab_blurb_image image placement_image_&#8221;flex_left&#8221;\"><\/div> <h3  class=\"df_ab_blurb_title\">&#8221;Herhangi<\/h3 > <h4  class=\"df_ab_blurb_sub_title\">&#8221;<\/h4 >  <div class=\"df_ab_blurb_button_wrapper\">\r\n                                <a href=\"http:\/\/&#8221;#&#8221;\"  class=\"df_ab_blurb_button\" data-icon=\"5\"> <span>&#8221;Bir<\/span> <\/a>\r\n                            <\/div> <\/div><\/div>\n\t\t\t\t<\/div>\n\t\t\t<\/div><\/p>\n","protected":false},"author":1,"featured_media":0,"parent":5073,"menu_order":0,"comment_status":"closed","ping_status":"closed","template":"","meta":{"_et_pb_use_builder":"on","_et_pb_old_content":"","_et_gb_content_width":"","footnotes":""},"class_list":["post-5094","page","type-page","status-publish","hentry"],"_links":{"self":[{"href":"https:\/\/terch.com.ua\/tr\/wp-json\/wp\/v2\/pages\/5094","targetHints":{"allow":["GET"]}}],"collection":[{"href":"https:\/\/terch.com.ua\/tr\/wp-json\/wp\/v2\/pages"}],"about":[{"href":"https:\/\/terch.com.ua\/tr\/wp-json\/wp\/v2\/types\/page"}],"author":[{"embeddable":true,"href":"https:\/\/terch.com.ua\/tr\/wp-json\/wp\/v2\/users\/1"}],"replies":[{"embeddable":true,"href":"https:\/\/terch.com.ua\/tr\/wp-json\/wp\/v2\/comments?post=5094"}],"version-history":[{"count":2,"href":"https:\/\/terch.com.ua\/tr\/wp-json\/wp\/v2\/pages\/5094\/revisions"}],"predecessor-version":[{"id":5096,"href":"https:\/\/terch.com.ua\/tr\/wp-json\/wp\/v2\/pages\/5094\/revisions\/5096"}],"up":[{"embeddable":true,"href":"https:\/\/terch.com.ua\/tr\/wp-json\/wp\/v2\/pages\/5073"}],"wp:attachment":[{"href":"https:\/\/terch.com.ua\/tr\/wp-json\/wp\/v2\/media?parent=5094"}],"curies":[{"name":"wp","href":"https:\/\/api.w.org\/{rel}","templated":true}]}}