{"id":5091,"date":"2023-09-06T04:49:03","date_gmt":"2023-09-06T01:49:03","guid":{"rendered":"https:\/\/terch.com.ua\/hizmetlerimiz\/yuk-icin-konteyner-platformu\/"},"modified":"2024-03-23T03:10:11","modified_gmt":"2024-03-23T01:10:11","slug":"yuk-icin-konteyner-platformu","status":"publish","type":"page","link":"https:\/\/terch.com.ua\/tr\/hizmetlerimiz\/yuk-icin-konteyner-platformu\/","title":{"rendered":"Y\u00fck i\u00e7in konteyner platformu"},"content":{"rendered":"<p>[et_pb_section fb_built=&#8221;1&#8243; custom_padding_last_edited=&#8221;on|phone&#8221; admin_label=&#8221;Hero Section&#8221; _builder_version=&#8221;4.22.1&#8243; _module_preset=&#8221;default&#8221; background_enable_color=&#8221;off&#8221; background_image=&#8221;https:\/\/terch.com.ua\/wp-content\/uploads\/2023\/08\/bg-20.jpg&#8221; custom_margin=&#8221;||||false|false&#8221; custom_padding=&#8221;100px||100px||false|false&#8221; custom_padding_tablet=&#8221;100px||100px||false|false&#8221; custom_padding_phone=&#8221;0px||0px||true|false&#8221; locked=&#8221;off&#8221; collapsed=&#8221;off&#8221; global_colors_info=&#8221;{}&#8221;][et_pb_row _builder_version=&#8221;4.19.4&#8243; _module_preset=&#8221;default&#8221; global_colors_info=&#8221;{}&#8221;][et_pb_column type=&#8221;4_4&#8243; _builder_version=&#8221;4.19.4&#8243; _module_preset=&#8221;default&#8221; global_colors_info=&#8221;{}&#8221;][et_pb_text _builder_version=&#8221;4.22.1&#8243; _dynamic_attributes=&#8221;content&#8221; _module_preset=&#8221;default&#8221; text_font=&#8221;|||on|||||&#8221; text_text_color=&#8221;#ffffff&#8221; text_font_size=&#8221;40px&#8221; text_line_height=&#8221;68px&#8221; text_orientation=&#8221;center&#8221; custom_margin=&#8221;||0px||false|false&#8221; animation_style=&#8221;slide&#8221; animation_direction=&#8221;top&#8221; animation_duration=&#8221;300ms&#8221; text_font_size_tablet=&#8221;30px&#8221; text_font_size_phone=&#8221;30px&#8221; text_font_size_last_edited=&#8221;on|tablet&#8221; global_colors_info=&#8221;{}&#8221;]@ET-DC@eyJkeW5hbWljIjp0cnVlLCJjb250ZW50IjoicG9zdF90aXRsZSIsInNldHRpbmdzIjp7ImJlZm9yZSI6IiIsImFmdGVyIjoiIiwiZW5hYmxlX2h0bWwiOiJvZmYifX0=@[\/et_pb_text][difl_breadcrumbs use_separator_icon=&#8221;on&#8221; separator_font_icon=&#8221;&#x35;||divi||400&#8243; separator_icon_color=&#8221;#FFFFFF&#8221; home_text=&#8221;Ana Sayfa&#8221; alignment=&#8221;center&#8221; show_on_front_page=&#8221;off&#8221; show_title=&#8221;off&#8221; enable_schema=&#8221;on&#8221; _builder_version=&#8221;4.22.1&#8243; _module_preset=&#8221;default&#8221; pages_font_font=&#8221;Nunito Sans|600|||||||&#8221; pages_font_text_color=&#8221;#FFFFFF&#8221; pages_font_line_height=&#8221;22px&#8221; home_font_font=&#8221;|700|||||||&#8221; home_font_line_height=&#8221;22px&#8221; animation_style=&#8221;slide&#8221; animation_direction=&#8221;bottom&#8221; animation_duration=&#8221;300ms&#8221; global_colors_info=&#8221;{}&#8221;][\/difl_breadcrumbs][\/et_pb_column][\/et_pb_row][\/et_pb_section][et_pb_section fb_built=&#8221;1&#8243; custom_padding_last_edited=&#8221;on|phone&#8221; admin_label=&#8221;Body Section&#8221; _builder_version=&#8221;4.22.1&#8243; _module_preset=&#8221;default&#8221; background_color=&#8221;#fafbff&#8221; custom_margin_tablet=&#8221;&#8221; custom_margin_phone=&#8221;||0px||false|false&#8221; custom_margin_last_edited=&#8221;on|phone&#8221; custom_padding_tablet=&#8221;&#8221; custom_padding_phone=&#8221;||0px||false|false&#8221; locked=&#8221;off&#8221; collapsed=&#8221;off&#8221; global_colors_info=&#8221;{}&#8221;][et_pb_row column_structure=&#8221;3_5,2_5&#8243; disabled_on=&#8221;off|off|off&#8221; _builder_version=&#8221;4.22.1&#8243; _module_preset=&#8221;default&#8221; background_enable_image=&#8221;off&#8221; global_colors_info=&#8221;{}&#8221;][et_pb_column type=&#8221;3_5&#8243; _builder_version=&#8221;4.19.4&#8243; _module_preset=&#8221;default&#8221; custom_padding=&#8221;||||false|false&#8221; global_colors_info=&#8221;{}&#8221;][et_pb_blurb content_max_width=&#8221;100%&#8221; disabled_on=&#8221;off|off|off&#8221; _builder_version=&#8221;4.22.2&#8243; _module_preset=&#8221;default&#8221; header_font=&#8221;Nunito Sans|700|||||||&#8221; header_text_color=&#8221;#222222&#8243; header_font_size=&#8221;24px&#8221; header_line_height=&#8221;29px&#8221; body_font=&#8221;|300|||||||&#8221; body_line_height=&#8221;24px&#8221; hover_enabled=&#8221;0&#8243; global_colors_info=&#8221;{}&#8221; sticky_enabled=&#8221;0&#8243;]<\/p>\n<p>Konteyner saham\u0131z, deniz konteynerlerindeki y\u00fcklerin depolanmas\u0131 ve elle\u00e7lenmesi i\u00e7in modern bir \u00e7\u00f6z\u00fcmd\u00fcr. Konteyner kabul\u00fc, g\u00fcvenli depolama, verimli depolama ve sevkiyat dahil olmak \u00fczere eksiksiz bir hizmet yelpazesi sunuyoruz.<\/p>\n<p>Konteyner saham\u0131z, maksimum kargo emniyeti ve g\u00fcvenli\u011fini sa\u011flamak i\u00e7in modern altyap\u0131 ile donat\u0131lm\u0131\u015ft\u0131r. M\u00fc\u015fterilerimiz i\u00e7in verimli lojisti\u011fin \u00f6nemini anl\u0131yor ve konteyner ve y\u00fcklerin elle\u00e7lenmesi i\u00e7in en uygun ko\u015fullar\u0131 sa\u011flamaya \u00e7al\u0131\u015f\u0131yoruz.<\/p>\n<p>Altyap\u0131m\u0131z \u015funlar\u0131 i\u00e7erir:<\/p>\n<ul>\n<li>50 ton kald\u0131rma kapasiteli KS-50 portal vin\u00e7<\/li>\n<li>A\u00e7\u0131k konteyner alan\u0131 500 TEU kapasitelidir<\/li>\n<\/ul>\n<p>Profesyonellerden olu\u015fan ekibimiz, konteynerlerin zaman\u0131nda yerle\u015ftirilmesini ve sevkiyat\u0131n\u0131 sa\u011flamak i\u00e7in konteyner ak\u0131\u015f\u0131n\u0131 kontrol ve organize eder. Hizmetlerimizin, m\u00fc\u015fterilerimizin kaliteli ve g\u00fcvenilir lojistik destek g\u00fcvencesiyle ana i\u015flerine odaklanmalar\u0131na yard\u0131mc\u0131 olaca\u011f\u0131ndan eminiz.<\/p>\n<p>Konteyner saham\u0131z \u00e7e\u015fitli hacimlerde ve t\u00fcrlerde y\u00fcklerin depolanmas\u0131n\u0131 sa\u011flayabilir. Mevcut alan\u0131 verimli bir \u015fekilde kullanmam\u0131z\u0131 ve depolama maliyetlerini d\u00fc\u015f\u00fcrmemizi sa\u011flayan geli\u015fmi\u015f teknolojiler ve depo alan\u0131 y\u00f6netimi y\u00f6ntemleri kullan\u0131yoruz.<\/p>\n<p>Uzman ekibimiz, her m\u00fc\u015fterinin ihtiya\u00e7 ve gereksinimlerini g\u00f6z \u00f6n\u00fcnde bulundurarak tavsiyelerde bulunmaya ve bireysel bir plan geli\u015ftirmeye haz\u0131rd\u0131r. \u0130\u015fbirli\u011fine her zaman a\u00e7\u0131\u011f\u0131z ve konteyner depolama ve elle\u00e7leme i\u00e7in en uygun \u00e7\u00f6z\u00fcmleri sunmaya haz\u0131r\u0131z.<\/p>\n<p>Konteyner saham\u0131z ve bo\u015f konteyner depomuz sayesinde m\u00fc\u015fterilerimiz lojistik s\u00fcre\u00e7lerini optimize edebilir ve operasyonlar\u0131ndan elde ettikleri verimi art\u0131rabilirler.<\/p>\n<p>[\/et_pb_blurb][difl_advanced_blurb title=&#8221;Herhangi bir sorunuz var m\u0131?&#8221; sub_title=&#8221; Talep formunu doldurun ve bize g\u00f6nderin, m\u00fcmk\u00fcn olan en k\u0131sa s\u00fcrede yan\u0131t verece\u011fiz.&#8221; button_text=&#8221;Bir istek g\u00f6nderin&#8221; button_url=&#8221;#&#8221; blurb_icon=&#8221;&#x74;||divi||400&#8243; image_icon_container_position=&#8221;outside&#8221; image_placement=&#8221;flex_left&#8221; image_icon_item_align=&#8221;center&#8221; _builder_version=&#8221;4.22.1&#8243; _module_preset=&#8221;27a26ff8-77c3-4c32-8a97-1330a17f096e&#8221; custom_margin_tablet=&#8221;&#8221; custom_margin_phone=&#8221;||||false|false&#8221; custom_margin_last_edited=&#8221;on|desktop&#8221; locked=&#8221;off&#8221; global_colors_info=&#8221;{}&#8221;][\/difl_advanced_blurb][\/et_pb_column][et_pb_column type=&#8221;2_5&#8243; disabled_on=&#8221;on|on|off&#8221; _builder_version=&#8221;4.22.1&#8243; _module_preset=&#8221;default&#8221; background_image=&#8221;https:\/\/terch.com.ua\/wp-content\/uploads\/img_001.jpg&#8221; custom_padding=&#8221;400px||400px||true|false&#8221; animation_style=&#8221;fold&#8221; global_colors_info=&#8221;{}&#8221;][\/et_pb_column][\/et_pb_row][\/et_pb_section]<\/p>\n","protected":false},"excerpt":{"rendered":"<p><div class=\"et_pb_module difl_breadcrumbs difl_breadcrumbs_0 et_animated\">\n\t\t\t\t\n\t\t\t\t\n\t\t\t\t\n\t\t\t\t\n\t\t\t\t\n\t\t\t\t\n\t\t\t\t<div class=\"et_pb_module_inner\">\n\t\t\t\t\t<div class=\"df_breadcrumbs_container\">\r\n                             <script type=\"application\/ld+json\">{\"@context\":\"https:\\\/\\\/schema.org\\\/\",\"@type\":\"BreadcrumbList\",\"itemListElement\":[{\"@type\":\"ListItem\",\"position\":1,\"name\":\"Ana Sayfa\",\"item\":\"https:\\\/\\\/terch.com.ua\\\/tr\\\/\"}]}<\/script>\r\n                            <div class=\"df_breadcrumbs_wrapper\">\r\n                                <ul class=\"df-breadcrumbs\"><li class=\"df-breadcrumbs-item df-breadcrumbs-start\"><a href=\"https:\/\/terch.com.ua\/tr\/\"  rel=\"home\"><span class=\"df-breadcrumbs-text\">  Ana Sayfa <\/span><\/a><\/li><\/ul>\r\n                            <\/div>\r\n\r\n                        <\/div>\n\t\t\t\t<\/div>\n\t\t\t<\/div>Konteyner saham\u0131z, deniz konteynerlerindeki y\u00fcklerin depolanmas\u0131 ve elle\u00e7lenmesi i\u00e7in modern bir \u00e7\u00f6z\u00fcmd\u00fcr. Konteyner kabul\u00fc, g\u00fcvenli depolama, verimli depolama ve sevkiyat dahil olmak \u00fczere eksiksiz bir hizmet yelpazesi sunuyoruz. Konteyner saham\u0131z, maksimum kargo emniyeti ve g\u00fcvenli\u011fini sa\u011flamak i\u00e7in modern altyap\u0131 ile donat\u0131lm\u0131\u015ft\u0131r. M\u00fc\u015fterilerimiz i\u00e7in verimli lojisti\u011fin \u00f6nemini anl\u0131yor ve konteyner ve y\u00fcklerin elle\u00e7lenmesi i\u00e7in en uygun ko\u015fullar\u0131 sa\u011flamaya \u00e7al\u0131\u015f\u0131yoruz. Altyap\u0131m\u0131z \u015funlar\u0131 i\u00e7erir: 50 ton kald\u0131rma kapasiteli KS-50 portal vin\u00e7 A\u00e7\u0131k konteyner alan\u0131 500 TEU kapasitelidir Profesyonellerden olu\u015fan ekibimiz, konteynerlerin zaman\u0131nda yerle\u015ftirilmesini ve sevkiyat\u0131n\u0131 sa\u011flamak i\u00e7in konteyner ak\u0131\u015f\u0131n\u0131 kontrol ve organize eder. Hizmetlerimizin, m\u00fc\u015fterilerimizin kaliteli ve g\u00fcvenilir lojistik destek g\u00fcvencesiyle ana i\u015flerine odaklanmalar\u0131na yard\u0131mc\u0131 olaca\u011f\u0131ndan eminiz. Konteyner saham\u0131z \u00e7e\u015fitli hacimlerde ve t\u00fcrlerde y\u00fcklerin depolanmas\u0131n\u0131 sa\u011flayabilir. Mevcut alan\u0131 verimli bir \u015fekilde kullanmam\u0131z\u0131 ve depolama maliyetlerini d\u00fc\u015f\u00fcrmemizi sa\u011flayan geli\u015fmi\u015f teknolojiler ve depo alan\u0131 y\u00f6netimi y\u00f6ntemleri kullan\u0131yoruz. Uzman ekibimiz, her m\u00fc\u015fterinin ihtiya\u00e7 ve gereksinimlerini g\u00f6z \u00f6n\u00fcnde bulundurarak tavsiyelerde bulunmaya ve bireysel bir plan geli\u015ftirmeye haz\u0131rd\u0131r. \u0130\u015fbirli\u011fine her zaman a\u00e7\u0131\u011f\u0131z ve konteyner depolama ve elle\u00e7leme i\u00e7in en uygun \u00e7\u00f6z\u00fcmleri sunmaya haz\u0131r\u0131z. Konteyner saham\u0131z ve bo\u015f konteyner depomuz sayesinde m\u00fc\u015fterilerimiz lojistik s\u00fcre\u00e7lerini optimize edebilir ve operasyonlar\u0131ndan [&hellip;]<\/p>\n","protected":false},"author":1,"featured_media":0,"parent":5073,"menu_order":0,"comment_status":"closed","ping_status":"closed","template":"","meta":{"_et_pb_use_builder":"on","_et_pb_old_content":"","_et_gb_content_width":"","footnotes":""},"class_list":["post-5091","page","type-page","status-publish","hentry"],"_links":{"self":[{"href":"https:\/\/terch.com.ua\/tr\/wp-json\/wp\/v2\/pages\/5091","targetHints":{"allow":["GET"]}}],"collection":[{"href":"https:\/\/terch.com.ua\/tr\/wp-json\/wp\/v2\/pages"}],"about":[{"href":"https:\/\/terch.com.ua\/tr\/wp-json\/wp\/v2\/types\/page"}],"author":[{"embeddable":true,"href":"https:\/\/terch.com.ua\/tr\/wp-json\/wp\/v2\/users\/1"}],"replies":[{"embeddable":true,"href":"https:\/\/terch.com.ua\/tr\/wp-json\/wp\/v2\/comments?post=5091"}],"version-history":[{"count":2,"href":"https:\/\/terch.com.ua\/tr\/wp-json\/wp\/v2\/pages\/5091\/revisions"}],"predecessor-version":[{"id":5093,"href":"https:\/\/terch.com.ua\/tr\/wp-json\/wp\/v2\/pages\/5091\/revisions\/5093"}],"up":[{"embeddable":true,"href":"https:\/\/terch.com.ua\/tr\/wp-json\/wp\/v2\/pages\/5073"}],"wp:attachment":[{"href":"https:\/\/terch.com.ua\/tr\/wp-json\/wp\/v2\/media?parent=5091"}],"curies":[{"name":"wp","href":"https:\/\/api.w.org\/{rel}","templated":true}]}}