{"id":5088,"date":"2023-09-06T10:03:39","date_gmt":"2023-09-06T07:03:39","guid":{"rendered":"https:\/\/terch.com.ua\/hizmetlerimiz\/nakliye-hizmetleri\/"},"modified":"2024-03-23T00:19:01","modified_gmt":"2024-03-22T22:19:01","slug":"nakliye-hizmetleri","status":"publish","type":"page","link":"https:\/\/terch.com.ua\/tr\/hizmetlerimiz\/nakliye-hizmetleri\/","title":{"rendered":"Nakliye Hizmetleri"},"content":{"rendered":"<p>[et_pb_section fb_built=&#8221;1&#8243; custom_padding_last_edited=&#8221;on|phone&#8221; admin_label=&#8221;Hero Section&#8221; _builder_version=&#8221;4.22.1&#8243; _module_preset=&#8221;default&#8221; background_enable_color=&#8221;off&#8221; background_image=&#8221;https:\/\/terch.com.ua\/wp-content\/uploads\/2023\/08\/bg-20.jpg&#8221; custom_margin=&#8221;||||false|false&#8221; custom_padding=&#8221;100px||100px||false|false&#8221; custom_padding_tablet=&#8221;100px||100px||false|false&#8221; custom_padding_phone=&#8221;0px||0px||true|false&#8221; locked=&#8221;off&#8221; collapsed=&#8221;off&#8221; global_colors_info=&#8221;{}&#8221;][et_pb_row _builder_version=&#8221;4.19.4&#8243; _module_preset=&#8221;default&#8221; global_colors_info=&#8221;{}&#8221;][et_pb_column type=&#8221;4_4&#8243; _builder_version=&#8221;4.19.4&#8243; _module_preset=&#8221;default&#8221; global_colors_info=&#8221;{}&#8221;][et_pb_text _builder_version=&#8221;4.22.1&#8243; _dynamic_attributes=&#8221;content&#8221; _module_preset=&#8221;default&#8221; text_font=&#8221;|||on|||||&#8221; text_text_color=&#8221;#ffffff&#8221; text_font_size=&#8221;40px&#8221; text_line_height=&#8221;68px&#8221; text_orientation=&#8221;center&#8221; custom_margin=&#8221;||0px||false|false&#8221; hover_enabled=&#8221;0&#8243; text_font_size_tablet=&#8221;30px&#8221; text_font_size_phone=&#8221;30px&#8221; text_font_size_last_edited=&#8221;on|desktop&#8221; global_colors_info=&#8221;{}&#8221; animation_style=&#8221;slide&#8221; animation_direction=&#8221;top&#8221; animation_duration=&#8221;300ms&#8221; sticky_enabled=&#8221;0&#8243;]@ET-DC@eyJkeW5hbWljIjp0cnVlLCJjb250ZW50IjoicG9zdF90aXRsZSIsInNldHRpbmdzIjp7ImJlZm9yZSI6IiIsImFmdGVyIjoiIiwiZW5hYmxlX2h0bWwiOiJvZmYifX0=@[\/et_pb_text][difl_breadcrumbs use_separator_icon=&#8221;on&#8221; separator_font_icon=&#8221;&#x35;||divi||400&#8243; separator_icon_color=&#8221;#FFFFFF&#8221; home_text=&#8221;Ana Sayfa&#8221; alignment=&#8221;center&#8221; show_on_front_page=&#8221;off&#8221; show_title=&#8221;off&#8221; enable_schema=&#8221;on&#8221; _builder_version=&#8221;4.22.1&#8243; _module_preset=&#8221;default&#8221; pages_font_font=&#8221;Nunito Sans|600|||||||&#8221; pages_font_text_color=&#8221;#FFFFFF&#8221; pages_font_line_height=&#8221;22px&#8221; home_font_font=&#8221;|700|||||||&#8221; home_font_line_height=&#8221;22px&#8221; hover_enabled=&#8221;0&#8243; global_colors_info=&#8221;{}&#8221; animation_style=&#8221;slide&#8221; animation_direction=&#8221;bottom&#8221; sticky_enabled=&#8221;0&#8243;][\/difl_breadcrumbs][\/et_pb_column][\/et_pb_row][\/et_pb_section][et_pb_section fb_built=&#8221;1&#8243; custom_padding_last_edited=&#8221;on|phone&#8221; admin_label=&#8221;Body Section&#8221; _builder_version=&#8221;4.22.1&#8243; _module_preset=&#8221;default&#8221; background_color=&#8221;#fafbff&#8221; custom_margin=&#8221;||||false|false&#8221; custom_margin_tablet=&#8221;||||false|false&#8221; custom_margin_phone=&#8221;||0px||false|false&#8221; custom_margin_last_edited=&#8221;on|phone&#8221; custom_padding=&#8221;||||false|false&#8221; custom_padding_tablet=&#8221;||||false|false&#8221; custom_padding_phone=&#8221;||0px||false|false&#8221; locked=&#8221;off&#8221; collapsed=&#8221;off&#8221; global_colors_info=&#8221;{}&#8221;][et_pb_row column_structure=&#8221;3_5,2_5&#8243; disabled_on=&#8221;off|off|off&#8221; _builder_version=&#8221;4.22.1&#8243; _module_preset=&#8221;default&#8221; background_enable_image=&#8221;off&#8221; global_colors_info=&#8221;{}&#8221;][et_pb_column type=&#8221;3_5&#8243; _builder_version=&#8221;4.19.4&#8243; _module_preset=&#8221;default&#8221; custom_padding=&#8221;||||false|false&#8221; global_colors_info=&#8221;{}&#8221;][et_pb_blurb content_max_width=&#8221;100%&#8221; disabled_on=&#8221;off|off|off&#8221; _builder_version=&#8221;4.22.1&#8243; _module_preset=&#8221;default&#8221; header_font=&#8221;Nunito Sans|700|||||||&#8221; header_text_color=&#8221;#222222&#8243; header_font_size=&#8221;24px&#8221; header_line_height=&#8221;29px&#8221; body_font=&#8221;|300|||||||&#8221; body_line_height=&#8221;24px&#8221; global_colors_info=&#8221;{}&#8221;]<\/p>\n<p>Nakliye hizmetlerimiz, mallar\u0131n Avrupa&#8217;daki limanlara veya son kullan\u0131c\u0131lara g\u00fcvenilir ve verimli bir \u015fekilde teslim edilmesini ve e\u015flik edilmesini garanti eder. Nakliye h\u0131z\u0131n\u0131n ve sorunsuzlu\u011funun m\u00fc\u015fterilerimiz i\u00e7in ne kadar \u00f6nemli oldu\u011funu biliyoruz, bu nedenle m\u00fcmk\u00fcn olan en uygun nakliye rotalar\u0131n\u0131 sa\u011fl\u0131yoruz.<\/p>\n<p>Endonezya ve \u00c7in dahil olmak \u00fczere Avrupa, Afrika ve Asya&#8217;daki \u015fubelerimiz, yerel ortaklarla etkile\u015fim kurmam\u0131za ve mallar\u0131n verimli ve g\u00fcvenilir bir \u015fekilde ta\u015f\u0131nmas\u0131n\u0131 sa\u011flamam\u0131za yard\u0131mc\u0131 olmaktad\u0131r. Ta\u015f\u0131man\u0131n ba\u015f\u0131ndan sonuna kadar m\u00fc\u015fterilerimizle birlikte \u00e7al\u0131\u015f\u0131yor, her a\u015famada profesyonel destek ve tavsiye sa\u011fl\u0131yoruz.<\/p>\n<p>Ayr\u0131ca, ihracat belgeleri ve transit ge\u00e7i\u015f konusunda da tam destek sa\u011fl\u0131yoruz. Uzmanlar\u0131m\u0131z, m\u00fc\u015fterilerin uluslararas\u0131 ticaret i\u00e7in gerekli t\u00fcm formaliteleri y\u00f6netmelerine yard\u0131mc\u0131 olarak s\u0131n\u0131rlar ve g\u00fcmr\u00fckler aras\u0131nda h\u0131zl\u0131 ve sorunsuz bir ge\u00e7i\u015f sa\u011flar.<\/p>\n<p>Her sekt\u00f6r\u00fcn kendine \u00f6zg\u00fc ihtiya\u00e7lar\u0131 oldu\u011funu biliyoruz, bu nedenle nakliye komisyoncular\u0131m\u0131z her projeye ayr\u0131 ayr\u0131 yakla\u015f\u0131yor. Kargonun \u00f6zelliklerini ve m\u00fc\u015fterinin gereksinimlerini dikkate alan ki\u015fiselle\u015ftirilmi\u015f \u00e7\u00f6z\u00fcmler sunuyoruz.<\/p>\n<p>Amac\u0131m\u0131z, lojistik s\u00fcrecini m\u00fc\u015fterilerimiz i\u00e7in m\u00fcmk\u00fcn oldu\u011funca rahat ve g\u00fcvenli hale getirmektir. Y\u00fcksek kaliteli hizmet sunmak ve ortaklar\u0131m\u0131z\u0131n uluslararas\u0131 ta\u015f\u0131mac\u0131l\u0131k alan\u0131ndaki t\u00fcm ihtiya\u00e7lar\u0131n\u0131 kar\u015f\u0131lamak i\u00e7in \u00e7al\u0131\u015f\u0131yoruz. Uzmanl\u0131\u011f\u0131m\u0131z ve deneyimimiz sayesinde m\u00fc\u015fterilerimiz g\u00f6nderilerinin zaman\u0131nda ve g\u00fcvenli bir \u015fekilde teslim edilece\u011finden emin olabilirler.<\/p>\n<p>[\/et_pb_blurb][difl_advanced_blurb title=&#8221;Herhangi bir sorunuz var m\u0131?&#8221; sub_title=&#8221; Talep formunu doldurun ve bize g\u00f6nderin, m\u00fcmk\u00fcn olan en k\u0131sa s\u00fcrede yan\u0131t verece\u011fiz.&#8221; button_text=&#8221;Bir istek g\u00f6nderin&#8221; button_url=&#8221;#&#8221; blurb_icon=&#8221;&#x74;||divi||400&#8243; image_icon_container_position=&#8221;outside&#8221; image_placement=&#8221;flex_left&#8221; image_icon_item_align=&#8221;center&#8221; _builder_version=&#8221;4.22.1&#8243; _module_preset=&#8221;27a26ff8-77c3-4c32-8a97-1330a17f096e&#8221; custom_margin_tablet=&#8221;&#8221; custom_margin_phone=&#8221;||||false|false&#8221; custom_margin_last_edited=&#8221;on|desktop&#8221; locked=&#8221;off&#8221; global_colors_info=&#8221;{}&#8221;][\/difl_advanced_blurb][\/et_pb_column][et_pb_column type=&#8221;2_5&#8243; disabled_on=&#8221;on|on|off&#8221; _builder_version=&#8221;4.22.1&#8243; _module_preset=&#8221;default&#8221; background_image=&#8221;https:\/\/terch.com.ua\/wp-content\/uploads\/070923-05.jpg&#8221; custom_padding=&#8221;400px||400px||true|false&#8221; animation_style=&#8221;fold&#8221; global_colors_info=&#8221;{}&#8221;][\/et_pb_column][\/et_pb_row][\/et_pb_section]<\/p>\n","protected":false},"excerpt":{"rendered":"<p><div class=\"et_pb_module difl_breadcrumbs difl_breadcrumbs_0 et_animated\">\n\t\t\t\t\n\t\t\t\t\n\t\t\t\t\n\t\t\t\t\n\t\t\t\t\n\t\t\t\t\n\t\t\t\t<div class=\"et_pb_module_inner\">\n\t\t\t\t\t<div class=\"df_breadcrumbs_container\">\r\n                             <script type=\"application\/ld+json\">{\"@context\":\"https:\\\/\\\/schema.org\\\/\",\"@type\":\"BreadcrumbList\",\"itemListElement\":[{\"@type\":\"ListItem\",\"position\":1,\"name\":\"Ana Sayfa\",\"item\":\"https:\\\/\\\/terch.com.ua\\\/tr\\\/\"}]}<\/script>\r\n                            <div class=\"df_breadcrumbs_wrapper\">\r\n                                <ul class=\"df-breadcrumbs\"><li class=\"df-breadcrumbs-item df-breadcrumbs-start\"><a href=\"https:\/\/terch.com.ua\/tr\/\"  rel=\"home\"><span class=\"df-breadcrumbs-text\">  Ana Sayfa <\/span><\/a><\/li><\/ul>\r\n                            <\/div>\r\n\r\n                        <\/div>\n\t\t\t\t<\/div>\n\t\t\t<\/div>Nakliye hizmetlerimiz, mallar\u0131n Avrupa&#8217;daki limanlara veya son kullan\u0131c\u0131lara g\u00fcvenilir ve verimli bir \u015fekilde teslim edilmesini ve e\u015flik edilmesini garanti eder. Nakliye h\u0131z\u0131n\u0131n ve sorunsuzlu\u011funun m\u00fc\u015fterilerimiz i\u00e7in ne kadar \u00f6nemli oldu\u011funu biliyoruz, bu nedenle m\u00fcmk\u00fcn olan en uygun nakliye rotalar\u0131n\u0131 sa\u011fl\u0131yoruz. Endonezya ve \u00c7in dahil olmak \u00fczere Avrupa, Afrika ve Asya&#8217;daki \u015fubelerimiz, yerel ortaklarla etkile\u015fim kurmam\u0131za ve mallar\u0131n verimli ve g\u00fcvenilir bir \u015fekilde ta\u015f\u0131nmas\u0131n\u0131 sa\u011flamam\u0131za yard\u0131mc\u0131 olmaktad\u0131r. Ta\u015f\u0131man\u0131n ba\u015f\u0131ndan sonuna kadar m\u00fc\u015fterilerimizle birlikte \u00e7al\u0131\u015f\u0131yor, her a\u015famada profesyonel destek ve tavsiye sa\u011fl\u0131yoruz. Ayr\u0131ca, ihracat belgeleri ve transit ge\u00e7i\u015f konusunda da tam destek sa\u011fl\u0131yoruz. Uzmanlar\u0131m\u0131z, m\u00fc\u015fterilerin uluslararas\u0131 ticaret i\u00e7in gerekli t\u00fcm formaliteleri y\u00f6netmelerine yard\u0131mc\u0131 olarak s\u0131n\u0131rlar ve g\u00fcmr\u00fckler aras\u0131nda h\u0131zl\u0131 ve sorunsuz bir ge\u00e7i\u015f sa\u011flar. Her sekt\u00f6r\u00fcn kendine \u00f6zg\u00fc ihtiya\u00e7lar\u0131 oldu\u011funu biliyoruz, bu nedenle nakliye komisyoncular\u0131m\u0131z her projeye ayr\u0131 ayr\u0131 yakla\u015f\u0131yor. Kargonun \u00f6zelliklerini ve m\u00fc\u015fterinin gereksinimlerini dikkate alan ki\u015fiselle\u015ftirilmi\u015f \u00e7\u00f6z\u00fcmler sunuyoruz. Amac\u0131m\u0131z, lojistik s\u00fcrecini m\u00fc\u015fterilerimiz i\u00e7in m\u00fcmk\u00fcn oldu\u011funca rahat ve g\u00fcvenli hale getirmektir. Y\u00fcksek kaliteli hizmet sunmak ve ortaklar\u0131m\u0131z\u0131n uluslararas\u0131 ta\u015f\u0131mac\u0131l\u0131k alan\u0131ndaki t\u00fcm ihtiya\u00e7lar\u0131n\u0131 kar\u015f\u0131lamak i\u00e7in \u00e7al\u0131\u015f\u0131yoruz. Uzmanl\u0131\u011f\u0131m\u0131z ve deneyimimiz sayesinde m\u00fc\u015fterilerimiz g\u00f6nderilerinin zaman\u0131nda ve g\u00fcvenli bir \u015fekilde teslim edilece\u011finden emin [&hellip;]<\/p>\n","protected":false},"author":1,"featured_media":0,"parent":5073,"menu_order":0,"comment_status":"closed","ping_status":"closed","template":"","meta":{"_et_pb_use_builder":"on","_et_pb_old_content":"","_et_gb_content_width":"","footnotes":""},"class_list":["post-5088","page","type-page","status-publish","hentry"],"_links":{"self":[{"href":"https:\/\/terch.com.ua\/tr\/wp-json\/wp\/v2\/pages\/5088","targetHints":{"allow":["GET"]}}],"collection":[{"href":"https:\/\/terch.com.ua\/tr\/wp-json\/wp\/v2\/pages"}],"about":[{"href":"https:\/\/terch.com.ua\/tr\/wp-json\/wp\/v2\/types\/page"}],"author":[{"embeddable":true,"href":"https:\/\/terch.com.ua\/tr\/wp-json\/wp\/v2\/users\/1"}],"replies":[{"embeddable":true,"href":"https:\/\/terch.com.ua\/tr\/wp-json\/wp\/v2\/comments?post=5088"}],"version-history":[{"count":2,"href":"https:\/\/terch.com.ua\/tr\/wp-json\/wp\/v2\/pages\/5088\/revisions"}],"predecessor-version":[{"id":5090,"href":"https:\/\/terch.com.ua\/tr\/wp-json\/wp\/v2\/pages\/5088\/revisions\/5090"}],"up":[{"embeddable":true,"href":"https:\/\/terch.com.ua\/tr\/wp-json\/wp\/v2\/pages\/5073"}],"wp:attachment":[{"href":"https:\/\/terch.com.ua\/tr\/wp-json\/wp\/v2\/media?parent=5088"}],"curies":[{"name":"wp","href":"https:\/\/api.w.org\/{rel}","templated":true}]}}