{"id":5080,"date":"2023-08-04T21:36:26","date_gmt":"2023-08-04T18:36:26","guid":{"rendered":"https:\/\/terch.com.ua\/iletisim\/"},"modified":"2024-03-23T00:14:29","modified_gmt":"2024-03-22T22:14:29","slug":"iletisim","status":"publish","type":"page","link":"https:\/\/terch.com.ua\/tr\/iletisim\/","title":{"rendered":"\u0130leti\u015fim"},"content":{"rendered":"<p>[et_pb_section fb_built=&#8221;1&#8243; custom_padding_last_edited=&#8221;on|phone&#8221; admin_label=&#8221;Hero Section&#8221; _builder_version=&#8221;4.22.1&#8243; _module_preset=&#8221;default&#8221; background_enable_color=&#8221;off&#8221; background_image=&#8221;https:\/\/terch.com.ua\/wp-content\/uploads\/2022\/12\/bg-20.jpg&#8221; custom_margin=&#8221;||||false|false&#8221; custom_padding=&#8221;100px||100px||false|false&#8221; custom_padding_tablet=&#8221;80px||80px||true|false&#8221; custom_padding_phone=&#8221;65px||65px||true|false&#8221; locked=&#8221;off&#8221; collapsed=&#8221;off&#8221; global_colors_info=&#8221;{}&#8221;][et_pb_row _builder_version=&#8221;4.19.4&#8243; _module_preset=&#8221;default&#8221; global_colors_info=&#8221;{}&#8221;][et_pb_column type=&#8221;4_4&#8243; _builder_version=&#8221;4.19.4&#8243; _module_preset=&#8221;default&#8221; global_colors_info=&#8221;{}&#8221;][et_pb_text _builder_version=&#8221;4.22.1&#8243; _dynamic_attributes=&#8221;content&#8221; _module_preset=&#8221;default&#8221; text_font=&#8221;|||on|||||&#8221; text_text_color=&#8221;#ffffff&#8221; text_font_size=&#8221;40px&#8221; text_line_height=&#8221;68px&#8221; text_orientation=&#8221;center&#8221; custom_margin=&#8221;||0px||false|false&#8221; animation_style=&#8221;slide&#8221; animation_direction=&#8221;top&#8221; animation_duration=&#8221;300ms&#8221; text_font_size_tablet=&#8221;30px&#8221; text_font_size_phone=&#8221;30px&#8221; text_font_size_last_edited=&#8221;on|desktop&#8221; text_line_height_tablet=&#8221;&#8221; text_line_height_phone=&#8221;52px&#8221; text_line_height_last_edited=&#8221;on|desktop&#8221; global_colors_info=&#8221;{}&#8221;]@ET-DC@eyJkeW5hbWljIjp0cnVlLCJjb250ZW50IjoicG9zdF90aXRsZSIsInNldHRpbmdzIjp7ImJlZm9yZSI6IiIsImFmdGVyIjoiIiwiZW5hYmxlX2h0bWwiOiJvZmYifX0=@[\/et_pb_text][difl_breadcrumbs use_separator_icon=&#8221;on&#8221; separator_font_icon=&#8221;&#x35;||divi||400&#8243; separator_icon_color=&#8221;#FFFFFF&#8221; home_text=&#8221;Ana Sayfa&#8221; alignment=&#8221;center&#8221; enable_schema=&#8221;on&#8221; _builder_version=&#8221;4.22.1&#8243; _module_preset=&#8221;default&#8221; pages_font_font=&#8221;||||||||&#8221; pages_font_text_color=&#8221;#FFFFFF&#8221; pages_font_line_height=&#8221;22px&#8221; home_font_font=&#8221;||||||||&#8221; home_font_line_height=&#8221;24px&#8221; animation_style=&#8221;slide&#8221; animation_direction=&#8221;bottom&#8221; animation_duration=&#8221;300ms&#8221; locked=&#8221;off&#8221; global_colors_info=&#8221;{}&#8221;][\/difl_breadcrumbs][\/et_pb_column][\/et_pb_row][\/et_pb_section][et_pb_section fb_built=&#8221;1&#8243; _builder_version=&#8221;4.19.4&#8243; _module_preset=&#8221;default&#8221; custom_padding=&#8221;||0px||false|false&#8221; locked=&#8221;off&#8221; collapsed=&#8221;off&#8221; global_colors_info=&#8221;{}&#8221;][et_pb_row column_structure=&#8221;1_3,2_3&#8243; use_custom_gutter=&#8221;on&#8221; gutter_width=&#8221;1&#8243; make_equal=&#8221;on&#8221; custom_padding_last_edited=&#8221;on|phone&#8221; _builder_version=&#8221;4.22.1&#8243; _module_preset=&#8221;default&#8221; background_color=&#8221;#FFFFFF&#8221; z_index=&#8221;12&#8243; width_tablet=&#8221;&#8221; width_phone=&#8221;90%&#8221; width_last_edited=&#8221;on|phone&#8221; custom_margin=&#8221;||-180px||false|false&#8221; custom_padding=&#8221;50px|50px|50px|50px|true|true&#8221; custom_padding_tablet=&#8221;50px|50px|50px|50px|true|true&#8221; custom_padding_phone=&#8221;30px|20px|30px|20px|true|true&#8221; border_radii=&#8221;on|8px|8px|8px|8px&#8221; box_shadow_style=&#8221;preset1&#8243; box_shadow_vertical=&#8221;5px&#8221; box_shadow_blur=&#8221;30px&#8221; box_shadow_color=&#8221;rgba(0,0,0,0.08)&#8221; locked=&#8221;off&#8221; global_colors_info=&#8221;{}&#8221;][et_pb_column type=&#8221;1_3&#8243; _builder_version=&#8221;4.22.1&#8243; _module_preset=&#8221;default&#8221; background_color=&#8221;#0057B8&#8243; custom_padding=&#8221;40px|40px|40px|40px|true|false&#8221; custom_padding_tablet=&#8221;40px|40px|40px|40px|true|false&#8221; custom_padding_phone=&#8221;20px|20px|20px|20px|true|true&#8221; custom_padding_last_edited=&#8221;on|phone&#8221; custom_css_before=&#8221;content: &#8221;;||position: absolute;||right:0;||top:0;|| width: 0;||height: 0;||border-top: 60px solid white;||border-left: 60px solid transparent;&#8221; border_radii=&#8221;off|8px||8px|8px&#8221; global_colors_info=&#8221;{}&#8221; background__hover_enabled=&#8221;off|desktop&#8221; background_enable_color__hover=&#8221;off&#8221;][difl_advanced_blurb title=&#8221;Profesyonellerle \u00e7al\u0131\u015fman\u0131n avantajlar\u0131n\u0131 deneyimleyin&#8221; title_margin=&#8221;||5px||false|false&#8221; _builder_version=&#8221;4.22.1&#8243; _module_preset=&#8221;default&#8221; title_font=&#8221;Nunito Sans|700|||||||&#8221; title_text_color=&#8221;#ffffff&#8221; title_font_size=&#8221;22px&#8221; title_line_height=&#8221;27px&#8221; content_body_font=&#8221;Nunito Sans||||||||&#8221; content_body_text_color=&#8221;rgba(255,255,255,0.8)&#8221; content_body_font_size=&#8221;16px&#8221; content_body_line_height=&#8221;24px&#8221; custom_margin=&#8221;|20px|||false|false&#8221; title_font_size_tablet=&#8221;22px&#8221; title_font_size_phone=&#8221;18px&#8221; title_font_size_last_edited=&#8221;on|phone&#8221; title_line_height_tablet=&#8221;27px&#8221; title_line_height_phone=&#8221;26px&#8221; title_line_height_last_edited=&#8221;on|phone&#8221; content_body_font_size_tablet=&#8221;16px&#8221; content_body_font_size_phone=&#8221;14px&#8221; content_body_font_size_last_edited=&#8221;on|phone&#8221; content_body_line_height_tablet=&#8221;24px&#8221; content_body_line_height_phone=&#8221;24px&#8221; content_body_line_height_last_edited=&#8221;on|phone&#8221; global_colors_info=&#8221;{}&#8221;]<\/p>\n<p>Y\u00fcksek teknoloji \u00e7\u00f6z\u00fcmlerimiz ve y\u00f6netim uzmanl\u0131\u011f\u0131m\u0131z sayesinde, her sipari\u015fe bireysel ve optimum bir yakla\u015f\u0131m sa\u011fl\u0131yoruz.<\/p>\n<p>[\/difl_advanced_blurb][difl_iconlist list_item_icon_color=&#8221;#FFFFFF&#8221; list_item_icon_size=&#8221;14px&#8221; list_item_icon_vertical_placement=&#8221;center&#8221; list_item_title_padding=&#8221;0px|0px|0px|0px|true|true&#8221; list_item_wrapper_padding=&#8221;2px|0px|2px|0px|false|false&#8221; _builder_version=&#8221;4.22.2&#8243; _module_preset=&#8221;default&#8221; child_title_text_text_color=&#8221;#FFFFFF&#8221; child_title_text_font_size=&#8221;16px&#8221; child_title_text_line_height=&#8221;22px&#8221; custom_margin=&#8221;50px||50px||true|false&#8221; child_title_text_font_size_tablet=&#8221;16px&#8221; child_title_text_font_size_phone=&#8221;14px&#8221; child_title_text_font_size_last_edited=&#8221;on|phone&#8221; global_colors_info=&#8221;{}&#8221;][difl_iconlistitem list_item_title=&#8221;+38 098 332 5275&#8243; list_item_title_tag=&#8221;p&#8221; list_item_icon=&#8221;&#xe090;||divi||400&#8243; list_item_title_url=&#8221;tel:+380983325275&#8243; _builder_version=&#8221;4.22.2&#8243; global_colors_info=&#8221;{}&#8221;][\/difl_iconlistitem][difl_iconlistitem list_item_title=&#8221;LLC %22Terminal Chornotysiv%22 (USREOU kodu 44712382) &#8221; list_item_title_tag=&#8221;p&#8221; list_item_icon=&#8221;&#xe081;||divi||400&#8243; _builder_version=&#8221;4.22.1&#8243; global_colors_info=&#8221;{}&#8221;][\/difl_iconlistitem][difl_iconlistitem list_item_title=&#8221;90363, Zakarpattia Oblast, Berehove district, Chornotysiv village, Shevchenko street, No: 23\/b&#8221; list_item_title_tag=&#8221;p&#8221; list_item_icon=&#8221;&#xe081;||divi||400&#8243; _builder_version=&#8221;4.22.1&#8243; global_colors_info=&#8221;{}&#8221;][\/difl_iconlistitem][difl_iconlistitem list_item_title=&#8221;office@terch.com.ua&#8221; list_item_title_tag=&#8221;p&#8221; list_item_icon=&#8221;&#xf0e0;||fa||900&#8243; list_item_title_url=&#8221;mailto:office@terch.com.ua&#8221; _builder_version=&#8221;4.22.2&#8243; global_colors_info=&#8221;{}&#8221;][\/difl_iconlistitem][\/difl_iconlist][\/et_pb_column][et_pb_column type=&#8221;2_3&#8243; _builder_version=&#8221;4.19.4&#8243; _module_preset=&#8221;default&#8221; custom_padding=&#8221;|||100px|false|false&#8221; custom_padding_tablet=&#8221;|||0px|false|false&#8221; custom_padding_phone=&#8221;|||0px|false|false&#8221; custom_padding_last_edited=&#8221;on|phone&#8221; border_radii=&#8221;on|8px|8px|8px|8px&#8221; global_colors_info=&#8221;{}&#8221; background__hover_enabled=&#8221;off|desktop&#8221;][difl_advanced_blurb title=&#8221;Herhangi bir sorunuz var m\u0131?&#8221; content_area_alignment=&#8221;center&#8221; order_enable=&#8221;on&#8221; sub_title_order=&#8221;6&#8243; content_width=&#8221;100%&#8221; title_margin=&#8221;||||false|false&#8221; content_margin=&#8221;10px||||false|false&#8221; admin_label=&#8221;Advanced Blurb&#8221; _builder_version=&#8221;4.22.1&#8243; _module_preset=&#8221;default&#8221; title_font=&#8221;|700|||||||&#8221; title_text_align=&#8221;left&#8221; title_text_color=&#8221;#000000&#8243; title_line_height=&#8221;29px&#8221; sub_title_font=&#8221;|600|||||||&#8221; sub_title_text_color=&#8221;#e11d07&#8243; content_body_font=&#8221;|300|||||||&#8221; content_body_text_align=&#8221;left&#8221; content_body_text_color=&#8221;#353535&#8243; content_body_font_size=&#8221;16px&#8221; content_body_line_height=&#8221;24px&#8221; max_width=&#8221;640px&#8221; module_alignment=&#8221;left&#8221; custom_margin=&#8221;0px||40px||false|false&#8221; custom_padding=&#8221;||||false|false&#8221; custom_padding_tablet=&#8221;||||false|false&#8221; custom_padding_phone=&#8221;40px||||false|false&#8221; custom_padding_last_edited=&#8221;on|phone&#8221; locked=&#8221;off&#8221; global_colors_info=&#8221;{}&#8221;]<\/p>\n<p>L\u00fctfen bir talep formu doldurun ve en k\u0131sa s\u00fcrede size geri d\u00f6nece\u011fiz.<\/p>\n<p>[\/difl_advanced_blurb][et_pb_contact_form captcha=&#8221;off&#8221; email=&#8221;office@terch.com.ua&#8221; custom_message=&#8221;\u0424\u043e\u0440\u043c\u0430 \u0437\u0432\u043e\u0440\u043e\u0442\u043d\u044c\u043e\u0433\u043e \u0437\u0432&#039;\u044f\u0437\u043a\u0443:||et_pb_line_break_holder||||et_pb_line_break_holder||\u0406\u043c&#039;\u044f: %%Name%%||et_pb_line_break_holder||\u0422\u0435\u043b\u0435\u0444\u043e\u043d: %%phone%%||et_pb_line_break_holder||Email: %%Email%%||et_pb_line_break_holder||||et_pb_line_break_holder||\u041d\u0430\u043f\u0440\u044f\u043c\u043e\u043a: %%Service%%||et_pb_line_break_holder||\u041f\u043e\u0432\u0456\u0434\u043e\u043c\u043b\u0435\u043d\u043d\u044f:||et_pb_line_break_holder||%%Message%%&#8221; success_message=&#8221;Talebiniz g\u00f6nderildi!&#8221; submit_button_text=&#8221;Bir istek g\u00f6nderin&#8221; _builder_version=&#8221;4.22.2&#8243; _module_preset=&#8221;default&#8221; _unique_id=&#8221;a32b67fb-1a20-4006-a1ec-acd42e4207bf&#8221; form_field_background_color=&#8221;#FFFFFF&#8221; form_field_text_color=&#8221;#a7a8b4&#8243; form_field_focus_background_color=&#8221;rgba(167,168,180,0.1)&#8221; form_field_focus_text_color=&#8221;#000000&#8243; form_field_custom_padding=&#8221;16px|24px|16px|24px|true|true&#8221; form_field_font=&#8221;|300|||||||&#8221; form_field_line_height=&#8221;22px&#8221; custom_button=&#8221;on&#8221; button_text_size=&#8221;16px&#8221; button_text_color=&#8221;#FFFFFF&#8221; button_bg_color=&#8221;#0057B8&#8243; button_border_width=&#8221;0px&#8221; button_border_radius=&#8221;4px&#8221; button_font=&#8221;|700|||||||&#8221; button_use_icon=&#8221;off&#8221; button_custom_margin=&#8221;30px||||false|false&#8221; button_custom_margin_tablet=&#8221;30px||||false|false&#8221; button_custom_margin_phone=&#8221;|50px|||false|false&#8221; button_custom_margin_last_edited=&#8221;on|tablet&#8221; button_custom_padding=&#8221;12px|40px|12px|40px|true|true&#8221; hover_enabled=&#8221;0&#8243; border_radii=&#8221;on|2px|2px|2px|2px&#8221; border_width_all=&#8221;2px&#8221; border_color_all=&#8221;#eaeaea&#8221; global_colors_info=&#8221;{}&#8221; button_bg_color__hover_enabled=&#8221;on|hover&#8221; button_bg_color__hover=&#8221;#7FABDC&#8221; button_bg_enable_color__hover=&#8221;on&#8221; sticky_enabled=&#8221;0&#8243;][et_pb_contact_field field_id=&#8221;Name&#8221; field_title=&#8221;Ad&#8221; _builder_version=&#8221;4.22.1&#8243; global_colors_info=&#8221;{}&#8221; button_text_size__hover_enabled=&#8221;off&#8221; button_one_text_size__hover_enabled=&#8221;off&#8221; button_two_text_size__hover_enabled=&#8221;off&#8221; button_text_color__hover_enabled=&#8221;off&#8221; button_one_text_color__hover_enabled=&#8221;off&#8221; button_two_text_color__hover_enabled=&#8221;off&#8221; button_border_width__hover_enabled=&#8221;off&#8221; button_one_border_width__hover_enabled=&#8221;off&#8221; button_two_border_width__hover_enabled=&#8221;off&#8221; button_border_color__hover_enabled=&#8221;off&#8221; button_one_border_color__hover_enabled=&#8221;off&#8221; button_two_border_color__hover_enabled=&#8221;off&#8221; button_border_radius__hover_enabled=&#8221;off&#8221; button_one_border_radius__hover_enabled=&#8221;off&#8221; button_two_border_radius__hover_enabled=&#8221;off&#8221; button_letter_spacing__hover_enabled=&#8221;off&#8221; button_one_letter_spacing__hover_enabled=&#8221;off&#8221; button_two_letter_spacing__hover_enabled=&#8221;off&#8221; button_bg_color__hover_enabled=&#8221;off&#8221; button_one_bg_color__hover_enabled=&#8221;off&#8221; button_two_bg_color__hover_enabled=&#8221;off&#8221;][\/et_pb_contact_field][et_pb_contact_field field_id=&#8221;Email&#8221; field_title=&#8221;E-posta&#8221; field_type=&#8221;email&#8221; _builder_version=&#8221;4.22.1&#8243; global_colors_info=&#8221;{}&#8221; button_text_size__hover_enabled=&#8221;off&#8221; button_one_text_size__hover_enabled=&#8221;off&#8221; button_two_text_size__hover_enabled=&#8221;off&#8221; button_text_color__hover_enabled=&#8221;off&#8221; button_one_text_color__hover_enabled=&#8221;off&#8221; button_two_text_color__hover_enabled=&#8221;off&#8221; button_border_width__hover_enabled=&#8221;off&#8221; button_one_border_width__hover_enabled=&#8221;off&#8221; button_two_border_width__hover_enabled=&#8221;off&#8221; button_border_color__hover_enabled=&#8221;off&#8221; button_one_border_color__hover_enabled=&#8221;off&#8221; button_two_border_color__hover_enabled=&#8221;off&#8221; button_border_radius__hover_enabled=&#8221;off&#8221; button_one_border_radius__hover_enabled=&#8221;off&#8221; button_two_border_radius__hover_enabled=&#8221;off&#8221; button_letter_spacing__hover_enabled=&#8221;off&#8221; button_one_letter_spacing__hover_enabled=&#8221;off&#8221; button_two_letter_spacing__hover_enabled=&#8221;off&#8221; button_bg_color__hover_enabled=&#8221;off&#8221; button_one_bg_color__hover_enabled=&#8221;off&#8221; button_two_bg_color__hover_enabled=&#8221;off&#8221;][\/et_pb_contact_field][et_pb_contact_field field_id=&#8221;phone&#8221; field_title=&#8221;Telefon&#8221; required_mark=&#8221;off&#8221; _builder_version=&#8221;4.22.1&#8243; _module_preset=&#8221;default&#8221; global_colors_info=&#8221;{}&#8221;][\/et_pb_contact_field][et_pb_contact_field field_id=&#8221;Service&#8221; field_title=&#8221;Bir hizmet se\u00e7in&#8221; field_type=&#8221;select&#8221; select_options=&#8221;%91{%22value%22:%22Tah\u0131l Terminali%22,%22checked%22:0,%22dragID%22:-1},{%22value%22:%22Konteyner Terminali%22,%22checked%22:0,%22dragID%22:0},{%22dragID%22:1,%22value%22:%22Ya\u011f Terminali%22,%22checked%22:0}%93&#8243; _builder_version=&#8221;4.22.2&#8243; _module_preset=&#8221;default&#8221; global_colors_info=&#8221;{}&#8221;][\/et_pb_contact_field][et_pb_contact_field field_id=&#8221;Message&#8221; field_title=&#8221;Sizin mesaj\u0131n\u0131z&#8221; field_type=&#8221;text&#8221; fullwidth_field=&#8221;on&#8221; _builder_version=&#8221;4.22.1&#8243; global_colors_info=&#8221;{}&#8221; button_text_size__hover_enabled=&#8221;off&#8221; button_one_text_size__hover_enabled=&#8221;off&#8221; button_two_text_size__hover_enabled=&#8221;off&#8221; button_text_color__hover_enabled=&#8221;off&#8221; button_one_text_color__hover_enabled=&#8221;off&#8221; button_two_text_color__hover_enabled=&#8221;off&#8221; button_border_width__hover_enabled=&#8221;off&#8221; button_one_border_width__hover_enabled=&#8221;off&#8221; button_two_border_width__hover_enabled=&#8221;off&#8221; button_border_color__hover_enabled=&#8221;off&#8221; button_one_border_color__hover_enabled=&#8221;off&#8221; button_two_border_color__hover_enabled=&#8221;off&#8221; button_border_radius__hover_enabled=&#8221;off&#8221; button_one_border_radius__hover_enabled=&#8221;off&#8221; button_two_border_radius__hover_enabled=&#8221;off&#8221; button_letter_spacing__hover_enabled=&#8221;off&#8221; button_one_letter_spacing__hover_enabled=&#8221;off&#8221; button_two_letter_spacing__hover_enabled=&#8221;off&#8221; button_bg_color__hover_enabled=&#8221;off&#8221; button_one_bg_color__hover_enabled=&#8221;off&#8221; button_two_bg_color__hover_enabled=&#8221;off&#8221;][\/et_pb_contact_field][\/et_pb_contact_form][\/et_pb_column][\/et_pb_row][et_pb_row _builder_version=&#8221;4.19.4&#8243; _module_preset=&#8221;default&#8221; width=&#8221;100%&#8221; max_width=&#8221;100%&#8221; custom_padding=&#8221;||0px||false|false&#8221; global_colors_info=&#8221;{}&#8221;][et_pb_column type=&#8221;4_4&#8243; _builder_version=&#8221;4.19.4&#8243; _module_preset=&#8221;default&#8221; global_colors_info=&#8221;{}&#8221;][et_pb_text _builder_version=&#8221;4.22.1&#8243; _module_preset=&#8221;default&#8221; text_line_height=&#8221;0em&#8221; global_colors_info=&#8221;{}&#8221;]<iframe loading=\"lazy\" src=\"https:\/\/www.google.com\/maps\/embed?pb=!1m18!1m12!1m3!1d5332.184832859599!2d23.054305875423015!3d48.06985904040374!2m3!1f0!2f0!3f0!3m2!1i1024!2i768!4f13.1!3m3!1m2!1s0x473823556a2d52a5%3A0xadff5f5405eed2ce!2z0KfQtdGA0L3QvtGC0LjRgdC-0LLQtQ!5e0!3m2!1suk!2sua!4v1694023681057!5m2!1suk!2sua\" width=\"100%\" height=\"566\" allowfullscreen=\"allowfullscreen\"><\/iframe>[\/et_pb_text][\/et_pb_column][\/et_pb_row][\/et_pb_section]<\/p>\n","protected":false},"excerpt":{"rendered":"<p><div class=\"et_pb_module difl_breadcrumbs difl_breadcrumbs_0 et_animated\">\n\t\t\t\t\n\t\t\t\t\n\t\t\t\t\n\t\t\t\t\n\t\t\t\t\n\t\t\t\t\n\t\t\t\t<div class=\"et_pb_module_inner\">\n\t\t\t\t\t<div class=\"df_breadcrumbs_container\">\r\n                             <script type=\"application\/ld+json\">{\"@context\":\"https:\\\/\\\/schema.org\\\/\",\"@type\":\"BreadcrumbList\",\"itemListElement\":[{\"@type\":\"ListItem\",\"position\":1,\"name\":\"Ana Sayfa\",\"item\":\"https:\\\/\\\/terch.com.ua\\\/tr\\\/\"}]}<\/script>\r\n                            <div class=\"df_breadcrumbs_wrapper\">\r\n                                <ul class=\"df-breadcrumbs\"><li class=\"df-breadcrumbs-item df-breadcrumbs-start\"><a href=\"https:\/\/terch.com.ua\/tr\/\"  rel=\"home\"><span class=\"df-breadcrumbs-text\">  Ana Sayfa <\/span><\/a><\/li><\/ul>\r\n                            <\/div>\r\n\r\n                        <\/div>\n\t\t\t\t<\/div>\n\t\t\t<\/div><div class=\"et_pb_module difl_advanced_blurb difl_advanced_blurb_0\">\n\t\t\t\t\n\t\t\t\t\n\t\t\t\t\n\t\t\t\t\n\t\t\t\t\n\t\t\t\t\n\t\t\t\t<div class=\"et_pb_module_inner\">\n\t\t\t\t\t<div class=\"df_ab_blurb_container\"> <div class=\"df_ab_blurb_content_container\"><div class=\"df_ab_blurb_image image placement_image_flex_top\"><\/div> <h3  class=\"df_ab_blurb_title\">Profesyonellerle \u00e7al\u0131\u015fman\u0131n avantajlar\u0131n\u0131 deneyimleyin<\/h3 >  <div class=\"df_ab_blurb_description\">Y\u00fcksek teknoloji \u00e7\u00f6z\u00fcmlerimiz ve y\u00f6netim uzmanl\u0131\u011f\u0131m\u0131z sayesinde, her sipari\u015fe bireysel ve optimum bir yakla\u015f\u0131m sa\u011fl\u0131yoruz.<\/div>  <\/div><\/div>\n\t\t\t\t<\/div>\n\t\t\t<\/div><div class=\"et_pb_module difl_iconlist difl_iconlist_0\">\n\t\t\t\t\n\t\t\t\t\n\t\t\t\t\n\t\t\t\t\n\t\t\t\t\n\t\t\t\t\n\t\t\t\t<div class=\"et_pb_module_inner\">\n\t\t\t\t\t<ul class=\"difl_iconlist_container\" style=\"list-style-type: none;\"><li class=\"et_pb_module difl_iconlistitem difl_iconlistitem_0\">\r\n\t\t\t\t\r\n\t\t\t\t\r\n\t\t\t\t\r\n\t\t\t\t\r\n\t\t\t\t\r\n\t\t\t\t\r\n\t\t\t\t<div class=\"et_pb_module_inner\">\r\n\t\t\t\t\t<span class=\"item-elements et_pb_with_background\">\r\n                    <span class=\"item-elements-group\"><span class=\"difl_icon_item_container\"><span class=\"difl_icon_item_icon_wrapper\"><span class=\"icon-element\"><span class=\"et-pb-icon difl_list_icon\">\ue090<\/span><\/span><\/span> <span class=\"difl_icon_item_content_wrapper\"><p class=\"difl_icon_item_header et_pb_with_background\"><a href=\"tel:+380983325275\">+38 098 332 5275<\/a><\/p><\/span><\/span><\/span>\r\n                    <span class=\"item-tooltip-data\" style=\"display:none\"><\/span>\r\n                <\/span>\r\n\t\t\t\t<\/div>\r\n\t\t\t<\/li><li class=\"et_pb_module difl_iconlistitem difl_iconlistitem_1\">\r\n\t\t\t\t\r\n\t\t\t\t\r\n\t\t\t\t\r\n\t\t\t\t\r\n\t\t\t\t\r\n\t\t\t\t\r\n\t\t\t\t<div class=\"et_pb_module_inner\">\r\n\t\t\t\t\t<span class=\"item-elements et_pb_with_background\">\r\n                    <span class=\"item-elements-group\"><span class=\"difl_icon_item_container\"><span class=\"difl_icon_item_icon_wrapper\"><span class=\"icon-element\"><span class=\"et-pb-icon difl_list_icon\">\ue081<\/span><\/span><\/span> <span class=\"difl_icon_item_content_wrapper\"><p class=\"difl_icon_item_header et_pb_with_background\"><span>LLC &quot;Terminal Chornotysiv&quot; (USREOU kodu 44712382) <\/span><\/p><\/span><\/span><\/span>\r\n                    <span class=\"item-tooltip-data\" style=\"display:none\"><\/span>\r\n                <\/span>\r\n\t\t\t\t<\/div>\r\n\t\t\t<\/li><li class=\"et_pb_module difl_iconlistitem difl_iconlistitem_2\">\r\n\t\t\t\t\r\n\t\t\t\t\r\n\t\t\t\t\r\n\t\t\t\t\r\n\t\t\t\t\r\n\t\t\t\t\r\n\t\t\t\t<div class=\"et_pb_module_inner\">\r\n\t\t\t\t\t<span class=\"item-elements et_pb_with_background\">\r\n                    <span class=\"item-elements-group\"><span class=\"difl_icon_item_container\"><span class=\"difl_icon_item_icon_wrapper\"><span class=\"icon-element\"><span class=\"et-pb-icon difl_list_icon\">\ue081<\/span><\/span><\/span> <span class=\"difl_icon_item_content_wrapper\"><p class=\"difl_icon_item_header et_pb_with_background\"><span>90363, Zakarpattia Oblast, Berehove district, Chornotysiv village, Shevchenko street, No: 23\/b<\/span><\/p><\/span><\/span><\/span>\r\n                    <span class=\"item-tooltip-data\" style=\"display:none\"><\/span>\r\n                <\/span>\r\n\t\t\t\t<\/div>\r\n\t\t\t<\/li><li class=\"et_pb_module difl_iconlistitem difl_iconlistitem_3\">\r\n\t\t\t\t\r\n\t\t\t\t\r\n\t\t\t\t\r\n\t\t\t\t\r\n\t\t\t\t\r\n\t\t\t\t\r\n\t\t\t\t<div class=\"et_pb_module_inner\">\r\n\t\t\t\t\t<span class=\"item-elements et_pb_with_background\">\r\n                    <span class=\"item-elements-group\"><span class=\"difl_icon_item_container\"><span class=\"difl_icon_item_icon_wrapper\"><span class=\"icon-element\"><span class=\"et-pb-icon difl_list_icon\">\uf0e0<\/span><\/span><\/span> <span class=\"difl_icon_item_content_wrapper\"><p class=\"difl_icon_item_header et_pb_with_background\"><a href=\"mailto:office@terch.com.ua\">office@terch.com.ua<\/a><\/p><\/span><\/span><\/span>\r\n                    <span class=\"item-tooltip-data\" style=\"display:none\"><\/span>\r\n                <\/span>\r\n\t\t\t\t<\/div>\r\n\t\t\t<\/li><\/ul>\n\t\t\t\t<\/div>\n\t\t\t<\/div><div class=\"et_pb_module difl_advanced_blurb difl_advanced_blurb_1\">\n\t\t\t\t\n\t\t\t\t\n\t\t\t\t\n\t\t\t\t\n\t\t\t\t\n\t\t\t\t\n\t\t\t\t<div class=\"et_pb_module_inner\">\n\t\t\t\t\t<div class=\"df_ab_blurb_container\"> <div class=\"df_ab_blurb_content_container\"><div class=\"df_ab_blurb_image image placement_image_flex_top\"><\/div> <h3  class=\"df_ab_blurb_title\">Herhangi bir sorunuz var m\u0131?<\/h3 >  <div class=\"df_ab_blurb_description\">L\u00fctfen bir talep formu doldurun ve en k\u0131sa s\u00fcrede size geri d\u00f6nece\u011fiz.<\/div>  <\/div><\/div>\n\t\t\t\t<\/div>\n\t\t\t<\/div><\/p>\n","protected":false},"author":1,"featured_media":0,"parent":0,"menu_order":6,"comment_status":"closed","ping_status":"closed","template":"","meta":{"_et_pb_use_builder":"on","_et_pb_old_content":"","_et_gb_content_width":"","footnotes":""},"class_list":["post-5080","page","type-page","status-publish","hentry"],"_links":{"self":[{"href":"https:\/\/terch.com.ua\/tr\/wp-json\/wp\/v2\/pages\/5080","targetHints":{"allow":["GET"]}}],"collection":[{"href":"https:\/\/terch.com.ua\/tr\/wp-json\/wp\/v2\/pages"}],"about":[{"href":"https:\/\/terch.com.ua\/tr\/wp-json\/wp\/v2\/types\/page"}],"author":[{"embeddable":true,"href":"https:\/\/terch.com.ua\/tr\/wp-json\/wp\/v2\/users\/1"}],"replies":[{"embeddable":true,"href":"https:\/\/terch.com.ua\/tr\/wp-json\/wp\/v2\/comments?post=5080"}],"version-history":[{"count":2,"href":"https:\/\/terch.com.ua\/tr\/wp-json\/wp\/v2\/pages\/5080\/revisions"}],"predecessor-version":[{"id":5082,"href":"https:\/\/terch.com.ua\/tr\/wp-json\/wp\/v2\/pages\/5080\/revisions\/5082"}],"wp:attachment":[{"href":"https:\/\/terch.com.ua\/tr\/wp-json\/wp\/v2\/media?parent=5080"}],"curies":[{"name":"wp","href":"https:\/\/api.w.org\/{rel}","templated":true}]}}