{"id":5519,"date":"2023-09-06T03:39:33","date_gmt":"2023-09-06T00:39:33","guid":{"rendered":"https:\/\/terch.com.ua\/nase-sluzby\/skladovanie-obilia\/"},"modified":"2024-04-01T11:45:10","modified_gmt":"2024-04-01T08:45:10","slug":"skladovanie-obilia","status":"publish","type":"page","link":"https:\/\/terch.com.ua\/sk\/nase-sluzby\/skladovanie-obilia\/","title":{"rendered":"Skladovanie obilia"},"content":{"rendered":"<p>[et_pb_section fb_built=&#8220;1&#8243; custom_padding_last_edited=&#8220;on|phone&#8220; admin_label=&#8220;Hero Section&#8220; _builder_version=&#8220;4.22.1&#8243; _module_preset=&#8220;default&#8220; background_enable_color=&#8220;off&#8220; background_image=&#8220;https:\/\/terch.com.ua\/wp-content\/uploads\/2023\/08\/bg-20.jpg&#8220; custom_margin=&#8220;||||false|false&#8220; custom_padding=&#8220;100px||100px||false|false&#8220; custom_padding_tablet=&#8220;100px||100px||false|false&#8220; custom_padding_phone=&#8220;0px||0px||false|false&#8220; locked=&#8220;off&#8220; collapsed=&#8220;off&#8220; global_colors_info=&#8220;{}&#8220;][et_pb_row _builder_version=&#8220;4.19.4&#8243; _module_preset=&#8220;default&#8220; global_colors_info=&#8220;{}&#8220;][et_pb_column type=&#8220;4_4&#8243; _builder_version=&#8220;4.19.4&#8243; _module_preset=&#8220;default&#8220; global_colors_info=&#8220;{}&#8220;][et_pb_text _builder_version=&#8220;4.22.1&#8243; _dynamic_attributes=&#8220;content&#8220; _module_preset=&#8220;default&#8220; text_font=&#8220;|||on|||||&#8220; text_text_color=&#8220;#ffffff&#8220; text_font_size=&#8220;40px&#8220; text_line_height=&#8220;68px&#8220; text_orientation=&#8220;center&#8220; custom_margin=&#8220;||0px||false|false&#8220; animation_style=&#8220;slide&#8220; animation_direction=&#8220;top&#8220; animation_duration=&#8220;300ms&#8220; text_font_size_tablet=&#8220;30px&#8220; text_font_size_phone=&#8220;30px&#8220; text_font_size_last_edited=&#8220;on|tablet&#8220; global_colors_info=&#8220;{}&#8220;]@ET-DC@eyJkeW5hbWljIjp0cnVlLCJjb250ZW50IjoicG9zdF90aXRsZSIsInNldHRpbmdzIjp7ImJlZm9yZSI6IiIsImFmdGVyIjoiIn19@[\/et_pb_text][difl_breadcrumbs use_separator_icon=&#8220;on&#8220; separator_font_icon=&#8220;&#x35;||divi||400&#8243; separator_icon_color=&#8220;#FFFFFF&#8220; home_text=&#8220;Domov&#8220; alignment=&#8220;center&#8220; show_on_front_page=&#8220;off&#8220; show_title=&#8220;off&#8220; enable_schema=&#8220;on&#8220; _builder_version=&#8220;4.22.1&#8243; _module_preset=&#8220;default&#8220; pages_font_font=&#8220;Nunito Sans|600|||||||&#8220; pages_font_text_color=&#8220;#FFFFFF&#8220; pages_font_line_height=&#8220;22px&#8220; home_font_font=&#8220;|700|||||||&#8220; home_font_line_height=&#8220;22px&#8220; animation_style=&#8220;slide&#8220; animation_direction=&#8220;bottom&#8220; animation_duration=&#8220;300ms&#8220; global_colors_info=&#8220;{}&#8220;][\/difl_breadcrumbs][\/et_pb_column][\/et_pb_row][\/et_pb_section][et_pb_section fb_built=&#8220;1&#8243; custom_padding_last_edited=&#8220;on|phone&#8220; admin_label=&#8220;Body Section&#8220; _builder_version=&#8220;4.22.1&#8243; _module_preset=&#8220;default&#8220; background_color=&#8220;#fafbff&#8220; custom_margin_tablet=&#8220;&#8220; custom_margin_phone=&#8220;||0px||false|false&#8220; custom_margin_last_edited=&#8220;on|phone&#8220; custom_padding=&#8220;||||false|false&#8220; custom_padding_tablet=&#8220;||||false|false&#8220; custom_padding_phone=&#8220;||0px||false|false&#8220; locked=&#8220;off&#8220; collapsed=&#8220;off&#8220; global_colors_info=&#8220;{}&#8220;][et_pb_row column_structure=&#8220;3_5,2_5&#8243; disabled_on=&#8220;off|off|off&#8220; _builder_version=&#8220;4.22.1&#8243; _module_preset=&#8220;default&#8220; background_enable_image=&#8220;off&#8220; global_colors_info=&#8220;{}&#8220;][et_pb_column type=&#8220;3_5&#8243; _builder_version=&#8220;4.19.4&#8243; _module_preset=&#8220;default&#8220; custom_padding=&#8220;||||false|false&#8220; global_colors_info=&#8220;{}&#8220;][et_pb_blurb content_max_width=&#8220;100%&#8220; disabled_on=&#8220;off|off|off&#8220; _builder_version=&#8220;4.22.2&#8243; _module_preset=&#8220;default&#8220; header_font=&#8220;Nunito Sans|700|||||||&#8220; header_text_color=&#8220;#222222&#8243; header_font_size=&#8220;24px&#8220; header_line_height=&#8220;29px&#8220; body_font=&#8220;|300|||||||&#8220; body_line_height=&#8220;24px&#8220; hover_enabled=&#8220;0&#8243; global_colors_info=&#8220;{}&#8220; sticky_enabled=&#8220;0&#8243;]<\/p>\n<p>Na\u0161a spolo\u010dnos\u0165 pon\u00faka slu\u017eby skladovania obilia &#8211; star\u00e1me sa o kvalitu produktov a zabezpe\u010dujeme bezpe\u010dn\u00e9 podmienky ich skladovania.<\/p>\n<p>M\u00e1me modern\u00e9 vybavenie a infra\u0161trukt\u00faru na skladovanie obilia vr\u00e1tane:<\/p>\n<ul>\n<li>Dopravn\u00e9 zariadenia Scandia Elevator, \u0160v\u00e9dsko (200 t\/h)<\/li>\n<li>Prev\u00e1dzkov\u00e9 n\u00e1dr\u017ee Silomasters, \u0160panielsko (6 ks \/ 1 200 m3)<\/li>\n<li>N\u00e1dr\u017ee s ploch\u00fdm dnom Silomasters, Espana (3 ks \/ 9 000 m3)<\/li>\n<li>\u010cistiaci stroj B\u00fchler TAS 206A-6<\/li>\n<\/ul>\n<p>Pon\u00fakame tie\u017e mo\u017enos\u0165 pr\u00edjmu a prepravy obiln\u00edn a olejn\u00edn po ceste a \u017eeleznici, ako aj priamu prekl\u00e1dku z vag\u00f3na na vag\u00f3n a z vag\u00f3na na vag\u00f3n.<\/p>\n<p>Na\u0161e modern\u00e9 sklady a skladovacie priestory s\u00fa navrhnut\u00e9 na manipul\u00e1ciu s ve\u013ek\u00fdmi objemami obilia a s\u00fa vybaven\u00e9 modern\u00fdm zariaden\u00edm na zabezpe\u010denie efekt\u00edvneho a bezpe\u010dn\u00e9ho skladovania. Uvedomujeme si d\u00f4le\u017eitos\u0165 zachovania kvality obilia pre na\u0161ich z\u00e1kazn\u00edkov, preto je ka\u017ed\u00fd aspekt na\u0161ej \u010dinnosti zameran\u00fd na zabezpe\u010denie optim\u00e1lnych podmienok skladovania. <\/p>\n<p>N\u00e1\u0161 t\u00edm odborn\u00edkov m\u00e1 dlhoro\u010dn\u00e9 sk\u00fasenosti v oblasti obchodu s obil\u00edm a vie, ako dodr\u017eiava\u0165 najvy\u0161\u0161ie \u0161tandardy bezpe\u010dnosti v\u00fdrobkov. Pou\u017e\u00edvame modern\u00e9 met\u00f3dy a technol\u00f3gie na monitorovanie teploty, vlhkosti a \u010fal\u0161\u00edch faktorov, ktor\u00e9 m\u00f4\u017eu ovplyvni\u0165 kvalitu obilia. <\/p>\n<p>Na\u0161e sklady maj\u00fa vysok\u00e9 bezpe\u010dnostn\u00e9 \u0161tandardy vr\u00e1tane hasiacich syst\u00e9mov a syst\u00e9mov kontroly vstupu, ktor\u00e9 poskytuj\u00fa ochranu pred ne\u017eiaducimi udalos\u0165ami a udr\u017eiavaj\u00fa cenn\u00fd n\u00e1klad v bezpe\u010d\u00ed. Zabezpe\u010dujeme, aby sa v\u0161etky skladovacie procesy vykon\u00e1vali v s\u00falade s pr\u00e1vnymi po\u017eiadavkami a medzin\u00e1rodn\u00fdmi normami. <\/p>\n<p>Okrem toho je mo\u017en\u00e9 na\u0161e sklady vybavi\u0165 tak, aby sp\u013a\u0148ali r\u00f4zne potreby z\u00e1kazn\u00edkov. Ka\u017ed\u00e9mu klientovi pon\u00fakame individu\u00e1lny pr\u00edstup a vyprac\u00favame optim\u00e1lne rie\u0161enia na skladovanie jeho obilia, pri\u010dom zoh\u013ead\u0148ujeme \u0161pecifik\u00e1 jeho v\u00fdrobkov a obchodn\u00e9 potreby. <\/p>\n<p>Na\u0161e slu\u017eby skladovania obilia otv\u00e1raj\u00fa nov\u00e9 mo\u017enosti pre po\u013enohospod\u00e1rskych v\u00fdrobcov a ostatn\u00fdch \u00fa\u010dastn\u00edkov trhu s obil\u00edm. Vytv\u00e1rame spo\u013eahliv\u00fd \u010dl\u00e1nok v logistickom re\u0165azci prepravy obilia, ktor\u00fd zabezpe\u010duje stabilitu a spo\u013eahlivos\u0165 toku n\u00e1kladu. <\/p>\n<p>[\/et_pb_blurb][difl_advanced_blurb title=&#8220;M\u00e1te nejak\u00e9 ot\u00e1zky?&#8220; sub_title=&#8220; Vypl\u0148te formul\u00e1r \u017eiadosti a po\u0161lite n\u00e1m ho, odpovieme v\u00e1m \u010do najsk\u00f4r.&#8220; button_text=&#8220;Odosla\u0165 \u017eiados\u0165&#8220; button_url=&#8220;#&#8220; blurb_icon=&#8220;&#x74;||divi||400&#8243; image_icon_container_position=&#8220;outside&#8220; image_placement=&#8220;flex_left&#8220; image_icon_item_align=&#8220;center&#8220; _builder_version=&#8220;4.22.1&#8243; _module_preset=&#8220;27a26ff8-77c3-4c32-8a97-1330a17f096e&#8220; custom_margin_tablet=&#8220;&#8220; custom_margin_phone=&#8220;||||false|false&#8220; custom_margin_last_edited=&#8220;on|desktop&#8220; locked=&#8220;off&#8220; global_colors_info=&#8220;{}&#8220;][\/difl_advanced_blurb][\/et_pb_column][et_pb_column type=&#8220;2_5&#8243; disabled_on=&#8220;on|on|off&#8220; _builder_version=&#8220;4.22.1&#8243; _module_preset=&#8220;default&#8220; background_image=&#8220;https:\/\/terch.com.ua\/wp-content\/uploads\/2022\/12\/silos.jpg&#8220; custom_padding=&#8220;400px||400px||true|false&#8220; animation_style=&#8220;fold&#8220; global_colors_info=&#8220;{}&#8220;][\/et_pb_column][\/et_pb_row][\/et_pb_section]<\/p>\n","protected":false},"excerpt":{"rendered":"<p><div class=\"et_pb_module difl_breadcrumbs difl_breadcrumbs_0 et_animated\">\n\t\t\t\t\n\t\t\t\t\n\t\t\t\t\n\t\t\t\t\n\t\t\t\t\n\t\t\t\t\n\t\t\t\t<div class=\"et_pb_module_inner\">\n\t\t\t\t\t<div class=\"df_breadcrumbs_container\">\r\n                             <script type=\"application\/ld+json\">{\"@context\":\"https:\\\/\\\/schema.org\\\/\",\"@type\":\"BreadcrumbList\",\"itemListElement\":[{\"@type\":\"ListItem\",\"position\":1,\"name\":\"Domov\",\"item\":\"https:\\\/\\\/terch.com.ua\\\/sk\\\/\"}]}<\/script>\r\n                            <div class=\"df_breadcrumbs_wrapper\">\r\n                                <ul class=\"df-breadcrumbs\"><li class=\"df-breadcrumbs-item df-breadcrumbs-start\"><a href=\"https:\/\/terch.com.ua\/sk\/\"  rel=\"home\"><span class=\"df-breadcrumbs-text\">  Domov <\/span><\/a><\/li><\/ul>\r\n                            <\/div>\r\n\r\n                        <\/div>\n\t\t\t\t<\/div>\n\t\t\t<\/div>Na\u0161a spolo\u010dnos\u0165 pon\u00faka slu\u017eby skladovania obilia &#8211; star\u00e1me sa o kvalitu produktov a zabezpe\u010dujeme bezpe\u010dn\u00e9 podmienky ich skladovania. M\u00e1me modern\u00e9 vybavenie a infra\u0161trukt\u00faru na skladovanie obilia vr\u00e1tane: Dopravn\u00e9 zariadenia Scandia Elevator, \u0160v\u00e9dsko (200 t\/h) Prev\u00e1dzkov\u00e9 n\u00e1dr\u017ee Silomasters, \u0160panielsko (6 ks \/ 1 200 m3) N\u00e1dr\u017ee s ploch\u00fdm dnom Silomasters, Espana (3 ks \/ 9 000 m3) \u010cistiaci stroj B\u00fchler TAS 206A-6 Pon\u00fakame tie\u017e mo\u017enos\u0165 pr\u00edjmu a prepravy obiln\u00edn a olejn\u00edn po ceste a \u017eeleznici, ako aj priamu prekl\u00e1dku z vag\u00f3na na vag\u00f3n a z vag\u00f3na na vag\u00f3n. Na\u0161e modern\u00e9 sklady a skladovacie priestory s\u00fa navrhnut\u00e9 na manipul\u00e1ciu s ve\u013ek\u00fdmi objemami obilia a s\u00fa vybaven\u00e9 modern\u00fdm zariaden\u00edm na zabezpe\u010denie efekt\u00edvneho a bezpe\u010dn\u00e9ho skladovania. Uvedomujeme si d\u00f4le\u017eitos\u0165 zachovania kvality obilia pre na\u0161ich z\u00e1kazn\u00edkov, preto je ka\u017ed\u00fd aspekt na\u0161ej \u010dinnosti zameran\u00fd na zabezpe\u010denie optim\u00e1lnych podmienok skladovania. N\u00e1\u0161 t\u00edm odborn\u00edkov m\u00e1 dlhoro\u010dn\u00e9 sk\u00fasenosti v oblasti obchodu s obil\u00edm a vie, ako dodr\u017eiava\u0165 najvy\u0161\u0161ie \u0161tandardy bezpe\u010dnosti v\u00fdrobkov. Pou\u017e\u00edvame modern\u00e9 met\u00f3dy a technol\u00f3gie na monitorovanie teploty, vlhkosti a \u010fal\u0161\u00edch faktorov, ktor\u00e9 m\u00f4\u017eu ovplyvni\u0165 kvalitu obilia. Na\u0161e sklady maj\u00fa vysok\u00e9 bezpe\u010dnostn\u00e9 \u0161tandardy vr\u00e1tane hasiacich syst\u00e9mov a syst\u00e9mov [&hellip;]<\/p>\n","protected":false},"author":1,"featured_media":0,"parent":5496,"menu_order":0,"comment_status":"closed","ping_status":"closed","template":"","meta":{"_et_pb_use_builder":"on","_et_pb_old_content":"","_et_gb_content_width":"","footnotes":""},"class_list":["post-5519","page","type-page","status-publish","hentry"],"_links":{"self":[{"href":"https:\/\/terch.com.ua\/sk\/wp-json\/wp\/v2\/pages\/5519","targetHints":{"allow":["GET"]}}],"collection":[{"href":"https:\/\/terch.com.ua\/sk\/wp-json\/wp\/v2\/pages"}],"about":[{"href":"https:\/\/terch.com.ua\/sk\/wp-json\/wp\/v2\/types\/page"}],"author":[{"embeddable":true,"href":"https:\/\/terch.com.ua\/sk\/wp-json\/wp\/v2\/users\/1"}],"replies":[{"embeddable":true,"href":"https:\/\/terch.com.ua\/sk\/wp-json\/wp\/v2\/comments?post=5519"}],"version-history":[{"count":1,"href":"https:\/\/terch.com.ua\/sk\/wp-json\/wp\/v2\/pages\/5519\/revisions"}],"predecessor-version":[{"id":5522,"href":"https:\/\/terch.com.ua\/sk\/wp-json\/wp\/v2\/pages\/5519\/revisions\/5522"}],"up":[{"embeddable":true,"href":"https:\/\/terch.com.ua\/sk\/wp-json\/wp\/v2\/pages\/5496"}],"wp:attachment":[{"href":"https:\/\/terch.com.ua\/sk\/wp-json\/wp\/v2\/media?parent=5519"}],"curies":[{"name":"wp","href":"https:\/\/api.w.org\/{rel}","templated":true}]}}