{"id":5515,"date":"2023-09-06T10:01:16","date_gmt":"2023-09-06T07:01:16","guid":{"rendered":"https:\/\/terch.com.ua\/nase-sluzby\/predaj-velkoobchodnych-zasielok-oleja-obilia-a-olejnin\/"},"modified":"2024-04-01T11:45:10","modified_gmt":"2024-04-01T08:45:10","slug":"predaj-velkoobchodnych-zasielok-oleja-obilia-a-olejnin","status":"publish","type":"page","link":"https:\/\/terch.com.ua\/sk\/nase-sluzby\/predaj-velkoobchodnych-zasielok-oleja-obilia-a-olejnin\/","title":{"rendered":"Predaj ve\u013ekoobchodn\u00fdch z\u00e1sielok oleja, obilia a olejn\u00edn"},"content":{"rendered":"<p>[et_pb_section fb_built=&#8220;1&#8243; custom_padding_last_edited=&#8220;on|phone&#8220; admin_label=&#8220;Hero Section&#8220; _builder_version=&#8220;4.22.1&#8243; _module_preset=&#8220;default&#8220; background_enable_color=&#8220;off&#8220; background_image=&#8220;https:\/\/terch.com.ua\/wp-content\/uploads\/2023\/08\/bg-20.jpg&#8220; custom_margin=&#8220;||||false|false&#8220; custom_padding=&#8220;100px||100px||false|false&#8220; custom_padding_tablet=&#8220;100px||100px||false|false&#8220; custom_padding_phone=&#8220;0px||0px||true|false&#8220; locked=&#8220;off&#8220; collapsed=&#8220;off&#8220; global_colors_info=&#8220;{}&#8220;][et_pb_row _builder_version=&#8220;4.19.4&#8243; _module_preset=&#8220;default&#8220; global_colors_info=&#8220;{}&#8220;][et_pb_column type=&#8220;4_4&#8243; _builder_version=&#8220;4.19.4&#8243; _module_preset=&#8220;default&#8220; global_colors_info=&#8220;{}&#8220;][et_pb_text _builder_version=&#8220;4.22.1&#8243; _dynamic_attributes=&#8220;content&#8220; _module_preset=&#8220;default&#8220; text_font=&#8220;|||on|||||&#8220; text_text_color=&#8220;#ffffff&#8220; text_font_size=&#8220;40px&#8220; text_line_height=&#8220;68px&#8220; text_orientation=&#8220;center&#8220; custom_margin=&#8220;||0px||false|false&#8220; animation_style=&#8220;slide&#8220; animation_direction=&#8220;top&#8220; animation_duration=&#8220;300ms&#8220; text_font_size_tablet=&#8220;30px&#8220; text_font_size_phone=&#8220;30px&#8220; text_font_size_last_edited=&#8220;on|tablet&#8220; global_colors_info=&#8220;{}&#8220;]@ET-DC@eyJkeW5hbWljIjp0cnVlLCJjb250ZW50IjoicG9zdF90aXRsZSIsInNldHRpbmdzIjp7ImJlZm9yZSI6IiIsImFmdGVyIjoiIn19@[\/et_pb_text][difl_breadcrumbs use_separator_icon=&#8220;on&#8220; separator_font_icon=&#8220;&#x35;||divi||400&#8243; separator_icon_color=&#8220;#FFFFFF&#8220; home_text=&#8220;Domov&#8220; alignment=&#8220;center&#8220; show_on_front_page=&#8220;off&#8220; show_title=&#8220;off&#8220; enable_schema=&#8220;on&#8220; _builder_version=&#8220;4.22.1&#8243; _module_preset=&#8220;default&#8220; pages_font_font=&#8220;Nunito Sans|600|||||||&#8220; pages_font_text_color=&#8220;#FFFFFF&#8220; pages_font_line_height=&#8220;22px&#8220; home_font_font=&#8220;|700|||||||&#8220; home_font_line_height=&#8220;22px&#8220; animation_style=&#8220;slide&#8220; animation_direction=&#8220;bottom&#8220; animation_duration=&#8220;300ms&#8220; global_colors_info=&#8220;{}&#8220;][\/difl_breadcrumbs][\/et_pb_column][\/et_pb_row][\/et_pb_section][et_pb_section fb_built=&#8220;1&#8243; custom_padding_last_edited=&#8220;on|phone&#8220; admin_label=&#8220;Body Section&#8220; _builder_version=&#8220;4.22.1&#8243; _module_preset=&#8220;default&#8220; background_color=&#8220;#fafbff&#8220; custom_margin_tablet=&#8220;&#8220; custom_margin_phone=&#8220;||0px||false|false&#8220; custom_margin_last_edited=&#8220;on|phone&#8220; custom_padding_tablet=&#8220;&#8220; custom_padding_phone=&#8220;||0px||false|false&#8220; locked=&#8220;off&#8220; collapsed=&#8220;off&#8220; global_colors_info=&#8220;{}&#8220;][et_pb_row column_structure=&#8220;3_5,2_5&#8243; disabled_on=&#8220;off|off|off&#8220; _builder_version=&#8220;4.22.1&#8243; _module_preset=&#8220;default&#8220; background_enable_image=&#8220;off&#8220; global_colors_info=&#8220;{}&#8220;][et_pb_column type=&#8220;3_5&#8243; _builder_version=&#8220;4.19.4&#8243; _module_preset=&#8220;default&#8220; custom_padding=&#8220;||||false|false&#8220; global_colors_info=&#8220;{}&#8220;][et_pb_blurb content_max_width=&#8220;100%&#8220; disabled_on=&#8220;off|off|off&#8220; _builder_version=&#8220;4.22.1&#8243; _module_preset=&#8220;default&#8220; header_font=&#8220;Nunito Sans|700|||||||&#8220; header_text_color=&#8220;#222222&#8243; header_font_size=&#8220;24px&#8220; header_line_height=&#8220;29px&#8220; body_font=&#8220;|300|||||||&#8220; body_line_height=&#8220;24px&#8220; global_colors_info=&#8220;{}&#8220;]<\/p>\n<p>Na\u0161a spolo\u010dnos\u0165 sa \u0161pecializuje na ve\u013ekoobchodn\u00fd predaj obiln\u00edn, olejov a semien s hlavn\u00fdm cie\u013eom poskytova\u0165 na\u0161im z\u00e1kazn\u00edkom kvalitn\u00e9 v\u00fdrobky, ktor\u00e9 im pom\u00f4\u017eu rozv\u00edja\u0165 ich podnikanie a uspokojova\u0165 potreby ich z\u00e1kazn\u00edkov.<\/p>\n<p>Pon\u00fakame \u0161irok\u00fd sortiment obiln\u00edn, olejn\u00edn a semien, ktor\u00e9 sp\u013a\u0148aj\u00fa najvy\u0161\u0161ie \u0161tandardy kvality. Na\u0161e obilniny maj\u00fa vysok\u00fd obsah \u017eiv\u00edn, zachov\u00e1vaj\u00fa si v\u0161etky svoje prirodzen\u00e9 vlastnosti a dod\u00e1vaj\u00fa chu\u0165 jedl\u00e1m, ktor\u00e9 sa z nich pripravuj\u00fa. <\/p>\n<p>Oleje, ktor\u00e9 pon\u00fakame, s\u00fa vyroben\u00e9 z pr\u00edrodn\u00fdch surov\u00edn a maj\u00fa vysok\u00fa technologick\u00fa kvalitu. Maj\u00fa bohat\u00e9 zlo\u017eenie zdrav\u00fdch tukov a vitam\u00ednov, v\u010faka \u010domu s\u00fa vynikaj\u00facou vo\u013ebou pre zdrav\u00fa v\u00fd\u017eivu. <\/p>\n<p>Semen\u00e1, ktor\u00e9 pon\u00fakame, maj\u00fa vybran\u00fa kvalitu a zaru\u010duj\u00fa dobr\u00fa \u00farodu. S\u00fa v\u00fdbornou vo\u013ebou pre po\u013enohospod\u00e1rskych podnikate\u013eov, ktor\u00ed si chc\u00fa zabezpe\u010di\u0165 kvalitn\u00e9 osivo pre svoje plodiny. <\/p>\n<p>Ch\u00e1peme, \u017ee r\u00fdchle dodanie tovaru je pre na\u0161ich z\u00e1kazn\u00edkov ve\u013emi d\u00f4le\u017eit\u00e9. Preto sme si stanovili vysok\u00e9 \u0161tandardy na spracovanie a doru\u010denie objedn\u00e1vok, aby sme zabezpe\u010dili, \u017ee na\u0161i z\u00e1kazn\u00edci dostan\u00fa svoje v\u00fdrobky v\u010das a v s\u00falade s rozpo\u010dtom. <\/p>\n<p>Na\u0161e slu\u017eby sa neobmedzuj\u00fa len na predaj. Na\u0161im z\u00e1kazn\u00edkom poskytujeme aj poradenstvo a podporu pri v\u00fdbere najlep\u0161\u00edch produktov pre ich podnikanie, pom\u00e1hame pri pl\u00e1novan\u00ed dod\u00e1vok a realiz\u00e1cii rozvojov\u00fdch n\u00e1padov. <\/p>\n<p>U n\u00e1s si m\u00f4\u017eete by\u0165 ist\u00ed, \u017ee dostanete len tie najkvalitnej\u0161ie produkty a najvy\u0161\u0161iu \u00farove\u0148 slu\u017eieb. Ver\u00edme, \u017ee spolupr\u00e1ca s nami bude pre va\u0161e podnikanie \u00faspe\u0161n\u00fdm a v\u00fdhodn\u00fdm rie\u0161en\u00edm <\/p>\n<p>[\/et_pb_blurb][difl_advanced_blurb title=&#8220;M\u00e1te nejak\u00e9 ot\u00e1zky?&#8220; sub_title=&#8220; Vypl\u0148te formul\u00e1r \u017eiadosti a po\u0161lite n\u00e1m ho, odpovieme v\u00e1m \u010do najsk\u00f4r.&#8220; button_text=&#8220;Odosla\u0165 \u017eiados\u0165&#8220; button_url=&#8220;#&#8220; blurb_icon=&#8220;&#x74;||divi||400&#8243; image_icon_container_position=&#8220;outside&#8220; image_placement=&#8220;flex_left&#8220; image_icon_item_align=&#8220;center&#8220; _builder_version=&#8220;4.22.1&#8243; _module_preset=&#8220;27a26ff8-77c3-4c32-8a97-1330a17f096e&#8220; custom_margin_tablet=&#8220;&#8220; custom_margin_phone=&#8220;||||false|false&#8220; custom_margin_last_edited=&#8220;on|desktop&#8220; locked=&#8220;off&#8220; global_colors_info=&#8220;{}&#8220;][\/difl_advanced_blurb][\/et_pb_column][et_pb_column type=&#8220;2_5&#8243; disabled_on=&#8220;on|on|off&#8220; _builder_version=&#8220;4.22.1&#8243; _module_preset=&#8220;default&#8220; background_image=&#8220;https:\/\/terch.com.ua\/wp-content\/uploads\/070923-06.jpg&#8220; custom_padding=&#8220;400px||400px||true|false&#8220; animation_style=&#8220;fold&#8220; global_colors_info=&#8220;{}&#8220;][\/et_pb_column][\/et_pb_row][\/et_pb_section]<\/p>\n","protected":false},"excerpt":{"rendered":"<p><div class=\"et_pb_module difl_breadcrumbs difl_breadcrumbs_0 et_animated\">\n\t\t\t\t\n\t\t\t\t\n\t\t\t\t\n\t\t\t\t\n\t\t\t\t\n\t\t\t\t\n\t\t\t\t<div class=\"et_pb_module_inner\">\n\t\t\t\t\t<div class=\"df_breadcrumbs_container\">\r\n                             <script type=\"application\/ld+json\">{\"@context\":\"https:\\\/\\\/schema.org\\\/\",\"@type\":\"BreadcrumbList\",\"itemListElement\":[{\"@type\":\"ListItem\",\"position\":1,\"name\":\"Domov\",\"item\":\"https:\\\/\\\/terch.com.ua\\\/sk\\\/\"}]}<\/script>\r\n                            <div class=\"df_breadcrumbs_wrapper\">\r\n                                <ul class=\"df-breadcrumbs\"><li class=\"df-breadcrumbs-item df-breadcrumbs-start\"><a href=\"https:\/\/terch.com.ua\/sk\/\"  rel=\"home\"><span class=\"df-breadcrumbs-text\">  Domov <\/span><\/a><\/li><\/ul>\r\n                            <\/div>\r\n\r\n                        <\/div>\n\t\t\t\t<\/div>\n\t\t\t<\/div>Na\u0161a spolo\u010dnos\u0165 sa \u0161pecializuje na ve\u013ekoobchodn\u00fd predaj obiln\u00edn, olejov a semien s hlavn\u00fdm cie\u013eom poskytova\u0165 na\u0161im z\u00e1kazn\u00edkom kvalitn\u00e9 v\u00fdrobky, ktor\u00e9 im pom\u00f4\u017eu rozv\u00edja\u0165 ich podnikanie a uspokojova\u0165 potreby ich z\u00e1kazn\u00edkov. Pon\u00fakame \u0161irok\u00fd sortiment obiln\u00edn, olejn\u00edn a semien, ktor\u00e9 sp\u013a\u0148aj\u00fa najvy\u0161\u0161ie \u0161tandardy kvality. Na\u0161e obilniny maj\u00fa vysok\u00fd obsah \u017eiv\u00edn, zachov\u00e1vaj\u00fa si v\u0161etky svoje prirodzen\u00e9 vlastnosti a dod\u00e1vaj\u00fa chu\u0165 jedl\u00e1m, ktor\u00e9 sa z nich pripravuj\u00fa. Oleje, ktor\u00e9 pon\u00fakame, s\u00fa vyroben\u00e9 z pr\u00edrodn\u00fdch surov\u00edn a maj\u00fa vysok\u00fa technologick\u00fa kvalitu. Maj\u00fa bohat\u00e9 zlo\u017eenie zdrav\u00fdch tukov a vitam\u00ednov, v\u010faka \u010domu s\u00fa vynikaj\u00facou vo\u013ebou pre zdrav\u00fa v\u00fd\u017eivu. Semen\u00e1, ktor\u00e9 pon\u00fakame, maj\u00fa vybran\u00fa kvalitu a zaru\u010duj\u00fa dobr\u00fa \u00farodu. S\u00fa v\u00fdbornou vo\u013ebou pre po\u013enohospod\u00e1rskych podnikate\u013eov, ktor\u00ed si chc\u00fa zabezpe\u010di\u0165 kvalitn\u00e9 osivo pre svoje plodiny. Ch\u00e1peme, \u017ee r\u00fdchle dodanie tovaru je pre na\u0161ich z\u00e1kazn\u00edkov ve\u013emi d\u00f4le\u017eit\u00e9. Preto sme si stanovili vysok\u00e9 \u0161tandardy na spracovanie a doru\u010denie objedn\u00e1vok, aby sme zabezpe\u010dili, \u017ee na\u0161i z\u00e1kazn\u00edci dostan\u00fa svoje v\u00fdrobky v\u010das a v s\u00falade s rozpo\u010dtom. Na\u0161e slu\u017eby sa neobmedzuj\u00fa len na predaj. Na\u0161im z\u00e1kazn\u00edkom poskytujeme aj poradenstvo a podporu pri v\u00fdbere najlep\u0161\u00edch produktov pre ich podnikanie, pom\u00e1hame pri pl\u00e1novan\u00ed dod\u00e1vok a realiz\u00e1cii [&hellip;]<\/p>\n","protected":false},"author":1,"featured_media":0,"parent":5496,"menu_order":0,"comment_status":"closed","ping_status":"closed","template":"","meta":{"_et_pb_use_builder":"on","_et_pb_old_content":"","_et_gb_content_width":"","footnotes":""},"class_list":["post-5515","page","type-page","status-publish","hentry"],"_links":{"self":[{"href":"https:\/\/terch.com.ua\/sk\/wp-json\/wp\/v2\/pages\/5515","targetHints":{"allow":["GET"]}}],"collection":[{"href":"https:\/\/terch.com.ua\/sk\/wp-json\/wp\/v2\/pages"}],"about":[{"href":"https:\/\/terch.com.ua\/sk\/wp-json\/wp\/v2\/types\/page"}],"author":[{"embeddable":true,"href":"https:\/\/terch.com.ua\/sk\/wp-json\/wp\/v2\/users\/1"}],"replies":[{"embeddable":true,"href":"https:\/\/terch.com.ua\/sk\/wp-json\/wp\/v2\/comments?post=5515"}],"version-history":[{"count":1,"href":"https:\/\/terch.com.ua\/sk\/wp-json\/wp\/v2\/pages\/5515\/revisions"}],"predecessor-version":[{"id":5518,"href":"https:\/\/terch.com.ua\/sk\/wp-json\/wp\/v2\/pages\/5515\/revisions\/5518"}],"up":[{"embeddable":true,"href":"https:\/\/terch.com.ua\/sk\/wp-json\/wp\/v2\/pages\/5496"}],"wp:attachment":[{"href":"https:\/\/terch.com.ua\/sk\/wp-json\/wp\/v2\/media?parent=5515"}],"curies":[{"name":"wp","href":"https:\/\/api.w.org\/{rel}","templated":true}]}}