{"id":5511,"date":"2023-09-06T02:55:28","date_gmt":"2023-09-05T23:55:28","guid":{"rendered":"https:\/\/terch.com.ua\/nase-sluzby\/sluzby-prekladky\/"},"modified":"2024-04-01T11:45:10","modified_gmt":"2024-04-01T08:45:10","slug":"sluzby-prekladky","status":"publish","type":"page","link":"https:\/\/terch.com.ua\/sk\/nase-sluzby\/sluzby-prekladky\/","title":{"rendered":"Slu\u017eby prekl\u00e1dky"},"content":{"rendered":"<p>[et_pb_section fb_built=&#8220;1&#8243; custom_padding_last_edited=&#8220;on|phone&#8220; admin_label=&#8220;Hero Section&#8220; _builder_version=&#8220;4.22.1&#8243; _module_preset=&#8220;default&#8220; background_enable_color=&#8220;off&#8220; background_image=&#8220;https:\/\/terch.com.ua\/wp-content\/uploads\/2022\/12\/bg-20.jpg&#8220; custom_margin=&#8220;||||false|false&#8220; custom_margin_tablet=&#8220;||||false|false&#8220; custom_margin_phone=&#8220;||||false|false&#8220; custom_margin_last_edited=&#8220;on|phone&#8220; custom_padding=&#8220;100px||100px||true|false&#8220; custom_padding_tablet=&#8220;||||true|false&#8220; custom_padding_phone=&#8220;0px||0px||true|false&#8220; locked=&#8220;off&#8220; collapsed=&#8220;off&#8220; global_colors_info=&#8220;{}&#8220;][et_pb_row custom_padding_last_edited=&#8220;on|phone&#8220; _builder_version=&#8220;4.22.1&#8243; _module_preset=&#8220;default&#8220; custom_margin_tablet=&#8220;&#8220; custom_margin_phone=&#8220;||||false|false&#8220; custom_margin_last_edited=&#8220;on|phone&#8220; custom_padding=&#8220;||||false|false&#8220; custom_padding_tablet=&#8220;||||false|false&#8220; custom_padding_phone=&#8220;||||false|false&#8220; global_colors_info=&#8220;{}&#8220;][et_pb_column type=&#8220;4_4&#8243; _builder_version=&#8220;4.19.4&#8243; _module_preset=&#8220;default&#8220; global_colors_info=&#8220;{}&#8220;][et_pb_text _builder_version=&#8220;4.22.1&#8243; _dynamic_attributes=&#8220;content&#8220; _module_preset=&#8220;default&#8220; text_font=&#8220;|||on|||||&#8220; text_text_color=&#8220;#ffffff&#8220; text_font_size=&#8220;40px&#8220; text_line_height=&#8220;68px&#8220; text_orientation=&#8220;center&#8220; custom_margin=&#8220;||0px||false|false&#8220; animation_style=&#8220;slide&#8220; animation_direction=&#8220;top&#8220; animation_duration=&#8220;300ms&#8220; hover_enabled=&#8220;0&#8243; text_font_size_tablet=&#8220;30px&#8220; text_font_size_phone=&#8220;30px&#8220; text_font_size_last_edited=&#8220;on|phone&#8220; global_colors_info=&#8220;{}&#8220; sticky_enabled=&#8220;0&#8243;]@ET-DC@eyJkeW5hbWljIjp0cnVlLCJjb250ZW50IjoicG9zdF90aXRsZSIsInNldHRpbmdzIjp7ImJlZm9yZSI6IiIsImFmdGVyIjoiIn19@[\/et_pb_text][difl_breadcrumbs use_separator_icon=&#8220;on&#8220; separator_font_icon=&#8220;&#x35;||divi||400&#8243; separator_icon_color=&#8220;#FFFFFF&#8220; home_text=&#8220;Domov&#8220; alignment=&#8220;center&#8220; show_on_front_page=&#8220;off&#8220; show_title=&#8220;off&#8220; enable_schema=&#8220;on&#8220; _builder_version=&#8220;4.22.1&#8243; _module_preset=&#8220;default&#8220; pages_font_font=&#8220;Nunito Sans|600|||||||&#8220; pages_font_text_color=&#8220;#FFFFFF&#8220; pages_font_line_height=&#8220;22px&#8220; home_font_font=&#8220;|700|||||||&#8220; home_font_line_height=&#8220;22px&#8220; animation_style=&#8220;slide&#8220; animation_direction=&#8220;bottom&#8220; animation_duration=&#8220;300ms&#8220; global_colors_info=&#8220;{}&#8220;][\/difl_breadcrumbs][\/et_pb_column][\/et_pb_row][\/et_pb_section][et_pb_section fb_built=&#8220;1&#8243; custom_padding_last_edited=&#8220;on|phone&#8220; admin_label=&#8220;Body Section&#8220; _builder_version=&#8220;4.22.1&#8243; _module_preset=&#8220;default&#8220; background_color=&#8220;#fafbff&#8220; custom_margin_tablet=&#8220;&#8220; custom_margin_phone=&#8220;||0px||false|false&#8220; custom_margin_last_edited=&#8220;on|phone&#8220; custom_padding_tablet=&#8220;&#8220; custom_padding_phone=&#8220;||0px||false|false&#8220; locked=&#8220;off&#8220; collapsed=&#8220;off&#8220; global_colors_info=&#8220;{}&#8220;][et_pb_row column_structure=&#8220;3_5,2_5&#8243; disabled_on=&#8220;off|off|off&#8220; _builder_version=&#8220;4.22.1&#8243; _module_preset=&#8220;default&#8220; global_colors_info=&#8220;{}&#8220;][et_pb_column type=&#8220;3_5&#8243; _builder_version=&#8220;4.19.4&#8243; _module_preset=&#8220;default&#8220; custom_padding=&#8220;||||false|false&#8220; global_colors_info=&#8220;{}&#8220;][et_pb_blurb content_max_width=&#8220;100%&#8220; disabled_on=&#8220;off|off|off&#8220; _builder_version=&#8220;4.22.1&#8243; _module_preset=&#8220;default&#8220; header_font=&#8220;Nunito Sans|700|||||||&#8220; header_text_color=&#8220;#222222&#8243; header_font_size=&#8220;24px&#8220; header_line_height=&#8220;29px&#8220; body_font=&#8220;|300|||||||&#8220; body_line_height=&#8220;24px&#8220; hover_enabled=&#8220;0&#8243; global_colors_info=&#8220;{}&#8220; sticky_enabled=&#8220;0&#8243;]<\/p>\n<p>Na\u0161a spolo\u010dnos\u0165 poskytuje komplexn\u00e9 slu\u017eby v oblasti prekl\u00e1dky ropy, obiln\u00edn, olejn\u00edn a v\u00fdrobkov z nich a vytv\u00e1ra efekt\u00edvnu a spo\u013eahliv\u00fa logistick\u00fa infra\u0161trukt\u00faru na zabezpe\u010denie optim\u00e1lnych podmienok prepravy a skladovania tovaru.<\/p>\n<p>Prekl\u00e1dka obiln\u00edn, olejn\u00edn a ich deriv\u00e1tov je jednou z na\u0161ich k\u013e\u00fa\u010dov\u00fdch obchodn\u00fdch oblast\u00ed. Zabezpe\u010dujeme najvy\u0161\u0161ie \u0161tandardy kvality pri \u017eelezni\u010dnej a cestnej preprave r\u00f4znych plod\u00edn. Preklad\u00e1me r\u00f4zne druhy n\u00e1kladu z n\u00e1kladn\u00fdch vozidiel a zo \u0161irok\u00e9ho ukrajinsk\u00e9ho rozchodu (1520 UA) na \u00fazky eur\u00f3psky rozchod (1435 EU).  <\/p>\n<p>Na\u0161e slu\u017eby sa za\u010d\u00ednaj\u00fa prijat\u00edm n\u00e1kladu v na\u0161om modernom termin\u00e1li, ktor\u00fd je vybaven\u00fd najmodernej\u0161\u00edm zariaden\u00edm a infra\u0161trukt\u00farou. Pred vykl\u00e1dkou skontrolujeme kvalitu n\u00e1kladu a zabezpe\u010d\u00edme, aby sp\u013a\u0148al vn\u00fatro\u0161t\u00e1tne a medzin\u00e1rodn\u00e9 normy a po\u017eiadavky. Na tento \u00fa\u010del zap\u00e1jame odborn\u00edkov z n\u00e1\u0161ho laborat\u00f3ria a in\u0161pektora (gafta).  <\/p>\n<p>Po prijat\u00ed obiln\u00edn, olejn\u00edn a ich deriv\u00e1tov ich skladujeme v na\u0161ich modern\u00fdch skladoch s kontrolovanou teplotou a vlhkos\u0165ou.<\/p>\n<p>Proces prekl\u00e1dky ropy, obilia, olejn\u00edn a v\u00fdrobkov z nich sa uskuto\u010d\u0148uje pomocou modern\u00fdch zariaden\u00ed a technol\u00f3gi\u00ed, ktor\u00e9 zabezpe\u010duj\u00fa r\u00fdchlu a efekt\u00edvnu manipul\u00e1ciu s n\u00e1kladom. Disponujeme vysokokvalifikovan\u00fdm t\u00edmom odborn\u00edkov, ktor\u00ed zabezpe\u010duj\u00fa hladk\u00fd priebeh ka\u017edej f\u00e1zy prekl\u00e1dky a dodr\u017eiavanie najvy\u0161\u0161\u00edch \u0161tandardov kvality. <\/p>\n<p>Na\u0161i z\u00e1kazn\u00edci z\u00edskavaj\u00fa nielen kvalitn\u00e9 slu\u017eby, ale aj v\u00fdhodu v konkuren\u010dnom prostred\u00ed v\u010faka efekt\u00edvnosti a optimaliz\u00e1cii procesov prepravy a skladovania n\u00e1kladu. Z\u00e1ujmy na\u0161ich z\u00e1kazn\u00edkov s\u00fa pre n\u00e1s v\u017edy na prvom mieste a sna\u017e\u00edme sa \u010do najlep\u0161ie uspokoji\u0165 ich potreby a po\u017eiadavky. <\/p>\n<p>Prostredn\u00edctvom na\u0161ich slu\u017eieb prekl\u00e1dky obilia a olejn\u00edn prispievame k rozvoju po\u013enohospod\u00e1rstva a obchodu t\u00fdm, \u017ee zabezpe\u010dujeme spo\u013eahliv\u00fd a r\u00fdchly tok n\u00e1kladu medzi Ukrajinou a eur\u00f3pskymi trhmi. Na\u0161a spolo\u010dnos\u0165 sa sna\u017e\u00ed dosahova\u0165 najvy\u0161\u0161ie \u0161tandardy v oblasti logistiky, prispieva\u0165 k rozvoju tohto d\u00f4le\u017eit\u00e9ho odvetvia a zabezpe\u010dova\u0165 stabiln\u00e9 a \u00faspe\u0161n\u00e9 obchodn\u00e9 partnerstv\u00e1 s na\u0161imi z\u00e1kazn\u00edkmi. <\/p>\n<p>[\/et_pb_blurb][difl_advanced_blurb title=&#8220;M\u00e1te nejak\u00e9 ot\u00e1zky?&#8220; sub_title=&#8220; Vypl\u0148te formul\u00e1r \u017eiadosti a po\u0161lite n\u00e1m ho, odpovieme v\u00e1m \u010do najsk\u00f4r.&#8220; button_text=&#8220;Odosla\u0165 \u017eiados\u0165&#8220; button_url=&#8220;#&#8220; blurb_icon=&#8220;&#x74;||divi||400&#8243; image_icon_container_position=&#8220;outside&#8220; image_placement=&#8220;flex_left&#8220; image_icon_item_align=&#8220;center&#8220; _builder_version=&#8220;4.22.1&#8243; _module_preset=&#8220;27a26ff8-77c3-4c32-8a97-1330a17f096e&#8220; global_colors_info=&#8220;{}&#8220;][\/difl_advanced_blurb][\/et_pb_column][et_pb_column type=&#8220;2_5&#8243; _builder_version=&#8220;4.22.1&#8243; _module_preset=&#8220;default&#8220; background_image=&#8220;https:\/\/terch.com.ua\/wp-content\/uploads\/070923-04.jpg&#8220; custom_padding=&#8220;400px||400px||true|false&#8220; animation_style=&#8220;fold&#8220; global_colors_info=&#8220;{}&#8220;][\/et_pb_column][\/et_pb_row][\/et_pb_section]<\/p>\n","protected":false},"excerpt":{"rendered":"<p><div class=\"et_pb_module difl_breadcrumbs difl_breadcrumbs_0 et_animated\">\n\t\t\t\t\n\t\t\t\t\n\t\t\t\t\n\t\t\t\t\n\t\t\t\t\n\t\t\t\t\n\t\t\t\t<div class=\"et_pb_module_inner\">\n\t\t\t\t\t<div class=\"df_breadcrumbs_container\">\r\n                             <script type=\"application\/ld+json\">{\"@context\":\"https:\\\/\\\/schema.org\\\/\",\"@type\":\"BreadcrumbList\",\"itemListElement\":[{\"@type\":\"ListItem\",\"position\":1,\"name\":\"Domov\",\"item\":\"https:\\\/\\\/terch.com.ua\\\/sk\\\/\"}]}<\/script>\r\n                            <div class=\"df_breadcrumbs_wrapper\">\r\n                                <ul class=\"df-breadcrumbs\"><li class=\"df-breadcrumbs-item df-breadcrumbs-start\"><a href=\"https:\/\/terch.com.ua\/sk\/\"  rel=\"home\"><span class=\"df-breadcrumbs-text\">  Domov <\/span><\/a><\/li><\/ul>\r\n                            <\/div>\r\n\r\n                        <\/div>\n\t\t\t\t<\/div>\n\t\t\t<\/div>Na\u0161a spolo\u010dnos\u0165 poskytuje komplexn\u00e9 slu\u017eby v oblasti prekl\u00e1dky ropy, obiln\u00edn, olejn\u00edn a v\u00fdrobkov z nich a vytv\u00e1ra efekt\u00edvnu a spo\u013eahliv\u00fa logistick\u00fa infra\u0161trukt\u00faru na zabezpe\u010denie optim\u00e1lnych podmienok prepravy a skladovania tovaru. Prekl\u00e1dka obiln\u00edn, olejn\u00edn a ich deriv\u00e1tov je jednou z na\u0161ich k\u013e\u00fa\u010dov\u00fdch obchodn\u00fdch oblast\u00ed. Zabezpe\u010dujeme najvy\u0161\u0161ie \u0161tandardy kvality pri \u017eelezni\u010dnej a cestnej preprave r\u00f4znych plod\u00edn. Preklad\u00e1me r\u00f4zne druhy n\u00e1kladu z n\u00e1kladn\u00fdch vozidiel a zo \u0161irok\u00e9ho ukrajinsk\u00e9ho rozchodu (1520 UA) na \u00fazky eur\u00f3psky rozchod (1435 EU). Na\u0161e slu\u017eby sa za\u010d\u00ednaj\u00fa prijat\u00edm n\u00e1kladu v na\u0161om modernom termin\u00e1li, ktor\u00fd je vybaven\u00fd najmodernej\u0161\u00edm zariaden\u00edm a infra\u0161trukt\u00farou. Pred vykl\u00e1dkou skontrolujeme kvalitu n\u00e1kladu a zabezpe\u010d\u00edme, aby sp\u013a\u0148al vn\u00fatro\u0161t\u00e1tne a medzin\u00e1rodn\u00e9 normy a po\u017eiadavky. Na tento \u00fa\u010del zap\u00e1jame odborn\u00edkov z n\u00e1\u0161ho laborat\u00f3ria a in\u0161pektora (gafta). Po prijat\u00ed obiln\u00edn, olejn\u00edn a ich deriv\u00e1tov ich skladujeme v na\u0161ich modern\u00fdch skladoch s kontrolovanou teplotou a vlhkos\u0165ou. Proces prekl\u00e1dky ropy, obilia, olejn\u00edn a v\u00fdrobkov z nich sa uskuto\u010d\u0148uje pomocou modern\u00fdch zariaden\u00ed a technol\u00f3gi\u00ed, ktor\u00e9 zabezpe\u010duj\u00fa r\u00fdchlu a efekt\u00edvnu manipul\u00e1ciu s n\u00e1kladom. Disponujeme vysokokvalifikovan\u00fdm t\u00edmom odborn\u00edkov, ktor\u00ed zabezpe\u010duj\u00fa hladk\u00fd priebeh ka\u017edej f\u00e1zy prekl\u00e1dky a dodr\u017eiavanie najvy\u0161\u0161\u00edch \u0161tandardov kvality. Na\u0161i z\u00e1kazn\u00edci z\u00edskavaj\u00fa nielen kvalitn\u00e9 [&hellip;]<\/p>\n","protected":false},"author":1,"featured_media":0,"parent":5496,"menu_order":0,"comment_status":"closed","ping_status":"closed","template":"","meta":{"_et_pb_use_builder":"on","_et_pb_old_content":"","_et_gb_content_width":"","footnotes":""},"class_list":["post-5511","page","type-page","status-publish","hentry"],"_links":{"self":[{"href":"https:\/\/terch.com.ua\/sk\/wp-json\/wp\/v2\/pages\/5511","targetHints":{"allow":["GET"]}}],"collection":[{"href":"https:\/\/terch.com.ua\/sk\/wp-json\/wp\/v2\/pages"}],"about":[{"href":"https:\/\/terch.com.ua\/sk\/wp-json\/wp\/v2\/types\/page"}],"author":[{"embeddable":true,"href":"https:\/\/terch.com.ua\/sk\/wp-json\/wp\/v2\/users\/1"}],"replies":[{"embeddable":true,"href":"https:\/\/terch.com.ua\/sk\/wp-json\/wp\/v2\/comments?post=5511"}],"version-history":[{"count":1,"href":"https:\/\/terch.com.ua\/sk\/wp-json\/wp\/v2\/pages\/5511\/revisions"}],"predecessor-version":[{"id":5514,"href":"https:\/\/terch.com.ua\/sk\/wp-json\/wp\/v2\/pages\/5511\/revisions\/5514"}],"up":[{"embeddable":true,"href":"https:\/\/terch.com.ua\/sk\/wp-json\/wp\/v2\/pages\/5496"}],"wp:attachment":[{"href":"https:\/\/terch.com.ua\/sk\/wp-json\/wp\/v2\/media?parent=5511"}],"curies":[{"name":"wp","href":"https:\/\/api.w.org\/{rel}","templated":true}]}}