{"id":5508,"date":"2023-09-06T09:50:45","date_gmt":"2023-09-06T06:50:45","guid":{"rendered":"https:\/\/terch.com.ua\/nase-sluzby\/sluzby-plnenia-kontajnerov-s-dalsim-skladovanim\/"},"modified":"2024-04-01T11:45:10","modified_gmt":"2024-04-01T08:45:10","slug":"sluzby-plnenia-kontajnerov-s-dalsim-skladovanim","status":"publish","type":"page","link":"https:\/\/terch.com.ua\/sk\/nase-sluzby\/sluzby-plnenia-kontajnerov-s-dalsim-skladovanim\/","title":{"rendered":"Slu\u017eby plnenia kontajnerov s \u010fal\u0161\u00edm skladovan\u00edm"},"content":{"rendered":"<p>[et_pb_section fb_built=&#8220;1&#8243; custom_padding_last_edited=&#8220;on|phone&#8220; admin_label=&#8220;Hero Section&#8220; _builder_version=&#8220;4.22.1&#8243; _module_preset=&#8220;default&#8220; background_enable_color=&#8220;off&#8220; background_image=&#8220;https:\/\/terch.com.ua\/wp-content\/uploads\/2023\/08\/bg-20.jpg&#8220; custom_margin=&#8220;||||false|false&#8220; custom_padding=&#8220;100px||100px||false|false&#8220; custom_padding_tablet=&#8220;100px||100px||false|false&#8220; custom_padding_phone=&#8220;0px||0px||true|false&#8220; locked=&#8220;off&#8220; collapsed=&#8220;off&#8220; global_colors_info=&#8220;{}&#8220;][et_pb_row custom_padding_last_edited=&#8220;on|phone&#8220; _builder_version=&#8220;4.22.1&#8243; _module_preset=&#8220;default&#8220; custom_padding_tablet=&#8220;&#8220; custom_padding_phone=&#8220;||||false|false&#8220; global_colors_info=&#8220;{}&#8220;][et_pb_column type=&#8220;4_4&#8243; _builder_version=&#8220;4.19.4&#8243; _module_preset=&#8220;default&#8220; global_colors_info=&#8220;{}&#8220;][et_pb_text _builder_version=&#8220;4.22.1&#8243; _dynamic_attributes=&#8220;content&#8220; _module_preset=&#8220;default&#8220; text_font=&#8220;|||on|||||&#8220; text_text_color=&#8220;#ffffff&#8220; text_font_size=&#8220;40px&#8220; text_line_height=&#8220;68px&#8220; text_orientation=&#8220;center&#8220; custom_margin=&#8220;||0px||false|false&#8220; animation_style=&#8220;slide&#8220; animation_direction=&#8220;top&#8220; animation_duration=&#8220;300ms&#8220; text_font_size_tablet=&#8220;30px&#8220; text_font_size_phone=&#8220;30px&#8220; text_font_size_last_edited=&#8220;on|tablet&#8220; header_font_size_tablet=&#8220;&#8220; header_font_size_phone=&#8220;&#8220; header_font_size_last_edited=&#8220;on|phone&#8220; global_colors_info=&#8220;{}&#8220;]@ET-DC@eyJkeW5hbWljIjp0cnVlLCJjb250ZW50IjoicG9zdF90aXRsZSIsInNldHRpbmdzIjp7ImJlZm9yZSI6IiIsImFmdGVyIjoiIn19@[\/et_pb_text][difl_breadcrumbs use_separator_icon=&#8220;on&#8220; separator_font_icon=&#8220;&#x35;||divi||400&#8243; separator_icon_color=&#8220;#FFFFFF&#8220; home_text=&#8220;Domov&#8220; alignment=&#8220;center&#8220; show_on_front_page=&#8220;off&#8220; show_title=&#8220;off&#8220; enable_schema=&#8220;on&#8220; _builder_version=&#8220;4.22.1&#8243; _module_preset=&#8220;default&#8220; pages_font_font=&#8220;||||||||&#8220; pages_font_text_color=&#8220;#FFFFFF&#8220; pages_font_line_height=&#8220;22px&#8220; home_font_font=&#8220;||||||||&#8220; home_font_line_height=&#8220;22px&#8220; animation_style=&#8220;slide&#8220; animation_direction=&#8220;bottom&#8220; animation_duration=&#8220;300ms&#8220; pages_font_font_size_tablet=&#8220;&#8220; pages_font_font_size_phone=&#8220;&#8220; pages_font_font_size_last_edited=&#8220;on|phone&#8220; home_font_font_size_tablet=&#8220;&#8220; home_font_font_size_phone=&#8220;&#8220; home_font_font_size_last_edited=&#8220;on|phone&#8220; global_colors_info=&#8220;{}&#8220;][\/difl_breadcrumbs][\/et_pb_column][\/et_pb_row][\/et_pb_section][et_pb_section fb_built=&#8220;1&#8243; custom_padding_last_edited=&#8220;on|phone&#8220; admin_label=&#8220;Body Section&#8220; _builder_version=&#8220;4.22.1&#8243; _module_preset=&#8220;default&#8220; background_color=&#8220;#fafbff&#8220; custom_margin_tablet=&#8220;&#8220; custom_margin_phone=&#8220;||0px||false|false&#8220; custom_margin_last_edited=&#8220;on|phone&#8220; custom_padding_tablet=&#8220;&#8220; custom_padding_phone=&#8220;||0px||false|false&#8220; locked=&#8220;off&#8220; collapsed=&#8220;off&#8220; global_colors_info=&#8220;{}&#8220;][et_pb_row column_structure=&#8220;3_5,2_5&#8243; custom_padding_last_edited=&#8220;on|phone&#8220; disabled_on=&#8220;off|off|off&#8220; _builder_version=&#8220;4.22.1&#8243; _module_preset=&#8220;default&#8220; background_enable_image=&#8220;off&#8220; custom_padding_tablet=&#8220;&#8220; custom_padding_phone=&#8220;||||false|false&#8220; global_colors_info=&#8220;{}&#8220;][et_pb_column type=&#8220;3_5&#8243; _builder_version=&#8220;4.19.4&#8243; _module_preset=&#8220;default&#8220; custom_padding=&#8220;||||false|false&#8220; global_colors_info=&#8220;{}&#8220;][et_pb_blurb content_max_width=&#8220;100%&#8220; disabled_on=&#8220;off|off|off&#8220; _builder_version=&#8220;4.22.1&#8243; _module_preset=&#8220;default&#8220; header_font=&#8220;Nunito Sans|700|||||||&#8220; header_text_color=&#8220;#222222&#8243; header_font_size=&#8220;24px&#8220; header_line_height=&#8220;29px&#8220; body_font=&#8220;|300|||||||&#8220; body_line_height=&#8220;24px&#8220; global_colors_info=&#8220;{}&#8220;]<\/p>\n<p>Na\u0161a spolo\u010dnos\u0165 pon\u00faka komplexn\u00e9 slu\u017eby v oblasti plnenia r\u00f4znych typov kontajnerov v\u00fdrobkami, ako aj skladovania zabalen\u00fdch v\u00fdrobkov v spo\u013eahliv\u00fdch a modern\u00fdch skladoch. T\u00e1to schopnos\u0165 m\u00e1 pre mnoh\u00e9 podniky ve\u013ek\u00fd v\u00fdznam, preto\u017ee im umo\u017e\u0148uje efekt\u00edvne organizova\u0165 logistiku a s\u00fastredi\u0165 sa na hlavn\u00e9 aspekty v\u00fdroby a podnikania. <\/p>\n<p>Na\u0161i odborn\u00edci pristupuj\u00fa ku ka\u017ed\u00e9mu projektu individu\u00e1lne a podrobne analyzuj\u00fa potreby a po\u017eiadavky klienta. Pon\u00fakame r\u00f4zne mo\u017enosti plnenia n\u00e1dob, od automatizovan\u00fdch syst\u00e9mov a\u017e po ru\u010dn\u00e9 plnenie, \u010do n\u00e1m umo\u017e\u0148uje zoh\u013eadni\u0165 \u0161pecifik\u00e1 v\u00fdrobku a splni\u0165 najvy\u0161\u0161ie \u0161tandardy kvality. <\/p>\n<p>Jednou z hlavn\u00fdch v\u00fdhod na\u0161ich slu\u017eieb je mo\u017enos\u0165 skladova\u0165 balen\u00e9 v\u00fdrobky. Na tento \u00fa\u010del pon\u00fakame modern\u00e9 sklady vybaven\u00e9 \u0161pi\u010dkov\u00fdm technologick\u00fdm vybaven\u00edm, ktor\u00e9 n\u00e1m umo\u017e\u0148uje vytvori\u0165 optim\u00e1lne podmienky na udr\u017eanie kvality v\u00fdrobkov po\u010das dlh\u00e9ho obdobia. <\/p>\n<p>N\u00e1\u0161 t\u00edm odborn\u00edkov monitoruje podmienky skladovania a vykon\u00e1va pravideln\u00e9 kontroly, aby zabezpe\u010dil kvalitu a bezpe\u010dnos\u0165 v\u00fdrobkov. Starostlivo dodr\u017eiavame v\u0161etky bezpe\u010dnostn\u00e9 po\u017eiadavky a normy, \u010do zaru\u010duje bezpe\u010dnos\u0165 a ochranu va\u0161ich v\u00fdrobkov. <\/p>\n<p>Na\u0161a spolo\u010dnos\u0165 sa sna\u017e\u00ed poskytova\u0165 z\u00e1kazn\u00edkom slu\u017eby na vysokej \u00farovni. Poskytujeme flexibiln\u00e9 rie\u0161enia a individu\u00e1lny pr\u00edstup ku ka\u017ed\u00e9mu projektu, \u010do n\u00e1m umo\u017e\u0148uje zabezpe\u010di\u0165 optim\u00e1lne podmienky na skladovanie r\u00f4znych druhov v\u00fdrobkov. <\/p>\n<p>Okrem toho na\u0161a spolo\u010dnos\u0165 pozorne sleduje v\u00fdvoj technol\u00f3gi\u00ed a inov\u00e1ci\u00ed v oblasti skladovania a logistiky. Zav\u00e1dzame modern\u00e9 technol\u00f3gie na zabezpe\u010denie optim\u00e1lnych skladovac\u00edch podmienok a najefekt\u00edvnej\u0161\u00edch met\u00f3d plnenia kontajnerov. Na\u0161e sklady s\u00fa vybaven\u00e9 modern\u00fdmi syst\u00e9mami kontroly teploty, vlhkosti a vzduchu, ktor\u00e9 zabezpe\u010duj\u00fa ide\u00e1lne podmienky skladovania.  <\/p>\n<p>[\/et_pb_blurb][difl_advanced_blurb title=&#8220;M\u00e1te nejak\u00e9 ot\u00e1zky?&#8220; sub_title=&#8220; Vypl\u0148te formul\u00e1r \u017eiadosti a po\u0161lite n\u00e1m ho, odpovieme v\u00e1m \u010do najsk\u00f4r.&#8220; button_text=&#8220;Odosla\u0165 \u017eiados\u0165&#8220; button_url=&#8220;#&#8220; blurb_icon=&#8220;&#x74;||divi||400&#8243; image_icon_container_position=&#8220;outside&#8220; image_placement=&#8220;flex_left&#8220; image_icon_item_align=&#8220;center&#8220; _builder_version=&#8220;4.22.1&#8243; _module_preset=&#8220;27a26ff8-77c3-4c32-8a97-1330a17f096e&#8220; custom_margin_tablet=&#8220;&#8220; custom_margin_phone=&#8220;||||false|false&#8220; custom_margin_last_edited=&#8220;on|desktop&#8220; locked=&#8220;off&#8220; global_colors_info=&#8220;{}&#8220;][\/difl_advanced_blurb][\/et_pb_column][et_pb_column type=&#8220;2_5&#8243; disabled_on=&#8220;on|on|off&#8220; _builder_version=&#8220;4.22.1&#8243; _module_preset=&#8220;default&#8220; background_image=&#8220;https:\/\/terch.com.ua\/wp-content\/uploads\/070923-01.jpg&#8220; custom_padding=&#8220;450px||450px||true|false&#8220; animation_style=&#8220;fold&#8220; global_colors_info=&#8220;{}&#8220;][\/et_pb_column][\/et_pb_row][\/et_pb_section]<\/p>\n","protected":false},"excerpt":{"rendered":"<p><div class=\"et_pb_module difl_breadcrumbs difl_breadcrumbs_0 et_animated\">\n\t\t\t\t\n\t\t\t\t\n\t\t\t\t\n\t\t\t\t\n\t\t\t\t\n\t\t\t\t\n\t\t\t\t<div class=\"et_pb_module_inner\">\n\t\t\t\t\t<div class=\"df_breadcrumbs_container\">\r\n                             <script type=\"application\/ld+json\">{\"@context\":\"https:\\\/\\\/schema.org\\\/\",\"@type\":\"BreadcrumbList\",\"itemListElement\":[{\"@type\":\"ListItem\",\"position\":1,\"name\":\"Domov\",\"item\":\"https:\\\/\\\/terch.com.ua\\\/sk\\\/\"}]}<\/script>\r\n                            <div class=\"df_breadcrumbs_wrapper\">\r\n                                <ul class=\"df-breadcrumbs\"><li class=\"df-breadcrumbs-item df-breadcrumbs-start\"><a href=\"https:\/\/terch.com.ua\/sk\/\"  rel=\"home\"><span class=\"df-breadcrumbs-text\">  Domov <\/span><\/a><\/li><\/ul>\r\n                            <\/div>\r\n\r\n                        <\/div>\n\t\t\t\t<\/div>\n\t\t\t<\/div>Na\u0161a spolo\u010dnos\u0165 pon\u00faka komplexn\u00e9 slu\u017eby v oblasti plnenia r\u00f4znych typov kontajnerov v\u00fdrobkami, ako aj skladovania zabalen\u00fdch v\u00fdrobkov v spo\u013eahliv\u00fdch a modern\u00fdch skladoch. T\u00e1to schopnos\u0165 m\u00e1 pre mnoh\u00e9 podniky ve\u013ek\u00fd v\u00fdznam, preto\u017ee im umo\u017e\u0148uje efekt\u00edvne organizova\u0165 logistiku a s\u00fastredi\u0165 sa na hlavn\u00e9 aspekty v\u00fdroby a podnikania. Na\u0161i odborn\u00edci pristupuj\u00fa ku ka\u017ed\u00e9mu projektu individu\u00e1lne a podrobne analyzuj\u00fa potreby a po\u017eiadavky klienta. Pon\u00fakame r\u00f4zne mo\u017enosti plnenia n\u00e1dob, od automatizovan\u00fdch syst\u00e9mov a\u017e po ru\u010dn\u00e9 plnenie, \u010do n\u00e1m umo\u017e\u0148uje zoh\u013eadni\u0165 \u0161pecifik\u00e1 v\u00fdrobku a splni\u0165 najvy\u0161\u0161ie \u0161tandardy kvality. Jednou z hlavn\u00fdch v\u00fdhod na\u0161ich slu\u017eieb je mo\u017enos\u0165 skladova\u0165 balen\u00e9 v\u00fdrobky. Na tento \u00fa\u010del pon\u00fakame modern\u00e9 sklady vybaven\u00e9 \u0161pi\u010dkov\u00fdm technologick\u00fdm vybaven\u00edm, ktor\u00e9 n\u00e1m umo\u017e\u0148uje vytvori\u0165 optim\u00e1lne podmienky na udr\u017eanie kvality v\u00fdrobkov po\u010das dlh\u00e9ho obdobia. N\u00e1\u0161 t\u00edm odborn\u00edkov monitoruje podmienky skladovania a vykon\u00e1va pravideln\u00e9 kontroly, aby zabezpe\u010dil kvalitu a bezpe\u010dnos\u0165 v\u00fdrobkov. Starostlivo dodr\u017eiavame v\u0161etky bezpe\u010dnostn\u00e9 po\u017eiadavky a normy, \u010do zaru\u010duje bezpe\u010dnos\u0165 a ochranu va\u0161ich v\u00fdrobkov. Na\u0161a spolo\u010dnos\u0165 sa sna\u017e\u00ed poskytova\u0165 z\u00e1kazn\u00edkom slu\u017eby na vysokej \u00farovni. Poskytujeme flexibiln\u00e9 rie\u0161enia a individu\u00e1lny pr\u00edstup ku ka\u017ed\u00e9mu projektu, \u010do n\u00e1m umo\u017e\u0148uje zabezpe\u010di\u0165 optim\u00e1lne podmienky na skladovanie r\u00f4znych druhov [&hellip;]<\/p>\n","protected":false},"author":1,"featured_media":0,"parent":5496,"menu_order":0,"comment_status":"closed","ping_status":"closed","template":"","meta":{"_et_pb_use_builder":"on","_et_pb_old_content":"","_et_gb_content_width":"","footnotes":""},"class_list":["post-5508","page","type-page","status-publish","hentry"],"_links":{"self":[{"href":"https:\/\/terch.com.ua\/sk\/wp-json\/wp\/v2\/pages\/5508","targetHints":{"allow":["GET"]}}],"collection":[{"href":"https:\/\/terch.com.ua\/sk\/wp-json\/wp\/v2\/pages"}],"about":[{"href":"https:\/\/terch.com.ua\/sk\/wp-json\/wp\/v2\/types\/page"}],"author":[{"embeddable":true,"href":"https:\/\/terch.com.ua\/sk\/wp-json\/wp\/v2\/users\/1"}],"replies":[{"embeddable":true,"href":"https:\/\/terch.com.ua\/sk\/wp-json\/wp\/v2\/comments?post=5508"}],"version-history":[{"count":8,"href":"https:\/\/terch.com.ua\/sk\/wp-json\/wp\/v2\/pages\/5508\/revisions"}],"predecessor-version":[{"id":5521,"href":"https:\/\/terch.com.ua\/sk\/wp-json\/wp\/v2\/pages\/5508\/revisions\/5521"}],"up":[{"embeddable":true,"href":"https:\/\/terch.com.ua\/sk\/wp-json\/wp\/v2\/pages\/5496"}],"wp:attachment":[{"href":"https:\/\/terch.com.ua\/sk\/wp-json\/wp\/v2\/media?parent=5508"}],"curies":[{"name":"wp","href":"https:\/\/api.w.org\/{rel}","templated":true}]}}