{"id":5505,"date":"2023-09-06T09:52:28","date_gmt":"2023-09-06T06:52:28","guid":{"rendered":"https:\/\/terch.com.ua\/nase-sluzby\/laboratorne-testy-a-sluzby\/"},"modified":"2024-04-01T11:07:01","modified_gmt":"2024-04-01T08:07:01","slug":"laboratorne-testy-a-sluzby","status":"publish","type":"page","link":"https:\/\/terch.com.ua\/sk\/nase-sluzby\/laboratorne-testy-a-sluzby\/","title":{"rendered":"Laborat\u00f3rne testy a slu\u017eby"},"content":{"rendered":"<p>[et_pb_section fb_built=&#8220;1&#8243; custom_padding_last_edited=&#8220;on|phone&#8220; admin_label=&#8220;Hero Section&#8220; _builder_version=&#8220;4.22.1&#8243; _module_preset=&#8220;default&#8220; background_enable_color=&#8220;off&#8220; background_image=&#8220;https:\/\/terch.com.ua\/wp-content\/uploads\/2023\/08\/bg-20.jpg&#8220; custom_margin=&#8220;||||false|false&#8220; custom_padding=&#8220;100px||100px||false|false&#8220; custom_padding_tablet=&#8220;100px||100px||false|false&#8220; custom_padding_phone=&#8220;0px||0px||true|false&#8220; locked=&#8220;off&#8220; collapsed=&#8220;off&#8220; global_colors_info=&#8220;{}&#8220;][et_pb_row _builder_version=&#8220;4.19.4&#8243; _module_preset=&#8220;default&#8220; global_colors_info=&#8220;{}&#8220;][et_pb_column type=&#8220;4_4&#8243; _builder_version=&#8220;4.19.4&#8243; _module_preset=&#8220;default&#8220; global_colors_info=&#8220;{}&#8220;][et_pb_text _builder_version=&#8220;4.22.1&#8243; _dynamic_attributes=&#8220;content&#8220; _module_preset=&#8220;default&#8220; text_font=&#8220;|||on|||||&#8220; text_text_color=&#8220;#ffffff&#8220; text_font_size=&#8220;40px&#8220; text_line_height=&#8220;68px&#8220; text_orientation=&#8220;center&#8220; custom_margin=&#8220;||0px||false|false&#8220; hover_enabled=&#8220;0&#8243; text_font_size_tablet=&#8220;30px&#8220; text_font_size_phone=&#8220;30px&#8220; text_font_size_last_edited=&#8220;on|tablet&#8220; global_colors_info=&#8220;{}&#8220; animation_style=&#8220;slide&#8220; animation_direction=&#8220;top&#8220; animation_duration=&#8220;300ms&#8220; sticky_enabled=&#8220;0&#8243;]@ET-DC@eyJkeW5hbWljIjp0cnVlLCJjb250ZW50IjoicG9zdF90aXRsZSIsInNldHRpbmdzIjp7ImJlZm9yZSI6IiIsImFmdGVyIjoiIn19@[\/et_pb_text][difl_breadcrumbs use_separator_icon=&#8220;on&#8220; separator_font_icon=&#8220;&#x35;||divi||400&#8243; separator_icon_color=&#8220;#FFFFFF&#8220; home_text=&#8220;Domov&#8220; alignment=&#8220;center&#8220; show_on_front_page=&#8220;off&#8220; show_title=&#8220;off&#8220; enable_schema=&#8220;on&#8220; _builder_version=&#8220;4.22.1&#8243; _module_preset=&#8220;default&#8220; pages_font_font=&#8220;Nunito Sans|600|||||||&#8220; pages_font_text_color=&#8220;#FFFFFF&#8220; pages_font_line_height=&#8220;22px&#8220; home_font_font=&#8220;Nunito Sans|700|||||||&#8220; home_font_line_height=&#8220;22px&#8220; hover_enabled=&#8220;0&#8243; global_colors_info=&#8220;{}&#8220; animation_style=&#8220;slide&#8220; animation_direction=&#8220;bottom&#8220; animation_duration=&#8220;300ms&#8220; sticky_enabled=&#8220;0&#8243;][\/difl_breadcrumbs][\/et_pb_column][\/et_pb_row][\/et_pb_section][et_pb_section fb_built=&#8220;1&#8243; custom_padding_last_edited=&#8220;on|phone&#8220; admin_label=&#8220;Body Section&#8220; _builder_version=&#8220;4.22.1&#8243; _module_preset=&#8220;default&#8220; background_color=&#8220;#fafbff&#8220; custom_margin_tablet=&#8220;&#8220; custom_margin_phone=&#8220;||0px||false|false&#8220; custom_margin_last_edited=&#8220;on|phone&#8220; custom_padding_tablet=&#8220;&#8220; custom_padding_phone=&#8220;||0px||false|false&#8220; locked=&#8220;off&#8220; collapsed=&#8220;off&#8220; global_colors_info=&#8220;{}&#8220;][et_pb_row column_structure=&#8220;3_5,2_5&#8243; disabled_on=&#8220;off|off|off&#8220; _builder_version=&#8220;4.22.1&#8243; _module_preset=&#8220;default&#8220; background_enable_image=&#8220;off&#8220; global_colors_info=&#8220;{}&#8220;][et_pb_column type=&#8220;3_5&#8243; _builder_version=&#8220;4.19.4&#8243; _module_preset=&#8220;default&#8220; custom_padding=&#8220;||||false|false&#8220; global_colors_info=&#8220;{}&#8220;][et_pb_blurb content_max_width=&#8220;100%&#8220; disabled_on=&#8220;off|off|off&#8220; _builder_version=&#8220;4.22.1&#8243; _module_preset=&#8220;default&#8220; header_font=&#8220;Nunito Sans|700|||||||&#8220; header_text_color=&#8220;#222222&#8243; header_font_size=&#8220;24px&#8220; header_line_height=&#8220;29px&#8220; body_font=&#8220;|300|||||||&#8220; body_line_height=&#8220;24px&#8220; global_colors_info=&#8220;{}&#8220;]<\/p>\n<p>Na\u0161a spolo\u010dnos\u0165 pon\u00faka \u0161irok\u00fa \u0161k\u00e1lu laborat\u00f3rnych testov a slu\u017eieb zameran\u00fdch na zabezpe\u010denie kontroly kvality v\u00fdrobkov. Uvedomujeme si, \u017ee kvalita v\u00fdrobkov zohr\u00e1va v podnikan\u00ed k\u013e\u00fa\u010dov\u00fa \u00falohu, preto si kladieme vysok\u00e9 n\u00e1roky a poskytujeme spo\u013eahliv\u00e9 a presn\u00e9 laborat\u00f3rne v\u00fdsledky. <\/p>\n<p>Na\u0161e laborat\u00f3rium je vybaven\u00e9 modern\u00fdmi pr\u00edstrojmi a zariadeniami, ktor\u00e9 n\u00e1m umo\u017e\u0148uj\u00fa vykon\u00e1va\u0165 r\u00f4zne testy s ve\u013ekou presnos\u0165ou a spo\u013eahlivos\u0165ou. M\u00e1me t\u00edm sk\u00fasen\u00fdch laborat\u00f3rnych technikov a odborn\u00edkov, ktor\u00ed maj\u00fa hlbok\u00e9 znalosti a profesion\u00e1lne sk\u00fasenosti vo svojom odbore. Anal\u00fdzy a \u0161t\u00fadie vykon\u00e1vaj\u00fa s najvy\u0161\u0161\u00edmi \u0161tandardmi kvality a bezpe\u010dnosti.  <\/p>\n<p>Poskytujeme fyzik\u00e1lno-chemick\u00fd, biochemick\u00fd, mikrobiologick\u00fd a in\u00e9 typy v\u00fdskumu, ktor\u00e9 pom\u00e1haj\u00fa ur\u010di\u0165 kvalitu v\u00fdrobku, identifikova\u0165 mo\u017en\u00e9 chyby a splni\u0165 normy kvality. Na\u0161i klienti sa m\u00f4\u017eu spo\u013eahn\u00fa\u0165 na profesion\u00e1lny a individu\u00e1lny pr\u00edstup ku ka\u017edej \u0161t\u00fadii. <\/p>\n<p>Na\u0161e laborat\u00f3rium pracuje v s\u00falade so \u0161tandardmi a normami kvality, \u010do n\u00e1m umo\u017e\u0148uje poskytova\u0165 spo\u013eahliv\u00e9 a presn\u00e9 v\u00fdsledky testov. Sme tie\u017e schopn\u00ed vyvin\u00fa\u0165 a implementova\u0165 prisp\u00f4soben\u00e9 a \u0161pecializovan\u00e9 testovacie met\u00f3dy, ak si to vy\u017eaduj\u00fa \u0161pecifik\u00e1 v\u00fdrobkov klienta. <\/p>\n<p>[\/et_pb_blurb][difl_advanced_blurb title=&#8220;M\u00e1te nejak\u00e9 ot\u00e1zky?&#8220; sub_title=&#8220; Vypl\u0148te formul\u00e1r \u017eiadosti a po\u0161lite n\u00e1m ho, odpovieme v\u00e1m \u010do najsk\u00f4r.&#8220; button_text=&#8220;Odosla\u0165 \u017eiados\u0165&#8220; button_url=&#8220;#&#8220; blurb_icon=&#8220;&#x74;||divi||400&#8243; image_icon_container_position=&#8220;outside&#8220; image_placement=&#8220;flex_left&#8220; image_icon_item_align=&#8220;center&#8220; _builder_version=&#8220;4.22.1&#8243; _module_preset=&#8220;27a26ff8-77c3-4c32-8a97-1330a17f096e&#8220; custom_margin_tablet=&#8220;&#8220; custom_margin_phone=&#8220;||||false|false&#8220; custom_margin_last_edited=&#8220;on|desktop&#8220; locked=&#8220;off&#8220; global_colors_info=&#8220;{}&#8220;][\/difl_advanced_blurb][\/et_pb_column][et_pb_column type=&#8220;2_5&#8243; disabled_on=&#8220;on|on|off&#8220; _builder_version=&#8220;4.22.1&#8243; _module_preset=&#8220;default&#8220; background_image=&#8220;https:\/\/terch.com.ua\/wp-content\/uploads\/070923-03.jpg&#8220; custom_padding=&#8220;400px||400px||true|false&#8220; animation_style=&#8220;fold&#8220; global_colors_info=&#8220;{}&#8220;][\/et_pb_column][\/et_pb_row][\/et_pb_section]<\/p>\n","protected":false},"excerpt":{"rendered":"<p><div class=\"et_pb_module difl_breadcrumbs difl_breadcrumbs_0 et_animated\">\n\t\t\t\t\n\t\t\t\t\n\t\t\t\t\n\t\t\t\t\n\t\t\t\t\n\t\t\t\t\n\t\t\t\t<div class=\"et_pb_module_inner\">\n\t\t\t\t\t<div class=\"df_breadcrumbs_container\">\r\n                             <script type=\"application\/ld+json\">{\"@context\":\"https:\\\/\\\/schema.org\\\/\",\"@type\":\"BreadcrumbList\",\"itemListElement\":[{\"@type\":\"ListItem\",\"position\":1,\"name\":\"Domov\",\"item\":\"https:\\\/\\\/terch.com.ua\\\/sk\\\/\"}]}<\/script>\r\n                            <div class=\"df_breadcrumbs_wrapper\">\r\n                                <ul class=\"df-breadcrumbs\"><li class=\"df-breadcrumbs-item df-breadcrumbs-start\"><a href=\"https:\/\/terch.com.ua\/sk\/\"  rel=\"home\"><span class=\"df-breadcrumbs-text\">  Domov <\/span><\/a><\/li><\/ul>\r\n                            <\/div>\r\n\r\n                        <\/div>\n\t\t\t\t<\/div>\n\t\t\t<\/div>Na\u0161a spolo\u010dnos\u0165 pon\u00faka \u0161irok\u00fa \u0161k\u00e1lu laborat\u00f3rnych testov a slu\u017eieb zameran\u00fdch na zabezpe\u010denie kontroly kvality v\u00fdrobkov. Uvedomujeme si, \u017ee kvalita v\u00fdrobkov zohr\u00e1va v podnikan\u00ed k\u013e\u00fa\u010dov\u00fa \u00falohu, preto si kladieme vysok\u00e9 n\u00e1roky a poskytujeme spo\u013eahliv\u00e9 a presn\u00e9 laborat\u00f3rne v\u00fdsledky. Na\u0161e laborat\u00f3rium je vybaven\u00e9 modern\u00fdmi pr\u00edstrojmi a zariadeniami, ktor\u00e9 n\u00e1m umo\u017e\u0148uj\u00fa vykon\u00e1va\u0165 r\u00f4zne testy s ve\u013ekou presnos\u0165ou a spo\u013eahlivos\u0165ou. M\u00e1me t\u00edm sk\u00fasen\u00fdch laborat\u00f3rnych technikov a odborn\u00edkov, ktor\u00ed maj\u00fa hlbok\u00e9 znalosti a profesion\u00e1lne sk\u00fasenosti vo svojom odbore. Anal\u00fdzy a \u0161t\u00fadie vykon\u00e1vaj\u00fa s najvy\u0161\u0161\u00edmi \u0161tandardmi kvality a bezpe\u010dnosti. Poskytujeme fyzik\u00e1lno-chemick\u00fd, biochemick\u00fd, mikrobiologick\u00fd a in\u00e9 typy v\u00fdskumu, ktor\u00e9 pom\u00e1haj\u00fa ur\u010di\u0165 kvalitu v\u00fdrobku, identifikova\u0165 mo\u017en\u00e9 chyby a splni\u0165 normy kvality. Na\u0161i klienti sa m\u00f4\u017eu spo\u013eahn\u00fa\u0165 na profesion\u00e1lny a individu\u00e1lny pr\u00edstup ku ka\u017edej \u0161t\u00fadii. Na\u0161e laborat\u00f3rium pracuje v s\u00falade so \u0161tandardmi a normami kvality, \u010do n\u00e1m umo\u017e\u0148uje poskytova\u0165 spo\u013eahliv\u00e9 a presn\u00e9 v\u00fdsledky testov. Sme tie\u017e schopn\u00ed vyvin\u00fa\u0165 a implementova\u0165 prisp\u00f4soben\u00e9 a \u0161pecializovan\u00e9 testovacie met\u00f3dy, ak si to vy\u017eaduj\u00fa \u0161pecifik\u00e1 v\u00fdrobkov klienta. <div class=\"et_pb_module difl_advanced_blurb difl_advanced_blurb_0\">\n\t\t\t\t\n\t\t\t\t\n\t\t\t\t\n\t\t\t\t\n\t\t\t\t\n\t\t\t\t\n\t\t\t\t<div class=\"et_pb_module_inner\">\n\t\t\t\t\t<div class=\"df_ab_blurb_container\"> <div class=\"df_ab_blurb_content_container\"><div class=\"df_ab_blurb_image image placement_image_&#8220;flex_left&#8220;\"><\/div> <h3  class=\"df_ab_blurb_title\">&#8220;M\u00e1te<\/h3 > <h4  class=\"df_ab_blurb_sub_title\">&#8220;<\/h4 >  <div class=\"df_ab_blurb_button_wrapper\">\r\n                                <a href=\"http:\/\/&#8220;#&#8220;\"  class=\"df_ab_blurb_button\" data-icon=\"5\"> <span>&#8220;Odosla\u0165<\/span> <\/a>\r\n                            <\/div> <\/div><\/div>\n\t\t\t\t<\/div>\n\t\t\t<\/div><\/p>\n","protected":false},"author":1,"featured_media":0,"parent":5496,"menu_order":0,"comment_status":"closed","ping_status":"closed","template":"","meta":{"_et_pb_use_builder":"on","_et_pb_old_content":"","_et_gb_content_width":"","footnotes":""},"class_list":["post-5505","page","type-page","status-publish","hentry"],"_links":{"self":[{"href":"https:\/\/terch.com.ua\/sk\/wp-json\/wp\/v2\/pages\/5505","targetHints":{"allow":["GET"]}}],"collection":[{"href":"https:\/\/terch.com.ua\/sk\/wp-json\/wp\/v2\/pages"}],"about":[{"href":"https:\/\/terch.com.ua\/sk\/wp-json\/wp\/v2\/types\/page"}],"author":[{"embeddable":true,"href":"https:\/\/terch.com.ua\/sk\/wp-json\/wp\/v2\/users\/1"}],"replies":[{"embeddable":true,"href":"https:\/\/terch.com.ua\/sk\/wp-json\/wp\/v2\/comments?post=5505"}],"version-history":[{"count":2,"href":"https:\/\/terch.com.ua\/sk\/wp-json\/wp\/v2\/pages\/5505\/revisions"}],"predecessor-version":[{"id":5507,"href":"https:\/\/terch.com.ua\/sk\/wp-json\/wp\/v2\/pages\/5505\/revisions\/5507"}],"up":[{"embeddable":true,"href":"https:\/\/terch.com.ua\/sk\/wp-json\/wp\/v2\/pages\/5496"}],"wp:attachment":[{"href":"https:\/\/terch.com.ua\/sk\/wp-json\/wp\/v2\/media?parent=5505"}],"curies":[{"name":"wp","href":"https:\/\/api.w.org\/{rel}","templated":true}]}}