{"id":5502,"date":"2023-09-06T04:49:03","date_gmt":"2023-09-06T01:49:03","guid":{"rendered":"https:\/\/terch.com.ua\/nase-sluzby\/kontajnerova-plosina-pre-naklad\/"},"modified":"2024-04-01T11:02:11","modified_gmt":"2024-04-01T08:02:11","slug":"kontajnerova-plosina-pre-naklad","status":"publish","type":"page","link":"https:\/\/terch.com.ua\/sk\/nase-sluzby\/kontajnerova-plosina-pre-naklad\/","title":{"rendered":"Kontajnerov\u00e1 plo\u0161ina pre n\u00e1klad"},"content":{"rendered":"<p>[et_pb_section fb_built=&#8220;1&#8243; custom_padding_last_edited=&#8220;on|phone&#8220; admin_label=&#8220;Hero Section&#8220; _builder_version=&#8220;4.22.1&#8243; _module_preset=&#8220;default&#8220; background_enable_color=&#8220;off&#8220; background_image=&#8220;https:\/\/terch.com.ua\/wp-content\/uploads\/2023\/08\/bg-20.jpg&#8220; custom_margin=&#8220;||||false|false&#8220; custom_padding=&#8220;100px||100px||false|false&#8220; custom_padding_tablet=&#8220;100px||100px||false|false&#8220; custom_padding_phone=&#8220;0px||0px||true|false&#8220; locked=&#8220;off&#8220; collapsed=&#8220;off&#8220; global_colors_info=&#8220;{}&#8220;][et_pb_row _builder_version=&#8220;4.19.4&#8243; _module_preset=&#8220;default&#8220; global_colors_info=&#8220;{}&#8220;][et_pb_column type=&#8220;4_4&#8243; _builder_version=&#8220;4.19.4&#8243; _module_preset=&#8220;default&#8220; global_colors_info=&#8220;{}&#8220;][et_pb_text _builder_version=&#8220;4.22.1&#8243; _dynamic_attributes=&#8220;content&#8220; _module_preset=&#8220;default&#8220; text_font=&#8220;|||on|||||&#8220; text_text_color=&#8220;#ffffff&#8220; text_font_size=&#8220;40px&#8220; text_line_height=&#8220;68px&#8220; text_orientation=&#8220;center&#8220; custom_margin=&#8220;||0px||false|false&#8220; animation_style=&#8220;slide&#8220; animation_direction=&#8220;top&#8220; animation_duration=&#8220;300ms&#8220; text_font_size_tablet=&#8220;30px&#8220; text_font_size_phone=&#8220;30px&#8220; text_font_size_last_edited=&#8220;on|tablet&#8220; global_colors_info=&#8220;{}&#8220;]@ET-DC@eyJkeW5hbWljIjp0cnVlLCJjb250ZW50IjoicG9zdF90aXRsZSIsInNldHRpbmdzIjp7ImJlZm9yZSI6IiIsImFmdGVyIjoiIn19@[\/et_pb_text][difl_breadcrumbs use_separator_icon=&#8220;on&#8220; separator_font_icon=&#8220;&#x35;||divi||400&#8243; separator_icon_color=&#8220;#FFFFFF&#8220; home_text=&#8220;Domov&#8220; alignment=&#8220;center&#8220; show_on_front_page=&#8220;off&#8220; show_title=&#8220;off&#8220; enable_schema=&#8220;on&#8220; _builder_version=&#8220;4.22.1&#8243; _module_preset=&#8220;default&#8220; pages_font_font=&#8220;Nunito Sans|600|||||||&#8220; pages_font_text_color=&#8220;#FFFFFF&#8220; pages_font_line_height=&#8220;22px&#8220; home_font_font=&#8220;|700|||||||&#8220; home_font_line_height=&#8220;22px&#8220; animation_style=&#8220;slide&#8220; animation_direction=&#8220;bottom&#8220; animation_duration=&#8220;300ms&#8220; global_colors_info=&#8220;{}&#8220;][\/difl_breadcrumbs][\/et_pb_column][\/et_pb_row][\/et_pb_section][et_pb_section fb_built=&#8220;1&#8243; custom_padding_last_edited=&#8220;on|phone&#8220; admin_label=&#8220;Body Section&#8220; _builder_version=&#8220;4.22.1&#8243; _module_preset=&#8220;default&#8220; background_color=&#8220;#fafbff&#8220; custom_margin_tablet=&#8220;&#8220; custom_margin_phone=&#8220;||0px||false|false&#8220; custom_margin_last_edited=&#8220;on|phone&#8220; custom_padding_tablet=&#8220;&#8220; custom_padding_phone=&#8220;||0px||false|false&#8220; locked=&#8220;off&#8220; collapsed=&#8220;off&#8220; global_colors_info=&#8220;{}&#8220;][et_pb_row column_structure=&#8220;3_5,2_5&#8243; disabled_on=&#8220;off|off|off&#8220; _builder_version=&#8220;4.22.1&#8243; _module_preset=&#8220;default&#8220; background_enable_image=&#8220;off&#8220; global_colors_info=&#8220;{}&#8220;][et_pb_column type=&#8220;3_5&#8243; _builder_version=&#8220;4.19.4&#8243; _module_preset=&#8220;default&#8220; custom_padding=&#8220;||||false|false&#8220; global_colors_info=&#8220;{}&#8220;][et_pb_blurb content_max_width=&#8220;100%&#8220; disabled_on=&#8220;off|off|off&#8220; _builder_version=&#8220;4.22.2&#8243; _module_preset=&#8220;default&#8220; header_font=&#8220;Nunito Sans|700|||||||&#8220; header_text_color=&#8220;#222222&#8243; header_font_size=&#8220;24px&#8220; header_line_height=&#8220;29px&#8220; body_font=&#8220;|300|||||||&#8220; body_line_height=&#8220;24px&#8220; hover_enabled=&#8220;0&#8243; global_colors_info=&#8220;{}&#8220; sticky_enabled=&#8220;0&#8243;]<\/p>\n<p>N\u00e1\u0161 kontajnerov\u00fd sklad je modern\u00fdm rie\u0161en\u00edm na skladovanie a manipul\u00e1ciu s n\u00e1kladom v n\u00e1morn\u00fdch kontajneroch. Poskytujeme cel\u00fd rad slu\u017eieb vr\u00e1tane prijatia kontajnera, bezpe\u010dn\u00e9ho uskladnenia, efekt\u00edvneho skladovania a prepravy. <\/p>\n<p>Na\u0161e kontajnerov\u00e9 stojisko je vybaven\u00e9 modernou infra\u0161trukt\u00farou, ktor\u00e1 zabezpe\u010duje maxim\u00e1lnu bezpe\u010dnos\u0165 a ochranu n\u00e1kladu. Ch\u00e1peme v\u00fdznam efekt\u00edvnej logistiky pre na\u0161ich z\u00e1kazn\u00edkov a sna\u017e\u00edme sa poskytova\u0165 optim\u00e1lne podmienky na manipul\u00e1ciu s kontajnermi a n\u00e1kladom. <\/p>\n<p>Na\u0161a infra\u0161trukt\u00fara zah\u0155\u0148a:<\/p>\n<ul>\n<li>Port\u00e1lov\u00fd \u017eeriav KS-50 s nosnos\u0165ou 50 t<\/li>\n<li>Otvoren\u00fd kontajnerov\u00fd priestor s kapacitou 500 TEU<\/li>\n<\/ul>\n<p>N\u00e1\u0161 t\u00edm profesion\u00e1lov sa venuje kontrole a organiz\u00e1cii toku kontajnerov, aby zabezpe\u010dil ich v\u010dasn\u00e9 umiestnenie a prepravu. Sme presved\u010den\u00ed, \u017ee na\u0161e slu\u017eby pom\u00f4\u017eu na\u0161im z\u00e1kazn\u00edkom s\u00fastredi\u0165 sa na ich hlavn\u00e9 obchodn\u00e9 \u010dinnosti s istotou kvalitnej a spo\u013eahlivej logistickej podpory. <\/p>\n<p>Na\u0161e kontajnerov\u00e9 stojisko m\u00f4\u017ee poskytn\u00fa\u0165 skladovanie n\u00e1kladu r\u00f4znych objemov a typov. Vyu\u017e\u00edvame modern\u00e9 technol\u00f3gie a met\u00f3dy riadenia skladov\u00fdch priestorov, ktor\u00e9 n\u00e1m umo\u017e\u0148uj\u00fa efekt\u00edvne vyu\u017e\u00edva\u0165 dostupn\u00fd priestor a zni\u017eova\u0165 n\u00e1klady na skladovanie. <\/p>\n<p>N\u00e1\u0161 t\u00edm odborn\u00edkov je pripraven\u00fd poskytn\u00fa\u0165 poradenstvo a vypracova\u0165 individu\u00e1lny pl\u00e1n pre ka\u017ed\u00e9ho klienta s oh\u013eadom na jeho potreby a po\u017eiadavky. Sme v\u017edy otvoren\u00ed spolupr\u00e1ci a pripraven\u00ed poskytn\u00fa\u0165 optim\u00e1lne rie\u0161enia pre skladovanie a manipul\u00e1ciu s kontajnermi. <\/p>\n<p>V\u010faka n\u00e1\u0161mu kontajnerovisku a skladu pr\u00e1zdnych kontajnerov m\u00f4\u017eu z\u00e1kazn\u00edci optimalizova\u0165 svoje logistick\u00e9 procesy a zv\u00fd\u0161i\u0165 efekt\u00edvnos\u0165 svojej prev\u00e1dzky.<\/p>\n<p>[\/et_pb_blurb][difl_advanced_blurb title=&#8220;M\u00e1te nejak\u00e9 ot\u00e1zky?&#8220; sub_title=&#8220; Vypl\u0148te formul\u00e1r \u017eiadosti a po\u0161lite n\u00e1m ho, odpovieme v\u00e1m \u010do najsk\u00f4r.&#8220; button_text=&#8220;Odosla\u0165 \u017eiados\u0165&#8220; button_url=&#8220;#&#8220; blurb_icon=&#8220;&#x74;||divi||400&#8243; image_icon_container_position=&#8220;outside&#8220; image_placement=&#8220;flex_left&#8220; image_icon_item_align=&#8220;center&#8220; _builder_version=&#8220;4.22.1&#8243; _module_preset=&#8220;27a26ff8-77c3-4c32-8a97-1330a17f096e&#8220; custom_margin_tablet=&#8220;&#8220; custom_margin_phone=&#8220;||||false|false&#8220; custom_margin_last_edited=&#8220;on|desktop&#8220; locked=&#8220;off&#8220; global_colors_info=&#8220;{}&#8220;][\/difl_advanced_blurb][\/et_pb_column][et_pb_column type=&#8220;2_5&#8243; disabled_on=&#8220;on|on|off&#8220; _builder_version=&#8220;4.22.1&#8243; _module_preset=&#8220;default&#8220; background_image=&#8220;https:\/\/terch.com.ua\/wp-content\/uploads\/img_001.jpg&#8220; custom_padding=&#8220;400px||400px||true|false&#8220; animation_style=&#8220;fold&#8220; global_colors_info=&#8220;{}&#8220;][\/et_pb_column][\/et_pb_row][\/et_pb_section]<\/p>\n","protected":false},"excerpt":{"rendered":"<p><div class=\"et_pb_module difl_breadcrumbs difl_breadcrumbs_0 et_animated\">\n\t\t\t\t\n\t\t\t\t\n\t\t\t\t\n\t\t\t\t\n\t\t\t\t\n\t\t\t\t\n\t\t\t\t<div class=\"et_pb_module_inner\">\n\t\t\t\t\t<div class=\"df_breadcrumbs_container\">\r\n                             <script type=\"application\/ld+json\">{\"@context\":\"https:\\\/\\\/schema.org\\\/\",\"@type\":\"BreadcrumbList\",\"itemListElement\":[{\"@type\":\"ListItem\",\"position\":1,\"name\":\"Domov\",\"item\":\"https:\\\/\\\/terch.com.ua\\\/sk\\\/\"}]}<\/script>\r\n                            <div class=\"df_breadcrumbs_wrapper\">\r\n                                <ul class=\"df-breadcrumbs\"><li class=\"df-breadcrumbs-item df-breadcrumbs-start\"><a href=\"https:\/\/terch.com.ua\/sk\/\"  rel=\"home\"><span class=\"df-breadcrumbs-text\">  Domov <\/span><\/a><\/li><\/ul>\r\n                            <\/div>\r\n\r\n                        <\/div>\n\t\t\t\t<\/div>\n\t\t\t<\/div>N\u00e1\u0161 kontajnerov\u00fd sklad je modern\u00fdm rie\u0161en\u00edm na skladovanie a manipul\u00e1ciu s n\u00e1kladom v n\u00e1morn\u00fdch kontajneroch. Poskytujeme cel\u00fd rad slu\u017eieb vr\u00e1tane prijatia kontajnera, bezpe\u010dn\u00e9ho uskladnenia, efekt\u00edvneho skladovania a prepravy. Na\u0161e kontajnerov\u00e9 stojisko je vybaven\u00e9 modernou infra\u0161trukt\u00farou, ktor\u00e1 zabezpe\u010duje maxim\u00e1lnu bezpe\u010dnos\u0165 a ochranu n\u00e1kladu. Ch\u00e1peme v\u00fdznam efekt\u00edvnej logistiky pre na\u0161ich z\u00e1kazn\u00edkov a sna\u017e\u00edme sa poskytova\u0165 optim\u00e1lne podmienky na manipul\u00e1ciu s kontajnermi a n\u00e1kladom. Na\u0161a infra\u0161trukt\u00fara zah\u0155\u0148a: Port\u00e1lov\u00fd \u017eeriav KS-50 s nosnos\u0165ou 50 t Otvoren\u00fd kontajnerov\u00fd priestor s kapacitou 500 TEU N\u00e1\u0161 t\u00edm profesion\u00e1lov sa venuje kontrole a organiz\u00e1cii toku kontajnerov, aby zabezpe\u010dil ich v\u010dasn\u00e9 umiestnenie a prepravu. Sme presved\u010den\u00ed, \u017ee na\u0161e slu\u017eby pom\u00f4\u017eu na\u0161im z\u00e1kazn\u00edkom s\u00fastredi\u0165 sa na ich hlavn\u00e9 obchodn\u00e9 \u010dinnosti s istotou kvalitnej a spo\u013eahlivej logistickej podpory. Na\u0161e kontajnerov\u00e9 stojisko m\u00f4\u017ee poskytn\u00fa\u0165 skladovanie n\u00e1kladu r\u00f4znych objemov a typov. Vyu\u017e\u00edvame modern\u00e9 technol\u00f3gie a met\u00f3dy riadenia skladov\u00fdch priestorov, ktor\u00e9 n\u00e1m umo\u017e\u0148uj\u00fa efekt\u00edvne vyu\u017e\u00edva\u0165 dostupn\u00fd priestor a zni\u017eova\u0165 n\u00e1klady na skladovanie. N\u00e1\u0161 t\u00edm odborn\u00edkov je pripraven\u00fd poskytn\u00fa\u0165 poradenstvo a vypracova\u0165 individu\u00e1lny pl\u00e1n pre ka\u017ed\u00e9ho klienta s oh\u013eadom na jeho potreby a po\u017eiadavky. Sme v\u017edy otvoren\u00ed spolupr\u00e1ci a pripraven\u00ed poskytn\u00fa\u0165 optim\u00e1lne rie\u0161enia pre skladovanie [&hellip;]<\/p>\n","protected":false},"author":1,"featured_media":0,"parent":5496,"menu_order":0,"comment_status":"closed","ping_status":"closed","template":"","meta":{"_et_pb_use_builder":"on","_et_pb_old_content":"","_et_gb_content_width":"","footnotes":""},"class_list":["post-5502","page","type-page","status-publish","hentry"],"_links":{"self":[{"href":"https:\/\/terch.com.ua\/sk\/wp-json\/wp\/v2\/pages\/5502","targetHints":{"allow":["GET"]}}],"collection":[{"href":"https:\/\/terch.com.ua\/sk\/wp-json\/wp\/v2\/pages"}],"about":[{"href":"https:\/\/terch.com.ua\/sk\/wp-json\/wp\/v2\/types\/page"}],"author":[{"embeddable":true,"href":"https:\/\/terch.com.ua\/sk\/wp-json\/wp\/v2\/users\/1"}],"replies":[{"embeddable":true,"href":"https:\/\/terch.com.ua\/sk\/wp-json\/wp\/v2\/comments?post=5502"}],"version-history":[{"count":2,"href":"https:\/\/terch.com.ua\/sk\/wp-json\/wp\/v2\/pages\/5502\/revisions"}],"predecessor-version":[{"id":5504,"href":"https:\/\/terch.com.ua\/sk\/wp-json\/wp\/v2\/pages\/5502\/revisions\/5504"}],"up":[{"embeddable":true,"href":"https:\/\/terch.com.ua\/sk\/wp-json\/wp\/v2\/pages\/5496"}],"wp:attachment":[{"href":"https:\/\/terch.com.ua\/sk\/wp-json\/wp\/v2\/media?parent=5502"}],"curies":[{"name":"wp","href":"https:\/\/api.w.org\/{rel}","templated":true}]}}