{"id":5499,"date":"2023-09-06T10:03:39","date_gmt":"2023-09-06T07:03:39","guid":{"rendered":"https:\/\/terch.com.ua\/nase-sluzby\/zasielatelske-sluzby\/"},"modified":"2024-04-01T10:43:38","modified_gmt":"2024-04-01T07:43:38","slug":"zasielatelske-sluzby","status":"publish","type":"page","link":"https:\/\/terch.com.ua\/sk\/nase-sluzby\/zasielatelske-sluzby\/","title":{"rendered":"Zasielate\u013esk\u00e9 slu\u017eby"},"content":{"rendered":"<p>[et_pb_section fb_built=&#8220;1&#8243; custom_padding_last_edited=&#8220;on|phone&#8220; admin_label=&#8220;Hero Section&#8220; _builder_version=&#8220;4.22.1&#8243; _module_preset=&#8220;default&#8220; background_enable_color=&#8220;off&#8220; background_image=&#8220;https:\/\/terch.com.ua\/wp-content\/uploads\/2023\/08\/bg-20.jpg&#8220; custom_margin=&#8220;||||false|false&#8220; custom_padding=&#8220;100px||100px||false|false&#8220; custom_padding_tablet=&#8220;100px||100px||false|false&#8220; custom_padding_phone=&#8220;0px||0px||true|false&#8220; locked=&#8220;off&#8220; collapsed=&#8220;off&#8220; global_colors_info=&#8220;{}&#8220;][et_pb_row _builder_version=&#8220;4.19.4&#8243; _module_preset=&#8220;default&#8220; global_colors_info=&#8220;{}&#8220;][et_pb_column type=&#8220;4_4&#8243; _builder_version=&#8220;4.19.4&#8243; _module_preset=&#8220;default&#8220; global_colors_info=&#8220;{}&#8220;][et_pb_text _builder_version=&#8220;4.22.1&#8243; _dynamic_attributes=&#8220;content&#8220; _module_preset=&#8220;default&#8220; text_font=&#8220;|||on|||||&#8220; text_text_color=&#8220;#ffffff&#8220; text_font_size=&#8220;40px&#8220; text_line_height=&#8220;68px&#8220; text_orientation=&#8220;center&#8220; custom_margin=&#8220;||0px||false|false&#8220; hover_enabled=&#8220;0&#8243; text_font_size_tablet=&#8220;30px&#8220; text_font_size_phone=&#8220;30px&#8220; text_font_size_last_edited=&#8220;on|desktop&#8220; global_colors_info=&#8220;{}&#8220; animation_style=&#8220;slide&#8220; animation_direction=&#8220;top&#8220; animation_duration=&#8220;300ms&#8220; sticky_enabled=&#8220;0&#8243;]@ET-DC@eyJkeW5hbWljIjp0cnVlLCJjb250ZW50IjoicG9zdF90aXRsZSIsInNldHRpbmdzIjp7ImJlZm9yZSI6IiIsImFmdGVyIjoiIn19@[\/et_pb_text][difl_breadcrumbs use_separator_icon=&#8220;on&#8220; separator_font_icon=&#8220;&#x35;||divi||400&#8243; separator_icon_color=&#8220;#FFFFFF&#8220; home_text=&#8220;Domov&#8220; alignment=&#8220;center&#8220; show_on_front_page=&#8220;off&#8220; show_title=&#8220;off&#8220; enable_schema=&#8220;on&#8220; _builder_version=&#8220;4.22.1&#8243; _module_preset=&#8220;default&#8220; pages_font_font=&#8220;Nunito Sans|600|||||||&#8220; pages_font_text_color=&#8220;#FFFFFF&#8220; pages_font_line_height=&#8220;22px&#8220; home_font_font=&#8220;|700|||||||&#8220; home_font_line_height=&#8220;22px&#8220; hover_enabled=&#8220;0&#8243; global_colors_info=&#8220;{}&#8220; animation_style=&#8220;slide&#8220; animation_direction=&#8220;bottom&#8220; sticky_enabled=&#8220;0&#8243;][\/difl_breadcrumbs][\/et_pb_column][\/et_pb_row][\/et_pb_section][et_pb_section fb_built=&#8220;1&#8243; custom_padding_last_edited=&#8220;on|phone&#8220; admin_label=&#8220;Body Section&#8220; _builder_version=&#8220;4.22.1&#8243; _module_preset=&#8220;default&#8220; background_color=&#8220;#fafbff&#8220; custom_margin=&#8220;||||false|false&#8220; custom_margin_tablet=&#8220;||||false|false&#8220; custom_margin_phone=&#8220;||0px||false|false&#8220; custom_margin_last_edited=&#8220;on|phone&#8220; custom_padding=&#8220;||||false|false&#8220; custom_padding_tablet=&#8220;||||false|false&#8220; custom_padding_phone=&#8220;||0px||false|false&#8220; locked=&#8220;off&#8220; collapsed=&#8220;off&#8220; global_colors_info=&#8220;{}&#8220;][et_pb_row column_structure=&#8220;3_5,2_5&#8243; disabled_on=&#8220;off|off|off&#8220; _builder_version=&#8220;4.22.1&#8243; _module_preset=&#8220;default&#8220; background_enable_image=&#8220;off&#8220; global_colors_info=&#8220;{}&#8220;][et_pb_column type=&#8220;3_5&#8243; _builder_version=&#8220;4.19.4&#8243; _module_preset=&#8220;default&#8220; custom_padding=&#8220;||||false|false&#8220; global_colors_info=&#8220;{}&#8220;][et_pb_blurb content_max_width=&#8220;100%&#8220; disabled_on=&#8220;off|off|off&#8220; _builder_version=&#8220;4.22.1&#8243; _module_preset=&#8220;default&#8220; header_font=&#8220;Nunito Sans|700|||||||&#8220; header_text_color=&#8220;#222222&#8243; header_font_size=&#8220;24px&#8220; header_line_height=&#8220;29px&#8220; body_font=&#8220;|300|||||||&#8220; body_line_height=&#8220;24px&#8220; global_colors_info=&#8220;{}&#8220;]<\/p>\n<p>Na\u0161e \u0161pedi\u010dn\u00e9 slu\u017eby zaru\u010duj\u00fa spo\u013eahliv\u00e9 a efekt\u00edvne doru\u010denie a sprev\u00e1dzanie tovaru do pr\u00edstavov alebo ku koncov\u00fdm pou\u017e\u00edvate\u013eom v Eur\u00f3pe. Vieme, ak\u00e1 d\u00f4le\u017eit\u00e1 je pre na\u0161ich z\u00e1kazn\u00edkov r\u00fdchlos\u0165 a plynulos\u0165 prepravy, preto poskytujeme \u010do najoptim\u00e1lnej\u0161ie prepravn\u00e9 trasy. <\/p>\n<p>Na\u0161e dc\u00e9rske spolo\u010dnosti v Eur\u00f3pe, Afrike, \u00c1zii a najm\u00e4 v Indon\u00e9zii a \u010c\u00edne n\u00e1m pom\u00e1haj\u00fa spolupracova\u0165 s miestnymi partnermi, aby sme zabezpe\u010dili efekt\u00edvnu a spo\u013eahliv\u00fa prepravu tovaru. S na\u0161imi z\u00e1kazn\u00edkmi spolupracujeme od za\u010diatku a\u017e do konca prepravy a v ka\u017edej f\u00e1ze im poskytujeme profesion\u00e1lnu podporu a poradenstvo. <\/p>\n<p>Okrem toho poskytujeme pln\u00fa podporu pri exportnej dokument\u00e1cii a tranzite. Na\u0161i odborn\u00edci pom\u00e1haj\u00fa klientom vybavi\u0165 v\u0161etky potrebn\u00e9 formality pre medzin\u00e1rodn\u00fd obchod a zabezpe\u010duj\u00fa r\u00fdchly a hladk\u00fd prechod cez hranice a coln\u00e9 org\u00e1ny. <\/p>\n<p>Ch\u00e1peme, \u017ee ka\u017ed\u00e9 odvetvie m\u00e1 svoje vlastn\u00e9 jedine\u010dn\u00e9 potreby, preto na\u0161i \u0161pedit\u00e9ri pristupuj\u00fa ku ka\u017ed\u00e9mu projektu individu\u00e1lne. Poskytujeme individu\u00e1lne rie\u0161enia, ktor\u00e9 zoh\u013ead\u0148uj\u00fa \u0161pecifik\u00e1 n\u00e1kladu a po\u017eiadavky klienta. <\/p>\n<p>Na\u0161\u00edm cie\u013eom je, aby bol logistick\u00fd proces pre na\u0161ich z\u00e1kazn\u00edkov \u010do najpohodlnej\u0161\u00ed a najbezpe\u010dnej\u0161\u00ed. Sna\u017e\u00edme sa dosiahnu\u0165 najvy\u0161\u0161iu kvalitu slu\u017eieb a splni\u0165 v\u0161etky potreby na\u0161ich partnerov v oblasti medzin\u00e1rodnej dopravy. V\u010faka na\u0161im odborn\u00fdm znalostiam a sk\u00fasenostiam si na\u0161i z\u00e1kazn\u00edci m\u00f4\u017eu by\u0165 ist\u00ed, \u017ee ich n\u00e1klad bude doru\u010den\u00fd v\u010das a bezpe\u010dne.  <\/p>\n<p>[\/et_pb_blurb][difl_advanced_blurb title=&#8220;M\u00e1te nejak\u00e9 ot\u00e1zky?&#8220; sub_title=&#8220; Vypl\u0148te formul\u00e1r \u017eiadosti a po\u0161lite n\u00e1m ho, odpovieme v\u00e1m \u010do najsk\u00f4r.&#8220; button_text=&#8220;Odosla\u0165 \u017eiados\u0165&#8220; button_url=&#8220;#&#8220; blurb_icon=&#8220;&#x74;||divi||400&#8243; image_icon_container_position=&#8220;outside&#8220; image_placement=&#8220;flex_left&#8220; image_icon_item_align=&#8220;center&#8220; _builder_version=&#8220;4.22.1&#8243; _module_preset=&#8220;27a26ff8-77c3-4c32-8a97-1330a17f096e&#8220; custom_margin_tablet=&#8220;&#8220; custom_margin_phone=&#8220;||||false|false&#8220; custom_margin_last_edited=&#8220;on|desktop&#8220; locked=&#8220;off&#8220; global_colors_info=&#8220;{}&#8220;][\/difl_advanced_blurb][\/et_pb_column][et_pb_column type=&#8220;2_5&#8243; disabled_on=&#8220;on|on|off&#8220; _builder_version=&#8220;4.22.1&#8243; _module_preset=&#8220;default&#8220; background_image=&#8220;https:\/\/terch.com.ua\/wp-content\/uploads\/070923-05.jpg&#8220; custom_padding=&#8220;400px||400px||true|false&#8220; animation_style=&#8220;fold&#8220; global_colors_info=&#8220;{}&#8220;][\/et_pb_column][\/et_pb_row][\/et_pb_section]<\/p>\n","protected":false},"excerpt":{"rendered":"<p><div class=\"et_pb_module difl_breadcrumbs difl_breadcrumbs_0 et_animated\">\n\t\t\t\t\n\t\t\t\t\n\t\t\t\t\n\t\t\t\t\n\t\t\t\t\n\t\t\t\t\n\t\t\t\t<div class=\"et_pb_module_inner\">\n\t\t\t\t\t<div class=\"df_breadcrumbs_container\">\r\n                             <script type=\"application\/ld+json\">{\"@context\":\"https:\\\/\\\/schema.org\\\/\",\"@type\":\"BreadcrumbList\",\"itemListElement\":[{\"@type\":\"ListItem\",\"position\":1,\"name\":\"Domov\",\"item\":\"https:\\\/\\\/terch.com.ua\\\/sk\\\/\"}]}<\/script>\r\n                            <div class=\"df_breadcrumbs_wrapper\">\r\n                                <ul class=\"df-breadcrumbs\"><li class=\"df-breadcrumbs-item df-breadcrumbs-start\"><a href=\"https:\/\/terch.com.ua\/sk\/\"  rel=\"home\"><span class=\"df-breadcrumbs-text\">  Domov <\/span><\/a><\/li><\/ul>\r\n                            <\/div>\r\n\r\n                        <\/div>\n\t\t\t\t<\/div>\n\t\t\t<\/div>Na\u0161e \u0161pedi\u010dn\u00e9 slu\u017eby zaru\u010duj\u00fa spo\u013eahliv\u00e9 a efekt\u00edvne doru\u010denie a sprev\u00e1dzanie tovaru do pr\u00edstavov alebo ku koncov\u00fdm pou\u017e\u00edvate\u013eom v Eur\u00f3pe. Vieme, ak\u00e1 d\u00f4le\u017eit\u00e1 je pre na\u0161ich z\u00e1kazn\u00edkov r\u00fdchlos\u0165 a plynulos\u0165 prepravy, preto poskytujeme \u010do najoptim\u00e1lnej\u0161ie prepravn\u00e9 trasy. Na\u0161e dc\u00e9rske spolo\u010dnosti v Eur\u00f3pe, Afrike, \u00c1zii a najm\u00e4 v Indon\u00e9zii a \u010c\u00edne n\u00e1m pom\u00e1haj\u00fa spolupracova\u0165 s miestnymi partnermi, aby sme zabezpe\u010dili efekt\u00edvnu a spo\u013eahliv\u00fa prepravu tovaru. S na\u0161imi z\u00e1kazn\u00edkmi spolupracujeme od za\u010diatku a\u017e do konca prepravy a v ka\u017edej f\u00e1ze im poskytujeme profesion\u00e1lnu podporu a poradenstvo. Okrem toho poskytujeme pln\u00fa podporu pri exportnej dokument\u00e1cii a tranzite. Na\u0161i odborn\u00edci pom\u00e1haj\u00fa klientom vybavi\u0165 v\u0161etky potrebn\u00e9 formality pre medzin\u00e1rodn\u00fd obchod a zabezpe\u010duj\u00fa r\u00fdchly a hladk\u00fd prechod cez hranice a coln\u00e9 org\u00e1ny. Ch\u00e1peme, \u017ee ka\u017ed\u00e9 odvetvie m\u00e1 svoje vlastn\u00e9 jedine\u010dn\u00e9 potreby, preto na\u0161i \u0161pedit\u00e9ri pristupuj\u00fa ku ka\u017ed\u00e9mu projektu individu\u00e1lne. Poskytujeme individu\u00e1lne rie\u0161enia, ktor\u00e9 zoh\u013ead\u0148uj\u00fa \u0161pecifik\u00e1 n\u00e1kladu a po\u017eiadavky klienta. Na\u0161\u00edm cie\u013eom je, aby bol logistick\u00fd proces pre na\u0161ich z\u00e1kazn\u00edkov \u010do najpohodlnej\u0161\u00ed a najbezpe\u010dnej\u0161\u00ed. Sna\u017e\u00edme sa dosiahnu\u0165 najvy\u0161\u0161iu kvalitu slu\u017eieb a splni\u0165 v\u0161etky potreby na\u0161ich partnerov v oblasti medzin\u00e1rodnej dopravy. V\u010faka na\u0161im odborn\u00fdm znalostiam a sk\u00fasenostiam si [&hellip;]<\/p>\n","protected":false},"author":1,"featured_media":0,"parent":5496,"menu_order":0,"comment_status":"closed","ping_status":"closed","template":"","meta":{"_et_pb_use_builder":"on","_et_pb_old_content":"","_et_gb_content_width":"","footnotes":""},"class_list":["post-5499","page","type-page","status-publish","hentry"],"_links":{"self":[{"href":"https:\/\/terch.com.ua\/sk\/wp-json\/wp\/v2\/pages\/5499","targetHints":{"allow":["GET"]}}],"collection":[{"href":"https:\/\/terch.com.ua\/sk\/wp-json\/wp\/v2\/pages"}],"about":[{"href":"https:\/\/terch.com.ua\/sk\/wp-json\/wp\/v2\/types\/page"}],"author":[{"embeddable":true,"href":"https:\/\/terch.com.ua\/sk\/wp-json\/wp\/v2\/users\/1"}],"replies":[{"embeddable":true,"href":"https:\/\/terch.com.ua\/sk\/wp-json\/wp\/v2\/comments?post=5499"}],"version-history":[{"count":2,"href":"https:\/\/terch.com.ua\/sk\/wp-json\/wp\/v2\/pages\/5499\/revisions"}],"predecessor-version":[{"id":5501,"href":"https:\/\/terch.com.ua\/sk\/wp-json\/wp\/v2\/pages\/5499\/revisions\/5501"}],"up":[{"embeddable":true,"href":"https:\/\/terch.com.ua\/sk\/wp-json\/wp\/v2\/pages\/5496"}],"wp:attachment":[{"href":"https:\/\/terch.com.ua\/sk\/wp-json\/wp\/v2\/media?parent=5499"}],"curies":[{"name":"wp","href":"https:\/\/api.w.org\/{rel}","templated":true}]}}