{"id":5486,"date":"2023-08-04T21:36:26","date_gmt":"2023-08-04T18:36:26","guid":{"rendered":"https:\/\/terch.com.ua\/kontakty\/"},"modified":"2024-04-01T10:07:16","modified_gmt":"2024-04-01T07:07:16","slug":"kontakty","status":"publish","type":"page","link":"https:\/\/terch.com.ua\/sk\/kontakty\/","title":{"rendered":"Kontakty"},"content":{"rendered":"<p>[et_pb_section fb_built=&#8220;1&#8243; custom_padding_last_edited=&#8220;on|phone&#8220; admin_label=&#8220;Hero Section&#8220; _builder_version=&#8220;4.22.1&#8243; _module_preset=&#8220;default&#8220; background_enable_color=&#8220;off&#8220; background_image=&#8220;https:\/\/terch.com.ua\/wp-content\/uploads\/2022\/12\/bg-20.jpg&#8220; custom_margin=&#8220;||||false|false&#8220; custom_padding=&#8220;100px||100px||false|false&#8220; custom_padding_tablet=&#8220;80px||80px||true|false&#8220; custom_padding_phone=&#8220;65px||65px||true|false&#8220; locked=&#8220;off&#8220; collapsed=&#8220;off&#8220; global_colors_info=&#8220;{}&#8220;][et_pb_row _builder_version=&#8220;4.19.4&#8243; _module_preset=&#8220;default&#8220; global_colors_info=&#8220;{}&#8220;][et_pb_column type=&#8220;4_4&#8243; _builder_version=&#8220;4.19.4&#8243; _module_preset=&#8220;default&#8220; global_colors_info=&#8220;{}&#8220;][et_pb_text _builder_version=&#8220;4.22.1&#8243; _dynamic_attributes=&#8220;content&#8220; _module_preset=&#8220;default&#8220; text_font=&#8220;|||on|||||&#8220; text_text_color=&#8220;#ffffff&#8220; text_font_size=&#8220;40px&#8220; text_line_height=&#8220;68px&#8220; text_orientation=&#8220;center&#8220; custom_margin=&#8220;||0px||false|false&#8220; animation_style=&#8220;slide&#8220; animation_direction=&#8220;top&#8220; animation_duration=&#8220;300ms&#8220; text_font_size_tablet=&#8220;30px&#8220; text_font_size_phone=&#8220;30px&#8220; text_font_size_last_edited=&#8220;on|desktop&#8220; text_line_height_tablet=&#8220;&#8220; text_line_height_phone=&#8220;52px&#8220; text_line_height_last_edited=&#8220;on|desktop&#8220; global_colors_info=&#8220;{}&#8220;]@ET-DC@eyJkeW5hbWljIjp0cnVlLCJjb250ZW50IjoicG9zdF90aXRsZSIsInNldHRpbmdzIjp7ImJlZm9yZSI6IiIsImFmdGVyIjoiIn19@[\/et_pb_text][difl_breadcrumbs use_separator_icon=&#8220;on&#8220; separator_font_icon=&#8220;&#x35;||divi||400&#8243; separator_icon_color=&#8220;#FFFFFF&#8220; home_text=&#8220;Domov&#8220; alignment=&#8220;center&#8220; enable_schema=&#8220;on&#8220; _builder_version=&#8220;4.22.1&#8243; _module_preset=&#8220;default&#8220; pages_font_font=&#8220;||||||||&#8220; pages_font_text_color=&#8220;#FFFFFF&#8220; pages_font_line_height=&#8220;22px&#8220; home_font_font=&#8220;||||||||&#8220; home_font_line_height=&#8220;24px&#8220; animation_style=&#8220;slide&#8220; animation_direction=&#8220;bottom&#8220; animation_duration=&#8220;300ms&#8220; locked=&#8220;off&#8220; global_colors_info=&#8220;{}&#8220;][\/difl_breadcrumbs][\/et_pb_column][\/et_pb_row][\/et_pb_section][et_pb_section fb_built=&#8220;1&#8243; _builder_version=&#8220;4.19.4&#8243; _module_preset=&#8220;default&#8220; custom_padding=&#8220;||0px||false|false&#8220; locked=&#8220;off&#8220; collapsed=&#8220;off&#8220; global_colors_info=&#8220;{}&#8220;][et_pb_row column_structure=&#8220;1_3,2_3&#8243; use_custom_gutter=&#8220;on&#8220; gutter_width=&#8220;1&#8243; make_equal=&#8220;on&#8220; custom_padding_last_edited=&#8220;on|phone&#8220; _builder_version=&#8220;4.22.1&#8243; _module_preset=&#8220;default&#8220; background_color=&#8220;#FFFFFF&#8220; z_index=&#8220;12&#8243; width_tablet=&#8220;&#8220; width_phone=&#8220;90%&#8220; width_last_edited=&#8220;on|phone&#8220; custom_margin=&#8220;||-180px||false|false&#8220; custom_padding=&#8220;50px|50px|50px|50px|true|true&#8220; custom_padding_tablet=&#8220;50px|50px|50px|50px|true|true&#8220; custom_padding_phone=&#8220;30px|20px|30px|20px|true|true&#8220; border_radii=&#8220;on|8px|8px|8px|8px&#8220; box_shadow_style=&#8220;preset1&#8243; box_shadow_vertical=&#8220;5px&#8220; box_shadow_blur=&#8220;30px&#8220; box_shadow_color=&#8220;rgba(0,0,0,0.08)&#8220; locked=&#8220;off&#8220; global_colors_info=&#8220;{}&#8220;][et_pb_column type=&#8220;1_3&#8243; _builder_version=&#8220;4.22.1&#8243; _module_preset=&#8220;default&#8220; background_color=&#8220;#0057B8&#8243; custom_padding=&#8220;40px|40px|40px|40px|true|false&#8220; custom_padding_tablet=&#8220;40px|40px|40px|40px|true|false&#8220; custom_padding_phone=&#8220;20px|20px|20px|20px|true|true&#8220; custom_padding_last_edited=&#8220;on|phone&#8220; custom_css_before=&#8220;content: &#8220;;||position: absolute;||right:0;||top:0;|| width: 0;||height: 0;||border-top: 60px solid white;||border-left: 60px solid transparent;&#8220; border_radii=&#8220;off|8px||8px|8px&#8220; global_colors_info=&#8220;{}&#8220; background__hover_enabled=&#8220;off|desktop&#8220; background_enable_color__hover=&#8220;off&#8220;][difl_advanced_blurb title=&#8220;Za\u017eite v\u00fdhody spolupr\u00e1ce s profesion\u00e1lmi&#8220; title_margin=&#8220;||5px||false|false&#8220; _builder_version=&#8220;4.22.1&#8243; _module_preset=&#8220;default&#8220; title_font=&#8220;Nunito Sans|700|||||||&#8220; title_text_color=&#8220;#ffffff&#8220; title_font_size=&#8220;22px&#8220; title_line_height=&#8220;27px&#8220; content_body_font=&#8220;Nunito Sans||||||||&#8220; content_body_text_color=&#8220;rgba(255,255,255,0.8)&#8220; content_body_font_size=&#8220;16px&#8220; content_body_line_height=&#8220;24px&#8220; custom_margin=&#8220;|20px|||false|false&#8220; title_font_size_tablet=&#8220;22px&#8220; title_font_size_phone=&#8220;18px&#8220; title_font_size_last_edited=&#8220;on|phone&#8220; title_line_height_tablet=&#8220;27px&#8220; title_line_height_phone=&#8220;26px&#8220; title_line_height_last_edited=&#8220;on|phone&#8220; content_body_font_size_tablet=&#8220;16px&#8220; content_body_font_size_phone=&#8220;14px&#8220; content_body_font_size_last_edited=&#8220;on|phone&#8220; content_body_line_height_tablet=&#8220;24px&#8220; content_body_line_height_phone=&#8220;24px&#8220; content_body_line_height_last_edited=&#8220;on|phone&#8220; global_colors_info=&#8220;{}&#8220;]<\/p>\n<p>V\u010faka na\u0161im \u0161pi\u010dkov\u00fdm technologick\u00fdm rie\u0161eniam a odborn\u00fdm znalostiam v oblasti riadenia poskytujeme individu\u00e1lny a optim\u00e1lny pr\u00edstup ku ka\u017edej z\u00e1kazke.<\/p>\n<p>[\/difl_advanced_blurb][difl_iconlist list_item_icon_color=&#8220;#FFFFFF&#8220; list_item_icon_size=&#8220;14px&#8220; list_item_icon_vertical_placement=&#8220;center&#8220; list_item_title_padding=&#8220;0px|0px|0px|0px|true|true&#8220; list_item_wrapper_padding=&#8220;2px|0px|2px|0px|false|false&#8220; _builder_version=&#8220;4.22.2&#8243; _module_preset=&#8220;default&#8220; child_title_text_text_color=&#8220;#FFFFFF&#8220; child_title_text_font_size=&#8220;16px&#8220; child_title_text_line_height=&#8220;22px&#8220; custom_margin=&#8220;50px||50px||true|false&#8220; child_title_text_font_size_tablet=&#8220;16px&#8220; child_title_text_font_size_phone=&#8220;14px&#8220; child_title_text_font_size_last_edited=&#8220;on|phone&#8220; global_colors_info=&#8220;{}&#8220;][difl_iconlistitem list_item_title=&#8220;+38 098 332 5275&#8243; list_item_title_tag=&#8220;p&#8220; list_item_icon=&#8220;&#xe090;||divi||400&#8243; list_item_title_url=&#8220;tel:+380983325275&#8243; _builder_version=&#8220;4.22.2&#8243; global_colors_info=&#8220;{}&#8220;][\/difl_iconlistitem][difl_iconlistitem list_item_title=&#8220;LLC %22Terminal Chornotysiv%22 (k\u00f3d USREOU 44712382) &#8220; list_item_title_tag=&#8220;p&#8220; list_item_icon=&#8220;&#xe081;||divi||400&#8243; _builder_version=&#8220;4.22.1&#8243; global_colors_info=&#8220;{}&#8220;][\/difl_iconlistitem][difl_iconlistitem list_item_title=&#8220;90363, Zakarpatsk\u00e1 oblas\u0165, okres Berehove, obec Chornotysiv, ulica \u0160ev\u010denko, dom \u010d. 23\/b&#8220; list_item_title_tag=&#8220;p&#8220; list_item_icon=&#8220;&#xe081;||divi||400&#8243; _builder_version=&#8220;4.22.1&#8243; global_colors_info=&#8220;{}&#8220;][\/difl_iconlistitem][difl_iconlistitem list_item_title=&#8220;office@terch.com.ua&#8220; list_item_title_tag=&#8220;p&#8220; list_item_icon=&#8220;&#xf0e0;||fa||900&#8243; list_item_title_url=&#8220;mailto:office@terch.com.ua&#8220; _builder_version=&#8220;4.22.2&#8243; global_colors_info=&#8220;{}&#8220;][\/difl_iconlistitem][\/difl_iconlist][\/et_pb_column][et_pb_column type=&#8220;2_3&#8243; _builder_version=&#8220;4.19.4&#8243; _module_preset=&#8220;default&#8220; custom_padding=&#8220;|||100px|false|false&#8220; custom_padding_tablet=&#8220;|||0px|false|false&#8220; custom_padding_phone=&#8220;|||0px|false|false&#8220; custom_padding_last_edited=&#8220;on|phone&#8220; border_radii=&#8220;on|8px|8px|8px|8px&#8220; global_colors_info=&#8220;{}&#8220; background__hover_enabled=&#8220;off|desktop&#8220;][difl_advanced_blurb title=&#8220;M\u00e1te nejak\u00e9 ot\u00e1zky?&#8220; content_area_alignment=&#8220;center&#8220; order_enable=&#8220;on&#8220; sub_title_order=&#8220;6&#8243; content_width=&#8220;100%&#8220; title_margin=&#8220;||||false|false&#8220; content_margin=&#8220;10px||||false|false&#8220; admin_label=&#8220;Advanced Blurb&#8220; _builder_version=&#8220;4.22.1&#8243; _module_preset=&#8220;default&#8220; title_font=&#8220;|700|||||||&#8220; title_text_align=&#8220;left&#8220; title_text_color=&#8220;#000000&#8243; title_line_height=&#8220;29px&#8220; sub_title_font=&#8220;|600|||||||&#8220; sub_title_text_color=&#8220;#e11d07&#8243; content_body_font=&#8220;|300|||||||&#8220; content_body_text_align=&#8220;left&#8220; content_body_text_color=&#8220;#353535&#8243; content_body_font_size=&#8220;16px&#8220; content_body_line_height=&#8220;24px&#8220; max_width=&#8220;640px&#8220; module_alignment=&#8220;left&#8220; custom_margin=&#8220;0px||40px||false|false&#8220; custom_padding=&#8220;||||false|false&#8220; custom_padding_tablet=&#8220;||||false|false&#8220; custom_padding_phone=&#8220;40px||||false|false&#8220; custom_padding_last_edited=&#8220;on|phone&#8220; locked=&#8220;off&#8220; global_colors_info=&#8220;{}&#8220;]<\/p>\n<p>Vypl\u0148te formul\u00e1r \u017eiadosti a po\u0161lite n\u00e1m ho, odpovieme v\u00e1m \u010do najsk\u00f4r.<\/p>\n<p>[\/difl_advanced_blurb][et_pb_contact_form captcha=&#8220;off&#8220; email=&#8220;office@terch.com.ua&#8220; custom_message=&#8220;\u0424\u043e\u0440\u043c\u0430 \u0437\u0432\u043e\u0440\u043e\u0442\u043d\u044c\u043e\u0433\u043e \u0437\u0432&#039;\u044f\u0437\u043a\u0443:||et_pb_line_break_holder||||et_pb_line_break_holder||\u0406\u043c&#039;\u044f: %%Name%%||et_pb_line_break_holder||\u0422\u0435\u043b\u0435\u0444\u043e\u043d: %%phone%%||et_pb_line_break_holder||Email: %%Email%%||et_pb_line_break_holder||||et_pb_line_break_holder||\u041d\u0430\u043f\u0440\u044f\u043c\u043e\u043a: %%Service%%||et_pb_line_break_holder||\u041f\u043e\u0432\u0456\u0434\u043e\u043c\u043b\u0435\u043d\u043d\u044f:||et_pb_line_break_holder||%%Message%%&#8220; success_message=&#8220;Va\u0161a \u017eiados\u0165 bola odoslan\u00e1!&#8220; submit_button_text=&#8220;Odosla\u0165 \u017eiados\u0165&#8220; _builder_version=&#8220;4.22.2&#8243; _module_preset=&#8220;default&#8220; _unique_id=&#8220;a32b67fb-1a20-4006-a1ec-acd42e4207bf&#8220; form_field_background_color=&#8220;#FFFFFF&#8220; form_field_text_color=&#8220;#a7a8b4&#8243; form_field_focus_background_color=&#8220;rgba(167,168,180,0.1)&#8220; form_field_focus_text_color=&#8220;#000000&#8243; form_field_custom_padding=&#8220;16px|24px|16px|24px|true|true&#8220; form_field_font=&#8220;|300|||||||&#8220; form_field_line_height=&#8220;22px&#8220; custom_button=&#8220;on&#8220; button_text_size=&#8220;16px&#8220; button_text_color=&#8220;#FFFFFF&#8220; button_bg_color=&#8220;#0057B8&#8243; button_border_width=&#8220;0px&#8220; button_border_radius=&#8220;4px&#8220; button_font=&#8220;|700|||||||&#8220; button_use_icon=&#8220;off&#8220; button_custom_margin=&#8220;30px||||false|false&#8220; button_custom_margin_tablet=&#8220;30px||||false|false&#8220; button_custom_margin_phone=&#8220;|50px|||false|false&#8220; button_custom_margin_last_edited=&#8220;on|tablet&#8220; button_custom_padding=&#8220;12px|40px|12px|40px|true|true&#8220; hover_enabled=&#8220;0&#8243; border_radii=&#8220;on|2px|2px|2px|2px&#8220; border_width_all=&#8220;2px&#8220; border_color_all=&#8220;#eaeaea&#8220; global_colors_info=&#8220;{}&#8220; button_bg_color__hover_enabled=&#8220;on|hover&#8220; button_bg_color__hover=&#8220;#7FABDC&#8220; button_bg_enable_color__hover=&#8220;on&#8220; sticky_enabled=&#8220;0&#8243;][et_pb_contact_field field_id=&#8220;Name&#8220; field_title=&#8220;N\u00e1zov&#8220; _builder_version=&#8220;4.22.1&#8243; global_colors_info=&#8220;{}&#8220; button_text_size__hover_enabled=&#8220;off&#8220; button_one_text_size__hover_enabled=&#8220;off&#8220; button_two_text_size__hover_enabled=&#8220;off&#8220; button_text_color__hover_enabled=&#8220;off&#8220; button_one_text_color__hover_enabled=&#8220;off&#8220; button_two_text_color__hover_enabled=&#8220;off&#8220; button_border_width__hover_enabled=&#8220;off&#8220; button_one_border_width__hover_enabled=&#8220;off&#8220; button_two_border_width__hover_enabled=&#8220;off&#8220; button_border_color__hover_enabled=&#8220;off&#8220; button_one_border_color__hover_enabled=&#8220;off&#8220; button_two_border_color__hover_enabled=&#8220;off&#8220; button_border_radius__hover_enabled=&#8220;off&#8220; button_one_border_radius__hover_enabled=&#8220;off&#8220; button_two_border_radius__hover_enabled=&#8220;off&#8220; button_letter_spacing__hover_enabled=&#8220;off&#8220; button_one_letter_spacing__hover_enabled=&#8220;off&#8220; button_two_letter_spacing__hover_enabled=&#8220;off&#8220; button_bg_color__hover_enabled=&#8220;off&#8220; button_one_bg_color__hover_enabled=&#8220;off&#8220; button_two_bg_color__hover_enabled=&#8220;off&#8220;][\/et_pb_contact_field][et_pb_contact_field field_id=&#8220;Email&#8220; field_title=&#8220;Email&#8220; field_type=&#8220;email&#8220; _builder_version=&#8220;4.22.1&#8243; global_colors_info=&#8220;{}&#8220; button_text_size__hover_enabled=&#8220;off&#8220; button_one_text_size__hover_enabled=&#8220;off&#8220; button_two_text_size__hover_enabled=&#8220;off&#8220; button_text_color__hover_enabled=&#8220;off&#8220; button_one_text_color__hover_enabled=&#8220;off&#8220; button_two_text_color__hover_enabled=&#8220;off&#8220; button_border_width__hover_enabled=&#8220;off&#8220; button_one_border_width__hover_enabled=&#8220;off&#8220; button_two_border_width__hover_enabled=&#8220;off&#8220; button_border_color__hover_enabled=&#8220;off&#8220; button_one_border_color__hover_enabled=&#8220;off&#8220; button_two_border_color__hover_enabled=&#8220;off&#8220; button_border_radius__hover_enabled=&#8220;off&#8220; button_one_border_radius__hover_enabled=&#8220;off&#8220; button_two_border_radius__hover_enabled=&#8220;off&#8220; button_letter_spacing__hover_enabled=&#8220;off&#8220; button_one_letter_spacing__hover_enabled=&#8220;off&#8220; button_two_letter_spacing__hover_enabled=&#8220;off&#8220; button_bg_color__hover_enabled=&#8220;off&#8220; button_one_bg_color__hover_enabled=&#8220;off&#8220; button_two_bg_color__hover_enabled=&#8220;off&#8220;][\/et_pb_contact_field][et_pb_contact_field field_id=&#8220;phone&#8220; field_title=&#8220;Telef\u00f3n&#8220; required_mark=&#8220;off&#8220; _builder_version=&#8220;4.22.1&#8243; _module_preset=&#8220;default&#8220; global_colors_info=&#8220;{}&#8220;][\/et_pb_contact_field][et_pb_contact_field field_id=&#8220;Service&#8220; field_title=&#8220;V\u00fdber slu\u017eby&#8220; field_type=&#8220;select&#8220; select_options=&#8220;%91{%22value%22:%22Obiln\u00fd termin\u00e1l%22,%22checked%22:0,%22dragID%22:-1},{%22value%22:%22Kontajnerov\u00fd termin\u00e1l%22,%22checked%22:0,%22dragID%22:0},{%22dragID%22:1,%22value%22:%22Olejov\u00fd termin\u00e1l%22,%22checked%22:0}%93&#8243; _builder_version=&#8220;4.22.2&#8243; _module_preset=&#8220;default&#8220; global_colors_info=&#8220;{}&#8220;][\/et_pb_contact_field][et_pb_contact_field field_id=&#8220;Message&#8220; field_title=&#8220;Va\u0161a spr\u00e1va&#8220; field_type=&#8220;text&#8220; fullwidth_field=&#8220;on&#8220; _builder_version=&#8220;4.22.1&#8243; global_colors_info=&#8220;{}&#8220; button_text_size__hover_enabled=&#8220;off&#8220; button_one_text_size__hover_enabled=&#8220;off&#8220; button_two_text_size__hover_enabled=&#8220;off&#8220; button_text_color__hover_enabled=&#8220;off&#8220; button_one_text_color__hover_enabled=&#8220;off&#8220; button_two_text_color__hover_enabled=&#8220;off&#8220; button_border_width__hover_enabled=&#8220;off&#8220; button_one_border_width__hover_enabled=&#8220;off&#8220; button_two_border_width__hover_enabled=&#8220;off&#8220; button_border_color__hover_enabled=&#8220;off&#8220; button_one_border_color__hover_enabled=&#8220;off&#8220; button_two_border_color__hover_enabled=&#8220;off&#8220; button_border_radius__hover_enabled=&#8220;off&#8220; button_one_border_radius__hover_enabled=&#8220;off&#8220; button_two_border_radius__hover_enabled=&#8220;off&#8220; button_letter_spacing__hover_enabled=&#8220;off&#8220; button_one_letter_spacing__hover_enabled=&#8220;off&#8220; button_two_letter_spacing__hover_enabled=&#8220;off&#8220; button_bg_color__hover_enabled=&#8220;off&#8220; button_one_bg_color__hover_enabled=&#8220;off&#8220; button_two_bg_color__hover_enabled=&#8220;off&#8220;][\/et_pb_contact_field][\/et_pb_contact_form][\/et_pb_column][\/et_pb_row][et_pb_row _builder_version=&#8220;4.19.4&#8243; _module_preset=&#8220;default&#8220; width=&#8220;100%&#8220; max_width=&#8220;100%&#8220; custom_padding=&#8220;||0px||false|false&#8220; global_colors_info=&#8220;{}&#8220;][et_pb_column type=&#8220;4_4&#8243; _builder_version=&#8220;4.19.4&#8243; _module_preset=&#8220;default&#8220; global_colors_info=&#8220;{}&#8220;][et_pb_text _builder_version=&#8220;4.22.1&#8243; _module_preset=&#8220;default&#8220; text_line_height=&#8220;0em&#8220; global_colors_info=&#8220;{}&#8220;]<iframe loading=\"lazy\" src=\"https:\/\/www.google.com\/maps\/embed?pb=!1m18!1m12!1m3!1d5332.184832859599!2d23.054305875423015!3d48.06985904040374!2m3!1f0!2f0!3f0!3m2!1i1024!2i768!4f13.1!3m3!1m2!1s0x473823556a2d52a5%3A0xadff5f5405eed2ce!2z0KfQtdGA0L3QvtGC0LjRgdC-0LLQtQ!5e0!3m2!1suk!2sua!4v1694023681057!5m2!1suk!2sua\" width=\"100%\" height=\"566\" allowfullscreen=\"allowfullscreen\"><\/iframe>[\/et_pb_text][\/et_pb_column][\/et_pb_row][\/et_pb_section]<\/p>\n","protected":false},"excerpt":{"rendered":"<p><div class=\"et_pb_module difl_breadcrumbs difl_breadcrumbs_0 et_animated\">\n\t\t\t\t\n\t\t\t\t\n\t\t\t\t\n\t\t\t\t\n\t\t\t\t\n\t\t\t\t\n\t\t\t\t<div class=\"et_pb_module_inner\">\n\t\t\t\t\t<div class=\"df_breadcrumbs_container\">\r\n                             <script type=\"application\/ld+json\">{\"@context\":\"https:\\\/\\\/schema.org\\\/\",\"@type\":\"BreadcrumbList\",\"itemListElement\":[{\"@type\":\"ListItem\",\"position\":1,\"name\":\"Domov\",\"item\":\"https:\\\/\\\/terch.com.ua\\\/sk\\\/\"}]}<\/script>\r\n                            <div class=\"df_breadcrumbs_wrapper\">\r\n                                <ul class=\"df-breadcrumbs\"><li class=\"df-breadcrumbs-item df-breadcrumbs-start\"><a href=\"https:\/\/terch.com.ua\/sk\/\"  rel=\"home\"><span class=\"df-breadcrumbs-text\">  Domov <\/span><\/a><\/li><\/ul>\r\n                            <\/div>\r\n\r\n                        <\/div>\n\t\t\t\t<\/div>\n\t\t\t<\/div><div class=\"et_pb_module difl_advanced_blurb difl_advanced_blurb_0\">\n\t\t\t\t\n\t\t\t\t\n\t\t\t\t\n\t\t\t\t\n\t\t\t\t\n\t\t\t\t\n\t\t\t\t<div class=\"et_pb_module_inner\">\n\t\t\t\t\t<div class=\"df_ab_blurb_container\"> <div class=\"df_ab_blurb_content_container\"><div class=\"df_ab_blurb_image image placement_image_flex_top\"><\/div> <h3  class=\"df_ab_blurb_title\">Za\u017eite v\u00fdhody spolupr\u00e1ce s profesion\u00e1lmi<\/h3 >  <div class=\"df_ab_blurb_description\">V\u010faka na\u0161im \u0161pi\u010dkov\u00fdm technologick\u00fdm rie\u0161eniam a odborn\u00fdm znalostiam v oblasti riadenia poskytujeme individu\u00e1lny a optim\u00e1lny pr\u00edstup ku ka\u017edej z\u00e1kazke.<\/div>  <\/div><\/div>\n\t\t\t\t<\/div>\n\t\t\t<\/div><div class=\"et_pb_module difl_iconlist difl_iconlist_0\">\n\t\t\t\t\n\t\t\t\t\n\t\t\t\t\n\t\t\t\t\n\t\t\t\t\n\t\t\t\t\n\t\t\t\t<div class=\"et_pb_module_inner\">\n\t\t\t\t\t<ul class=\"difl_iconlist_container\" style=\"list-style-type: none;\"><li class=\"et_pb_module difl_iconlistitem difl_iconlistitem_0\">\r\n\t\t\t\t\r\n\t\t\t\t\r\n\t\t\t\t\r\n\t\t\t\t\r\n\t\t\t\t\r\n\t\t\t\t\r\n\t\t\t\t<div class=\"et_pb_module_inner\">\r\n\t\t\t\t\t<span class=\"item-elements et_pb_with_background\">\r\n                    <span class=\"item-elements-group\"><span class=\"difl_icon_item_container\"><span class=\"difl_icon_item_icon_wrapper\"><span class=\"icon-element\"><span class=\"et-pb-icon difl_list_icon\">\ue090<\/span><\/span><\/span> <span class=\"difl_icon_item_content_wrapper\"><p class=\"difl_icon_item_header et_pb_with_background\"><a href=\"tel:+380983325275\">+38 098 332 5275<\/a><\/p><\/span><\/span><\/span>\r\n                    <span class=\"item-tooltip-data\" style=\"display:none\"><\/span>\r\n                <\/span>\r\n\t\t\t\t<\/div>\r\n\t\t\t<\/li><li class=\"et_pb_module difl_iconlistitem difl_iconlistitem_1\">\r\n\t\t\t\t\r\n\t\t\t\t\r\n\t\t\t\t\r\n\t\t\t\t\r\n\t\t\t\t\r\n\t\t\t\t\r\n\t\t\t\t<div class=\"et_pb_module_inner\">\r\n\t\t\t\t\t<span class=\"item-elements et_pb_with_background\">\r\n                    <span class=\"item-elements-group\"><span class=\"difl_icon_item_container\"><span class=\"difl_icon_item_icon_wrapper\"><span class=\"icon-element\"><span class=\"et-pb-icon difl_list_icon\">\ue081<\/span><\/span><\/span> <span class=\"difl_icon_item_content_wrapper\"><p class=\"difl_icon_item_header et_pb_with_background\"><span>LLC &quot;Terminal Chornotysiv&quot; (k\u00f3d USREOU 44712382) <\/span><\/p><\/span><\/span><\/span>\r\n                    <span class=\"item-tooltip-data\" style=\"display:none\"><\/span>\r\n                <\/span>\r\n\t\t\t\t<\/div>\r\n\t\t\t<\/li><li class=\"et_pb_module difl_iconlistitem difl_iconlistitem_2\">\r\n\t\t\t\t\r\n\t\t\t\t\r\n\t\t\t\t\r\n\t\t\t\t\r\n\t\t\t\t\r\n\t\t\t\t\r\n\t\t\t\t<div class=\"et_pb_module_inner\">\r\n\t\t\t\t\t<span class=\"item-elements et_pb_with_background\">\r\n                    <span class=\"item-elements-group\"><span class=\"difl_icon_item_container\"><span class=\"difl_icon_item_icon_wrapper\"><span class=\"icon-element\"><span class=\"et-pb-icon difl_list_icon\">\ue081<\/span><\/span><\/span> <span class=\"difl_icon_item_content_wrapper\"><p class=\"difl_icon_item_header et_pb_with_background\"><span>90363, Zakarpatsk\u00e1 oblas\u0165, okres Berehove, obec Chornotysiv, ulica \u0160ev\u010denko, dom \u010d. 23\/b<\/span><\/p><\/span><\/span><\/span>\r\n                    <span class=\"item-tooltip-data\" style=\"display:none\"><\/span>\r\n                <\/span>\r\n\t\t\t\t<\/div>\r\n\t\t\t<\/li><li class=\"et_pb_module difl_iconlistitem difl_iconlistitem_3\">\r\n\t\t\t\t\r\n\t\t\t\t\r\n\t\t\t\t\r\n\t\t\t\t\r\n\t\t\t\t\r\n\t\t\t\t\r\n\t\t\t\t<div class=\"et_pb_module_inner\">\r\n\t\t\t\t\t<span class=\"item-elements et_pb_with_background\">\r\n                    <span class=\"item-elements-group\"><span class=\"difl_icon_item_container\"><span class=\"difl_icon_item_icon_wrapper\"><span class=\"icon-element\"><span class=\"et-pb-icon difl_list_icon\">\uf0e0<\/span><\/span><\/span> <span class=\"difl_icon_item_content_wrapper\"><p class=\"difl_icon_item_header et_pb_with_background\"><a href=\"mailto:office@terch.com.ua\">office@terch.com.ua<\/a><\/p><\/span><\/span><\/span>\r\n                    <span class=\"item-tooltip-data\" style=\"display:none\"><\/span>\r\n                <\/span>\r\n\t\t\t\t<\/div>\r\n\t\t\t<\/li><\/ul>\n\t\t\t\t<\/div>\n\t\t\t<\/div><div class=\"et_pb_module difl_advanced_blurb difl_advanced_blurb_1\">\n\t\t\t\t\n\t\t\t\t\n\t\t\t\t\n\t\t\t\t\n\t\t\t\t\n\t\t\t\t\n\t\t\t\t<div class=\"et_pb_module_inner\">\n\t\t\t\t\t<div class=\"df_ab_blurb_container\"> <div class=\"df_ab_blurb_content_container\"><div class=\"df_ab_blurb_image image placement_image_flex_top\"><\/div> <h3  class=\"df_ab_blurb_title\">M\u00e1te nejak\u00e9 ot\u00e1zky?<\/h3 >  <div class=\"df_ab_blurb_description\">Vypl\u0148te formul\u00e1r \u017eiadosti a po\u0161lite n\u00e1m ho, odpovieme v\u00e1m \u010do najsk\u00f4r.<\/div>  <\/div><\/div>\n\t\t\t\t<\/div>\n\t\t\t<\/div><\/p>\n","protected":false},"author":1,"featured_media":0,"parent":0,"menu_order":6,"comment_status":"closed","ping_status":"closed","template":"","meta":{"_et_pb_use_builder":"on","_et_pb_old_content":"","_et_gb_content_width":"","footnotes":""},"class_list":["post-5486","page","type-page","status-publish","hentry"],"_links":{"self":[{"href":"https:\/\/terch.com.ua\/sk\/wp-json\/wp\/v2\/pages\/5486","targetHints":{"allow":["GET"]}}],"collection":[{"href":"https:\/\/terch.com.ua\/sk\/wp-json\/wp\/v2\/pages"}],"about":[{"href":"https:\/\/terch.com.ua\/sk\/wp-json\/wp\/v2\/types\/page"}],"author":[{"embeddable":true,"href":"https:\/\/terch.com.ua\/sk\/wp-json\/wp\/v2\/users\/1"}],"replies":[{"embeddable":true,"href":"https:\/\/terch.com.ua\/sk\/wp-json\/wp\/v2\/comments?post=5486"}],"version-history":[{"count":4,"href":"https:\/\/terch.com.ua\/sk\/wp-json\/wp\/v2\/pages\/5486\/revisions"}],"predecessor-version":[{"id":5491,"href":"https:\/\/terch.com.ua\/sk\/wp-json\/wp\/v2\/pages\/5486\/revisions\/5491"}],"wp:attachment":[{"href":"https:\/\/terch.com.ua\/sk\/wp-json\/wp\/v2\/media?parent=5486"}],"curies":[{"name":"wp","href":"https:\/\/api.w.org\/{rel}","templated":true}]}}