{"id":5426,"date":"2023-09-06T03:39:33","date_gmt":"2023-09-06T00:39:33","guid":{"rendered":"https:\/\/terch.com.ua\/serviciile-noastre\/depozitul-de-depozitare-a-cerealelor\/"},"modified":"2024-04-01T06:50:18","modified_gmt":"2024-04-01T03:50:18","slug":"depozitul-de-depozitare-a-cerealelor","status":"publish","type":"page","link":"https:\/\/terch.com.ua\/ro\/serviciile-noastre\/depozitul-de-depozitare-a-cerealelor\/","title":{"rendered":"Depozitul de depozitare a cerealelor"},"content":{"rendered":"<p>[et_pb_section fb_built=&#8221;1&#8243; custom_padding_last_edited=&#8221;on|phone&#8221; admin_label=&#8221;Hero Section&#8221; _builder_version=&#8221;4.22.1&#8243; _module_preset=&#8221;default&#8221; background_enable_color=&#8221;off&#8221; background_image=&#8221;https:\/\/terch.com.ua\/wp-content\/uploads\/2023\/08\/bg-20.jpg&#8221; custom_margin=&#8221;||||false|false&#8221; custom_padding=&#8221;100px||100px||false|false&#8221; custom_padding_tablet=&#8221;100px||100px||false|false&#8221; custom_padding_phone=&#8221;0px||0px||false|false&#8221; locked=&#8221;off&#8221; collapsed=&#8221;off&#8221; global_colors_info=&#8221;{}&#8221;][et_pb_row _builder_version=&#8221;4.19.4&#8243; _module_preset=&#8221;default&#8221; global_colors_info=&#8221;{}&#8221;][et_pb_column type=&#8221;4_4&#8243; _builder_version=&#8221;4.19.4&#8243; _module_preset=&#8221;default&#8221; global_colors_info=&#8221;{}&#8221;][et_pb_text _builder_version=&#8221;4.22.1&#8243; _dynamic_attributes=&#8221;content&#8221; _module_preset=&#8221;default&#8221; text_font=&#8221;|||on|||||&#8221; text_text_color=&#8221;#ffffff&#8221; text_font_size=&#8221;40px&#8221; text_line_height=&#8221;68px&#8221; text_orientation=&#8221;center&#8221; custom_margin=&#8221;||0px||false|false&#8221; animation_style=&#8221;slide&#8221; animation_direction=&#8221;top&#8221; animation_duration=&#8221;300ms&#8221; text_font_size_tablet=&#8221;30px&#8221; text_font_size_phone=&#8221;30px&#8221; text_font_size_last_edited=&#8221;on|tablet&#8221; global_colors_info=&#8221;{}&#8221;]@ET-DC@eyJkeW5hbWljIjp0cnVlLCJjb250ZW50IjoicG9zdF90aXRsZSIsInNldHRpbmdzIjp7ImJlZm9yZSI6IiIsImFmdGVyIjoiIn19@[\/et_pb_text][difl_breadcrumbs use_separator_icon=&#8221;on&#8221; separator_font_icon=&#8221;&#x35;||divi||400&#8243; separator_icon_color=&#8221;#FFFFFF&#8221; home_text=&#8221;Acas\u0103&#8221; alignment=&#8221;center&#8221; show_on_front_page=&#8221;off&#8221; show_title=&#8221;off&#8221; enable_schema=&#8221;on&#8221; _builder_version=&#8221;4.22.1&#8243; _module_preset=&#8221;default&#8221; pages_font_font=&#8221;Nunito Sans|600|||||||&#8221; pages_font_text_color=&#8221;#FFFFFF&#8221; pages_font_line_height=&#8221;22px&#8221; home_font_font=&#8221;|700|||||||&#8221; home_font_line_height=&#8221;22px&#8221; animation_style=&#8221;slide&#8221; animation_direction=&#8221;bottom&#8221; animation_duration=&#8221;300ms&#8221; global_colors_info=&#8221;{}&#8221;][\/difl_breadcrumbs][\/et_pb_column][\/et_pb_row][\/et_pb_section][et_pb_section fb_built=&#8221;1&#8243; custom_padding_last_edited=&#8221;on|phone&#8221; admin_label=&#8221;Body Section&#8221; _builder_version=&#8221;4.22.1&#8243; _module_preset=&#8221;default&#8221; background_color=&#8221;#fafbff&#8221; custom_margin_tablet=&#8221;&#8221; custom_margin_phone=&#8221;||0px||false|false&#8221; custom_margin_last_edited=&#8221;on|phone&#8221; custom_padding=&#8221;||||false|false&#8221; custom_padding_tablet=&#8221;||||false|false&#8221; custom_padding_phone=&#8221;||0px||false|false&#8221; locked=&#8221;off&#8221; collapsed=&#8221;off&#8221; global_colors_info=&#8221;{}&#8221;][et_pb_row column_structure=&#8221;3_5,2_5&#8243; disabled_on=&#8221;off|off|off&#8221; _builder_version=&#8221;4.22.1&#8243; _module_preset=&#8221;default&#8221; background_enable_image=&#8221;off&#8221; global_colors_info=&#8221;{}&#8221;][et_pb_column type=&#8221;3_5&#8243; _builder_version=&#8221;4.19.4&#8243; _module_preset=&#8221;default&#8221; custom_padding=&#8221;||||false|false&#8221; global_colors_info=&#8221;{}&#8221;][et_pb_blurb content_max_width=&#8221;100%&#8221; disabled_on=&#8221;off|off|off&#8221; _builder_version=&#8221;4.22.2&#8243; _module_preset=&#8221;default&#8221; header_font=&#8221;Nunito Sans|700|||||||&#8221; header_text_color=&#8221;#222222&#8243; header_font_size=&#8221;24px&#8221; header_line_height=&#8221;29px&#8221; body_font=&#8221;|300|||||||&#8221; body_line_height=&#8221;24px&#8221; hover_enabled=&#8221;0&#8243; global_colors_info=&#8221;{}&#8221; sticky_enabled=&#8221;0&#8243;]<\/p>\n<p>Compania noastr\u0103 ofer\u0103 servicii de depozitare a cerealelor &#8211; avem grij\u0103 de calitatea produselor \u0219i asigur\u0103m condi\u021bii sigure pentru depozitarea lor.<\/p>\n<p>Dispunem de echipamente \u0219i infrastructur\u0103 modern\u0103 pentru depozitarea cerealelor, inclusiv:<\/p>\n<ul>\n<li>Echipament de transport Scandia Elevator, Suedia (200t\/h)<\/li>\n<li>Rezervoare opera\u021bionale Silomasters, Espana (6 buc.\/1 200m3)<\/li>\n<li>Rezervoare cu fund plat Silomasters, Spania (3 buc.\/9 000m3)<\/li>\n<li>Ma\u0219in\u0103 de cur\u0103\u021bat B\u00fchler TAS 206A-6<\/li>\n<\/ul>\n<p>Oferim, de asemenea, posibilitatea de a primi \u0219i expedia cereale \u0219i semin\u021be oleaginoase pe cale rutier\u0103 \u0219i feroviar\u0103, precum \u0219i transbordarea direct\u0103 de la vagon la vagon \u0219i de la vagon la vagon.<\/p>\n<p>Depozitele \u0219i facilit\u0103\u021bile noastre moderne de depozitare sunt concepute pentru a gestiona volume mari de cereale \u0219i sunt dotate cu echipamente avansate pentru a asigura o depozitare eficient\u0103 \u0219i sigur\u0103. Recunoa\u0219tem importan\u021ba p\u0103str\u0103rii calit\u0103\u021bii cerealelor pentru clien\u021bii no\u0219tri, astfel \u00eenc\u00e2t fiecare aspect al opera\u021biunilor noastre are ca scop asigurarea unor condi\u021bii optime de depozitare. <\/p>\n<p>Echipa noastr\u0103 de profesioni\u0219ti are mul\u021bi ani de experien\u021b\u0103 \u00een domeniul cerealelor \u0219i \u0219tie cum s\u0103 men\u021bin\u0103 cele mai \u00eenalte standarde de siguran\u021b\u0103 a produselor. Folosim metode \u0219i tehnologii moderne pentru a monitoriza temperatura, umiditatea \u0219i al\u021bi factori care pot afecta calitatea cerealelor. <\/p>\n<p>Depozitele noastre au standarde de securitate ridicate, inclusiv sisteme de stingere a incendiilor \u0219i de control al accesului, ceea ce asigur\u0103 protec\u021bie \u00eempotriva evenimentelor nedorite \u0219i men\u021bine \u00een siguran\u021b\u0103 \u00eenc\u0103rc\u0103turile valoroase. Ne asigur\u0103m c\u0103 toate procesele de depozitare se desf\u0103\u0219oar\u0103 \u00een conformitate cu cerin\u021bele legale \u0219i cu standardele interna\u021bionale. <\/p>\n<p>\u00cen plus, depozitele noastre pot fi echipate pentru a r\u0103spunde diferitelor nevoi ale clien\u021bilor. Oferim o abordare individual\u0103 fiec\u0103rui client \u0219i dezvolt\u0103m solu\u021bii optime pentru depozitarea cerealelor, \u021bin\u00e2nd cont de specificul produselor \u0219i de nevoile de afaceri ale acestora. <\/p>\n<p>Serviciile noastre de depozitare a cerealelor deschid noi oportunit\u0103\u021bi pentru produc\u0103torii agricoli \u0219i pentru al\u021bi actori de pe pia\u021ba cerealelor. Cre\u0103m o verig\u0103 de \u00eencredere \u00een lan\u021bul logistic al transportului de cereale, asigur\u00e2nd stabilitatea \u0219i fiabilitatea fluxului de marf\u0103. <\/p>\n<p>[\/et_pb_blurb][difl_advanced_blurb title=&#8221;Ave\u021bi vreo \u00eentrebare?&#8221; sub_title=&#8221; Completa\u021bi formularul de cerere \u0219i trimite\u021bi-l la noi, v\u0103 vom r\u0103spunde \u00een cel mai scurt timp posibil.&#8221; button_text=&#8221;Trimite\u021bi o cerere&#8221; button_url=&#8221;#&#8221; blurb_icon=&#8221;&#x74;||divi||400&#8243; image_icon_container_position=&#8221;outside&#8221; image_placement=&#8221;flex_left&#8221; image_icon_item_align=&#8221;center&#8221; _builder_version=&#8221;4.22.1&#8243; _module_preset=&#8221;27a26ff8-77c3-4c32-8a97-1330a17f096e&#8221; custom_margin_tablet=&#8221;&#8221; custom_margin_phone=&#8221;||||false|false&#8221; custom_margin_last_edited=&#8221;on|desktop&#8221; locked=&#8221;off&#8221; global_colors_info=&#8221;{}&#8221;][\/difl_advanced_blurb][\/et_pb_column][et_pb_column type=&#8221;2_5&#8243; disabled_on=&#8221;on|on|off&#8221; _builder_version=&#8221;4.22.1&#8243; _module_preset=&#8221;default&#8221; background_image=&#8221;https:\/\/terch.com.ua\/wp-content\/uploads\/2022\/12\/silos.jpg&#8221; custom_padding=&#8221;400px||400px||true|false&#8221; animation_style=&#8221;fold&#8221; global_colors_info=&#8221;{}&#8221;][\/et_pb_column][\/et_pb_row][\/et_pb_section]<\/p>\n","protected":false},"excerpt":{"rendered":"<p><div class=\"et_pb_module difl_breadcrumbs difl_breadcrumbs_0 et_animated\">\n\t\t\t\t\n\t\t\t\t\n\t\t\t\t\n\t\t\t\t\n\t\t\t\t\n\t\t\t\t\n\t\t\t\t<div class=\"et_pb_module_inner\">\n\t\t\t\t\t<div class=\"df_breadcrumbs_container\">\r\n                             <script type=\"application\/ld+json\">{\"@context\":\"https:\\\/\\\/schema.org\\\/\",\"@type\":\"BreadcrumbList\",\"itemListElement\":[{\"@type\":\"ListItem\",\"position\":1,\"name\":\"Acas\\u0103\",\"item\":\"https:\\\/\\\/terch.com.ua\\\/ro\\\/\"}]}<\/script>\r\n                            <div class=\"df_breadcrumbs_wrapper\">\r\n                                <ul class=\"df-breadcrumbs\"><li class=\"df-breadcrumbs-item df-breadcrumbs-start\"><a href=\"https:\/\/terch.com.ua\/ro\/\"  rel=\"home\"><span class=\"df-breadcrumbs-text\">  Acas\u0103 <\/span><\/a><\/li><\/ul>\r\n                            <\/div>\r\n\r\n                        <\/div>\n\t\t\t\t<\/div>\n\t\t\t<\/div>Compania noastr\u0103 ofer\u0103 servicii de depozitare a cerealelor &#8211; avem grij\u0103 de calitatea produselor \u0219i asigur\u0103m condi\u021bii sigure pentru depozitarea lor. Dispunem de echipamente \u0219i infrastructur\u0103 modern\u0103 pentru depozitarea cerealelor, inclusiv: Echipament de transport Scandia Elevator, Suedia (200t\/h) Rezervoare opera\u021bionale Silomasters, Espana (6 buc.\/1 200m3) Rezervoare cu fund plat Silomasters, Spania (3 buc.\/9 000m3) Ma\u0219in\u0103 de cur\u0103\u021bat B\u00fchler TAS 206A-6 Oferim, de asemenea, posibilitatea de a primi \u0219i expedia cereale \u0219i semin\u021be oleaginoase pe cale rutier\u0103 \u0219i feroviar\u0103, precum \u0219i transbordarea direct\u0103 de la vagon la vagon \u0219i de la vagon la vagon. Depozitele \u0219i facilit\u0103\u021bile noastre moderne de depozitare sunt concepute pentru a gestiona volume mari de cereale \u0219i sunt dotate cu echipamente avansate pentru a asigura o depozitare eficient\u0103 \u0219i sigur\u0103. Recunoa\u0219tem importan\u021ba p\u0103str\u0103rii calit\u0103\u021bii cerealelor pentru clien\u021bii no\u0219tri, astfel \u00eenc\u00e2t fiecare aspect al opera\u021biunilor noastre are ca scop asigurarea unor condi\u021bii optime de depozitare. Echipa noastr\u0103 de profesioni\u0219ti are mul\u021bi ani de experien\u021b\u0103 \u00een domeniul cerealelor \u0219i \u0219tie cum s\u0103 men\u021bin\u0103 cele mai \u00eenalte standarde de siguran\u021b\u0103 a produselor. Folosim metode \u0219i tehnologii moderne pentru a monitoriza [&hellip;]<\/p>\n","protected":false},"author":1,"featured_media":0,"parent":5399,"menu_order":0,"comment_status":"closed","ping_status":"closed","template":"","meta":{"_et_pb_use_builder":"on","_et_pb_old_content":"","_et_gb_content_width":"","footnotes":""},"class_list":["post-5426","page","type-page","status-publish","hentry"],"_links":{"self":[{"href":"https:\/\/terch.com.ua\/ro\/wp-json\/wp\/v2\/pages\/5426","targetHints":{"allow":["GET"]}}],"collection":[{"href":"https:\/\/terch.com.ua\/ro\/wp-json\/wp\/v2\/pages"}],"about":[{"href":"https:\/\/terch.com.ua\/ro\/wp-json\/wp\/v2\/types\/page"}],"author":[{"embeddable":true,"href":"https:\/\/terch.com.ua\/ro\/wp-json\/wp\/v2\/users\/1"}],"replies":[{"embeddable":true,"href":"https:\/\/terch.com.ua\/ro\/wp-json\/wp\/v2\/comments?post=5426"}],"version-history":[{"count":2,"href":"https:\/\/terch.com.ua\/ro\/wp-json\/wp\/v2\/pages\/5426\/revisions"}],"predecessor-version":[{"id":5428,"href":"https:\/\/terch.com.ua\/ro\/wp-json\/wp\/v2\/pages\/5426\/revisions\/5428"}],"up":[{"embeddable":true,"href":"https:\/\/terch.com.ua\/ro\/wp-json\/wp\/v2\/pages\/5399"}],"wp:attachment":[{"href":"https:\/\/terch.com.ua\/ro\/wp-json\/wp\/v2\/media?parent=5426"}],"curies":[{"name":"wp","href":"https:\/\/api.w.org\/{rel}","templated":true}]}}