{"id":5423,"date":"2023-09-06T10:01:16","date_gmt":"2023-09-06T07:01:16","guid":{"rendered":"https:\/\/terch.com.ua\/serviciile-noastre\/vanzarea-de-loturi-angro-de-ulei-cereale-si-seminte-oleaginoase\/"},"modified":"2024-04-01T06:48:55","modified_gmt":"2024-04-01T03:48:55","slug":"vanzarea-de-loturi-angro-de-ulei-cereale-si-seminte-oleaginoase","status":"publish","type":"page","link":"https:\/\/terch.com.ua\/ro\/serviciile-noastre\/vanzarea-de-loturi-angro-de-ulei-cereale-si-seminte-oleaginoase\/","title":{"rendered":"V\u00e2nzarea de loturi angro de ulei, cereale \u0219i semin\u021be oleaginoase"},"content":{"rendered":"<p>[et_pb_section fb_built=&#8221;1&#8243; custom_padding_last_edited=&#8221;on|phone&#8221; admin_label=&#8221;Hero Section&#8221; _builder_version=&#8221;4.22.1&#8243; _module_preset=&#8221;default&#8221; background_enable_color=&#8221;off&#8221; background_image=&#8221;https:\/\/terch.com.ua\/wp-content\/uploads\/2023\/08\/bg-20.jpg&#8221; custom_margin=&#8221;||||false|false&#8221; custom_padding=&#8221;100px||100px||false|false&#8221; custom_padding_tablet=&#8221;100px||100px||false|false&#8221; custom_padding_phone=&#8221;0px||0px||true|false&#8221; locked=&#8221;off&#8221; collapsed=&#8221;off&#8221; global_colors_info=&#8221;{}&#8221;][et_pb_row _builder_version=&#8221;4.19.4&#8243; _module_preset=&#8221;default&#8221; global_colors_info=&#8221;{}&#8221;][et_pb_column type=&#8221;4_4&#8243; _builder_version=&#8221;4.19.4&#8243; _module_preset=&#8221;default&#8221; global_colors_info=&#8221;{}&#8221;][et_pb_text _builder_version=&#8221;4.22.1&#8243; _dynamic_attributes=&#8221;content&#8221; _module_preset=&#8221;default&#8221; text_font=&#8221;|||on|||||&#8221; text_text_color=&#8221;#ffffff&#8221; text_font_size=&#8221;40px&#8221; text_line_height=&#8221;68px&#8221; text_orientation=&#8221;center&#8221; custom_margin=&#8221;||0px||false|false&#8221; animation_style=&#8221;slide&#8221; animation_direction=&#8221;top&#8221; animation_duration=&#8221;300ms&#8221; text_font_size_tablet=&#8221;30px&#8221; text_font_size_phone=&#8221;30px&#8221; text_font_size_last_edited=&#8221;on|tablet&#8221; global_colors_info=&#8221;{}&#8221;]@ET-DC@eyJkeW5hbWljIjp0cnVlLCJjb250ZW50IjoicG9zdF90aXRsZSIsInNldHRpbmdzIjp7ImJlZm9yZSI6IiIsImFmdGVyIjoiIn19@[\/et_pb_text][difl_breadcrumbs use_separator_icon=&#8221;on&#8221; separator_font_icon=&#8221;&#x35;||divi||400&#8243; separator_icon_color=&#8221;#FFFFFF&#8221; home_text=&#8221;Acas\u0103&#8221; alignment=&#8221;center&#8221; show_on_front_page=&#8221;off&#8221; show_title=&#8221;off&#8221; enable_schema=&#8221;on&#8221; _builder_version=&#8221;4.22.1&#8243; _module_preset=&#8221;default&#8221; pages_font_font=&#8221;Nunito Sans|600|||||||&#8221; pages_font_text_color=&#8221;#FFFFFF&#8221; pages_font_line_height=&#8221;22px&#8221; home_font_font=&#8221;|700|||||||&#8221; home_font_line_height=&#8221;22px&#8221; animation_style=&#8221;slide&#8221; animation_direction=&#8221;bottom&#8221; animation_duration=&#8221;300ms&#8221; global_colors_info=&#8221;{}&#8221;][\/difl_breadcrumbs][\/et_pb_column][\/et_pb_row][\/et_pb_section][et_pb_section fb_built=&#8221;1&#8243; custom_padding_last_edited=&#8221;on|phone&#8221; admin_label=&#8221;Body Section&#8221; _builder_version=&#8221;4.22.1&#8243; _module_preset=&#8221;default&#8221; background_color=&#8221;#fafbff&#8221; custom_margin_tablet=&#8221;&#8221; custom_margin_phone=&#8221;||0px||false|false&#8221; custom_margin_last_edited=&#8221;on|phone&#8221; custom_padding_tablet=&#8221;&#8221; custom_padding_phone=&#8221;||0px||false|false&#8221; locked=&#8221;off&#8221; collapsed=&#8221;off&#8221; global_colors_info=&#8221;{}&#8221;][et_pb_row column_structure=&#8221;3_5,2_5&#8243; disabled_on=&#8221;off|off|off&#8221; _builder_version=&#8221;4.22.1&#8243; _module_preset=&#8221;default&#8221; background_enable_image=&#8221;off&#8221; global_colors_info=&#8221;{}&#8221;][et_pb_column type=&#8221;3_5&#8243; _builder_version=&#8221;4.19.4&#8243; _module_preset=&#8221;default&#8221; custom_padding=&#8221;||||false|false&#8221; global_colors_info=&#8221;{}&#8221;][et_pb_blurb content_max_width=&#8221;100%&#8221; disabled_on=&#8221;off|off|off&#8221; _builder_version=&#8221;4.22.1&#8243; _module_preset=&#8221;default&#8221; header_font=&#8221;Nunito Sans|700|||||||&#8221; header_text_color=&#8221;#222222&#8243; header_font_size=&#8221;24px&#8221; header_line_height=&#8221;29px&#8221; body_font=&#8221;|300|||||||&#8221; body_line_height=&#8221;24px&#8221; global_colors_info=&#8221;{}&#8221;]<\/p>\n<p>Compania noastr\u0103 este specializat\u0103 \u00een comer\u021bul cu ridicata al cerealelor, uleiului \u0219i semin\u021belor cu scopul final de a oferi clien\u021bilor no\u0219tri produse de calitate pentru a-i ajuta s\u0103 \u00ee\u0219i dezvolte afacerile \u0219i s\u0103 satisfac\u0103 nevoile clien\u021bilor lor.<\/p>\n<p>Oferim o gam\u0103 larg\u0103 de cereale, semin\u021be oleaginoase \u0219i produse din semin\u021be care \u00eendeplinesc cele mai \u00eenalte standarde de calitate. Cerealele noastre au un con\u021binut ridicat de nutrien\u021bi, \u00ee\u0219i p\u0103streaz\u0103 toate propriet\u0103\u021bile naturale \u0219i dau savoare m\u00e2nc\u0103rurilor preparate cu ele. <\/p>\n<p>Uleiurile pe care le oferim sunt realizate din materii prime naturale \u0219i produse cu o \u00eenalt\u0103 calitate tehnologic\u0103. Acestea au o compozi\u021bie bogat\u0103 \u00een gr\u0103simi s\u0103n\u0103toase \u0219i vitamine, ceea ce le face o alegere excelent\u0103 pentru o diet\u0103 s\u0103n\u0103toas\u0103. <\/p>\n<p>Semin\u021bele pe care le oferim sunt de calitate selec\u021bionat\u0103 \u0219i garanteaz\u0103 o recolt\u0103 bun\u0103. Ele reprezint\u0103 o alegere excelent\u0103 pentru antreprenorii agricoli care doresc s\u0103 se aprovizioneze cu semin\u021be de calitate pentru culturile lor. <\/p>\n<p>\u00cen\u021belegem c\u0103 livrarea prompt\u0103 a m\u0103rfurilor este foarte important\u0103 pentru afacerile clien\u021bilor no\u0219tri. Prin urmare, ne-am stabilit standarde \u00eenalte pentru procesarea \u0219i livrarea comenzilor, pentru a ne asigura c\u0103 clien\u021bii no\u0219tri primesc produsele la timp \u0219i \u00een limitele bugetului. <\/p>\n<p>Serviciile noastre nu se limiteaz\u0103 la v\u00e2nz\u0103ri. Oferim, de asemenea, consultan\u021b\u0103 \u0219i sprijin clien\u021bilor no\u0219tri \u00een selectarea celor mai bune produse pentru afacerea lor, ajut\u0103m la planificarea aprovizion\u0103rii \u0219i punem \u00een aplicare idei de dezvoltare. <\/p>\n<p>Cu noi, pute\u021bi fi siguri c\u0103 ve\u021bi primi doar produse de cea mai bun\u0103 calitate \u0219i servicii de cel mai \u00eenalt nivel. Credem c\u0103 o cooperare cu noi va fi o solu\u021bie de succes \u0219i profitabil\u0103 pentru afacerea dvs. <\/p>\n<p>[\/et_pb_blurb][difl_advanced_blurb title=&#8221;Ave\u021bi vreo \u00eentrebare?&#8221; sub_title=&#8221; Completa\u021bi formularul de cerere \u0219i trimite\u021bi-l la noi, v\u0103 vom r\u0103spunde \u00een cel mai scurt timp posibil.&#8221; button_text=&#8221;Trimite\u021bi o cerere&#8221; button_url=&#8221;#&#8221; blurb_icon=&#8221;&#x74;||divi||400&#8243; image_icon_container_position=&#8221;outside&#8221; image_placement=&#8221;flex_left&#8221; image_icon_item_align=&#8221;center&#8221; _builder_version=&#8221;4.22.1&#8243; _module_preset=&#8221;27a26ff8-77c3-4c32-8a97-1330a17f096e&#8221; custom_margin_tablet=&#8221;&#8221; custom_margin_phone=&#8221;||||false|false&#8221; custom_margin_last_edited=&#8221;on|desktop&#8221; locked=&#8221;off&#8221; global_colors_info=&#8221;{}&#8221;][\/difl_advanced_blurb][\/et_pb_column][et_pb_column type=&#8221;2_5&#8243; disabled_on=&#8221;on|on|off&#8221; _builder_version=&#8221;4.22.1&#8243; _module_preset=&#8221;default&#8221; background_image=&#8221;https:\/\/terch.com.ua\/wp-content\/uploads\/070923-06.jpg&#8221; custom_padding=&#8221;400px||400px||true|false&#8221; animation_style=&#8221;fold&#8221; global_colors_info=&#8221;{}&#8221;][\/et_pb_column][\/et_pb_row][\/et_pb_section]<\/p>\n","protected":false},"excerpt":{"rendered":"<p><div class=\"et_pb_module difl_breadcrumbs difl_breadcrumbs_0 et_animated\">\n\t\t\t\t\n\t\t\t\t\n\t\t\t\t\n\t\t\t\t\n\t\t\t\t\n\t\t\t\t\n\t\t\t\t<div class=\"et_pb_module_inner\">\n\t\t\t\t\t<div class=\"df_breadcrumbs_container\">\r\n                             <script type=\"application\/ld+json\">{\"@context\":\"https:\\\/\\\/schema.org\\\/\",\"@type\":\"BreadcrumbList\",\"itemListElement\":[{\"@type\":\"ListItem\",\"position\":1,\"name\":\"Acas\\u0103\",\"item\":\"https:\\\/\\\/terch.com.ua\\\/ro\\\/\"}]}<\/script>\r\n                            <div class=\"df_breadcrumbs_wrapper\">\r\n                                <ul class=\"df-breadcrumbs\"><li class=\"df-breadcrumbs-item df-breadcrumbs-start\"><a href=\"https:\/\/terch.com.ua\/ro\/\"  rel=\"home\"><span class=\"df-breadcrumbs-text\">  Acas\u0103 <\/span><\/a><\/li><\/ul>\r\n                            <\/div>\r\n\r\n                        <\/div>\n\t\t\t\t<\/div>\n\t\t\t<\/div>Compania noastr\u0103 este specializat\u0103 \u00een comer\u021bul cu ridicata al cerealelor, uleiului \u0219i semin\u021belor cu scopul final de a oferi clien\u021bilor no\u0219tri produse de calitate pentru a-i ajuta s\u0103 \u00ee\u0219i dezvolte afacerile \u0219i s\u0103 satisfac\u0103 nevoile clien\u021bilor lor. Oferim o gam\u0103 larg\u0103 de cereale, semin\u021be oleaginoase \u0219i produse din semin\u021be care \u00eendeplinesc cele mai \u00eenalte standarde de calitate. Cerealele noastre au un con\u021binut ridicat de nutrien\u021bi, \u00ee\u0219i p\u0103streaz\u0103 toate propriet\u0103\u021bile naturale \u0219i dau savoare m\u00e2nc\u0103rurilor preparate cu ele. Uleiurile pe care le oferim sunt realizate din materii prime naturale \u0219i produse cu o \u00eenalt\u0103 calitate tehnologic\u0103. Acestea au o compozi\u021bie bogat\u0103 \u00een gr\u0103simi s\u0103n\u0103toase \u0219i vitamine, ceea ce le face o alegere excelent\u0103 pentru o diet\u0103 s\u0103n\u0103toas\u0103. Semin\u021bele pe care le oferim sunt de calitate selec\u021bionat\u0103 \u0219i garanteaz\u0103 o recolt\u0103 bun\u0103. Ele reprezint\u0103 o alegere excelent\u0103 pentru antreprenorii agricoli care doresc s\u0103 se aprovizioneze cu semin\u021be de calitate pentru culturile lor. \u00cen\u021belegem c\u0103 livrarea prompt\u0103 a m\u0103rfurilor este foarte important\u0103 pentru afacerile clien\u021bilor no\u0219tri. Prin urmare, ne-am stabilit standarde \u00eenalte pentru procesarea \u0219i livrarea comenzilor, pentru a ne asigura c\u0103 clien\u021bii [&hellip;]<\/p>\n","protected":false},"author":1,"featured_media":0,"parent":5399,"menu_order":0,"comment_status":"closed","ping_status":"closed","template":"","meta":{"_et_pb_use_builder":"on","_et_pb_old_content":"","_et_gb_content_width":"","footnotes":""},"class_list":["post-5423","page","type-page","status-publish","hentry"],"_links":{"self":[{"href":"https:\/\/terch.com.ua\/ro\/wp-json\/wp\/v2\/pages\/5423","targetHints":{"allow":["GET"]}}],"collection":[{"href":"https:\/\/terch.com.ua\/ro\/wp-json\/wp\/v2\/pages"}],"about":[{"href":"https:\/\/terch.com.ua\/ro\/wp-json\/wp\/v2\/types\/page"}],"author":[{"embeddable":true,"href":"https:\/\/terch.com.ua\/ro\/wp-json\/wp\/v2\/users\/1"}],"replies":[{"embeddable":true,"href":"https:\/\/terch.com.ua\/ro\/wp-json\/wp\/v2\/comments?post=5423"}],"version-history":[{"count":2,"href":"https:\/\/terch.com.ua\/ro\/wp-json\/wp\/v2\/pages\/5423\/revisions"}],"predecessor-version":[{"id":5425,"href":"https:\/\/terch.com.ua\/ro\/wp-json\/wp\/v2\/pages\/5423\/revisions\/5425"}],"up":[{"embeddable":true,"href":"https:\/\/terch.com.ua\/ro\/wp-json\/wp\/v2\/pages\/5399"}],"wp:attachment":[{"href":"https:\/\/terch.com.ua\/ro\/wp-json\/wp\/v2\/media?parent=5423"}],"curies":[{"name":"wp","href":"https:\/\/api.w.org\/{rel}","templated":true}]}}