{"id":5417,"date":"2023-09-06T02:55:28","date_gmt":"2023-09-05T23:55:28","guid":{"rendered":"https:\/\/terch.com.ua\/serviciile-noastre\/servicii-de-transbordare\/"},"modified":"2024-04-01T06:46:47","modified_gmt":"2024-04-01T03:46:47","slug":"servicii-de-transbordare","status":"publish","type":"page","link":"https:\/\/terch.com.ua\/ro\/serviciile-noastre\/servicii-de-transbordare\/","title":{"rendered":"Servicii de transbordare"},"content":{"rendered":"<p>[et_pb_section fb_built=&#8221;1&#8243; custom_padding_last_edited=&#8221;on|phone&#8221; admin_label=&#8221;Hero Section&#8221; _builder_version=&#8221;4.22.1&#8243; _module_preset=&#8221;default&#8221; background_enable_color=&#8221;off&#8221; background_image=&#8221;https:\/\/terch.com.ua\/wp-content\/uploads\/2022\/12\/bg-20.jpg&#8221; custom_margin=&#8221;||||false|false&#8221; custom_margin_tablet=&#8221;||||false|false&#8221; custom_margin_phone=&#8221;||||false|false&#8221; custom_margin_last_edited=&#8221;on|phone&#8221; custom_padding=&#8221;100px||100px||true|false&#8221; custom_padding_tablet=&#8221;||||true|false&#8221; custom_padding_phone=&#8221;0px||0px||true|false&#8221; locked=&#8221;off&#8221; collapsed=&#8221;off&#8221; global_colors_info=&#8221;{}&#8221;][et_pb_row custom_padding_last_edited=&#8221;on|phone&#8221; _builder_version=&#8221;4.22.1&#8243; _module_preset=&#8221;default&#8221; custom_margin_tablet=&#8221;&#8221; custom_margin_phone=&#8221;||||false|false&#8221; custom_margin_last_edited=&#8221;on|phone&#8221; custom_padding=&#8221;||||false|false&#8221; custom_padding_tablet=&#8221;||||false|false&#8221; custom_padding_phone=&#8221;||||false|false&#8221; global_colors_info=&#8221;{}&#8221;][et_pb_column type=&#8221;4_4&#8243; _builder_version=&#8221;4.19.4&#8243; _module_preset=&#8221;default&#8221; global_colors_info=&#8221;{}&#8221;][et_pb_text _builder_version=&#8221;4.22.1&#8243; _dynamic_attributes=&#8221;content&#8221; _module_preset=&#8221;default&#8221; text_font=&#8221;|||on|||||&#8221; text_text_color=&#8221;#ffffff&#8221; text_font_size=&#8221;40px&#8221; text_line_height=&#8221;68px&#8221; text_orientation=&#8221;center&#8221; custom_margin=&#8221;||0px||false|false&#8221; animation_style=&#8221;slide&#8221; animation_direction=&#8221;top&#8221; animation_duration=&#8221;300ms&#8221; hover_enabled=&#8221;0&#8243; text_font_size_tablet=&#8221;30px&#8221; text_font_size_phone=&#8221;30px&#8221; text_font_size_last_edited=&#8221;on|phone&#8221; global_colors_info=&#8221;{}&#8221; sticky_enabled=&#8221;0&#8243;]@ET-DC@eyJkeW5hbWljIjp0cnVlLCJjb250ZW50IjoicG9zdF90aXRsZSIsInNldHRpbmdzIjp7ImJlZm9yZSI6IiIsImFmdGVyIjoiIn19@[\/et_pb_text][difl_breadcrumbs use_separator_icon=&#8221;on&#8221; separator_font_icon=&#8221;&#x35;||divi||400&#8243; separator_icon_color=&#8221;#FFFFFF&#8221; home_text=&#8221;Acas\u0103&#8221; alignment=&#8221;center&#8221; show_on_front_page=&#8221;off&#8221; show_title=&#8221;off&#8221; enable_schema=&#8221;on&#8221; _builder_version=&#8221;4.22.1&#8243; _module_preset=&#8221;default&#8221; pages_font_font=&#8221;Nunito Sans|600|||||||&#8221; pages_font_text_color=&#8221;#FFFFFF&#8221; pages_font_line_height=&#8221;22px&#8221; home_font_font=&#8221;|700|||||||&#8221; home_font_line_height=&#8221;22px&#8221; animation_style=&#8221;slide&#8221; animation_direction=&#8221;bottom&#8221; animation_duration=&#8221;300ms&#8221; global_colors_info=&#8221;{}&#8221;][\/difl_breadcrumbs][\/et_pb_column][\/et_pb_row][\/et_pb_section][et_pb_section fb_built=&#8221;1&#8243; custom_padding_last_edited=&#8221;on|phone&#8221; admin_label=&#8221;Body Section&#8221; _builder_version=&#8221;4.22.1&#8243; _module_preset=&#8221;default&#8221; background_color=&#8221;#fafbff&#8221; custom_margin_tablet=&#8221;&#8221; custom_margin_phone=&#8221;||0px||false|false&#8221; custom_margin_last_edited=&#8221;on|phone&#8221; custom_padding_tablet=&#8221;&#8221; custom_padding_phone=&#8221;||0px||false|false&#8221; locked=&#8221;off&#8221; collapsed=&#8221;off&#8221; global_colors_info=&#8221;{}&#8221;][et_pb_row column_structure=&#8221;3_5,2_5&#8243; disabled_on=&#8221;off|off|off&#8221; _builder_version=&#8221;4.22.1&#8243; _module_preset=&#8221;default&#8221; global_colors_info=&#8221;{}&#8221;][et_pb_column type=&#8221;3_5&#8243; _builder_version=&#8221;4.19.4&#8243; _module_preset=&#8221;default&#8221; custom_padding=&#8221;||||false|false&#8221; global_colors_info=&#8221;{}&#8221;][et_pb_blurb content_max_width=&#8221;100%&#8221; disabled_on=&#8221;off|off|off&#8221; _builder_version=&#8221;4.22.1&#8243; _module_preset=&#8221;default&#8221; header_font=&#8221;Nunito Sans|700|||||||&#8221; header_text_color=&#8221;#222222&#8243; header_font_size=&#8221;24px&#8221; header_line_height=&#8221;29px&#8221; body_font=&#8221;|300|||||||&#8221; body_line_height=&#8221;24px&#8221; hover_enabled=&#8221;0&#8243; global_colors_info=&#8221;{}&#8221; sticky_enabled=&#8221;0&#8243;]<\/p>\n<p>Compania noastr\u0103 ofer\u0103 servicii complete de transbordare a petrolului, cerealelor, semin\u021belor oleaginoase \u0219i a produselor acestora, cre\u00e2nd o infrastructur\u0103 logistic\u0103 eficient\u0103 \u0219i fiabil\u0103 pentru a asigura condi\u021bii optime pentru transportul \u0219i depozitarea m\u0103rfurilor.<\/p>\n<p>Transbordarea cerealelor, a semin\u021belor oleaginoase \u0219i a produselor derivate din acestea este unul dintre domeniile noastre de activitate cheie. Asigur\u0103m cele mai \u00eenalte standarde de calitate \u00een ceea ce prive\u0219te transportul diferitelor culturi pe calea ferat\u0103 \u0219i pe \u0219osea. Transbord\u0103m o varietate de \u00eenc\u0103rc\u0103turi din camioane \u0219i de la ecartament larg ucrainean (1520 UA) la ecartament \u00eengust european (1435 UE).  <\/p>\n<p>Serviciile noastre \u00eencep cu acceptarea \u00eenc\u0103rc\u0103turii la terminalul nostru modern, dotat cu cele mai noi echipamente \u0219i infrastructur\u0103. \u00cenainte de desc\u0103rcare, verific\u0103m calitatea \u00eenc\u0103rc\u0103turii, asigur\u00e2ndu-ne c\u0103 aceasta \u00eendepline\u0219te standardele \u0219i cerin\u021bele na\u021bionale \u0219i interna\u021bionale. \u00cen acest scop, implic\u0103m speciali\u0219ti din laboratorul nostru \u0219i un inspector (gafta).  <\/p>\n<p>La primirea cerealelor, a semin\u021belor oleaginoase \u0219i a derivatelor acestora, le depozit\u0103m \u00een depozitele noastre moderne, cu niveluri controlate de temperatur\u0103 \u0219i umiditate.<\/p>\n<p>Procesul de transbordare a uleiului, cerealelor, semin\u021belor oleaginoase \u0219i a produselor acestora se realizeaz\u0103 cu ajutorul unor echipamente \u0219i tehnologii moderne, care asigur\u0103 o manipulare rapid\u0103 \u0219i eficient\u0103 a \u00eenc\u0103rc\u0103turii. Dispunem de o echip\u0103 de speciali\u0219ti de \u00eenalt\u0103 calificare care se asigur\u0103 c\u0103 fiecare etap\u0103 a transbord\u0103rii se desf\u0103\u0219oar\u0103 f\u0103r\u0103 probleme \u0219i \u00eendepline\u0219te cele mai \u00eenalte standarde de calitate. <\/p>\n<p>Clien\u021bii no\u0219tri beneficiaz\u0103 nu numai de servicii de \u00eenalt\u0103 calitate, ci \u0219i de un avantaj \u00een mediul concuren\u021bial, datorit\u0103 eficien\u021bei \u0219i optimiz\u0103rii proceselor de transport \u0219i depozitare a m\u0103rfurilor. \u00centotdeauna punem interesele clien\u021bilor no\u0219tri pe primul loc \u0219i lucr\u0103m pentru a le satisface nevoile \u0219i cerin\u021bele \u00een cel mai bun mod posibil. <\/p>\n<p>Prin serviciile noastre de transbordare a cerealelor \u0219i a semin\u021belor oleaginoase, contribuim la dezvoltarea agriculturii \u0219i a comer\u021bului prin asigurarea unui flux fiabil \u0219i rapid de m\u0103rfuri \u00eentre Ucraina \u0219i pie\u021bele europene. Compania noastr\u0103 se angajeaz\u0103 s\u0103 ating\u0103 cele mai \u00eenalte standarde \u00een domeniul logisticii, contribuind la dezvoltarea acestei industrii importante \u0219i asigur\u00e2nd parteneriate de afaceri stabile \u0219i de succes cu clien\u021bii no\u0219tri. <\/p>\n<p>[\/et_pb_blurb][difl_advanced_blurb title=&#8221;Ave\u021bi vreo \u00eentrebare?&#8221; sub_title=&#8221; Completa\u021bi formularul de cerere \u0219i trimite\u021bi-l la noi, v\u0103 vom r\u0103spunde \u00een cel mai scurt timp posibil.&#8221; button_text=&#8221;Trimite\u021bi o cerere&#8221; button_url=&#8221;#&#8221; blurb_icon=&#8221;&#x74;||divi||400&#8243; image_icon_container_position=&#8221;outside&#8221; image_placement=&#8221;flex_left&#8221; image_icon_item_align=&#8221;center&#8221; _builder_version=&#8221;4.22.1&#8243; _module_preset=&#8221;27a26ff8-77c3-4c32-8a97-1330a17f096e&#8221; global_colors_info=&#8221;{}&#8221;][\/difl_advanced_blurb][\/et_pb_column][et_pb_column type=&#8221;2_5&#8243; _builder_version=&#8221;4.22.1&#8243; _module_preset=&#8221;default&#8221; background_image=&#8221;https:\/\/terch.com.ua\/wp-content\/uploads\/070923-04.jpg&#8221; custom_padding=&#8221;400px||400px||true|false&#8221; animation_style=&#8221;fold&#8221; global_colors_info=&#8221;{}&#8221;][\/et_pb_column][\/et_pb_row][\/et_pb_section]<\/p>\n","protected":false},"excerpt":{"rendered":"<p><div class=\"et_pb_module difl_breadcrumbs difl_breadcrumbs_0 et_animated\">\n\t\t\t\t\n\t\t\t\t\n\t\t\t\t\n\t\t\t\t\n\t\t\t\t\n\t\t\t\t\n\t\t\t\t<div class=\"et_pb_module_inner\">\n\t\t\t\t\t<div class=\"df_breadcrumbs_container\">\r\n                             <script type=\"application\/ld+json\">{\"@context\":\"https:\\\/\\\/schema.org\\\/\",\"@type\":\"BreadcrumbList\",\"itemListElement\":[{\"@type\":\"ListItem\",\"position\":1,\"name\":\"Acas\\u0103\",\"item\":\"https:\\\/\\\/terch.com.ua\\\/ro\\\/\"}]}<\/script>\r\n                            <div class=\"df_breadcrumbs_wrapper\">\r\n                                <ul class=\"df-breadcrumbs\"><li class=\"df-breadcrumbs-item df-breadcrumbs-start\"><a href=\"https:\/\/terch.com.ua\/ro\/\"  rel=\"home\"><span class=\"df-breadcrumbs-text\">  Acas\u0103 <\/span><\/a><\/li><\/ul>\r\n                            <\/div>\r\n\r\n                        <\/div>\n\t\t\t\t<\/div>\n\t\t\t<\/div>Compania noastr\u0103 ofer\u0103 servicii complete de transbordare a petrolului, cerealelor, semin\u021belor oleaginoase \u0219i a produselor acestora, cre\u00e2nd o infrastructur\u0103 logistic\u0103 eficient\u0103 \u0219i fiabil\u0103 pentru a asigura condi\u021bii optime pentru transportul \u0219i depozitarea m\u0103rfurilor. Transbordarea cerealelor, a semin\u021belor oleaginoase \u0219i a produselor derivate din acestea este unul dintre domeniile noastre de activitate cheie. Asigur\u0103m cele mai \u00eenalte standarde de calitate \u00een ceea ce prive\u0219te transportul diferitelor culturi pe calea ferat\u0103 \u0219i pe \u0219osea. Transbord\u0103m o varietate de \u00eenc\u0103rc\u0103turi din camioane \u0219i de la ecartament larg ucrainean (1520 UA) la ecartament \u00eengust european (1435 UE). Serviciile noastre \u00eencep cu acceptarea \u00eenc\u0103rc\u0103turii la terminalul nostru modern, dotat cu cele mai noi echipamente \u0219i infrastructur\u0103. \u00cenainte de desc\u0103rcare, verific\u0103m calitatea \u00eenc\u0103rc\u0103turii, asigur\u00e2ndu-ne c\u0103 aceasta \u00eendepline\u0219te standardele \u0219i cerin\u021bele na\u021bionale \u0219i interna\u021bionale. \u00cen acest scop, implic\u0103m speciali\u0219ti din laboratorul nostru \u0219i un inspector (gafta). La primirea cerealelor, a semin\u021belor oleaginoase \u0219i a derivatelor acestora, le depozit\u0103m \u00een depozitele noastre moderne, cu niveluri controlate de temperatur\u0103 \u0219i umiditate. Procesul de transbordare a uleiului, cerealelor, semin\u021belor oleaginoase \u0219i a produselor acestora se realizeaz\u0103 cu ajutorul unor echipamente [&hellip;]<\/p>\n","protected":false},"author":1,"featured_media":0,"parent":5399,"menu_order":0,"comment_status":"closed","ping_status":"closed","template":"","meta":{"_et_pb_use_builder":"on","_et_pb_old_content":"","_et_gb_content_width":"","footnotes":""},"class_list":["post-5417","page","type-page","status-publish","hentry"],"_links":{"self":[{"href":"https:\/\/terch.com.ua\/ro\/wp-json\/wp\/v2\/pages\/5417","targetHints":{"allow":["GET"]}}],"collection":[{"href":"https:\/\/terch.com.ua\/ro\/wp-json\/wp\/v2\/pages"}],"about":[{"href":"https:\/\/terch.com.ua\/ro\/wp-json\/wp\/v2\/types\/page"}],"author":[{"embeddable":true,"href":"https:\/\/terch.com.ua\/ro\/wp-json\/wp\/v2\/users\/1"}],"replies":[{"embeddable":true,"href":"https:\/\/terch.com.ua\/ro\/wp-json\/wp\/v2\/comments?post=5417"}],"version-history":[{"count":5,"href":"https:\/\/terch.com.ua\/ro\/wp-json\/wp\/v2\/pages\/5417\/revisions"}],"predecessor-version":[{"id":5422,"href":"https:\/\/terch.com.ua\/ro\/wp-json\/wp\/v2\/pages\/5417\/revisions\/5422"}],"up":[{"embeddable":true,"href":"https:\/\/terch.com.ua\/ro\/wp-json\/wp\/v2\/pages\/5399"}],"wp:attachment":[{"href":"https:\/\/terch.com.ua\/ro\/wp-json\/wp\/v2\/media?parent=5417"}],"curies":[{"name":"wp","href":"https:\/\/api.w.org\/{rel}","templated":true}]}}