{"id":5414,"date":"2023-09-06T09:50:45","date_gmt":"2023-09-06T06:50:45","guid":{"rendered":"https:\/\/terch.com.ua\/serviciile-noastre\/servicii-de-umplere-a-containerelor-cu-depozitare-ulterioara\/"},"modified":"2024-04-01T06:44:06","modified_gmt":"2024-04-01T03:44:06","slug":"servicii-de-umplere-a-containerelor-cu-depozitare-ulterioara","status":"publish","type":"page","link":"https:\/\/terch.com.ua\/ro\/serviciile-noastre\/servicii-de-umplere-a-containerelor-cu-depozitare-ulterioara\/","title":{"rendered":"Servicii de umplere a containerelor cu depozitare ulterioar\u0103"},"content":{"rendered":"<p>[et_pb_section fb_built=&#8221;1&#8243; custom_padding_last_edited=&#8221;on|phone&#8221; admin_label=&#8221;Hero Section&#8221; _builder_version=&#8221;4.22.1&#8243; _module_preset=&#8221;default&#8221; background_enable_color=&#8221;off&#8221; background_image=&#8221;https:\/\/terch.com.ua\/wp-content\/uploads\/2023\/08\/bg-20.jpg&#8221; custom_margin=&#8221;||||false|false&#8221; custom_padding=&#8221;100px||100px||false|false&#8221; custom_padding_tablet=&#8221;100px||100px||false|false&#8221; custom_padding_phone=&#8221;0px||0px||true|false&#8221; locked=&#8221;off&#8221; collapsed=&#8221;off&#8221; global_colors_info=&#8221;{}&#8221;][et_pb_row custom_padding_last_edited=&#8221;on|phone&#8221; _builder_version=&#8221;4.22.1&#8243; _module_preset=&#8221;default&#8221; custom_padding_tablet=&#8221;&#8221; custom_padding_phone=&#8221;||||false|false&#8221; global_colors_info=&#8221;{}&#8221;][et_pb_column type=&#8221;4_4&#8243; _builder_version=&#8221;4.19.4&#8243; _module_preset=&#8221;default&#8221; global_colors_info=&#8221;{}&#8221;][et_pb_text _builder_version=&#8221;4.22.1&#8243; _dynamic_attributes=&#8221;content&#8221; _module_preset=&#8221;default&#8221; text_font=&#8221;|||on|||||&#8221; text_text_color=&#8221;#ffffff&#8221; text_font_size=&#8221;40px&#8221; text_line_height=&#8221;68px&#8221; text_orientation=&#8221;center&#8221; custom_margin=&#8221;||0px||false|false&#8221; animation_style=&#8221;slide&#8221; animation_direction=&#8221;top&#8221; animation_duration=&#8221;300ms&#8221; text_font_size_tablet=&#8221;30px&#8221; text_font_size_phone=&#8221;30px&#8221; text_font_size_last_edited=&#8221;on|tablet&#8221; header_font_size_tablet=&#8221;&#8221; header_font_size_phone=&#8221;&#8221; header_font_size_last_edited=&#8221;on|phone&#8221; global_colors_info=&#8221;{}&#8221;]@ET-DC@eyJkeW5hbWljIjp0cnVlLCJjb250ZW50IjoicG9zdF90aXRsZSIsInNldHRpbmdzIjp7ImJlZm9yZSI6IiIsImFmdGVyIjoiIn19@[\/et_pb_text][difl_breadcrumbs use_separator_icon=&#8221;on&#8221; separator_font_icon=&#8221;&#x35;||divi||400&#8243; separator_icon_color=&#8221;#FFFFFF&#8221; home_text=&#8221;Acas\u0103&#8221; alignment=&#8221;center&#8221; show_on_front_page=&#8221;off&#8221; show_title=&#8221;off&#8221; enable_schema=&#8221;on&#8221; _builder_version=&#8221;4.22.1&#8243; _module_preset=&#8221;default&#8221; pages_font_font=&#8221;||||||||&#8221; pages_font_text_color=&#8221;#FFFFFF&#8221; pages_font_line_height=&#8221;22px&#8221; home_font_font=&#8221;||||||||&#8221; home_font_line_height=&#8221;22px&#8221; animation_style=&#8221;slide&#8221; animation_direction=&#8221;bottom&#8221; animation_duration=&#8221;300ms&#8221; pages_font_font_size_tablet=&#8221;&#8221; pages_font_font_size_phone=&#8221;&#8221; pages_font_font_size_last_edited=&#8221;on|phone&#8221; home_font_font_size_tablet=&#8221;&#8221; home_font_font_size_phone=&#8221;&#8221; home_font_font_size_last_edited=&#8221;on|phone&#8221; global_colors_info=&#8221;{}&#8221;][\/difl_breadcrumbs][\/et_pb_column][\/et_pb_row][\/et_pb_section][et_pb_section fb_built=&#8221;1&#8243; custom_padding_last_edited=&#8221;on|phone&#8221; admin_label=&#8221;Body Section&#8221; _builder_version=&#8221;4.22.1&#8243; _module_preset=&#8221;default&#8221; background_color=&#8221;#fafbff&#8221; custom_margin_tablet=&#8221;&#8221; custom_margin_phone=&#8221;||0px||false|false&#8221; custom_margin_last_edited=&#8221;on|phone&#8221; custom_padding_tablet=&#8221;&#8221; custom_padding_phone=&#8221;||0px||false|false&#8221; locked=&#8221;off&#8221; collapsed=&#8221;off&#8221; global_colors_info=&#8221;{}&#8221;][et_pb_row column_structure=&#8221;3_5,2_5&#8243; custom_padding_last_edited=&#8221;on|phone&#8221; disabled_on=&#8221;off|off|off&#8221; _builder_version=&#8221;4.22.1&#8243; _module_preset=&#8221;default&#8221; background_enable_image=&#8221;off&#8221; custom_padding_tablet=&#8221;&#8221; custom_padding_phone=&#8221;||||false|false&#8221; global_colors_info=&#8221;{}&#8221;][et_pb_column type=&#8221;3_5&#8243; _builder_version=&#8221;4.19.4&#8243; _module_preset=&#8221;default&#8221; custom_padding=&#8221;||||false|false&#8221; global_colors_info=&#8221;{}&#8221;][et_pb_blurb content_max_width=&#8221;100%&#8221; disabled_on=&#8221;off|off|off&#8221; _builder_version=&#8221;4.22.1&#8243; _module_preset=&#8221;default&#8221; header_font=&#8221;Nunito Sans|700|||||||&#8221; header_text_color=&#8221;#222222&#8243; header_font_size=&#8221;24px&#8221; header_line_height=&#8221;29px&#8221; body_font=&#8221;|300|||||||&#8221; body_line_height=&#8221;24px&#8221; global_colors_info=&#8221;{}&#8221;]<\/p>\n<p>Compania noastr\u0103 ofer\u0103 servicii complete pentru umplerea diferitelor tipuri de containere cu produse, precum \u0219i pentru depozitarea produselor ambalate \u00een depozite fiabile \u0219i moderne. Aceast\u0103 capacitate este de mare importan\u021b\u0103 pentru multe \u00eentreprinderi, deoarece le permite s\u0103 organizeze logistica \u00een mod eficient \u0219i s\u0103 se concentreze asupra aspectelor esen\u021biale ale produc\u021biei \u0219i afacerilor.<\/p>\n<p>Exper\u021bii no\u0219tri abordeaz\u0103 fiecare proiect \u00een mod individual, analiz\u00e2nd \u00een detaliu nevoile \u0219i cerin\u021bele clientului. Oferim diverse op\u021biuni pentru umplerea recipientelor &#8211; de la sisteme automate la umplerea manual\u0103 &#8211; ceea ce ne permite s\u0103 \u021binem cont pe deplin de caracteristicile produsului \u0219i s\u0103 respect\u0103m cele mai \u00eenalte standarde de calitate.<\/p>\n<p>Unul dintre avantajele cheie ale serviciului nostru este capacitatea de a stoca produse ambalate. \u00cen acest scop, oferim depozite moderne dotate cu echipamente de \u00eenalt\u0103 tehnologie, ceea ce ne permite s\u0103 cre\u0103m condi\u021bii optime pentru men\u021binerea calit\u0103\u021bii produselor pe o perioad\u0103 lung\u0103 de timp.<\/p>\n<p>Echipa noastr\u0103 de profesioni\u0219ti monitorizeaz\u0103 condi\u021biile de depozitare \u0219i efectueaz\u0103 inspec\u021bii regulate pentru a asigura calitatea \u0219i siguran\u021ba produselor. Respect\u0103m cu aten\u021bie toate cerin\u021bele \u0219i standardele de siguran\u021b\u0103, ceea ce garanteaz\u0103 fiabilitatea \u0219i securitatea produselor dumneavoastr\u0103.<\/p>\n<p>Compania noastr\u0103 se angajeaz\u0103 s\u0103 ofere un nivel ridicat de servicii pentru clien\u021bii no\u0219tri. Oferim solu\u021bii flexibile \u0219i o abordare individual\u0103 pentru fiecare proiect, ceea ce ne permite s\u0103 asigur\u0103m condi\u021bii optime pentru depozitarea diferitelor tipuri de produse.<\/p>\n<p>\u00cen plus, compania noastr\u0103 urm\u0103re\u0219te \u00eendeaproape dezvoltarea tehnologiilor \u0219i inova\u021biile din domeniul depozit\u0103rii \u0219i logisticii. Implement\u0103m tehnologii moderne pentru a asigura condi\u021bii optime de depozitare \u0219i cele mai eficiente metode de umplere a containerelor. Depozitele noastre sunt echipate cu sisteme avansate de control al temperaturii, umidit\u0103\u021bii \u0219i aerului pentru a asigura condi\u021bii ideale de depozitare.<\/p>\n<p>[\/et_pb_blurb][difl_advanced_blurb title=&#8221;Ave\u021bi vreo \u00eentrebare?&#8221; sub_title=&#8221; Completa\u021bi formularul de cerere \u0219i trimite\u021bi-l la noi, v\u0103 vom r\u0103spunde \u00een cel mai scurt timp posibil.&#8221; button_text=&#8221;Trimite\u021bi o cerere&#8221; button_url=&#8221;#&#8221; blurb_icon=&#8221;&#x74;||divi||400&#8243; image_icon_container_position=&#8221;outside&#8221; image_placement=&#8221;flex_left&#8221; image_icon_item_align=&#8221;center&#8221; _builder_version=&#8221;4.22.1&#8243; _module_preset=&#8221;27a26ff8-77c3-4c32-8a97-1330a17f096e&#8221; custom_margin_tablet=&#8221;&#8221; custom_margin_phone=&#8221;||||false|false&#8221; custom_margin_last_edited=&#8221;on|desktop&#8221; locked=&#8221;off&#8221; global_colors_info=&#8221;{}&#8221;][\/difl_advanced_blurb][\/et_pb_column][et_pb_column type=&#8221;2_5&#8243; disabled_on=&#8221;on|on|off&#8221; _builder_version=&#8221;4.22.1&#8243; _module_preset=&#8221;default&#8221; background_image=&#8221;https:\/\/terch.com.ua\/wp-content\/uploads\/070923-01.jpg&#8221; custom_padding=&#8221;450px||450px||true|false&#8221; animation_style=&#8221;fold&#8221; global_colors_info=&#8221;{}&#8221;][\/et_pb_column][\/et_pb_row][\/et_pb_section]<\/p>\n","protected":false},"excerpt":{"rendered":"<p><div class=\"et_pb_module difl_breadcrumbs difl_breadcrumbs_0 et_animated\">\n\t\t\t\t\n\t\t\t\t\n\t\t\t\t\n\t\t\t\t\n\t\t\t\t\n\t\t\t\t\n\t\t\t\t<div class=\"et_pb_module_inner\">\n\t\t\t\t\t<div class=\"df_breadcrumbs_container\">\r\n                             <script type=\"application\/ld+json\">{\"@context\":\"https:\\\/\\\/schema.org\\\/\",\"@type\":\"BreadcrumbList\",\"itemListElement\":[{\"@type\":\"ListItem\",\"position\":1,\"name\":\"Acas\\u0103\",\"item\":\"https:\\\/\\\/terch.com.ua\\\/ro\\\/\"}]}<\/script>\r\n                            <div class=\"df_breadcrumbs_wrapper\">\r\n                                <ul class=\"df-breadcrumbs\"><li class=\"df-breadcrumbs-item df-breadcrumbs-start\"><a href=\"https:\/\/terch.com.ua\/ro\/\"  rel=\"home\"><span class=\"df-breadcrumbs-text\">  Acas\u0103 <\/span><\/a><\/li><\/ul>\r\n                            <\/div>\r\n\r\n                        <\/div>\n\t\t\t\t<\/div>\n\t\t\t<\/div>Compania noastr\u0103 ofer\u0103 servicii complete pentru umplerea diferitelor tipuri de containere cu produse, precum \u0219i pentru depozitarea produselor ambalate \u00een depozite fiabile \u0219i moderne. Aceast\u0103 capacitate este de mare importan\u021b\u0103 pentru multe \u00eentreprinderi, deoarece le permite s\u0103 organizeze logistica \u00een mod eficient \u0219i s\u0103 se concentreze asupra aspectelor esen\u021biale ale produc\u021biei \u0219i afacerilor. Exper\u021bii no\u0219tri abordeaz\u0103 fiecare proiect \u00een mod individual, analiz\u00e2nd \u00een detaliu nevoile \u0219i cerin\u021bele clientului. Oferim diverse op\u021biuni pentru umplerea recipientelor &#8211; de la sisteme automate la umplerea manual\u0103 &#8211; ceea ce ne permite s\u0103 \u021binem cont pe deplin de caracteristicile produsului \u0219i s\u0103 respect\u0103m cele mai \u00eenalte standarde de calitate. Unul dintre avantajele cheie ale serviciului nostru este capacitatea de a stoca produse ambalate. \u00cen acest scop, oferim depozite moderne dotate cu echipamente de \u00eenalt\u0103 tehnologie, ceea ce ne permite s\u0103 cre\u0103m condi\u021bii optime pentru men\u021binerea calit\u0103\u021bii produselor pe o perioad\u0103 lung\u0103 de timp. Echipa noastr\u0103 de profesioni\u0219ti monitorizeaz\u0103 condi\u021biile de depozitare \u0219i efectueaz\u0103 inspec\u021bii regulate pentru a asigura calitatea \u0219i siguran\u021ba produselor. Respect\u0103m cu aten\u021bie toate cerin\u021bele \u0219i standardele de [&hellip;]<\/p>\n","protected":false},"author":1,"featured_media":0,"parent":5399,"menu_order":0,"comment_status":"closed","ping_status":"closed","template":"","meta":{"_et_pb_use_builder":"on","_et_pb_old_content":"","_et_gb_content_width":"","footnotes":""},"class_list":["post-5414","page","type-page","status-publish","hentry"],"_links":{"self":[{"href":"https:\/\/terch.com.ua\/ro\/wp-json\/wp\/v2\/pages\/5414","targetHints":{"allow":["GET"]}}],"collection":[{"href":"https:\/\/terch.com.ua\/ro\/wp-json\/wp\/v2\/pages"}],"about":[{"href":"https:\/\/terch.com.ua\/ro\/wp-json\/wp\/v2\/types\/page"}],"author":[{"embeddable":true,"href":"https:\/\/terch.com.ua\/ro\/wp-json\/wp\/v2\/users\/1"}],"replies":[{"embeddable":true,"href":"https:\/\/terch.com.ua\/ro\/wp-json\/wp\/v2\/comments?post=5414"}],"version-history":[{"count":2,"href":"https:\/\/terch.com.ua\/ro\/wp-json\/wp\/v2\/pages\/5414\/revisions"}],"predecessor-version":[{"id":5416,"href":"https:\/\/terch.com.ua\/ro\/wp-json\/wp\/v2\/pages\/5414\/revisions\/5416"}],"up":[{"embeddable":true,"href":"https:\/\/terch.com.ua\/ro\/wp-json\/wp\/v2\/pages\/5399"}],"wp:attachment":[{"href":"https:\/\/terch.com.ua\/ro\/wp-json\/wp\/v2\/media?parent=5414"}],"curies":[{"name":"wp","href":"https:\/\/api.w.org\/{rel}","templated":true}]}}