{"id":5411,"date":"2023-09-06T09:52:28","date_gmt":"2023-09-06T06:52:28","guid":{"rendered":"https:\/\/terch.com.ua\/serviciile-noastre\/teste-si-servicii-de-laborator\/"},"modified":"2024-04-01T06:39:09","modified_gmt":"2024-04-01T03:39:09","slug":"teste-si-servicii-de-laborator","status":"publish","type":"page","link":"https:\/\/terch.com.ua\/ro\/serviciile-noastre\/teste-si-servicii-de-laborator\/","title":{"rendered":"Teste \u0219i servicii de laborator"},"content":{"rendered":"<p>[et_pb_section fb_built=&#8221;1&#8243; custom_padding_last_edited=&#8221;on|phone&#8221; admin_label=&#8221;Hero Section&#8221; _builder_version=&#8221;4.22.1&#8243; _module_preset=&#8221;default&#8221; background_enable_color=&#8221;off&#8221; background_image=&#8221;https:\/\/terch.com.ua\/wp-content\/uploads\/2023\/08\/bg-20.jpg&#8221; custom_margin=&#8221;||||false|false&#8221; custom_padding=&#8221;100px||100px||false|false&#8221; custom_padding_tablet=&#8221;100px||100px||false|false&#8221; custom_padding_phone=&#8221;0px||0px||true|false&#8221; locked=&#8221;off&#8221; collapsed=&#8221;off&#8221; global_colors_info=&#8221;{}&#8221;][et_pb_row _builder_version=&#8221;4.19.4&#8243; _module_preset=&#8221;default&#8221; global_colors_info=&#8221;{}&#8221;][et_pb_column type=&#8221;4_4&#8243; _builder_version=&#8221;4.19.4&#8243; _module_preset=&#8221;default&#8221; global_colors_info=&#8221;{}&#8221;][et_pb_text _builder_version=&#8221;4.22.1&#8243; _dynamic_attributes=&#8221;content&#8221; _module_preset=&#8221;default&#8221; text_font=&#8221;|||on|||||&#8221; text_text_color=&#8221;#ffffff&#8221; text_font_size=&#8221;40px&#8221; text_line_height=&#8221;68px&#8221; text_orientation=&#8221;center&#8221; custom_margin=&#8221;||0px||false|false&#8221; hover_enabled=&#8221;0&#8243; text_font_size_tablet=&#8221;30px&#8221; text_font_size_phone=&#8221;30px&#8221; text_font_size_last_edited=&#8221;on|tablet&#8221; global_colors_info=&#8221;{}&#8221; animation_style=&#8221;slide&#8221; animation_direction=&#8221;top&#8221; animation_duration=&#8221;300ms&#8221; sticky_enabled=&#8221;0&#8243;]@ET-DC@eyJkeW5hbWljIjp0cnVlLCJjb250ZW50IjoicG9zdF90aXRsZSIsInNldHRpbmdzIjp7ImJlZm9yZSI6IiIsImFmdGVyIjoiIn19@[\/et_pb_text][difl_breadcrumbs use_separator_icon=&#8221;on&#8221; separator_font_icon=&#8221;&#x35;||divi||400&#8243; separator_icon_color=&#8221;#FFFFFF&#8221; home_text=&#8221;Acas\u0103&#8221; alignment=&#8221;center&#8221; show_on_front_page=&#8221;off&#8221; show_title=&#8221;off&#8221; enable_schema=&#8221;on&#8221; _builder_version=&#8221;4.22.1&#8243; _module_preset=&#8221;default&#8221; pages_font_font=&#8221;Nunito Sans|600|||||||&#8221; pages_font_text_color=&#8221;#FFFFFF&#8221; pages_font_line_height=&#8221;22px&#8221; home_font_font=&#8221;Nunito Sans|700|||||||&#8221; home_font_line_height=&#8221;22px&#8221; hover_enabled=&#8221;0&#8243; global_colors_info=&#8221;{}&#8221; animation_style=&#8221;slide&#8221; animation_direction=&#8221;bottom&#8221; animation_duration=&#8221;300ms&#8221; sticky_enabled=&#8221;0&#8243;][\/difl_breadcrumbs][\/et_pb_column][\/et_pb_row][\/et_pb_section][et_pb_section fb_built=&#8221;1&#8243; custom_padding_last_edited=&#8221;on|phone&#8221; admin_label=&#8221;Body Section&#8221; _builder_version=&#8221;4.22.1&#8243; _module_preset=&#8221;default&#8221; background_color=&#8221;#fafbff&#8221; custom_margin_tablet=&#8221;&#8221; custom_margin_phone=&#8221;||0px||false|false&#8221; custom_margin_last_edited=&#8221;on|phone&#8221; custom_padding_tablet=&#8221;&#8221; custom_padding_phone=&#8221;||0px||false|false&#8221; locked=&#8221;off&#8221; collapsed=&#8221;off&#8221; global_colors_info=&#8221;{}&#8221;][et_pb_row column_structure=&#8221;3_5,2_5&#8243; disabled_on=&#8221;off|off|off&#8221; _builder_version=&#8221;4.22.1&#8243; _module_preset=&#8221;default&#8221; background_enable_image=&#8221;off&#8221; global_colors_info=&#8221;{}&#8221;][et_pb_column type=&#8221;3_5&#8243; _builder_version=&#8221;4.19.4&#8243; _module_preset=&#8221;default&#8221; custom_padding=&#8221;||||false|false&#8221; global_colors_info=&#8221;{}&#8221;][et_pb_blurb content_max_width=&#8221;100%&#8221; disabled_on=&#8221;off|off|off&#8221; _builder_version=&#8221;4.22.1&#8243; _module_preset=&#8221;default&#8221; header_font=&#8221;Nunito Sans|700|||||||&#8221; header_text_color=&#8221;#222222&#8243; header_font_size=&#8221;24px&#8221; header_line_height=&#8221;29px&#8221; body_font=&#8221;|300|||||||&#8221; body_line_height=&#8221;24px&#8221; global_colors_info=&#8221;{}&#8221;]<\/p>\n<p>Compania noastr\u0103 ofer\u0103 o gam\u0103 larg\u0103 de teste \u0219i servicii de laborator menite s\u0103 asigure controlul calit\u0103\u021bii produselor. \u00cen\u021belegem c\u0103 calitatea produselor joac\u0103 un rol crucial \u00een afaceri, a\u0219a c\u0103 ne stabilim standarde \u00eenalte \u0219i oferim rezultate de laborator fiabile \u0219i precise.<\/p>\n<p>Laboratorul nostru este dotat cu instrumente \u0219i echipamente moderne care ne permit s\u0103 efectu\u0103m diferite teste cu mare precizie \u0219i fiabilitate. Avem o echip\u0103 de tehnicieni de laborator experimenta\u021bi \u0219i speciali\u0219ti care au cuno\u0219tin\u021be aprofundate \u0219i experien\u021b\u0103 profesional\u0103 \u00een domeniul lor. Ace\u0219tia efectueaz\u0103 analize \u0219i cercet\u0103ri la cele mai \u00eenalte standarde de calitate \u0219i siguran\u021b\u0103.<\/p>\n<p>Oferim cercet\u0103ri fizico-chimice, biochimice, microbiologice \u0219i alte tipuri de cercetare pentru a ajuta la determinarea calit\u0103\u021bii produselor, la identificarea posibilelor defecte \u0219i la respectarea standardelor de calitate. Clien\u021bii no\u0219tri pot conta pe o abordare profesional\u0103 \u0219i individual\u0103 a fiec\u0103rui studiu.<\/p>\n<p>Laboratorul nostru func\u021bioneaz\u0103 \u00een conformitate cu standardele \u0219i normele de calitate, ceea ce ne permite s\u0103 oferim rezultate fiabile \u0219i precise ale testelor. De asemenea, suntem capabili s\u0103 dezvolt\u0103m \u0219i s\u0103 punem \u00een aplicare metode de cercetare personalizate \u0219i specializate, dac\u0103 specificul produselor clientului o cere.<\/p>\n<p>[\/et_pb_blurb][difl_advanced_blurb title=&#8221;Ave\u021bi vreo \u00eentrebare?&#8221; sub_title=&#8221; Completa\u021bi formularul de cerere \u0219i trimite\u021bi-l la noi, v\u0103 vom r\u0103spunde \u00een cel mai scurt timp posibil.&#8221; button_text=&#8221;Trimite\u021bi o cerere&#8221; button_url=&#8221;#&#8221; blurb_icon=&#8221;&#x74;||divi||400&#8243; image_icon_container_position=&#8221;outside&#8221; image_placement=&#8221;flex_left&#8221; image_icon_item_align=&#8221;center&#8221; _builder_version=&#8221;4.22.1&#8243; _module_preset=&#8221;27a26ff8-77c3-4c32-8a97-1330a17f096e&#8221; custom_margin_tablet=&#8221;&#8221; custom_margin_phone=&#8221;||||false|false&#8221; custom_margin_last_edited=&#8221;on|desktop&#8221; locked=&#8221;off&#8221; global_colors_info=&#8221;{}&#8221;][\/difl_advanced_blurb][\/et_pb_column][et_pb_column type=&#8221;2_5&#8243; disabled_on=&#8221;on|on|off&#8221; _builder_version=&#8221;4.22.1&#8243; _module_preset=&#8221;default&#8221; background_image=&#8221;https:\/\/terch.com.ua\/wp-content\/uploads\/070923-03.jpg&#8221; custom_padding=&#8221;400px||400px||true|false&#8221; animation_style=&#8221;fold&#8221; global_colors_info=&#8221;{}&#8221;][\/et_pb_column][\/et_pb_row][\/et_pb_section]<\/p>\n","protected":false},"excerpt":{"rendered":"<p><div class=\"et_pb_module difl_breadcrumbs difl_breadcrumbs_0 et_animated\">\n\t\t\t\t\n\t\t\t\t\n\t\t\t\t\n\t\t\t\t\n\t\t\t\t\n\t\t\t\t\n\t\t\t\t<div class=\"et_pb_module_inner\">\n\t\t\t\t\t<div class=\"df_breadcrumbs_container\">\r\n                             <script type=\"application\/ld+json\">{\"@context\":\"https:\\\/\\\/schema.org\\\/\",\"@type\":\"BreadcrumbList\",\"itemListElement\":[{\"@type\":\"ListItem\",\"position\":1,\"name\":\"Acas\\u0103\",\"item\":\"https:\\\/\\\/terch.com.ua\\\/ro\\\/\"}]}<\/script>\r\n                            <div class=\"df_breadcrumbs_wrapper\">\r\n                                <ul class=\"df-breadcrumbs\"><li class=\"df-breadcrumbs-item df-breadcrumbs-start\"><a href=\"https:\/\/terch.com.ua\/ro\/\"  rel=\"home\"><span class=\"df-breadcrumbs-text\">  Acas\u0103 <\/span><\/a><\/li><\/ul>\r\n                            <\/div>\r\n\r\n                        <\/div>\n\t\t\t\t<\/div>\n\t\t\t<\/div>Compania noastr\u0103 ofer\u0103 o gam\u0103 larg\u0103 de teste \u0219i servicii de laborator menite s\u0103 asigure controlul calit\u0103\u021bii produselor. \u00cen\u021belegem c\u0103 calitatea produselor joac\u0103 un rol crucial \u00een afaceri, a\u0219a c\u0103 ne stabilim standarde \u00eenalte \u0219i oferim rezultate de laborator fiabile \u0219i precise. Laboratorul nostru este dotat cu instrumente \u0219i echipamente moderne care ne permit s\u0103 efectu\u0103m diferite teste cu mare precizie \u0219i fiabilitate. Avem o echip\u0103 de tehnicieni de laborator experimenta\u021bi \u0219i speciali\u0219ti care au cuno\u0219tin\u021be aprofundate \u0219i experien\u021b\u0103 profesional\u0103 \u00een domeniul lor. Ace\u0219tia efectueaz\u0103 analize \u0219i cercet\u0103ri la cele mai \u00eenalte standarde de calitate \u0219i siguran\u021b\u0103. Oferim cercet\u0103ri fizico-chimice, biochimice, microbiologice \u0219i alte tipuri de cercetare pentru a ajuta la determinarea calit\u0103\u021bii produselor, la identificarea posibilelor defecte \u0219i la respectarea standardelor de calitate. Clien\u021bii no\u0219tri pot conta pe o abordare profesional\u0103 \u0219i individual\u0103 a fiec\u0103rui studiu. Laboratorul nostru func\u021bioneaz\u0103 \u00een conformitate cu standardele \u0219i normele de calitate, ceea ce ne permite s\u0103 oferim rezultate fiabile \u0219i precise ale testelor. De asemenea, suntem capabili s\u0103 dezvolt\u0103m \u0219i s\u0103 punem \u00een aplicare metode de cercetare personalizate \u0219i specializate, [&hellip;]<\/p>\n","protected":false},"author":1,"featured_media":0,"parent":5399,"menu_order":0,"comment_status":"closed","ping_status":"closed","template":"","meta":{"_et_pb_use_builder":"on","_et_pb_old_content":"","_et_gb_content_width":"","footnotes":""},"class_list":["post-5411","page","type-page","status-publish","hentry"],"_links":{"self":[{"href":"https:\/\/terch.com.ua\/ro\/wp-json\/wp\/v2\/pages\/5411","targetHints":{"allow":["GET"]}}],"collection":[{"href":"https:\/\/terch.com.ua\/ro\/wp-json\/wp\/v2\/pages"}],"about":[{"href":"https:\/\/terch.com.ua\/ro\/wp-json\/wp\/v2\/types\/page"}],"author":[{"embeddable":true,"href":"https:\/\/terch.com.ua\/ro\/wp-json\/wp\/v2\/users\/1"}],"replies":[{"embeddable":true,"href":"https:\/\/terch.com.ua\/ro\/wp-json\/wp\/v2\/comments?post=5411"}],"version-history":[{"count":2,"href":"https:\/\/terch.com.ua\/ro\/wp-json\/wp\/v2\/pages\/5411\/revisions"}],"predecessor-version":[{"id":5413,"href":"https:\/\/terch.com.ua\/ro\/wp-json\/wp\/v2\/pages\/5411\/revisions\/5413"}],"up":[{"embeddable":true,"href":"https:\/\/terch.com.ua\/ro\/wp-json\/wp\/v2\/pages\/5399"}],"wp:attachment":[{"href":"https:\/\/terch.com.ua\/ro\/wp-json\/wp\/v2\/media?parent=5411"}],"curies":[{"name":"wp","href":"https:\/\/api.w.org\/{rel}","templated":true}]}}