{"id":5408,"date":"2023-09-06T04:49:03","date_gmt":"2023-09-06T01:49:03","guid":{"rendered":"https:\/\/terch.com.ua\/serviciile-noastre\/platforma-de-containere-pentru-marfa\/"},"modified":"2024-04-01T06:38:13","modified_gmt":"2024-04-01T03:38:13","slug":"platforma-de-containere-pentru-marfa","status":"publish","type":"page","link":"https:\/\/terch.com.ua\/ro\/serviciile-noastre\/platforma-de-containere-pentru-marfa\/","title":{"rendered":"Platform\u0103 de containere pentru marf\u0103"},"content":{"rendered":"<p>[et_pb_section fb_built=&#8221;1&#8243; custom_padding_last_edited=&#8221;on|phone&#8221; admin_label=&#8221;Hero Section&#8221; _builder_version=&#8221;4.22.1&#8243; _module_preset=&#8221;default&#8221; background_enable_color=&#8221;off&#8221; background_image=&#8221;https:\/\/terch.com.ua\/wp-content\/uploads\/2023\/08\/bg-20.jpg&#8221; custom_margin=&#8221;||||false|false&#8221; custom_padding=&#8221;100px||100px||false|false&#8221; custom_padding_tablet=&#8221;100px||100px||false|false&#8221; custom_padding_phone=&#8221;0px||0px||true|false&#8221; locked=&#8221;off&#8221; collapsed=&#8221;off&#8221; global_colors_info=&#8221;{}&#8221;][et_pb_row _builder_version=&#8221;4.19.4&#8243; _module_preset=&#8221;default&#8221; global_colors_info=&#8221;{}&#8221;][et_pb_column type=&#8221;4_4&#8243; _builder_version=&#8221;4.19.4&#8243; _module_preset=&#8221;default&#8221; global_colors_info=&#8221;{}&#8221;][et_pb_text _builder_version=&#8221;4.22.1&#8243; _dynamic_attributes=&#8221;content&#8221; _module_preset=&#8221;default&#8221; text_font=&#8221;|||on|||||&#8221; text_text_color=&#8221;#ffffff&#8221; text_font_size=&#8221;40px&#8221; text_line_height=&#8221;68px&#8221; text_orientation=&#8221;center&#8221; custom_margin=&#8221;||0px||false|false&#8221; animation_style=&#8221;slide&#8221; animation_direction=&#8221;top&#8221; animation_duration=&#8221;300ms&#8221; text_font_size_tablet=&#8221;30px&#8221; text_font_size_phone=&#8221;30px&#8221; text_font_size_last_edited=&#8221;on|tablet&#8221; global_colors_info=&#8221;{}&#8221;]@ET-DC@eyJkeW5hbWljIjp0cnVlLCJjb250ZW50IjoicG9zdF90aXRsZSIsInNldHRpbmdzIjp7ImJlZm9yZSI6IiIsImFmdGVyIjoiIn19@[\/et_pb_text][difl_breadcrumbs use_separator_icon=&#8221;on&#8221; separator_font_icon=&#8221;&#x35;||divi||400&#8243; separator_icon_color=&#8221;#FFFFFF&#8221; home_text=&#8221;Acas\u0103&#8221; alignment=&#8221;center&#8221; show_on_front_page=&#8221;off&#8221; show_title=&#8221;off&#8221; enable_schema=&#8221;on&#8221; _builder_version=&#8221;4.22.1&#8243; _module_preset=&#8221;default&#8221; pages_font_font=&#8221;Nunito Sans|600|||||||&#8221; pages_font_text_color=&#8221;#FFFFFF&#8221; pages_font_line_height=&#8221;22px&#8221; home_font_font=&#8221;|700|||||||&#8221; home_font_line_height=&#8221;22px&#8221; animation_style=&#8221;slide&#8221; animation_direction=&#8221;bottom&#8221; animation_duration=&#8221;300ms&#8221; global_colors_info=&#8221;{}&#8221;][\/difl_breadcrumbs][\/et_pb_column][\/et_pb_row][\/et_pb_section][et_pb_section fb_built=&#8221;1&#8243; custom_padding_last_edited=&#8221;on|phone&#8221; admin_label=&#8221;Body Section&#8221; _builder_version=&#8221;4.22.1&#8243; _module_preset=&#8221;default&#8221; background_color=&#8221;#fafbff&#8221; custom_margin_tablet=&#8221;&#8221; custom_margin_phone=&#8221;||0px||false|false&#8221; custom_margin_last_edited=&#8221;on|phone&#8221; custom_padding_tablet=&#8221;&#8221; custom_padding_phone=&#8221;||0px||false|false&#8221; locked=&#8221;off&#8221; collapsed=&#8221;off&#8221; global_colors_info=&#8221;{}&#8221;][et_pb_row column_structure=&#8221;3_5,2_5&#8243; disabled_on=&#8221;off|off|off&#8221; _builder_version=&#8221;4.22.1&#8243; _module_preset=&#8221;default&#8221; background_enable_image=&#8221;off&#8221; global_colors_info=&#8221;{}&#8221;][et_pb_column type=&#8221;3_5&#8243; _builder_version=&#8221;4.19.4&#8243; _module_preset=&#8221;default&#8221; custom_padding=&#8221;||||false|false&#8221; global_colors_info=&#8221;{}&#8221;][et_pb_blurb content_max_width=&#8221;100%&#8221; disabled_on=&#8221;off|off|off&#8221; _builder_version=&#8221;4.22.2&#8243; _module_preset=&#8221;default&#8221; header_font=&#8221;Nunito Sans|700|||||||&#8221; header_text_color=&#8221;#222222&#8243; header_font_size=&#8221;24px&#8221; header_line_height=&#8221;29px&#8221; body_font=&#8221;|300|||||||&#8221; body_line_height=&#8221;24px&#8221; hover_enabled=&#8221;0&#8243; global_colors_info=&#8221;{}&#8221; sticky_enabled=&#8221;0&#8243;]<\/p>\n<p>Curtea noastr\u0103 de containere este o solu\u021bie modern\u0103 pentru depozitarea \u0219i manipularea m\u0103rfurilor \u00een containere maritime. Oferim o gam\u0103 complet\u0103 de servicii, inclusiv acceptarea containerelor, depozitarea \u00een siguran\u021b\u0103, depozitarea \u0219i expedierea eficient\u0103.<\/p>\n<p>\u0218antierul nostru de containere este dotat cu o infrastructur\u0103 modern\u0103 pentru a asigura siguran\u021ba \u0219i securitatea maxim\u0103 a \u00eenc\u0103rc\u0103turii. \u00cen\u021belegem importan\u021ba unei logistici eficiente pentru clien\u021bii no\u0219tri \u0219i ne str\u0103duim s\u0103 oferim condi\u021bii optime pentru manipularea containerelor \u0219i a m\u0103rfurilor.<\/p>\n<p>Infrastructura noastr\u0103 include:<\/p>\n<ul>\n<li>Macara-portret KS-50 cu o capacitate de ridicare de 50t<\/li>\n<li>Zona deschis\u0103 pentru containere cu o capacitate de 500 TEU<\/li>\n<\/ul>\n<p>Echipa noastr\u0103 de profesioni\u0219ti controleaz\u0103 \u0219i organizeaz\u0103 fluxul de containere pentru a asigura plasarea \u0219i expedierea lor la timp. Suntem \u00eencrez\u0103tori c\u0103 serviciile noastre \u00eei vor ajuta pe clien\u021bii no\u0219tri s\u0103 se concentreze asupra activit\u0103\u021bii lor de baz\u0103, cu asigurarea unui suport logistic de calitate \u0219i de \u00eencredere.<\/p>\n<p>Depozitul nostru de containere poate asigura depozitarea diferitelor volume \u0219i tipuri de m\u0103rfuri. Utiliz\u0103m tehnologii \u0219i metode avansate de gestionare a spa\u021biului de depozitare, ceea ce ne permite s\u0103 folosim eficient spa\u021biul disponibil \u0219i s\u0103 reducem costurile de depozitare.<\/p>\n<p>Echipa noastr\u0103 de exper\u021bi este preg\u0103tit\u0103 s\u0103 ofere consultan\u021b\u0103 \u0219i s\u0103 elaboreze un plan individual pentru fiecare client, \u021bin\u00e2nd cont de nevoile \u0219i cerin\u021bele sale. Suntem \u00eentotdeauna deschi\u0219i la cooperare \u0219i gata s\u0103 oferim solu\u021bii optime pentru depozitarea \u0219i manipularea containerelor.<\/p>\n<p>Datorit\u0103 parcului nostru de containere \u0219i depozitului de containere goale, clien\u021bii \u00ee\u0219i pot optimiza procesele logistice \u0219i pot cre\u0219te eficien\u021ba opera\u021biunilor lor.<\/p>\n<p>[\/et_pb_blurb][difl_advanced_blurb title=&#8221;Ave\u021bi vreo \u00eentrebare?&#8221; sub_title=&#8221; Completa\u021bi formularul de cerere \u0219i trimite\u021bi-l la noi, v\u0103 vom r\u0103spunde \u00een cel mai scurt timp posibil.&#8221; button_text=&#8221;Trimite\u021bi o cerere&#8221; button_url=&#8221;#&#8221; blurb_icon=&#8221;&#x74;||divi||400&#8243; image_icon_container_position=&#8221;outside&#8221; image_placement=&#8221;flex_left&#8221; image_icon_item_align=&#8221;center&#8221; _builder_version=&#8221;4.22.1&#8243; _module_preset=&#8221;27a26ff8-77c3-4c32-8a97-1330a17f096e&#8221; custom_margin_tablet=&#8221;&#8221; custom_margin_phone=&#8221;||||false|false&#8221; custom_margin_last_edited=&#8221;on|desktop&#8221; locked=&#8221;off&#8221; global_colors_info=&#8221;{}&#8221;][\/difl_advanced_blurb][\/et_pb_column][et_pb_column type=&#8221;2_5&#8243; disabled_on=&#8221;on|on|off&#8221; _builder_version=&#8221;4.22.1&#8243; _module_preset=&#8221;default&#8221; background_image=&#8221;https:\/\/terch.com.ua\/wp-content\/uploads\/img_001.jpg&#8221; custom_padding=&#8221;400px||400px||true|false&#8221; animation_style=&#8221;fold&#8221; global_colors_info=&#8221;{}&#8221;][\/et_pb_column][\/et_pb_row][\/et_pb_section]<\/p>\n","protected":false},"excerpt":{"rendered":"<p><div class=\"et_pb_module difl_breadcrumbs difl_breadcrumbs_0 et_animated\">\n\t\t\t\t\n\t\t\t\t\n\t\t\t\t\n\t\t\t\t\n\t\t\t\t\n\t\t\t\t\n\t\t\t\t<div class=\"et_pb_module_inner\">\n\t\t\t\t\t<div class=\"df_breadcrumbs_container\">\r\n                             <script type=\"application\/ld+json\">{\"@context\":\"https:\\\/\\\/schema.org\\\/\",\"@type\":\"BreadcrumbList\",\"itemListElement\":[{\"@type\":\"ListItem\",\"position\":1,\"name\":\"Acas\\u0103\",\"item\":\"https:\\\/\\\/terch.com.ua\\\/ro\\\/\"}]}<\/script>\r\n                            <div class=\"df_breadcrumbs_wrapper\">\r\n                                <ul class=\"df-breadcrumbs\"><li class=\"df-breadcrumbs-item df-breadcrumbs-start\"><a href=\"https:\/\/terch.com.ua\/ro\/\"  rel=\"home\"><span class=\"df-breadcrumbs-text\">  Acas\u0103 <\/span><\/a><\/li><\/ul>\r\n                            <\/div>\r\n\r\n                        <\/div>\n\t\t\t\t<\/div>\n\t\t\t<\/div>Curtea noastr\u0103 de containere este o solu\u021bie modern\u0103 pentru depozitarea \u0219i manipularea m\u0103rfurilor \u00een containere maritime. Oferim o gam\u0103 complet\u0103 de servicii, inclusiv acceptarea containerelor, depozitarea \u00een siguran\u021b\u0103, depozitarea \u0219i expedierea eficient\u0103. \u0218antierul nostru de containere este dotat cu o infrastructur\u0103 modern\u0103 pentru a asigura siguran\u021ba \u0219i securitatea maxim\u0103 a \u00eenc\u0103rc\u0103turii. \u00cen\u021belegem importan\u021ba unei logistici eficiente pentru clien\u021bii no\u0219tri \u0219i ne str\u0103duim s\u0103 oferim condi\u021bii optime pentru manipularea containerelor \u0219i a m\u0103rfurilor. Infrastructura noastr\u0103 include: Macara-portret KS-50 cu o capacitate de ridicare de 50t Zona deschis\u0103 pentru containere cu o capacitate de 500 TEU Echipa noastr\u0103 de profesioni\u0219ti controleaz\u0103 \u0219i organizeaz\u0103 fluxul de containere pentru a asigura plasarea \u0219i expedierea lor la timp. Suntem \u00eencrez\u0103tori c\u0103 serviciile noastre \u00eei vor ajuta pe clien\u021bii no\u0219tri s\u0103 se concentreze asupra activit\u0103\u021bii lor de baz\u0103, cu asigurarea unui suport logistic de calitate \u0219i de \u00eencredere. Depozitul nostru de containere poate asigura depozitarea diferitelor volume \u0219i tipuri de m\u0103rfuri. Utiliz\u0103m tehnologii \u0219i metode avansate de gestionare a spa\u021biului de depozitare, ceea ce ne permite s\u0103 folosim eficient spa\u021biul disponibil \u0219i s\u0103 reducem costurile de [&hellip;]<\/p>\n","protected":false},"author":1,"featured_media":0,"parent":5399,"menu_order":0,"comment_status":"closed","ping_status":"closed","template":"","meta":{"_et_pb_use_builder":"on","_et_pb_old_content":"","_et_gb_content_width":"","footnotes":""},"class_list":["post-5408","page","type-page","status-publish","hentry"],"_links":{"self":[{"href":"https:\/\/terch.com.ua\/ro\/wp-json\/wp\/v2\/pages\/5408","targetHints":{"allow":["GET"]}}],"collection":[{"href":"https:\/\/terch.com.ua\/ro\/wp-json\/wp\/v2\/pages"}],"about":[{"href":"https:\/\/terch.com.ua\/ro\/wp-json\/wp\/v2\/types\/page"}],"author":[{"embeddable":true,"href":"https:\/\/terch.com.ua\/ro\/wp-json\/wp\/v2\/users\/1"}],"replies":[{"embeddable":true,"href":"https:\/\/terch.com.ua\/ro\/wp-json\/wp\/v2\/comments?post=5408"}],"version-history":[{"count":2,"href":"https:\/\/terch.com.ua\/ro\/wp-json\/wp\/v2\/pages\/5408\/revisions"}],"predecessor-version":[{"id":5410,"href":"https:\/\/terch.com.ua\/ro\/wp-json\/wp\/v2\/pages\/5408\/revisions\/5410"}],"up":[{"embeddable":true,"href":"https:\/\/terch.com.ua\/ro\/wp-json\/wp\/v2\/pages\/5399"}],"wp:attachment":[{"href":"https:\/\/terch.com.ua\/ro\/wp-json\/wp\/v2\/media?parent=5408"}],"curies":[{"name":"wp","href":"https:\/\/api.w.org\/{rel}","templated":true}]}}