{"id":5405,"date":"2023-09-06T10:03:39","date_gmt":"2023-09-06T07:03:39","guid":{"rendered":"https:\/\/terch.com.ua\/serviciile-noastre\/servicii-de-expediere\/"},"modified":"2024-04-01T06:36:03","modified_gmt":"2024-04-01T03:36:03","slug":"servicii-de-expediere","status":"publish","type":"page","link":"https:\/\/terch.com.ua\/ro\/serviciile-noastre\/servicii-de-expediere\/","title":{"rendered":"Servicii de expediere"},"content":{"rendered":"<p>[et_pb_section fb_built=&#8221;1&#8243; custom_padding_last_edited=&#8221;on|phone&#8221; admin_label=&#8221;Hero Section&#8221; _builder_version=&#8221;4.22.1&#8243; _module_preset=&#8221;default&#8221; background_enable_color=&#8221;off&#8221; background_image=&#8221;https:\/\/terch.com.ua\/wp-content\/uploads\/2023\/08\/bg-20.jpg&#8221; custom_margin=&#8221;||||false|false&#8221; custom_padding=&#8221;100px||100px||false|false&#8221; custom_padding_tablet=&#8221;100px||100px||false|false&#8221; custom_padding_phone=&#8221;0px||0px||true|false&#8221; locked=&#8221;off&#8221; collapsed=&#8221;off&#8221; global_colors_info=&#8221;{}&#8221;][et_pb_row _builder_version=&#8221;4.19.4&#8243; _module_preset=&#8221;default&#8221; global_colors_info=&#8221;{}&#8221;][et_pb_column type=&#8221;4_4&#8243; _builder_version=&#8221;4.19.4&#8243; _module_preset=&#8221;default&#8221; global_colors_info=&#8221;{}&#8221;][et_pb_text _builder_version=&#8221;4.22.1&#8243; _dynamic_attributes=&#8221;content&#8221; _module_preset=&#8221;default&#8221; text_font=&#8221;|||on|||||&#8221; text_text_color=&#8221;#ffffff&#8221; text_font_size=&#8221;40px&#8221; text_line_height=&#8221;68px&#8221; text_orientation=&#8221;center&#8221; custom_margin=&#8221;||0px||false|false&#8221; hover_enabled=&#8221;0&#8243; text_font_size_tablet=&#8221;30px&#8221; text_font_size_phone=&#8221;30px&#8221; text_font_size_last_edited=&#8221;on|desktop&#8221; global_colors_info=&#8221;{}&#8221; animation_style=&#8221;slide&#8221; animation_direction=&#8221;top&#8221; animation_duration=&#8221;300ms&#8221; sticky_enabled=&#8221;0&#8243;]@ET-DC@eyJkeW5hbWljIjp0cnVlLCJjb250ZW50IjoicG9zdF90aXRsZSIsInNldHRpbmdzIjp7ImJlZm9yZSI6IiIsImFmdGVyIjoiIn19@[\/et_pb_text][difl_breadcrumbs use_separator_icon=&#8221;on&#8221; separator_font_icon=&#8221;&#x35;||divi||400&#8243; separator_icon_color=&#8221;#FFFFFF&#8221; home_text=&#8221;Acas\u0103&#8221; alignment=&#8221;center&#8221; show_on_front_page=&#8221;off&#8221; show_title=&#8221;off&#8221; enable_schema=&#8221;on&#8221; _builder_version=&#8221;4.22.1&#8243; _module_preset=&#8221;default&#8221; pages_font_font=&#8221;Nunito Sans|600|||||||&#8221; pages_font_text_color=&#8221;#FFFFFF&#8221; pages_font_line_height=&#8221;22px&#8221; home_font_font=&#8221;|700|||||||&#8221; home_font_line_height=&#8221;22px&#8221; hover_enabled=&#8221;0&#8243; global_colors_info=&#8221;{}&#8221; animation_style=&#8221;slide&#8221; animation_direction=&#8221;bottom&#8221; sticky_enabled=&#8221;0&#8243;][\/difl_breadcrumbs][\/et_pb_column][\/et_pb_row][\/et_pb_section][et_pb_section fb_built=&#8221;1&#8243; custom_padding_last_edited=&#8221;on|phone&#8221; admin_label=&#8221;Body Section&#8221; _builder_version=&#8221;4.22.1&#8243; _module_preset=&#8221;default&#8221; background_color=&#8221;#fafbff&#8221; custom_margin=&#8221;||||false|false&#8221; custom_margin_tablet=&#8221;||||false|false&#8221; custom_margin_phone=&#8221;||0px||false|false&#8221; custom_margin_last_edited=&#8221;on|phone&#8221; custom_padding=&#8221;||||false|false&#8221; custom_padding_tablet=&#8221;||||false|false&#8221; custom_padding_phone=&#8221;||0px||false|false&#8221; locked=&#8221;off&#8221; collapsed=&#8221;off&#8221; global_colors_info=&#8221;{}&#8221;][et_pb_row column_structure=&#8221;3_5,2_5&#8243; disabled_on=&#8221;off|off|off&#8221; _builder_version=&#8221;4.22.1&#8243; _module_preset=&#8221;default&#8221; background_enable_image=&#8221;off&#8221; global_colors_info=&#8221;{}&#8221;][et_pb_column type=&#8221;3_5&#8243; _builder_version=&#8221;4.19.4&#8243; _module_preset=&#8221;default&#8221; custom_padding=&#8221;||||false|false&#8221; global_colors_info=&#8221;{}&#8221;][et_pb_blurb content_max_width=&#8221;100%&#8221; disabled_on=&#8221;off|off|off&#8221; _builder_version=&#8221;4.22.1&#8243; _module_preset=&#8221;default&#8221; header_font=&#8221;Nunito Sans|700|||||||&#8221; header_text_color=&#8221;#222222&#8243; header_font_size=&#8221;24px&#8221; header_line_height=&#8221;29px&#8221; body_font=&#8221;|300|||||||&#8221; body_line_height=&#8221;24px&#8221; global_colors_info=&#8221;{}&#8221;]<\/p>\n<p>Serviciile noastre de expediere a m\u0103rfurilor garanteaz\u0103 livrarea \u0219i escortarea fiabil\u0103 \u0219i eficient\u0103 a m\u0103rfurilor c\u0103tre porturile sau utilizatorii finali din Europa. \u0218tim c\u00e2t de importante sunt viteza \u0219i continuitatea transportului pentru clien\u021bii no\u0219tri, a\u0219a c\u0103 oferim cele mai optime rute de transport posibile. <\/p>\n<p>Filialele noastre din Europa, Africa, Asia \u0219i, \u00een special, din Indonezia \u0219i China, ne ajut\u0103 s\u0103 colabor\u0103m cu partenerii locali pentru a asigura un transport eficient \u0219i fiabil al m\u0103rfurilor. Lucr\u0103m cu clien\u021bii no\u0219tri de la \u00eenceputul p\u00e2n\u0103 la sf\u00e2r\u0219itul transportului, oferind sprijin \u0219i consiliere profesional\u0103 \u00een fiecare etap\u0103. <\/p>\n<p>\u00cen plus, oferim asisten\u021b\u0103 complet\u0103 \u00een ceea ce prive\u0219te documenta\u021bia de export \u0219i tranzitul. Exper\u021bii no\u0219tri \u00eei ajut\u0103 pe clien\u021bi s\u0103 gestioneze toate formalit\u0103\u021bile necesare pentru comer\u021bul interna\u021bional, asigur\u00e2nd o tranzi\u021bie rapid\u0103 \u0219i f\u0103r\u0103 probleme prin grani\u021be \u0219i vam\u0103. <\/p>\n<p>\u00cen\u021belegem c\u0103 fiecare industrie are propriile nevoi unice, a\u0219a c\u0103 expeditorii no\u0219tri de m\u0103rfuri abordeaz\u0103 fiecare proiect \u00een mod individual. Oferim solu\u021bii personalizate care \u021bin cont de specificul \u00eenc\u0103rc\u0103turii \u0219i de cerin\u021bele clientului. <\/p>\n<p>Scopul nostru este de a face ca procesul logistic s\u0103 fie c\u00e2t mai convenabil \u0219i mai sigur posibil pentru clien\u021bii no\u0219tri. Ne str\u0103duim s\u0103 atingem cea mai \u00eenalt\u0103 calitate a serviciilor \u0219i s\u0103 satisfacem toate nevoile partenerilor no\u0219tri \u00een domeniul transportului interna\u021bional. Datorit\u0103 expertizei \u0219i experien\u021bei noastre, clien\u021bii no\u0219tri pot fi siguri c\u0103 marfa lor va fi livrat\u0103 la timp \u0219i \u00een siguran\u021b\u0103.  <\/p>\n<p>[\/et_pb_blurb][difl_advanced_blurb title=&#8221;Ave\u021bi vreo \u00eentrebare?&#8221; sub_title=&#8221; Completa\u021bi formularul de cerere \u0219i trimite\u021bi-l la noi, v\u0103 vom r\u0103spunde \u00een cel mai scurt timp posibil.&#8221; button_text=&#8221;Trimite\u021bi o cerere&#8221; button_url=&#8221;#&#8221; blurb_icon=&#8221;&#x74;||divi||400&#8243; image_icon_container_position=&#8221;outside&#8221; image_placement=&#8221;flex_left&#8221; image_icon_item_align=&#8221;center&#8221; _builder_version=&#8221;4.22.1&#8243; _module_preset=&#8221;27a26ff8-77c3-4c32-8a97-1330a17f096e&#8221; custom_margin_tablet=&#8221;&#8221; custom_margin_phone=&#8221;||||false|false&#8221; custom_margin_last_edited=&#8221;on|desktop&#8221; locked=&#8221;off&#8221; global_colors_info=&#8221;{}&#8221;][\/difl_advanced_blurb][\/et_pb_column][et_pb_column type=&#8221;2_5&#8243; disabled_on=&#8221;on|on|off&#8221; _builder_version=&#8221;4.22.1&#8243; _module_preset=&#8221;default&#8221; background_image=&#8221;https:\/\/terch.com.ua\/wp-content\/uploads\/070923-05.jpg&#8221; custom_padding=&#8221;400px||400px||true|false&#8221; animation_style=&#8221;fold&#8221; global_colors_info=&#8221;{}&#8221;][\/et_pb_column][\/et_pb_row][\/et_pb_section]<\/p>\n","protected":false},"excerpt":{"rendered":"<p><div class=\"et_pb_module difl_breadcrumbs difl_breadcrumbs_0 et_animated\">\n\t\t\t\t\n\t\t\t\t\n\t\t\t\t\n\t\t\t\t\n\t\t\t\t\n\t\t\t\t\n\t\t\t\t<div class=\"et_pb_module_inner\">\n\t\t\t\t\t<div class=\"df_breadcrumbs_container\">\r\n                             <script type=\"application\/ld+json\">{\"@context\":\"https:\\\/\\\/schema.org\\\/\",\"@type\":\"BreadcrumbList\",\"itemListElement\":[{\"@type\":\"ListItem\",\"position\":1,\"name\":\"Acas\\u0103\",\"item\":\"https:\\\/\\\/terch.com.ua\\\/ro\\\/\"}]}<\/script>\r\n                            <div class=\"df_breadcrumbs_wrapper\">\r\n                                <ul class=\"df-breadcrumbs\"><li class=\"df-breadcrumbs-item df-breadcrumbs-start\"><a href=\"https:\/\/terch.com.ua\/ro\/\"  rel=\"home\"><span class=\"df-breadcrumbs-text\">  Acas\u0103 <\/span><\/a><\/li><\/ul>\r\n                            <\/div>\r\n\r\n                        <\/div>\n\t\t\t\t<\/div>\n\t\t\t<\/div>Serviciile noastre de expediere a m\u0103rfurilor garanteaz\u0103 livrarea \u0219i escortarea fiabil\u0103 \u0219i eficient\u0103 a m\u0103rfurilor c\u0103tre porturile sau utilizatorii finali din Europa. \u0218tim c\u00e2t de importante sunt viteza \u0219i continuitatea transportului pentru clien\u021bii no\u0219tri, a\u0219a c\u0103 oferim cele mai optime rute de transport posibile. Filialele noastre din Europa, Africa, Asia \u0219i, \u00een special, din Indonezia \u0219i China, ne ajut\u0103 s\u0103 colabor\u0103m cu partenerii locali pentru a asigura un transport eficient \u0219i fiabil al m\u0103rfurilor. Lucr\u0103m cu clien\u021bii no\u0219tri de la \u00eenceputul p\u00e2n\u0103 la sf\u00e2r\u0219itul transportului, oferind sprijin \u0219i consiliere profesional\u0103 \u00een fiecare etap\u0103. \u00cen plus, oferim asisten\u021b\u0103 complet\u0103 \u00een ceea ce prive\u0219te documenta\u021bia de export \u0219i tranzitul. Exper\u021bii no\u0219tri \u00eei ajut\u0103 pe clien\u021bi s\u0103 gestioneze toate formalit\u0103\u021bile necesare pentru comer\u021bul interna\u021bional, asigur\u00e2nd o tranzi\u021bie rapid\u0103 \u0219i f\u0103r\u0103 probleme prin grani\u021be \u0219i vam\u0103. \u00cen\u021belegem c\u0103 fiecare industrie are propriile nevoi unice, a\u0219a c\u0103 expeditorii no\u0219tri de m\u0103rfuri abordeaz\u0103 fiecare proiect \u00een mod individual. Oferim solu\u021bii personalizate care \u021bin cont de specificul \u00eenc\u0103rc\u0103turii \u0219i de cerin\u021bele clientului. Scopul nostru este de a face ca procesul logistic s\u0103 fie c\u00e2t mai convenabil [&hellip;]<\/p>\n","protected":false},"author":1,"featured_media":0,"parent":5399,"menu_order":0,"comment_status":"closed","ping_status":"closed","template":"","meta":{"_et_pb_use_builder":"on","_et_pb_old_content":"","_et_gb_content_width":"","footnotes":""},"class_list":["post-5405","page","type-page","status-publish","hentry"],"_links":{"self":[{"href":"https:\/\/terch.com.ua\/ro\/wp-json\/wp\/v2\/pages\/5405","targetHints":{"allow":["GET"]}}],"collection":[{"href":"https:\/\/terch.com.ua\/ro\/wp-json\/wp\/v2\/pages"}],"about":[{"href":"https:\/\/terch.com.ua\/ro\/wp-json\/wp\/v2\/types\/page"}],"author":[{"embeddable":true,"href":"https:\/\/terch.com.ua\/ro\/wp-json\/wp\/v2\/users\/1"}],"replies":[{"embeddable":true,"href":"https:\/\/terch.com.ua\/ro\/wp-json\/wp\/v2\/comments?post=5405"}],"version-history":[{"count":2,"href":"https:\/\/terch.com.ua\/ro\/wp-json\/wp\/v2\/pages\/5405\/revisions"}],"predecessor-version":[{"id":5407,"href":"https:\/\/terch.com.ua\/ro\/wp-json\/wp\/v2\/pages\/5405\/revisions\/5407"}],"up":[{"embeddable":true,"href":"https:\/\/terch.com.ua\/ro\/wp-json\/wp\/v2\/pages\/5399"}],"wp:attachment":[{"href":"https:\/\/terch.com.ua\/ro\/wp-json\/wp\/v2\/media?parent=5405"}],"curies":[{"name":"wp","href":"https:\/\/api.w.org\/{rel}","templated":true}]}}