{"id":5326,"date":"2023-09-06T03:39:33","date_gmt":"2023-09-06T00:39:33","guid":{"rendered":"https:\/\/terch.com.ua\/szolgaltatasaink\/gabona-raktarozasa\/"},"modified":"2024-04-01T02:24:11","modified_gmt":"2024-03-31T23:24:11","slug":"gabona-raktarozasa","status":"publish","type":"page","link":"https:\/\/terch.com.ua\/hu\/szolgaltatasaink\/gabona-raktarozasa\/","title":{"rendered":"Gabona rakt\u00e1roz\u00e1sa"},"content":{"rendered":"<p>[et_pb_section fb_built=&#8221;1&#8243; custom_padding_last_edited=&#8221;on|phone&#8221; admin_label=&#8221;Hero Section&#8221; _builder_version=&#8221;4.22.1&#8243; _module_preset=&#8221;default&#8221; background_enable_color=&#8221;off&#8221; background_image=&#8221;https:\/\/terch.com.ua\/wp-content\/uploads\/2023\/08\/bg-20.jpg&#8221; custom_margin=&#8221;||||false|false&#8221; custom_padding=&#8221;100px||100px||false|false&#8221; custom_padding_tablet=&#8221;100px||100px||false|false&#8221; custom_padding_phone=&#8221;0px||0px||false|false&#8221; locked=&#8221;off&#8221; collapsed=&#8221;off&#8221; global_colors_info=&#8221;{}&#8221;][et_pb_row _builder_version=&#8221;4.19.4&#8243; _module_preset=&#8221;default&#8221; global_colors_info=&#8221;{}&#8221;][et_pb_column type=&#8221;4_4&#8243; _builder_version=&#8221;4.19.4&#8243; _module_preset=&#8221;default&#8221; global_colors_info=&#8221;{}&#8221;][et_pb_text _builder_version=&#8221;4.22.1&#8243; _dynamic_attributes=&#8221;content&#8221; _module_preset=&#8221;default&#8221; text_font=&#8221;|||on|||||&#8221; text_text_color=&#8221;#ffffff&#8221; text_font_size=&#8221;40px&#8221; text_line_height=&#8221;68px&#8221; text_orientation=&#8221;center&#8221; custom_margin=&#8221;||0px||false|false&#8221; animation_style=&#8221;slide&#8221; animation_direction=&#8221;top&#8221; animation_duration=&#8221;300ms&#8221; text_font_size_tablet=&#8221;30px&#8221; text_font_size_phone=&#8221;30px&#8221; text_font_size_last_edited=&#8221;on|tablet&#8221; global_colors_info=&#8221;{}&#8221;]@ET-DC@eyJkeW5hbWljIjp0cnVlLCJjb250ZW50IjoicG9zdF90aXRsZSIsInNldHRpbmdzIjp7ImJlZm9yZSI6IiIsImFmdGVyIjoiIn19@[\/et_pb_text][difl_breadcrumbs use_separator_icon=&#8221;on&#8221; separator_font_icon=&#8221;&#x35;||divi||400&#8243; separator_icon_color=&#8221;#FFFFFF&#8221; home_text=&#8221;Otthon&#8221; alignment=&#8221;center&#8221; show_on_front_page=&#8221;off&#8221; show_title=&#8221;off&#8221; enable_schema=&#8221;on&#8221; _builder_version=&#8221;4.22.1&#8243; _module_preset=&#8221;default&#8221; pages_font_font=&#8221;Nunito Sans|600|||||||&#8221; pages_font_text_color=&#8221;#FFFFFF&#8221; pages_font_line_height=&#8221;22px&#8221; home_font_font=&#8221;|700|||||||&#8221; home_font_line_height=&#8221;22px&#8221; animation_style=&#8221;slide&#8221; animation_direction=&#8221;bottom&#8221; animation_duration=&#8221;300ms&#8221; global_colors_info=&#8221;{}&#8221;][\/difl_breadcrumbs][\/et_pb_column][\/et_pb_row][\/et_pb_section][et_pb_section fb_built=&#8221;1&#8243; custom_padding_last_edited=&#8221;on|phone&#8221; admin_label=&#8221;Body Section&#8221; _builder_version=&#8221;4.22.1&#8243; _module_preset=&#8221;default&#8221; background_color=&#8221;#fafbff&#8221; custom_margin_tablet=&#8221;&#8221; custom_margin_phone=&#8221;||0px||false|false&#8221; custom_margin_last_edited=&#8221;on|phone&#8221; custom_padding=&#8221;||||false|false&#8221; custom_padding_tablet=&#8221;||||false|false&#8221; custom_padding_phone=&#8221;||0px||false|false&#8221; locked=&#8221;off&#8221; collapsed=&#8221;off&#8221; global_colors_info=&#8221;{}&#8221;][et_pb_row column_structure=&#8221;3_5,2_5&#8243; disabled_on=&#8221;off|off|off&#8221; _builder_version=&#8221;4.22.1&#8243; _module_preset=&#8221;default&#8221; background_enable_image=&#8221;off&#8221; global_colors_info=&#8221;{}&#8221;][et_pb_column type=&#8221;3_5&#8243; _builder_version=&#8221;4.19.4&#8243; _module_preset=&#8221;default&#8221; custom_padding=&#8221;||||false|false&#8221; global_colors_info=&#8221;{}&#8221;][et_pb_blurb content_max_width=&#8221;100%&#8221; disabled_on=&#8221;off|off|off&#8221; _builder_version=&#8221;4.22.2&#8243; _module_preset=&#8221;default&#8221; header_font=&#8221;Nunito Sans|700|||||||&#8221; header_text_color=&#8221;#222222&#8243; header_font_size=&#8221;24px&#8221; header_line_height=&#8221;29px&#8221; body_font=&#8221;|300|||||||&#8221; body_line_height=&#8221;24px&#8221; hover_enabled=&#8221;0&#8243; global_colors_info=&#8221;{}&#8221; sticky_enabled=&#8221;0&#8243;]<\/p>\n<p>C\u00e9g\u00fcnk gabonarakt\u00e1roz\u00e1si szolg\u00e1ltat\u00e1sokat k\u00edn\u00e1l &#8211; gondoskodunk a term\u00e9k min\u0151s\u00e9g\u00e9r\u0151l \u00e9s biztons\u00e1gos t\u00e1rol\u00e1si k\u00f6r\u00fclm\u00e9nyeket biztos\u00edtunk.<\/p>\n<p>Modern berendez\u00e9sekkel \u00e9s infrastrukt\u00far\u00e1val rendelkez\u00fcnk a gabonat\u00e1rol\u00e1shoz, t\u00f6bbek k\u00f6z\u00f6tt:<\/p>\n<ul>\n<li>Sz\u00e1ll\u00edt\u00f3berendez\u00e9s Scandia Elevator, Sv\u00e9dorsz\u00e1g (200t\/h)<\/li>\n<li>Silomasters \u00fczemi tart\u00e1lyok, Espana (6 db\/1 200m3)<\/li>\n<li>Silomasters laposfenek\u0171 tart\u00e1lyok, Espana (3 db \/ 9 000 m3)<\/li>\n<li>Tiszt\u00edt\u00f3g\u00e9p B\u00fchler TAS 206A-6<\/li>\n<\/ul>\n<p>Lehet\u0151s\u00e9get k\u00edn\u00e1lunk tov\u00e1bb\u00e1 a gabonaf\u00e9l\u00e9k \u00e9s olajos magvak k\u00f6z\u00fati \u00e9s vas\u00fati \u00e1tv\u00e9tel\u00e9re \u00e9s sz\u00e1ll\u00edt\u00e1s\u00e1ra, valamint k\u00f6zvetlen vagonr\u00f3l vagonra \u00e9s vagonr\u00f3l vagonra t\u00f6rt\u00e9n\u0151 \u00e1trakod\u00e1sra.<\/p>\n<p>Modern rakt\u00e1rainkat \u00e9s t\u00e1rol\u00f3 l\u00e9tes\u00edtm\u00e9nyeinket nagy mennyis\u00e9g\u0171 gabona kezel\u00e9s\u00e9re tervezt\u00e9k, \u00e9s fejlett berendez\u00e9sekkel vannak felszerelve a hat\u00e9kony \u00e9s biztons\u00e1gos t\u00e1rol\u00e1s \u00e9rdek\u00e9ben. Tiszt\u00e1ban vagyunk azzal, hogy fontos a gabona min\u0151s\u00e9g\u00e9nek meg\u0151rz\u00e9se \u00fcgyfeleink sz\u00e1m\u00e1ra, ez\u00e9rt m\u0171k\u00f6d\u00e9s\u00fcnk minden aspektusa az optim\u00e1lis t\u00e1rol\u00e1si felt\u00e9telek biztos\u00edt\u00e1s\u00e1ra ir\u00e1nyul. <\/p>\n<p>Szakemberekb\u0151l \u00e1ll\u00f3 csapatunk sok\u00e9ves tapasztalattal rendelkezik a gabona\u00fczlet\u00e1gban, \u00e9s tudja, hogyan kell fenntartani a term\u00e9kbiztons\u00e1g legmagasabb sz\u00ednvonal\u00e1t. Modern m\u00f3dszereket \u00e9s technol\u00f3gi\u00e1kat alkalmazunk a h\u0151m\u00e9rs\u00e9klet, a p\u00e1ratartalom \u00e9s m\u00e1s, a gabona min\u0151s\u00e9g\u00e9t befoly\u00e1sol\u00f3 t\u00e9nyez\u0151k ellen\u0151rz\u00e9s\u00e9re. <\/p>\n<p>Rakt\u00e1raink magas biztons\u00e1gi el\u0151\u00edr\u00e1sokkal rendelkeznek, bele\u00e9rtve a t\u0171zolt\u00f3 \u00e9s bel\u00e9ptet\u0151 rendszereket, amelyek v\u00e9delmet ny\u00fajtanak a nem k\u00edv\u00e1nt esem\u00e9nyek ellen, \u00e9s biztons\u00e1gban tartj\u00e1k az \u00e9rt\u00e9kes rakom\u00e1nyt. Biztos\u00edtjuk, hogy minden rakt\u00e1roz\u00e1si folyamatot a jogszab\u00e1lyi el\u0151\u00edr\u00e1soknak \u00e9s a nemzetk\u00f6zi szabv\u00e1nyoknak megfelel\u0151en v\u00e9gezz\u00fcnk. <\/p>\n<p>Emellett rakt\u00e1rainkat a k\u00fcl\u00f6nb\u00f6z\u0151 vev\u0151i ig\u00e9nyeknek megfelel\u0151en tudjuk felszerelni. Minden \u00fcgyf\u00e9l sz\u00e1m\u00e1ra egy\u00e9ni megk\u00f6zel\u00edt\u00e9st k\u00edn\u00e1lunk, \u00e9s optim\u00e1lis megold\u00e1sokat dolgozunk ki gabon\u00e1juk t\u00e1rol\u00e1s\u00e1ra, figyelembe v\u00e9ve term\u00e9keik \u00e9s \u00fczleti ig\u00e9nyeik saj\u00e1toss\u00e1gait. <\/p>\n<p>Gabonat\u00e1rol\u00e1si szolg\u00e1ltat\u00e1saink \u00faj lehet\u0151s\u00e9geket nyitnak a mez\u0151gazdas\u00e1gi termel\u0151k \u00e9s m\u00e1s gabonapiaci szerepl\u0151k el\u0151tt. Megb\u00edzhat\u00f3 l\u00e1ncszemet teremt\u00fcnk a gabonasz\u00e1ll\u00edt\u00e1s logisztikai l\u00e1nc\u00e1ban, biztos\u00edtva a rakom\u00e1ny\u00e1raml\u00e1s stabilit\u00e1s\u00e1t \u00e9s megb\u00edzhat\u00f3s\u00e1g\u00e1t. <\/p>\n<p>[\/et_pb_blurb][difl_advanced_blurb title=&#8221;K\u00e9rd\u00e9se van?&#8221; sub_title=&#8221; T\u00f6ltse ki az \u0171rlapot, \u00e9s k\u00fcldje el nek\u00fcnk, a lehet\u0151 leghamarabb v\u00e1laszolunk.&#8221; button_text=&#8221;K\u00e9r\u00e9s k\u00fcld\u00e9se&#8221; button_url=&#8221;#&#8221; blurb_icon=&#8221;&#x74;||divi||400&#8243; image_icon_container_position=&#8221;outside&#8221; image_placement=&#8221;flex_left&#8221; image_icon_item_align=&#8221;center&#8221; _builder_version=&#8221;4.22.1&#8243; _module_preset=&#8221;27a26ff8-77c3-4c32-8a97-1330a17f096e&#8221; custom_margin_tablet=&#8221;&#8221; custom_margin_phone=&#8221;||||false|false&#8221; custom_margin_last_edited=&#8221;on|desktop&#8221; locked=&#8221;off&#8221; global_colors_info=&#8221;{}&#8221;][\/difl_advanced_blurb][\/et_pb_column][et_pb_column type=&#8221;2_5&#8243; disabled_on=&#8221;on|on|off&#8221; _builder_version=&#8221;4.22.1&#8243; _module_preset=&#8221;default&#8221; background_image=&#8221;https:\/\/terch.com.ua\/wp-content\/uploads\/2022\/12\/silos.jpg&#8221; custom_padding=&#8221;400px||400px||true|false&#8221; animation_style=&#8221;fold&#8221; global_colors_info=&#8221;{}&#8221;][\/et_pb_column][\/et_pb_row][\/et_pb_section]<\/p>\n","protected":false},"excerpt":{"rendered":"<p><div class=\"et_pb_module difl_breadcrumbs difl_breadcrumbs_0 et_animated\">\n\t\t\t\t\n\t\t\t\t\n\t\t\t\t\n\t\t\t\t\n\t\t\t\t\n\t\t\t\t\n\t\t\t\t<div class=\"et_pb_module_inner\">\n\t\t\t\t\t<div class=\"df_breadcrumbs_container\">\r\n                             <script type=\"application\/ld+json\">{\"@context\":\"https:\\\/\\\/schema.org\\\/\",\"@type\":\"BreadcrumbList\",\"itemListElement\":[{\"@type\":\"ListItem\",\"position\":1,\"name\":\"Otthon\",\"item\":\"https:\\\/\\\/terch.com.ua\\\/hu\\\/\"}]}<\/script>\r\n                            <div class=\"df_breadcrumbs_wrapper\">\r\n                                <ul class=\"df-breadcrumbs\"><li class=\"df-breadcrumbs-item df-breadcrumbs-start\"><a href=\"https:\/\/terch.com.ua\/hu\/\"  rel=\"home\"><span class=\"df-breadcrumbs-text\">  Otthon <\/span><\/a><\/li><\/ul>\r\n                            <\/div>\r\n\r\n                        <\/div>\n\t\t\t\t<\/div>\n\t\t\t<\/div>C\u00e9g\u00fcnk gabonarakt\u00e1roz\u00e1si szolg\u00e1ltat\u00e1sokat k\u00edn\u00e1l &#8211; gondoskodunk a term\u00e9k min\u0151s\u00e9g\u00e9r\u0151l \u00e9s biztons\u00e1gos t\u00e1rol\u00e1si k\u00f6r\u00fclm\u00e9nyeket biztos\u00edtunk. Modern berendez\u00e9sekkel \u00e9s infrastrukt\u00far\u00e1val rendelkez\u00fcnk a gabonat\u00e1rol\u00e1shoz, t\u00f6bbek k\u00f6z\u00f6tt: Sz\u00e1ll\u00edt\u00f3berendez\u00e9s Scandia Elevator, Sv\u00e9dorsz\u00e1g (200t\/h) Silomasters \u00fczemi tart\u00e1lyok, Espana (6 db\/1 200m3) Silomasters laposfenek\u0171 tart\u00e1lyok, Espana (3 db \/ 9 000 m3) Tiszt\u00edt\u00f3g\u00e9p B\u00fchler TAS 206A-6 Lehet\u0151s\u00e9get k\u00edn\u00e1lunk tov\u00e1bb\u00e1 a gabonaf\u00e9l\u00e9k \u00e9s olajos magvak k\u00f6z\u00fati \u00e9s vas\u00fati \u00e1tv\u00e9tel\u00e9re \u00e9s sz\u00e1ll\u00edt\u00e1s\u00e1ra, valamint k\u00f6zvetlen vagonr\u00f3l vagonra \u00e9s vagonr\u00f3l vagonra t\u00f6rt\u00e9n\u0151 \u00e1trakod\u00e1sra. Modern rakt\u00e1rainkat \u00e9s t\u00e1rol\u00f3 l\u00e9tes\u00edtm\u00e9nyeinket nagy mennyis\u00e9g\u0171 gabona kezel\u00e9s\u00e9re tervezt\u00e9k, \u00e9s fejlett berendez\u00e9sekkel vannak felszerelve a hat\u00e9kony \u00e9s biztons\u00e1gos t\u00e1rol\u00e1s \u00e9rdek\u00e9ben. Tiszt\u00e1ban vagyunk azzal, hogy fontos a gabona min\u0151s\u00e9g\u00e9nek meg\u0151rz\u00e9se \u00fcgyfeleink sz\u00e1m\u00e1ra, ez\u00e9rt m\u0171k\u00f6d\u00e9s\u00fcnk minden aspektusa az optim\u00e1lis t\u00e1rol\u00e1si felt\u00e9telek biztos\u00edt\u00e1s\u00e1ra ir\u00e1nyul. Szakemberekb\u0151l \u00e1ll\u00f3 csapatunk sok\u00e9ves tapasztalattal rendelkezik a gabona\u00fczlet\u00e1gban, \u00e9s tudja, hogyan kell fenntartani a term\u00e9kbiztons\u00e1g legmagasabb sz\u00ednvonal\u00e1t. Modern m\u00f3dszereket \u00e9s technol\u00f3gi\u00e1kat alkalmazunk a h\u0151m\u00e9rs\u00e9klet, a p\u00e1ratartalom \u00e9s m\u00e1s, a gabona min\u0151s\u00e9g\u00e9t befoly\u00e1sol\u00f3 t\u00e9nyez\u0151k ellen\u0151rz\u00e9s\u00e9re. Rakt\u00e1raink magas biztons\u00e1gi el\u0151\u00edr\u00e1sokkal rendelkeznek, bele\u00e9rtve a t\u0171zolt\u00f3 \u00e9s bel\u00e9ptet\u0151 rendszereket, amelyek v\u00e9delmet ny\u00fajtanak a nem k\u00edv\u00e1nt esem\u00e9nyek ellen, \u00e9s biztons\u00e1gban tartj\u00e1k az \u00e9rt\u00e9kes rakom\u00e1nyt. Biztos\u00edtjuk, hogy minden rakt\u00e1roz\u00e1si folyamatot a jogszab\u00e1lyi [&hellip;]<\/p>\n","protected":false},"author":1,"featured_media":0,"parent":5301,"menu_order":0,"comment_status":"closed","ping_status":"closed","template":"","meta":{"_et_pb_use_builder":"on","_et_pb_old_content":"","_et_gb_content_width":"","footnotes":""},"class_list":["post-5326","page","type-page","status-publish","hentry"],"_links":{"self":[{"href":"https:\/\/terch.com.ua\/hu\/wp-json\/wp\/v2\/pages\/5326","targetHints":{"allow":["GET"]}}],"collection":[{"href":"https:\/\/terch.com.ua\/hu\/wp-json\/wp\/v2\/pages"}],"about":[{"href":"https:\/\/terch.com.ua\/hu\/wp-json\/wp\/v2\/types\/page"}],"author":[{"embeddable":true,"href":"https:\/\/terch.com.ua\/hu\/wp-json\/wp\/v2\/users\/1"}],"replies":[{"embeddable":true,"href":"https:\/\/terch.com.ua\/hu\/wp-json\/wp\/v2\/comments?post=5326"}],"version-history":[{"count":1,"href":"https:\/\/terch.com.ua\/hu\/wp-json\/wp\/v2\/pages\/5326\/revisions"}],"predecessor-version":[{"id":5329,"href":"https:\/\/terch.com.ua\/hu\/wp-json\/wp\/v2\/pages\/5326\/revisions\/5329"}],"up":[{"embeddable":true,"href":"https:\/\/terch.com.ua\/hu\/wp-json\/wp\/v2\/pages\/5301"}],"wp:attachment":[{"href":"https:\/\/terch.com.ua\/hu\/wp-json\/wp\/v2\/media?parent=5326"}],"curies":[{"name":"wp","href":"https:\/\/api.w.org\/{rel}","templated":true}]}}