{"id":5323,"date":"2023-09-06T10:01:16","date_gmt":"2023-09-06T07:01:16","guid":{"rendered":"https:\/\/terch.com.ua\/szolgaltatasaink\/olaj-gabonafelek-es-olajos-magvak-nagykereskedelmi-ertekesitese\/"},"modified":"2024-04-01T02:24:11","modified_gmt":"2024-03-31T23:24:11","slug":"olaj-gabonafelek-es-olajos-magvak-nagykereskedelmi-ertekesitese","status":"publish","type":"page","link":"https:\/\/terch.com.ua\/hu\/szolgaltatasaink\/olaj-gabonafelek-es-olajos-magvak-nagykereskedelmi-ertekesitese\/","title":{"rendered":"Olaj, gabonaf\u00e9l\u00e9k \u00e9s olajos magvak nagykereskedelmi \u00e9rt\u00e9kes\u00edt\u00e9se"},"content":{"rendered":"<p>[et_pb_section fb_built=&#8221;1&#8243; custom_padding_last_edited=&#8221;on|phone&#8221; admin_label=&#8221;Hero Section&#8221; _builder_version=&#8221;4.22.1&#8243; _module_preset=&#8221;default&#8221; background_enable_color=&#8221;off&#8221; background_image=&#8221;https:\/\/terch.com.ua\/wp-content\/uploads\/2023\/08\/bg-20.jpg&#8221; custom_margin=&#8221;||||false|false&#8221; custom_padding=&#8221;100px||100px||false|false&#8221; custom_padding_tablet=&#8221;100px||100px||false|false&#8221; custom_padding_phone=&#8221;0px||0px||true|false&#8221; locked=&#8221;off&#8221; collapsed=&#8221;off&#8221; global_colors_info=&#8221;{}&#8221;][et_pb_row _builder_version=&#8221;4.19.4&#8243; _module_preset=&#8221;default&#8221; global_colors_info=&#8221;{}&#8221;][et_pb_column type=&#8221;4_4&#8243; _builder_version=&#8221;4.19.4&#8243; _module_preset=&#8221;default&#8221; global_colors_info=&#8221;{}&#8221;][et_pb_text _builder_version=&#8221;4.22.1&#8243; _dynamic_attributes=&#8221;content&#8221; _module_preset=&#8221;default&#8221; text_font=&#8221;|||on|||||&#8221; text_text_color=&#8221;#ffffff&#8221; text_font_size=&#8221;40px&#8221; text_line_height=&#8221;68px&#8221; text_orientation=&#8221;center&#8221; custom_margin=&#8221;||0px||false|false&#8221; animation_style=&#8221;slide&#8221; animation_direction=&#8221;top&#8221; animation_duration=&#8221;300ms&#8221; text_font_size_tablet=&#8221;30px&#8221; text_font_size_phone=&#8221;30px&#8221; text_font_size_last_edited=&#8221;on|tablet&#8221; global_colors_info=&#8221;{}&#8221;]@ET-DC@eyJkeW5hbWljIjp0cnVlLCJjb250ZW50IjoicG9zdF90aXRsZSIsInNldHRpbmdzIjp7ImJlZm9yZSI6IiIsImFmdGVyIjoiIn19@[\/et_pb_text][difl_breadcrumbs use_separator_icon=&#8221;on&#8221; separator_font_icon=&#8221;&#x35;||divi||400&#8243; separator_icon_color=&#8221;#FFFFFF&#8221; home_text=&#8221;Otthon&#8221; alignment=&#8221;center&#8221; show_on_front_page=&#8221;off&#8221; show_title=&#8221;off&#8221; enable_schema=&#8221;on&#8221; _builder_version=&#8221;4.22.1&#8243; _module_preset=&#8221;default&#8221; pages_font_font=&#8221;Nunito Sans|600|||||||&#8221; pages_font_text_color=&#8221;#FFFFFF&#8221; pages_font_line_height=&#8221;22px&#8221; home_font_font=&#8221;|700|||||||&#8221; home_font_line_height=&#8221;22px&#8221; animation_style=&#8221;slide&#8221; animation_direction=&#8221;bottom&#8221; animation_duration=&#8221;300ms&#8221; global_colors_info=&#8221;{}&#8221;][\/difl_breadcrumbs][\/et_pb_column][\/et_pb_row][\/et_pb_section][et_pb_section fb_built=&#8221;1&#8243; custom_padding_last_edited=&#8221;on|phone&#8221; admin_label=&#8221;Body Section&#8221; _builder_version=&#8221;4.22.1&#8243; _module_preset=&#8221;default&#8221; background_color=&#8221;#fafbff&#8221; custom_margin_tablet=&#8221;&#8221; custom_margin_phone=&#8221;||0px||false|false&#8221; custom_margin_last_edited=&#8221;on|phone&#8221; custom_padding_tablet=&#8221;&#8221; custom_padding_phone=&#8221;||0px||false|false&#8221; locked=&#8221;off&#8221; collapsed=&#8221;off&#8221; global_colors_info=&#8221;{}&#8221;][et_pb_row column_structure=&#8221;3_5,2_5&#8243; disabled_on=&#8221;off|off|off&#8221; _builder_version=&#8221;4.22.1&#8243; _module_preset=&#8221;default&#8221; background_enable_image=&#8221;off&#8221; global_colors_info=&#8221;{}&#8221;][et_pb_column type=&#8221;3_5&#8243; _builder_version=&#8221;4.19.4&#8243; _module_preset=&#8221;default&#8221; custom_padding=&#8221;||||false|false&#8221; global_colors_info=&#8221;{}&#8221;][et_pb_blurb content_max_width=&#8221;100%&#8221; disabled_on=&#8221;off|off|off&#8221; _builder_version=&#8221;4.22.1&#8243; _module_preset=&#8221;default&#8221; header_font=&#8221;Nunito Sans|700|||||||&#8221; header_text_color=&#8221;#222222&#8243; header_font_size=&#8221;24px&#8221; header_line_height=&#8221;29px&#8221; body_font=&#8221;|300|||||||&#8221; body_line_height=&#8221;24px&#8221; global_colors_info=&#8221;{}&#8221;]<\/p>\n<p>C\u00e9g\u00fcnk gabonaf\u00e9l\u00e9k, olaj \u00e9s vet\u0151magok nagykereskedelm\u00e9re szakosodott, azzal a v\u00e9gs\u0151 c\u00e9llal, hogy \u00fcgyfeleinket min\u0151s\u00e9gi term\u00e9kekkel l\u00e1ssuk el, hogy seg\u00edts\u00fck \u0151ket \u00fczlet\u00fck fejleszt\u00e9s\u00e9ben \u00e9s \u00fcgyfeleik ig\u00e9nyeinek kiel\u00e9g\u00edt\u00e9s\u00e9ben.<\/p>\n<p>Gabonaf\u00e9l\u00e9k, olajos magvak \u00e9s vet\u0151magterm\u00e9kek sz\u00e9les v\u00e1laszt\u00e9k\u00e1t k\u00edn\u00e1ljuk, amelyek megfelelnek a legmagasabb min\u0151s\u00e9gi k\u00f6vetelm\u00e9nyeknek. Gabon\u00e1ink magas t\u00e1panyagtartalommal rendelkeznek, meg\u0151rzik minden term\u00e9szetes tulajdons\u00e1gukat, \u00e9s \u00edzletesebb\u00e9 teszik a vel\u00fck k\u00e9sz\u00edtett \u00e9teleket. <\/p>\n<p>Az \u00e1ltalunk k\u00edn\u00e1lt olajok term\u00e9szetes alapanyagokb\u00f3l k\u00e9sz\u00fclnek, \u00e9s magas technol\u00f3giai min\u0151s\u00e9gben ker\u00fclnek el\u0151\u00e1ll\u00edt\u00e1sra. Eg\u00e9szs\u00e9ges zs\u00edrok \u00e9s vitaminok gazdag \u00f6sszet\u00e9tel\u00e9vel rendelkeznek, ami kiv\u00e1l\u00f3 v\u00e1laszt\u00e1ss\u00e1 teszi \u0151ket az eg\u00e9szs\u00e9ges t\u00e1pl\u00e1lkoz\u00e1shoz. <\/p>\n<p>Az \u00e1ltalunk k\u00edn\u00e1lt vet\u0151magok v\u00e1logatott min\u0151s\u00e9g\u0171ek \u00e9s garant\u00e1lj\u00e1k a j\u00f3 term\u00e9st. Kiv\u00e1l\u00f3 v\u00e1laszt\u00e1s a mez\u0151gazdas\u00e1gi v\u00e1llalkoz\u00f3k sz\u00e1m\u00e1ra, akik min\u0151s\u00e9gi vet\u0151magokkal k\u00edv\u00e1nj\u00e1k ell\u00e1tni magukat a term\u00e9nyeikhez. <\/p>\n<p>Meg\u00e9rtj\u00fck, hogy az \u00e1ruk gyors kisz\u00e1ll\u00edt\u00e1sa nagyon fontos \u00fcgyfeleink \u00fczletmenet\u00e9nek szempontj\u00e1b\u00f3l. Ez\u00e9rt magas k\u00f6vetelm\u00e9nyeket t\u00e1masztunk a megrendel\u00e9sek feldolgoz\u00e1s\u00e1val \u00e9s kisz\u00e1ll\u00edt\u00e1s\u00e1val kapcsolatban, hogy \u00fcgyfeleink id\u0151ben \u00e9s a tervezett hat\u00e1rid\u0151re megkapj\u00e1k term\u00e9keiket. <\/p>\n<p>Szolg\u00e1ltat\u00e1saink nem korl\u00e1toz\u00f3dnak az \u00e9rt\u00e9kes\u00edt\u00e9sre. Tan\u00e1csot \u00e9s t\u00e1mogat\u00e1st is ny\u00fajtunk \u00fcgyfeleinknek a v\u00e1llalkoz\u00e1suk sz\u00e1m\u00e1ra legmegfelel\u0151bb term\u00e9kek kiv\u00e1laszt\u00e1s\u00e1ban, seg\u00edt\u00fcnk az ell\u00e1t\u00e1s tervez\u00e9s\u00e9ben \u00e9s a fejleszt\u00e9si \u00f6tletek megval\u00f3s\u00edt\u00e1s\u00e1ban. <\/p>\n<p>N\u00e1lunk biztos lehet benne, hogy csak a legjobb min\u0151s\u00e9g\u0171 term\u00e9keket \u00e9s a legmagasabb szint\u0171 szolg\u00e1ltat\u00e1st kapja. Hissz\u00fck, hogy a vel\u00fcnk val\u00f3 egy\u00fcttm\u0171k\u00f6d\u00e9s sikeres \u00e9s j\u00f6vedelmez\u0151 megold\u00e1s lesz az \u00d6n v\u00e1llalkoz\u00e1sa sz\u00e1m\u00e1ra. <\/p>\n<p>[\/et_pb_blurb][difl_advanced_blurb title=&#8221;K\u00e9rd\u00e9se van?&#8221; sub_title=&#8221; T\u00f6ltse ki az \u0171rlapot, \u00e9s k\u00fcldje el nek\u00fcnk, a lehet\u0151 leghamarabb v\u00e1laszolunk.&#8221; button_text=&#8221;K\u00e9r\u00e9s k\u00fcld\u00e9se&#8221; button_url=&#8221;#&#8221; blurb_icon=&#8221;&#x74;||divi||400&#8243; image_icon_container_position=&#8221;outside&#8221; image_placement=&#8221;flex_left&#8221; image_icon_item_align=&#8221;center&#8221; _builder_version=&#8221;4.22.1&#8243; _module_preset=&#8221;27a26ff8-77c3-4c32-8a97-1330a17f096e&#8221; custom_margin_tablet=&#8221;&#8221; custom_margin_phone=&#8221;||||false|false&#8221; custom_margin_last_edited=&#8221;on|desktop&#8221; locked=&#8221;off&#8221; global_colors_info=&#8221;{}&#8221;][\/difl_advanced_blurb][\/et_pb_column][et_pb_column type=&#8221;2_5&#8243; disabled_on=&#8221;on|on|off&#8221; _builder_version=&#8221;4.22.1&#8243; _module_preset=&#8221;default&#8221; background_image=&#8221;https:\/\/terch.com.ua\/wp-content\/uploads\/070923-06.jpg&#8221; custom_padding=&#8221;400px||400px||true|false&#8221; animation_style=&#8221;fold&#8221; global_colors_info=&#8221;{}&#8221;][\/et_pb_column][\/et_pb_row][\/et_pb_section]<\/p>\n","protected":false},"excerpt":{"rendered":"<p><div class=\"et_pb_module difl_breadcrumbs difl_breadcrumbs_0 et_animated\">\n\t\t\t\t\n\t\t\t\t\n\t\t\t\t\n\t\t\t\t\n\t\t\t\t\n\t\t\t\t\n\t\t\t\t<div class=\"et_pb_module_inner\">\n\t\t\t\t\t<div class=\"df_breadcrumbs_container\">\r\n                             <script type=\"application\/ld+json\">{\"@context\":\"https:\\\/\\\/schema.org\\\/\",\"@type\":\"BreadcrumbList\",\"itemListElement\":[{\"@type\":\"ListItem\",\"position\":1,\"name\":\"Otthon\",\"item\":\"https:\\\/\\\/terch.com.ua\\\/hu\\\/\"}]}<\/script>\r\n                            <div class=\"df_breadcrumbs_wrapper\">\r\n                                <ul class=\"df-breadcrumbs\"><li class=\"df-breadcrumbs-item df-breadcrumbs-start\"><a href=\"https:\/\/terch.com.ua\/hu\/\"  rel=\"home\"><span class=\"df-breadcrumbs-text\">  Otthon <\/span><\/a><\/li><\/ul>\r\n                            <\/div>\r\n\r\n                        <\/div>\n\t\t\t\t<\/div>\n\t\t\t<\/div>C\u00e9g\u00fcnk gabonaf\u00e9l\u00e9k, olaj \u00e9s vet\u0151magok nagykereskedelm\u00e9re szakosodott, azzal a v\u00e9gs\u0151 c\u00e9llal, hogy \u00fcgyfeleinket min\u0151s\u00e9gi term\u00e9kekkel l\u00e1ssuk el, hogy seg\u00edts\u00fck \u0151ket \u00fczlet\u00fck fejleszt\u00e9s\u00e9ben \u00e9s \u00fcgyfeleik ig\u00e9nyeinek kiel\u00e9g\u00edt\u00e9s\u00e9ben. Gabonaf\u00e9l\u00e9k, olajos magvak \u00e9s vet\u0151magterm\u00e9kek sz\u00e9les v\u00e1laszt\u00e9k\u00e1t k\u00edn\u00e1ljuk, amelyek megfelelnek a legmagasabb min\u0151s\u00e9gi k\u00f6vetelm\u00e9nyeknek. Gabon\u00e1ink magas t\u00e1panyagtartalommal rendelkeznek, meg\u0151rzik minden term\u00e9szetes tulajdons\u00e1gukat, \u00e9s \u00edzletesebb\u00e9 teszik a vel\u00fck k\u00e9sz\u00edtett \u00e9teleket. Az \u00e1ltalunk k\u00edn\u00e1lt olajok term\u00e9szetes alapanyagokb\u00f3l k\u00e9sz\u00fclnek, \u00e9s magas technol\u00f3giai min\u0151s\u00e9gben ker\u00fclnek el\u0151\u00e1ll\u00edt\u00e1sra. Eg\u00e9szs\u00e9ges zs\u00edrok \u00e9s vitaminok gazdag \u00f6sszet\u00e9tel\u00e9vel rendelkeznek, ami kiv\u00e1l\u00f3 v\u00e1laszt\u00e1ss\u00e1 teszi \u0151ket az eg\u00e9szs\u00e9ges t\u00e1pl\u00e1lkoz\u00e1shoz. Az \u00e1ltalunk k\u00edn\u00e1lt vet\u0151magok v\u00e1logatott min\u0151s\u00e9g\u0171ek \u00e9s garant\u00e1lj\u00e1k a j\u00f3 term\u00e9st. Kiv\u00e1l\u00f3 v\u00e1laszt\u00e1s a mez\u0151gazdas\u00e1gi v\u00e1llalkoz\u00f3k sz\u00e1m\u00e1ra, akik min\u0151s\u00e9gi vet\u0151magokkal k\u00edv\u00e1nj\u00e1k ell\u00e1tni magukat a term\u00e9nyeikhez. Meg\u00e9rtj\u00fck, hogy az \u00e1ruk gyors kisz\u00e1ll\u00edt\u00e1sa nagyon fontos \u00fcgyfeleink \u00fczletmenet\u00e9nek szempontj\u00e1b\u00f3l. Ez\u00e9rt magas k\u00f6vetelm\u00e9nyeket t\u00e1masztunk a megrendel\u00e9sek feldolgoz\u00e1s\u00e1val \u00e9s kisz\u00e1ll\u00edt\u00e1s\u00e1val kapcsolatban, hogy \u00fcgyfeleink id\u0151ben \u00e9s a tervezett hat\u00e1rid\u0151re megkapj\u00e1k term\u00e9keiket. Szolg\u00e1ltat\u00e1saink nem korl\u00e1toz\u00f3dnak az \u00e9rt\u00e9kes\u00edt\u00e9sre. Tan\u00e1csot \u00e9s t\u00e1mogat\u00e1st is ny\u00fajtunk \u00fcgyfeleinknek a v\u00e1llalkoz\u00e1suk sz\u00e1m\u00e1ra legmegfelel\u0151bb term\u00e9kek kiv\u00e1laszt\u00e1s\u00e1ban, seg\u00edt\u00fcnk az ell\u00e1t\u00e1s tervez\u00e9s\u00e9ben \u00e9s a fejleszt\u00e9si \u00f6tletek megval\u00f3s\u00edt\u00e1s\u00e1ban. N\u00e1lunk biztos lehet benne, hogy csak a legjobb min\u0151s\u00e9g\u0171 term\u00e9keket \u00e9s a legmagasabb szint\u0171 szolg\u00e1ltat\u00e1st kapja. [&hellip;]<\/p>\n","protected":false},"author":1,"featured_media":0,"parent":5301,"menu_order":0,"comment_status":"closed","ping_status":"closed","template":"","meta":{"_et_pb_use_builder":"on","_et_pb_old_content":"","_et_gb_content_width":"","footnotes":""},"class_list":["post-5323","page","type-page","status-publish","hentry"],"_links":{"self":[{"href":"https:\/\/terch.com.ua\/hu\/wp-json\/wp\/v2\/pages\/5323","targetHints":{"allow":["GET"]}}],"collection":[{"href":"https:\/\/terch.com.ua\/hu\/wp-json\/wp\/v2\/pages"}],"about":[{"href":"https:\/\/terch.com.ua\/hu\/wp-json\/wp\/v2\/types\/page"}],"author":[{"embeddable":true,"href":"https:\/\/terch.com.ua\/hu\/wp-json\/wp\/v2\/users\/1"}],"replies":[{"embeddable":true,"href":"https:\/\/terch.com.ua\/hu\/wp-json\/wp\/v2\/comments?post=5323"}],"version-history":[{"count":4,"href":"https:\/\/terch.com.ua\/hu\/wp-json\/wp\/v2\/pages\/5323\/revisions"}],"predecessor-version":[{"id":5328,"href":"https:\/\/terch.com.ua\/hu\/wp-json\/wp\/v2\/pages\/5323\/revisions\/5328"}],"up":[{"embeddable":true,"href":"https:\/\/terch.com.ua\/hu\/wp-json\/wp\/v2\/pages\/5301"}],"wp:attachment":[{"href":"https:\/\/terch.com.ua\/hu\/wp-json\/wp\/v2\/media?parent=5323"}],"curies":[{"name":"wp","href":"https:\/\/api.w.org\/{rel}","templated":true}]}}