{"id":5319,"date":"2023-09-06T02:55:28","date_gmt":"2023-09-05T23:55:28","guid":{"rendered":"https:\/\/terch.com.ua\/szolgaltatasaink\/atrakodasi-szolgaltatasok\/"},"modified":"2024-03-31T22:54:09","modified_gmt":"2024-03-31T19:54:09","slug":"atrakodasi-szolgaltatasok","status":"publish","type":"page","link":"https:\/\/terch.com.ua\/hu\/szolgaltatasaink\/atrakodasi-szolgaltatasok\/","title":{"rendered":"\u00c1trakod\u00e1si szolg\u00e1ltat\u00e1sok"},"content":{"rendered":"<p>[et_pb_section fb_built=&#8221;1&#8243; custom_padding_last_edited=&#8221;on|phone&#8221; admin_label=&#8221;Hero Section&#8221; _builder_version=&#8221;4.22.1&#8243; _module_preset=&#8221;default&#8221; background_enable_color=&#8221;off&#8221; background_image=&#8221;https:\/\/terch.com.ua\/wp-content\/uploads\/2022\/12\/bg-20.jpg&#8221; custom_margin=&#8221;||||false|false&#8221; custom_margin_tablet=&#8221;||||false|false&#8221; custom_margin_phone=&#8221;||||false|false&#8221; custom_margin_last_edited=&#8221;on|phone&#8221; custom_padding=&#8221;100px||100px||true|false&#8221; custom_padding_tablet=&#8221;||||true|false&#8221; custom_padding_phone=&#8221;0px||0px||true|false&#8221; locked=&#8221;off&#8221; collapsed=&#8221;off&#8221; global_colors_info=&#8221;{}&#8221;][et_pb_row custom_padding_last_edited=&#8221;on|phone&#8221; _builder_version=&#8221;4.22.1&#8243; _module_preset=&#8221;default&#8221; custom_margin_tablet=&#8221;&#8221; custom_margin_phone=&#8221;||||false|false&#8221; custom_margin_last_edited=&#8221;on|phone&#8221; custom_padding=&#8221;||||false|false&#8221; custom_padding_tablet=&#8221;||||false|false&#8221; custom_padding_phone=&#8221;||||false|false&#8221; global_colors_info=&#8221;{}&#8221;][et_pb_column type=&#8221;4_4&#8243; _builder_version=&#8221;4.19.4&#8243; _module_preset=&#8221;default&#8221; global_colors_info=&#8221;{}&#8221;][et_pb_text _builder_version=&#8221;4.22.1&#8243; _dynamic_attributes=&#8221;content&#8221; _module_preset=&#8221;default&#8221; text_font=&#8221;|||on|||||&#8221; text_text_color=&#8221;#ffffff&#8221; text_font_size=&#8221;40px&#8221; text_line_height=&#8221;68px&#8221; text_orientation=&#8221;center&#8221; custom_margin=&#8221;||0px||false|false&#8221; animation_style=&#8221;slide&#8221; animation_direction=&#8221;top&#8221; animation_duration=&#8221;300ms&#8221; hover_enabled=&#8221;0&#8243; text_font_size_tablet=&#8221;30px&#8221; text_font_size_phone=&#8221;30px&#8221; text_font_size_last_edited=&#8221;on|phone&#8221; global_colors_info=&#8221;{}&#8221; sticky_enabled=&#8221;0&#8243;]@ET-DC@eyJkeW5hbWljIjp0cnVlLCJjb250ZW50IjoicG9zdF90aXRsZSIsInNldHRpbmdzIjp7ImJlZm9yZSI6IiIsImFmdGVyIjoiIn19@[\/et_pb_text][difl_breadcrumbs use_separator_icon=&#8221;on&#8221; separator_font_icon=&#8221;&#x35;||divi||400&#8243; separator_icon_color=&#8221;#FFFFFF&#8221; home_text=&#8221;Otthon&#8221; alignment=&#8221;center&#8221; show_on_front_page=&#8221;off&#8221; show_title=&#8221;off&#8221; enable_schema=&#8221;on&#8221; _builder_version=&#8221;4.22.1&#8243; _module_preset=&#8221;default&#8221; pages_font_font=&#8221;Nunito Sans|600|||||||&#8221; pages_font_text_color=&#8221;#FFFFFF&#8221; pages_font_line_height=&#8221;22px&#8221; home_font_font=&#8221;|700|||||||&#8221; home_font_line_height=&#8221;22px&#8221; animation_style=&#8221;slide&#8221; animation_direction=&#8221;bottom&#8221; animation_duration=&#8221;300ms&#8221; global_colors_info=&#8221;{}&#8221;][\/difl_breadcrumbs][\/et_pb_column][\/et_pb_row][\/et_pb_section][et_pb_section fb_built=&#8221;1&#8243; custom_padding_last_edited=&#8221;on|phone&#8221; admin_label=&#8221;Body Section&#8221; _builder_version=&#8221;4.22.1&#8243; _module_preset=&#8221;default&#8221; background_color=&#8221;#fafbff&#8221; custom_margin_tablet=&#8221;&#8221; custom_margin_phone=&#8221;||0px||false|false&#8221; custom_margin_last_edited=&#8221;on|phone&#8221; custom_padding_tablet=&#8221;&#8221; custom_padding_phone=&#8221;||0px||false|false&#8221; locked=&#8221;off&#8221; collapsed=&#8221;off&#8221; global_colors_info=&#8221;{}&#8221;][et_pb_row column_structure=&#8221;3_5,2_5&#8243; disabled_on=&#8221;off|off|off&#8221; _builder_version=&#8221;4.22.1&#8243; _module_preset=&#8221;default&#8221; global_colors_info=&#8221;{}&#8221;][et_pb_column type=&#8221;3_5&#8243; _builder_version=&#8221;4.19.4&#8243; _module_preset=&#8221;default&#8221; custom_padding=&#8221;||||false|false&#8221; global_colors_info=&#8221;{}&#8221;][et_pb_blurb content_max_width=&#8221;100%&#8221; disabled_on=&#8221;off|off|off&#8221; _builder_version=&#8221;4.22.1&#8243; _module_preset=&#8221;default&#8221; header_font=&#8221;Nunito Sans|700|||||||&#8221; header_text_color=&#8221;#222222&#8243; header_font_size=&#8221;24px&#8221; header_line_height=&#8221;29px&#8221; body_font=&#8221;|300|||||||&#8221; body_line_height=&#8221;24px&#8221; hover_enabled=&#8221;0&#8243; global_colors_info=&#8221;{}&#8221; sticky_enabled=&#8221;0&#8243;]<\/p>\n<p>V\u00e1llalatunk \u00e1tfog\u00f3 szolg\u00e1ltat\u00e1sokat ny\u00fajt az olaj, a gabonaf\u00e9l\u00e9k, az olajos magvak \u00e9s az ezekb\u0151l k\u00e9sz\u00fclt term\u00e9kek \u00e1trakod\u00e1s\u00e1hoz, hat\u00e9kony \u00e9s megb\u00edzhat\u00f3 logisztikai infrastrukt\u00far\u00e1t hoz l\u00e9tre az \u00e1ruk sz\u00e1ll\u00edt\u00e1s\u00e1nak \u00e9s t\u00e1rol\u00e1s\u00e1nak optim\u00e1lis felt\u00e9teleinek biztos\u00edt\u00e1sa \u00e9rdek\u00e9ben.<\/p>\n<p>A gabonaf\u00e9l\u00e9k, olajos magvak \u00e9s sz\u00e1rmaz\u00e9kaik \u00e1trakod\u00e1sa az egyik legfontosabb tev\u00e9kenys\u00e9g\u00fcnk. A k\u00fcl\u00f6nb\u00f6z\u0151 term\u00e9nyek vas\u00fati \u00e9s k\u00f6z\u00fati sz\u00e1ll\u00edt\u00e1sa sor\u00e1n a legmagasabb min\u0151s\u00e9gi k\u00f6vetelm\u00e9nyeket biztos\u00edtjuk. K\u00fcl\u00f6nb\u00f6z\u0151 rakom\u00e1nyok \u00e1trakod\u00e1s\u00e1t v\u00e9gezz\u00fck g\u00e9pj\u00e1rm\u0171vekb\u0151l \u00e9s a sz\u00e9les ukr\u00e1n (1520 UA) nyomt\u00e1vr\u00f3l a keskeny eur\u00f3pai (1435 EU) nyomt\u00e1vra.<\/p>\n<p>Szolg\u00e1ltat\u00e1saink a rakom\u00e1ny fogad\u00e1s\u00e1val kezd\u0151dnek modern, a legmodernebb berendez\u00e9sekkel \u00e9s infrastrukt\u00far\u00e1val felszerelt termin\u00e1lunkon. A kirakod\u00e1s el\u0151tt ellen\u0151rizz\u00fck a rakom\u00e1ny min\u0151s\u00e9g\u00e9t, biztos\u00edtva a nemzeti \u00e9s nemzetk\u00f6zi szabv\u00e1nyoknak \u00e9s k\u00f6vetelm\u00e9nyeknek val\u00f3 megfelel\u00e9st. Ehhez bevonjuk laborat\u00f3riumunk szakembereit \u00e9s egy f\u00f6ldm\u00e9r\u0151t (gafta).<\/p>\n<p>A gabonaf\u00e9l\u00e9k, olajos magvak \u00e9s sz\u00e1rmaz\u00e9kaik \u00e1tv\u00e9telekor modern, ellen\u0151rz\u00f6tt h\u0151m\u00e9rs\u00e9klet\u0171 \u00e9s p\u00e1ratartalm\u00fa rakt\u00e1rainkban t\u00e1roljuk \u0151ket.<\/p>\n<p>Az olaj, a gabonaf\u00e9l\u00e9k, az olajos magvak \u00e9s az ezekb\u0151l k\u00e9sz\u00fclt term\u00e9kek \u00e1trakod\u00e1si folyamata modern berendez\u00e9sek \u00e9s technol\u00f3gi\u00e1k alkalmaz\u00e1s\u00e1val t\u00f6rt\u00e9nik, ami biztos\u00edtja a gyors \u00e9s hat\u00e9kony rakom\u00e1nykezel\u00e9st. Magasan k\u00e9pzett szakemberekb\u0151l \u00e1ll\u00f3 csapatunk gondoskodik arr\u00f3l, hogy az \u00e1trakod\u00e1s minden szakasza z\u00f6kken\u0151mentesen \u00e9s a legmagasabb min\u0151s\u00e9gi k\u00f6vetelm\u00e9nyeknek megfelel\u0151en t\u00f6rt\u00e9njen.<\/p>\n<p>\u00dcgyfeleink nemcsak magas sz\u00ednvonal\u00fa szolg\u00e1ltat\u00e1sokat kapnak, hanem az \u00e1rusz\u00e1ll\u00edt\u00e1si \u00e9s rakt\u00e1roz\u00e1si folyamatok hat\u00e9konys\u00e1g\u00e1nak \u00e9s optimaliz\u00e1l\u00e1s\u00e1nak k\u00f6sz\u00f6nhet\u0151en versenyel\u0151nyh\u00f6z is jutnak. Mindig \u00fcgyfeleink \u00e9rdekeit helyezz\u00fck el\u0151t\u00e9rbe, \u00e9s igyeksz\u00fcnk a lehet\u0151 legjobban megfelelni ig\u00e9nyeiknek \u00e9s k\u00f6vetelm\u00e9nyeiknek.<\/p>\n<p>Gabona- \u00e9s olajosmag-\u00e1trakod\u00e1si szolg\u00e1ltat\u00e1sainkkal t\u00e1mogatjuk a mez\u0151gazdas\u00e1gi fejl\u0151d\u00e9st \u00e9s kereskedelmet az\u00e1ltal, hogy megb\u00edzhat\u00f3 \u00e9s gyors \u00e1ruforgalmat biztos\u00edtunk Ukrajna \u00e9s az eur\u00f3pai piacok k\u00f6z\u00f6tt. V\u00e1llalatunk elk\u00f6telezett a logisztika legmagasabb sz\u00ednvonal\u00e1nak el\u00e9r\u00e9se mellett, hozz\u00e1j\u00e1rulva e fontos ipar\u00e1g fejl\u0151d\u00e9s\u00e9hez, valamint stabil \u00e9s sikeres \u00fczleti partners\u00e9get biztos\u00edtva \u00fcgyfeleinkkel.<\/p>\n<p>[\/et_pb_blurb][difl_advanced_blurb title=&#8221;K\u00e9rd\u00e9se van?&#8221; sub_title=&#8221; T\u00f6ltse ki az \u0171rlapot, \u00e9s k\u00fcldje el nek\u00fcnk, a lehet\u0151 leghamarabb v\u00e1laszolunk.&#8221; button_text=&#8221;K\u00e9r\u00e9s k\u00fcld\u00e9se&#8221; button_url=&#8221;#&#8221; blurb_icon=&#8221;&#x74;||divi||400&#8243; image_icon_container_position=&#8221;outside&#8221; image_placement=&#8221;flex_left&#8221; image_icon_item_align=&#8221;center&#8221; _builder_version=&#8221;4.22.1&#8243; _module_preset=&#8221;27a26ff8-77c3-4c32-8a97-1330a17f096e&#8221; global_colors_info=&#8221;{}&#8221;][\/difl_advanced_blurb][\/et_pb_column][et_pb_column type=&#8221;2_5&#8243; _builder_version=&#8221;4.22.1&#8243; _module_preset=&#8221;default&#8221; background_image=&#8221;https:\/\/terch.com.ua\/wp-content\/uploads\/070923-04.jpg&#8221; custom_padding=&#8221;400px||400px||true|false&#8221; animation_style=&#8221;fold&#8221; global_colors_info=&#8221;{}&#8221;][\/et_pb_column][\/et_pb_row][\/et_pb_section]<\/p>\n","protected":false},"excerpt":{"rendered":"<p><div class=\"et_pb_module difl_breadcrumbs difl_breadcrumbs_0 et_animated\">\n\t\t\t\t\n\t\t\t\t\n\t\t\t\t\n\t\t\t\t\n\t\t\t\t\n\t\t\t\t\n\t\t\t\t<div class=\"et_pb_module_inner\">\n\t\t\t\t\t<div class=\"df_breadcrumbs_container\">\r\n                             <script type=\"application\/ld+json\">{\"@context\":\"https:\\\/\\\/schema.org\\\/\",\"@type\":\"BreadcrumbList\",\"itemListElement\":[{\"@type\":\"ListItem\",\"position\":1,\"name\":\"Otthon\",\"item\":\"https:\\\/\\\/terch.com.ua\\\/hu\\\/\"}]}<\/script>\r\n                            <div class=\"df_breadcrumbs_wrapper\">\r\n                                <ul class=\"df-breadcrumbs\"><li class=\"df-breadcrumbs-item df-breadcrumbs-start\"><a href=\"https:\/\/terch.com.ua\/hu\/\"  rel=\"home\"><span class=\"df-breadcrumbs-text\">  Otthon <\/span><\/a><\/li><\/ul>\r\n                            <\/div>\r\n\r\n                        <\/div>\n\t\t\t\t<\/div>\n\t\t\t<\/div>V\u00e1llalatunk \u00e1tfog\u00f3 szolg\u00e1ltat\u00e1sokat ny\u00fajt az olaj, a gabonaf\u00e9l\u00e9k, az olajos magvak \u00e9s az ezekb\u0151l k\u00e9sz\u00fclt term\u00e9kek \u00e1trakod\u00e1s\u00e1hoz, hat\u00e9kony \u00e9s megb\u00edzhat\u00f3 logisztikai infrastrukt\u00far\u00e1t hoz l\u00e9tre az \u00e1ruk sz\u00e1ll\u00edt\u00e1s\u00e1nak \u00e9s t\u00e1rol\u00e1s\u00e1nak optim\u00e1lis felt\u00e9teleinek biztos\u00edt\u00e1sa \u00e9rdek\u00e9ben. A gabonaf\u00e9l\u00e9k, olajos magvak \u00e9s sz\u00e1rmaz\u00e9kaik \u00e1trakod\u00e1sa az egyik legfontosabb tev\u00e9kenys\u00e9g\u00fcnk. A k\u00fcl\u00f6nb\u00f6z\u0151 term\u00e9nyek vas\u00fati \u00e9s k\u00f6z\u00fati sz\u00e1ll\u00edt\u00e1sa sor\u00e1n a legmagasabb min\u0151s\u00e9gi k\u00f6vetelm\u00e9nyeket biztos\u00edtjuk. K\u00fcl\u00f6nb\u00f6z\u0151 rakom\u00e1nyok \u00e1trakod\u00e1s\u00e1t v\u00e9gezz\u00fck g\u00e9pj\u00e1rm\u0171vekb\u0151l \u00e9s a sz\u00e9les ukr\u00e1n (1520 UA) nyomt\u00e1vr\u00f3l a keskeny eur\u00f3pai (1435 EU) nyomt\u00e1vra. Szolg\u00e1ltat\u00e1saink a rakom\u00e1ny fogad\u00e1s\u00e1val kezd\u0151dnek modern, a legmodernebb berendez\u00e9sekkel \u00e9s infrastrukt\u00far\u00e1val felszerelt termin\u00e1lunkon. A kirakod\u00e1s el\u0151tt ellen\u0151rizz\u00fck a rakom\u00e1ny min\u0151s\u00e9g\u00e9t, biztos\u00edtva a nemzeti \u00e9s nemzetk\u00f6zi szabv\u00e1nyoknak \u00e9s k\u00f6vetelm\u00e9nyeknek val\u00f3 megfelel\u00e9st. Ehhez bevonjuk laborat\u00f3riumunk szakembereit \u00e9s egy f\u00f6ldm\u00e9r\u0151t (gafta). A gabonaf\u00e9l\u00e9k, olajos magvak \u00e9s sz\u00e1rmaz\u00e9kaik \u00e1tv\u00e9telekor modern, ellen\u0151rz\u00f6tt h\u0151m\u00e9rs\u00e9klet\u0171 \u00e9s p\u00e1ratartalm\u00fa rakt\u00e1rainkban t\u00e1roljuk \u0151ket. Az olaj, a gabonaf\u00e9l\u00e9k, az olajos magvak \u00e9s az ezekb\u0151l k\u00e9sz\u00fclt term\u00e9kek \u00e1trakod\u00e1si folyamata modern berendez\u00e9sek \u00e9s technol\u00f3gi\u00e1k alkalmaz\u00e1s\u00e1val t\u00f6rt\u00e9nik, ami biztos\u00edtja a gyors \u00e9s hat\u00e9kony rakom\u00e1nykezel\u00e9st. Magasan k\u00e9pzett szakemberekb\u0151l \u00e1ll\u00f3 csapatunk gondoskodik arr\u00f3l, hogy az \u00e1trakod\u00e1s minden szakasza z\u00f6kken\u0151mentesen \u00e9s a legmagasabb min\u0151s\u00e9gi k\u00f6vetelm\u00e9nyeknek megfelel\u0151en t\u00f6rt\u00e9njen. \u00dcgyfeleink nemcsak magas sz\u00ednvonal\u00fa szolg\u00e1ltat\u00e1sokat [&hellip;]<\/p>\n","protected":false},"author":1,"featured_media":0,"parent":5301,"menu_order":0,"comment_status":"closed","ping_status":"closed","template":"","meta":{"_et_pb_use_builder":"on","_et_pb_old_content":"","_et_gb_content_width":"","footnotes":""},"class_list":["post-5319","page","type-page","status-publish","hentry"],"_links":{"self":[{"href":"https:\/\/terch.com.ua\/hu\/wp-json\/wp\/v2\/pages\/5319","targetHints":{"allow":["GET"]}}],"collection":[{"href":"https:\/\/terch.com.ua\/hu\/wp-json\/wp\/v2\/pages"}],"about":[{"href":"https:\/\/terch.com.ua\/hu\/wp-json\/wp\/v2\/types\/page"}],"author":[{"embeddable":true,"href":"https:\/\/terch.com.ua\/hu\/wp-json\/wp\/v2\/users\/1"}],"replies":[{"embeddable":true,"href":"https:\/\/terch.com.ua\/hu\/wp-json\/wp\/v2\/comments?post=5319"}],"version-history":[{"count":1,"href":"https:\/\/terch.com.ua\/hu\/wp-json\/wp\/v2\/pages\/5319\/revisions"}],"predecessor-version":[{"id":5322,"href":"https:\/\/terch.com.ua\/hu\/wp-json\/wp\/v2\/pages\/5319\/revisions\/5322"}],"up":[{"embeddable":true,"href":"https:\/\/terch.com.ua\/hu\/wp-json\/wp\/v2\/pages\/5301"}],"wp:attachment":[{"href":"https:\/\/terch.com.ua\/hu\/wp-json\/wp\/v2\/media?parent=5319"}],"curies":[{"name":"wp","href":"https:\/\/api.w.org\/{rel}","templated":true}]}}