{"id":5315,"date":"2023-09-06T09:50:45","date_gmt":"2023-09-06T06:50:45","guid":{"rendered":"https:\/\/terch.com.ua\/szolgaltatasaink\/kontenerfeltoltesi-szolgaltatasok-tovabbi-tarolassal\/"},"modified":"2024-04-01T06:09:44","modified_gmt":"2024-04-01T03:09:44","slug":"kontenerfeltoltesi-szolgaltatasok-tovabbi-tarolassal","status":"publish","type":"page","link":"https:\/\/terch.com.ua\/hu\/szolgaltatasaink\/kontenerfeltoltesi-szolgaltatasok-tovabbi-tarolassal\/","title":{"rendered":"A csomagol\u00e1s \u00e9s t\u00e1rol\u00e1s szolg\u00e1ltat\u00e1sai"},"content":{"rendered":"<p>[et_pb_section fb_built=&#8221;1&#8243; custom_padding_last_edited=&#8221;on|phone&#8221; admin_label=&#8221;Hero Section&#8221; _builder_version=&#8221;4.22.1&#8243; _module_preset=&#8221;default&#8221; background_enable_color=&#8221;off&#8221; background_image=&#8221;https:\/\/terch.com.ua\/wp-content\/uploads\/2023\/08\/bg-20.jpg&#8221; custom_margin=&#8221;||||false|false&#8221; custom_padding=&#8221;100px||100px||false|false&#8221; custom_padding_tablet=&#8221;100px||100px||false|false&#8221; custom_padding_phone=&#8221;0px||0px||true|false&#8221; locked=&#8221;off&#8221; collapsed=&#8221;off&#8221; global_colors_info=&#8221;{}&#8221;][et_pb_row custom_padding_last_edited=&#8221;on|phone&#8221; _builder_version=&#8221;4.22.1&#8243; _module_preset=&#8221;default&#8221; custom_padding_tablet=&#8221;&#8221; custom_padding_phone=&#8221;||||false|false&#8221; global_colors_info=&#8221;{}&#8221;][et_pb_column type=&#8221;4_4&#8243; _builder_version=&#8221;4.19.4&#8243; _module_preset=&#8221;default&#8221; global_colors_info=&#8221;{}&#8221;][et_pb_text _builder_version=&#8221;4.22.1&#8243; _dynamic_attributes=&#8221;content&#8221; _module_preset=&#8221;default&#8221; text_font=&#8221;|||on|||||&#8221; text_text_color=&#8221;#ffffff&#8221; text_font_size=&#8221;40px&#8221; text_line_height=&#8221;68px&#8221; text_orientation=&#8221;center&#8221; custom_margin=&#8221;||0px||false|false&#8221; animation_style=&#8221;slide&#8221; animation_direction=&#8221;top&#8221; animation_duration=&#8221;300ms&#8221; text_font_size_tablet=&#8221;30px&#8221; text_font_size_phone=&#8221;30px&#8221; text_font_size_last_edited=&#8221;on|tablet&#8221; header_font_size_tablet=&#8221;&#8221; header_font_size_phone=&#8221;&#8221; header_font_size_last_edited=&#8221;on|phone&#8221; global_colors_info=&#8221;{}&#8221;]@ET-DC@eyJkeW5hbWljIjp0cnVlLCJjb250ZW50IjoicG9zdF90aXRsZSIsInNldHRpbmdzIjp7ImJlZm9yZSI6IiIsImFmdGVyIjoiIiwiZW5hYmxlX2h0bWwiOiJvZmYifX0=@[\/et_pb_text][difl_breadcrumbs use_separator_icon=&#8221;on&#8221; separator_font_icon=&#8221;&#x35;||divi||400&#8243; separator_icon_color=&#8221;#FFFFFF&#8221; home_text=&#8221;Otthon&#8221; alignment=&#8221;center&#8221; show_on_front_page=&#8221;off&#8221; show_title=&#8221;off&#8221; enable_schema=&#8221;on&#8221; _builder_version=&#8221;4.22.1&#8243; _module_preset=&#8221;default&#8221; pages_font_font=&#8221;||||||||&#8221; pages_font_text_color=&#8221;#FFFFFF&#8221; pages_font_line_height=&#8221;22px&#8221; home_font_font=&#8221;||||||||&#8221; home_font_line_height=&#8221;22px&#8221; animation_style=&#8221;slide&#8221; animation_direction=&#8221;bottom&#8221; animation_duration=&#8221;300ms&#8221; pages_font_font_size_tablet=&#8221;&#8221; pages_font_font_size_phone=&#8221;&#8221; pages_font_font_size_last_edited=&#8221;on|phone&#8221; home_font_font_size_tablet=&#8221;&#8221; home_font_font_size_phone=&#8221;&#8221; home_font_font_size_last_edited=&#8221;on|phone&#8221; global_colors_info=&#8221;{}&#8221;][\/difl_breadcrumbs][\/et_pb_column][\/et_pb_row][\/et_pb_section][et_pb_section fb_built=&#8221;1&#8243; custom_padding_last_edited=&#8221;on|phone&#8221; admin_label=&#8221;Body Section&#8221; _builder_version=&#8221;4.22.1&#8243; _module_preset=&#8221;default&#8221; background_color=&#8221;#fafbff&#8221; custom_margin_tablet=&#8221;&#8221; custom_margin_phone=&#8221;||0px||false|false&#8221; custom_margin_last_edited=&#8221;on|phone&#8221; custom_padding_tablet=&#8221;&#8221; custom_padding_phone=&#8221;||0px||false|false&#8221; locked=&#8221;off&#8221; collapsed=&#8221;off&#8221; global_colors_info=&#8221;{}&#8221;][et_pb_row column_structure=&#8221;3_5,2_5&#8243; custom_padding_last_edited=&#8221;on|phone&#8221; disabled_on=&#8221;off|off|off&#8221; _builder_version=&#8221;4.22.1&#8243; _module_preset=&#8221;default&#8221; background_enable_image=&#8221;off&#8221; custom_padding_tablet=&#8221;&#8221; custom_padding_phone=&#8221;||||false|false&#8221; global_colors_info=&#8221;{}&#8221;][et_pb_column type=&#8221;3_5&#8243; _builder_version=&#8221;4.19.4&#8243; _module_preset=&#8221;default&#8221; custom_padding=&#8221;||||false|false&#8221; global_colors_info=&#8221;{}&#8221;][et_pb_blurb content_max_width=&#8221;100%&#8221; disabled_on=&#8221;off|off|off&#8221; _builder_version=&#8221;4.22.1&#8243; _module_preset=&#8221;default&#8221; header_font=&#8221;Nunito Sans|700|||||||&#8221; header_text_color=&#8221;#222222&#8243; header_font_size=&#8221;24px&#8221; header_line_height=&#8221;29px&#8221; body_font=&#8221;|300|||||||&#8221; body_line_height=&#8221;24px&#8221; global_colors_info=&#8221;{}&#8221;]<\/p>\n<p>C\u00e9g\u00fcnk \u00e1tfog\u00f3 szolg\u00e1ltat\u00e1sokat k\u00edn\u00e1l a k\u00fcl\u00f6nb\u00f6z\u0151 t\u00edpus\u00fa kont\u00e9nerek term\u00e9kekkel val\u00f3 megt\u00f6lt\u00e9s\u00e9re, valamint a csomagolt term\u00e9kek megb\u00edzhat\u00f3 \u00e9s modern rakt\u00e1rakban t\u00f6rt\u00e9n\u0151 t\u00e1rol\u00e1s\u00e1ra. Ez a k\u00e9pess\u00e9g sz\u00e1mos v\u00e1llalkoz\u00e1s sz\u00e1m\u00e1ra nagy jelent\u0151s\u00e9ggel b\u00edr, mivel lehet\u0151v\u00e9 teszi sz\u00e1mukra, hogy hat\u00e9konyan szervezz\u00e9k meg a logisztik\u00e1t, \u00e9s a termel\u00e9s \u00e9s az \u00fczleti tev\u00e9kenys\u00e9g f\u0151 szempontjaira \u00f6sszpontos\u00edthassanak. Translated with www.DeepL.com\/Translator (free version) <\/p>\n<p>Szak\u00e9rt\u0151ink minden projektet egyedileg kezelnek, r\u00e9szletesen elemezve az \u00fcgyf\u00e9l ig\u00e9nyeit \u00e9s k\u00f6vetelm\u00e9nyeit. A tart\u00e1lyok t\u00f6lt\u00e9s\u00e9re k\u00fcl\u00f6nb\u00f6z\u0151 lehet\u0151s\u00e9geket k\u00edn\u00e1lunk, az automatiz\u00e1lt rendszerekt\u0151l a k\u00e9zi t\u00f6lt\u00e9sig, ami lehet\u0151v\u00e9 teszi sz\u00e1munkra, hogy figyelembe vegy\u00fck a term\u00e9k saj\u00e1toss\u00e1gait \u00e9s megfelelj\u00fcnk a legmagasabb min\u0151s\u00e9gi el\u0151\u00edr\u00e1soknak. <\/p>\n<p>Szolg\u00e1ltat\u00e1sunk egyik legfontosabb el\u0151nye a csomagolt term\u00e9kek t\u00e1rol\u00e1s\u00e1nak lehet\u0151s\u00e9ge. Erre a c\u00e9lra modern, cs\u00facstechnol\u00f3gi\u00e1s berendez\u00e9sekkel felszerelt rakt\u00e1rakat k\u00edn\u00e1lunk, amelyek lehet\u0151v\u00e9 teszik sz\u00e1munkra, hogy optim\u00e1lis felt\u00e9teleket teremts\u00fcnk a term\u00e9kmin\u0151s\u00e9g hossz\u00fa t\u00e1v\u00fa meg\u0151rz\u00e9s\u00e9hez. <\/p>\n<p>Szakemberekb\u0151l \u00e1ll\u00f3 csapatunk figyelemmel k\u00eds\u00e9ri a t\u00e1rol\u00e1si k\u00f6r\u00fclm\u00e9nyeket \u00e9s rendszeres ellen\u0151rz\u00e9seket v\u00e9gez a term\u00e9kek min\u0151s\u00e9g\u00e9nek \u00e9s biztons\u00e1g\u00e1nak biztos\u00edt\u00e1sa \u00e9rdek\u00e9ben. Gondosan betartjuk az \u00f6sszes biztons\u00e1gi k\u00f6vetelm\u00e9nyt \u00e9s szabv\u00e1nyt, ami garant\u00e1lja a term\u00e9kek biztons\u00e1g\u00e1t \u00e9s v\u00e9delm\u00e9t. <\/p>\n<p>C\u00e9g\u00fcnk arra t\u00f6rekszik, hogy magas szint\u0171 szolg\u00e1ltat\u00e1st ny\u00fajtson \u00fcgyfeleinknek. Rugalmas megold\u00e1sokat \u00e9s egy\u00e9ni megk\u00f6zel\u00edt\u00e9st biztos\u00edtunk minden egyes projekthez, \u00edgy optim\u00e1lis felt\u00e9teleket tudunk biztos\u00edtani a k\u00fcl\u00f6nb\u00f6z\u0151 t\u00edpus\u00fa term\u00e9kek t\u00e1rol\u00e1s\u00e1hoz. <\/p>\n<p>Emellett v\u00e1llalatunk szorosan figyelemmel k\u00eds\u00e9ri a technol\u00f3gi\u00e1k \u00e9s innov\u00e1ci\u00f3k fejl\u0151d\u00e9s\u00e9t a t\u00e1rol\u00e1s \u00e9s a logisztika ter\u00fclet\u00e9n. Modern technol\u00f3gi\u00e1kat alkalmazunk az optim\u00e1lis t\u00e1rol\u00e1si felt\u00e9telek \u00e9s a kont\u00e9nerek felt\u00f6lt\u00e9s\u00e9nek leghat\u00e9konyabb m\u00f3dszerei \u00e9rdek\u00e9ben. Rakt\u00e1raink fejlett h\u0151m\u00e9rs\u00e9klet-, p\u00e1ratartalom- \u00e9s leveg\u0151szab\u00e1lyoz\u00f3 rendszerekkel vannak felszerelve az ide\u00e1lis t\u00e1rol\u00e1si felt\u00e9telek biztos\u00edt\u00e1sa \u00e9rdek\u00e9ben. Translated with www.DeepL.com\/Translator (free version)  <\/p>\n<p>[\/et_pb_blurb][difl_advanced_blurb title=&#8221;K\u00e9rd\u00e9se van?&#8221; sub_title=&#8221; T\u00f6ltse ki az \u0171rlapot, \u00e9s k\u00fcldje el nek\u00fcnk, a lehet\u0151 leghamarabb v\u00e1laszolunk.&#8221; button_text=&#8221;K\u00e9r\u00e9s k\u00fcld\u00e9se&#8221; button_url=&#8221;#&#8221; blurb_icon=&#8221;&#x74;||divi||400&#8243; image_icon_container_position=&#8221;outside&#8221; image_placement=&#8221;flex_left&#8221; image_icon_item_align=&#8221;center&#8221; _builder_version=&#8221;4.22.1&#8243; _module_preset=&#8221;27a26ff8-77c3-4c32-8a97-1330a17f096e&#8221; custom_margin_tablet=&#8221;&#8221; custom_margin_phone=&#8221;||||false|false&#8221; custom_margin_last_edited=&#8221;on|desktop&#8221; locked=&#8221;off&#8221; global_colors_info=&#8221;{}&#8221;][\/difl_advanced_blurb][\/et_pb_column][et_pb_column type=&#8221;2_5&#8243; disabled_on=&#8221;on|on|off&#8221; _builder_version=&#8221;4.22.1&#8243; _module_preset=&#8221;default&#8221; background_image=&#8221;https:\/\/terch.com.ua\/wp-content\/uploads\/070923-01.jpg&#8221; custom_padding=&#8221;450px||450px||true|false&#8221; animation_style=&#8221;fold&#8221; global_colors_info=&#8221;{}&#8221;][\/et_pb_column][\/et_pb_row][\/et_pb_section]<\/p>\n","protected":false},"excerpt":{"rendered":"<p><div class=\"et_pb_module difl_breadcrumbs difl_breadcrumbs_0 et_animated\">\n\t\t\t\t\n\t\t\t\t\n\t\t\t\t\n\t\t\t\t\n\t\t\t\t\n\t\t\t\t\n\t\t\t\t<div class=\"et_pb_module_inner\">\n\t\t\t\t\t<div class=\"df_breadcrumbs_container\">\r\n                             <script type=\"application\/ld+json\">{\"@context\":\"https:\\\/\\\/schema.org\\\/\",\"@type\":\"BreadcrumbList\",\"itemListElement\":[{\"@type\":\"ListItem\",\"position\":1,\"name\":\"Otthon\",\"item\":\"https:\\\/\\\/terch.com.ua\\\/hu\\\/\"}]}<\/script>\r\n                            <div class=\"df_breadcrumbs_wrapper\">\r\n                                <ul class=\"df-breadcrumbs\"><li class=\"df-breadcrumbs-item df-breadcrumbs-start\"><a href=\"https:\/\/terch.com.ua\/hu\/\"  rel=\"home\"><span class=\"df-breadcrumbs-text\">  Otthon <\/span><\/a><\/li><\/ul>\r\n                            <\/div>\r\n\r\n                        <\/div>\n\t\t\t\t<\/div>\n\t\t\t<\/div>C\u00e9g\u00fcnk \u00e1tfog\u00f3 szolg\u00e1ltat\u00e1sokat k\u00edn\u00e1l a k\u00fcl\u00f6nb\u00f6z\u0151 t\u00edpus\u00fa kont\u00e9nerek term\u00e9kekkel val\u00f3 megt\u00f6lt\u00e9s\u00e9re, valamint a csomagolt term\u00e9kek megb\u00edzhat\u00f3 \u00e9s modern rakt\u00e1rakban t\u00f6rt\u00e9n\u0151 t\u00e1rol\u00e1s\u00e1ra. Ez a k\u00e9pess\u00e9g sz\u00e1mos v\u00e1llalkoz\u00e1s sz\u00e1m\u00e1ra nagy jelent\u0151s\u00e9ggel b\u00edr, mivel lehet\u0151v\u00e9 teszi sz\u00e1mukra, hogy hat\u00e9konyan szervezz\u00e9k meg a logisztik\u00e1t, \u00e9s a termel\u00e9s \u00e9s az \u00fczleti tev\u00e9kenys\u00e9g f\u0151 szempontjaira \u00f6sszpontos\u00edthassanak. Translated with www.DeepL.com\/Translator (free version) Szak\u00e9rt\u0151ink minden projektet egyedileg kezelnek, r\u00e9szletesen elemezve az \u00fcgyf\u00e9l ig\u00e9nyeit \u00e9s k\u00f6vetelm\u00e9nyeit. A tart\u00e1lyok t\u00f6lt\u00e9s\u00e9re k\u00fcl\u00f6nb\u00f6z\u0151 lehet\u0151s\u00e9geket k\u00edn\u00e1lunk, az automatiz\u00e1lt rendszerekt\u0151l a k\u00e9zi t\u00f6lt\u00e9sig, ami lehet\u0151v\u00e9 teszi sz\u00e1munkra, hogy figyelembe vegy\u00fck a term\u00e9k saj\u00e1toss\u00e1gait \u00e9s megfelelj\u00fcnk a legmagasabb min\u0151s\u00e9gi el\u0151\u00edr\u00e1soknak. Szolg\u00e1ltat\u00e1sunk egyik legfontosabb el\u0151nye a csomagolt term\u00e9kek t\u00e1rol\u00e1s\u00e1nak lehet\u0151s\u00e9ge. Erre a c\u00e9lra modern, cs\u00facstechnol\u00f3gi\u00e1s berendez\u00e9sekkel felszerelt rakt\u00e1rakat k\u00edn\u00e1lunk, amelyek lehet\u0151v\u00e9 teszik sz\u00e1munkra, hogy optim\u00e1lis felt\u00e9teleket teremts\u00fcnk a term\u00e9kmin\u0151s\u00e9g hossz\u00fa t\u00e1v\u00fa meg\u0151rz\u00e9s\u00e9hez. Szakemberekb\u0151l \u00e1ll\u00f3 csapatunk figyelemmel k\u00eds\u00e9ri a t\u00e1rol\u00e1si k\u00f6r\u00fclm\u00e9nyeket \u00e9s rendszeres ellen\u0151rz\u00e9seket v\u00e9gez a term\u00e9kek min\u0151s\u00e9g\u00e9nek \u00e9s biztons\u00e1g\u00e1nak biztos\u00edt\u00e1sa \u00e9rdek\u00e9ben. Gondosan betartjuk az \u00f6sszes biztons\u00e1gi k\u00f6vetelm\u00e9nyt \u00e9s szabv\u00e1nyt, ami garant\u00e1lja a term\u00e9kek biztons\u00e1g\u00e1t \u00e9s v\u00e9delm\u00e9t. C\u00e9g\u00fcnk arra t\u00f6rekszik, hogy magas szint\u0171 szolg\u00e1ltat\u00e1st ny\u00fajtson \u00fcgyfeleinknek. Rugalmas megold\u00e1sokat \u00e9s egy\u00e9ni megk\u00f6zel\u00edt\u00e9st biztos\u00edtunk [&hellip;]<\/p>\n","protected":false},"author":1,"featured_media":0,"parent":5301,"menu_order":0,"comment_status":"closed","ping_status":"closed","template":"","meta":{"_et_pb_use_builder":"on","_et_pb_old_content":"","_et_gb_content_width":"","footnotes":""},"class_list":["post-5315","page","type-page","status-publish","hentry"],"_links":{"self":[{"href":"https:\/\/terch.com.ua\/hu\/wp-json\/wp\/v2\/pages\/5315","targetHints":{"allow":["GET"]}}],"collection":[{"href":"https:\/\/terch.com.ua\/hu\/wp-json\/wp\/v2\/pages"}],"about":[{"href":"https:\/\/terch.com.ua\/hu\/wp-json\/wp\/v2\/types\/page"}],"author":[{"embeddable":true,"href":"https:\/\/terch.com.ua\/hu\/wp-json\/wp\/v2\/users\/1"}],"replies":[{"embeddable":true,"href":"https:\/\/terch.com.ua\/hu\/wp-json\/wp\/v2\/comments?post=5315"}],"version-history":[{"count":7,"href":"https:\/\/terch.com.ua\/hu\/wp-json\/wp\/v2\/pages\/5315\/revisions"}],"predecessor-version":[{"id":5386,"href":"https:\/\/terch.com.ua\/hu\/wp-json\/wp\/v2\/pages\/5315\/revisions\/5386"}],"up":[{"embeddable":true,"href":"https:\/\/terch.com.ua\/hu\/wp-json\/wp\/v2\/pages\/5301"}],"wp:attachment":[{"href":"https:\/\/terch.com.ua\/hu\/wp-json\/wp\/v2\/media?parent=5315"}],"curies":[{"name":"wp","href":"https:\/\/api.w.org\/{rel}","templated":true}]}}