{"id":5312,"date":"2023-09-06T09:52:28","date_gmt":"2023-09-06T06:52:28","guid":{"rendered":"https:\/\/terch.com.ua\/szolgaltatasaink\/laboratoriumi-vizsgalatok-es-szolgaltatasok\/"},"modified":"2024-03-31T22:54:09","modified_gmt":"2024-03-31T19:54:09","slug":"laboratoriumi-vizsgalatok-es-szolgaltatasok","status":"publish","type":"page","link":"https:\/\/terch.com.ua\/hu\/szolgaltatasaink\/laboratoriumi-vizsgalatok-es-szolgaltatasok\/","title":{"rendered":"Laborat\u00f3riumi vizsg\u00e1latok \u00e9s szolg\u00e1ltat\u00e1sok"},"content":{"rendered":"<p>[et_pb_section fb_built=&#8221;1&#8243; custom_padding_last_edited=&#8221;on|phone&#8221; admin_label=&#8221;Hero Section&#8221; _builder_version=&#8221;4.22.1&#8243; _module_preset=&#8221;default&#8221; background_enable_color=&#8221;off&#8221; background_image=&#8221;https:\/\/terch.com.ua\/wp-content\/uploads\/2023\/08\/bg-20.jpg&#8221; custom_margin=&#8221;||||false|false&#8221; custom_padding=&#8221;100px||100px||false|false&#8221; custom_padding_tablet=&#8221;100px||100px||false|false&#8221; custom_padding_phone=&#8221;0px||0px||true|false&#8221; locked=&#8221;off&#8221; collapsed=&#8221;off&#8221; global_colors_info=&#8221;{}&#8221;][et_pb_row _builder_version=&#8221;4.19.4&#8243; _module_preset=&#8221;default&#8221; global_colors_info=&#8221;{}&#8221;][et_pb_column type=&#8221;4_4&#8243; _builder_version=&#8221;4.19.4&#8243; _module_preset=&#8221;default&#8221; global_colors_info=&#8221;{}&#8221;][et_pb_text _builder_version=&#8221;4.22.1&#8243; _dynamic_attributes=&#8221;content&#8221; _module_preset=&#8221;default&#8221; text_font=&#8221;|||on|||||&#8221; text_text_color=&#8221;#ffffff&#8221; text_font_size=&#8221;40px&#8221; text_line_height=&#8221;68px&#8221; text_orientation=&#8221;center&#8221; custom_margin=&#8221;||0px||false|false&#8221; hover_enabled=&#8221;0&#8243; text_font_size_tablet=&#8221;30px&#8221; text_font_size_phone=&#8221;30px&#8221; text_font_size_last_edited=&#8221;on|tablet&#8221; global_colors_info=&#8221;{}&#8221; animation_style=&#8221;slide&#8221; animation_direction=&#8221;top&#8221; animation_duration=&#8221;300ms&#8221; sticky_enabled=&#8221;0&#8243;]@ET-DC@eyJkeW5hbWljIjp0cnVlLCJjb250ZW50IjoicG9zdF90aXRsZSIsInNldHRpbmdzIjp7ImJlZm9yZSI6IiIsImFmdGVyIjoiIn19@[\/et_pb_text][difl_breadcrumbs use_separator_icon=&#8221;on&#8221; separator_font_icon=&#8221;&#x35;||divi||400&#8243; separator_icon_color=&#8221;#FFFFFF&#8221; home_text=&#8221;Otthon&#8221; alignment=&#8221;center&#8221; show_on_front_page=&#8221;off&#8221; show_title=&#8221;off&#8221; enable_schema=&#8221;on&#8221; _builder_version=&#8221;4.22.1&#8243; _module_preset=&#8221;default&#8221; pages_font_font=&#8221;Nunito Sans|600|||||||&#8221; pages_font_text_color=&#8221;#FFFFFF&#8221; pages_font_line_height=&#8221;22px&#8221; home_font_font=&#8221;Nunito Sans|700|||||||&#8221; home_font_line_height=&#8221;22px&#8221; hover_enabled=&#8221;0&#8243; global_colors_info=&#8221;{}&#8221; animation_style=&#8221;slide&#8221; animation_direction=&#8221;bottom&#8221; animation_duration=&#8221;300ms&#8221; sticky_enabled=&#8221;0&#8243;][\/difl_breadcrumbs][\/et_pb_column][\/et_pb_row][\/et_pb_section][et_pb_section fb_built=&#8221;1&#8243; custom_padding_last_edited=&#8221;on|phone&#8221; admin_label=&#8221;Body Section&#8221; _builder_version=&#8221;4.22.1&#8243; _module_preset=&#8221;default&#8221; background_color=&#8221;#fafbff&#8221; custom_margin_tablet=&#8221;&#8221; custom_margin_phone=&#8221;||0px||false|false&#8221; custom_margin_last_edited=&#8221;on|phone&#8221; custom_padding_tablet=&#8221;&#8221; custom_padding_phone=&#8221;||0px||false|false&#8221; locked=&#8221;off&#8221; collapsed=&#8221;off&#8221; global_colors_info=&#8221;{}&#8221;][et_pb_row column_structure=&#8221;3_5,2_5&#8243; disabled_on=&#8221;off|off|off&#8221; _builder_version=&#8221;4.22.1&#8243; _module_preset=&#8221;default&#8221; background_enable_image=&#8221;off&#8221; global_colors_info=&#8221;{}&#8221;][et_pb_column type=&#8221;3_5&#8243; _builder_version=&#8221;4.19.4&#8243; _module_preset=&#8221;default&#8221; custom_padding=&#8221;||||false|false&#8221; global_colors_info=&#8221;{}&#8221;][et_pb_blurb content_max_width=&#8221;100%&#8221; disabled_on=&#8221;off|off|off&#8221; _builder_version=&#8221;4.22.1&#8243; _module_preset=&#8221;default&#8221; header_font=&#8221;Nunito Sans|700|||||||&#8221; header_text_color=&#8221;#222222&#8243; header_font_size=&#8221;24px&#8221; header_line_height=&#8221;29px&#8221; body_font=&#8221;|300|||||||&#8221; body_line_height=&#8221;24px&#8221; global_colors_info=&#8221;{}&#8221;]<\/p>\n<p>C\u00e9g\u00fcnk laborat\u00f3riumi vizsg\u00e1latok \u00e9s szolg\u00e1ltat\u00e1sok sz\u00e9les sk\u00e1l\u00e1j\u00e1t k\u00edn\u00e1lja, amelyek c\u00e9lja a term\u00e9kmin\u0151s\u00e9g-ellen\u0151rz\u00e9s biztos\u00edt\u00e1sa. Tiszt\u00e1ban vagyunk azzal, hogy a term\u00e9kmin\u0151s\u00e9g d\u00f6nt\u0151 szerepet j\u00e1tszik az \u00fczleti \u00e9letben, ez\u00e9rt magas k\u00f6vetelm\u00e9nyeket t\u00e1masztunk magunk el\u00e9, \u00e9s megb\u00edzhat\u00f3 \u00e9s pontos laborat\u00f3riumi eredm\u00e9nyeket biztos\u00edtunk.<\/p>\n<p>Laborat\u00f3riumunk modern m\u0171szerekkel \u00e9s berendez\u00e9sekkel van felszerelve, amelyek lehet\u0151v\u00e9 teszik a k\u00fcl\u00f6nb\u00f6z\u0151 vizsg\u00e1latok nagy pontoss\u00e1ggal \u00e9s megb\u00edzhat\u00f3s\u00e1ggal t\u00f6rt\u00e9n\u0151 elv\u00e9gz\u00e9s\u00e9t. Tapasztalt laborat\u00f3riumi technikusokb\u00f3l \u00e9s szakemberekb\u0151l \u00e1ll\u00f3 csapatunk van, akik alapos ismeretekkel \u00e9s szakmai tapasztalattal rendelkeznek saj\u00e1t ter\u00fclet\u00fck\u00f6n. Elemz\u00e9seket \u00e9s kutat\u00e1sokat v\u00e9geznek a legmagasabb min\u0151s\u00e9gi \u00e9s biztons\u00e1gi el\u0151\u00edr\u00e1soknak megfelel\u0151en.<\/p>\n<p>Fizikai-k\u00e9miai, biok\u00e9miai, mikrobiol\u00f3giai \u00e9s m\u00e1s t\u00edpus\u00fa kutat\u00e1sokat v\u00e9gz\u00fcnk a term\u00e9kmin\u0151s\u00e9g meghat\u00e1roz\u00e1s\u00e1hoz, az esetleges hib\u00e1k azonos\u00edt\u00e1s\u00e1hoz \u00e9s a min\u0151s\u00e9gi el\u0151\u00edr\u00e1sok betart\u00e1s\u00e1hoz. \u00dcgyfeleink sz\u00e1m\u00edthatnak arra, hogy minden egyes tanulm\u00e1nyhoz professzion\u00e1lis \u00e9s egy\u00e9ni megk\u00f6zel\u00edt\u00e9st alkalmazunk.<\/p>\n<p>Laborat\u00f3riumunk a min\u0151s\u00e9gi szabv\u00e1nyoknak \u00e9s norm\u00e1knak megfelel\u0151en m\u0171k\u00f6dik, ami lehet\u0151v\u00e9 teszi sz\u00e1munkra, hogy megb\u00edzhat\u00f3 \u00e9s pontos vizsg\u00e1lati eredm\u00e9nyeket szolg\u00e1ltassunk. K\u00e9pesek vagyunk egyedi \u00e9s speci\u00e1lis kutat\u00e1si m\u00f3dszerek kidolgoz\u00e1s\u00e1ra \u00e9s v\u00e9grehajt\u00e1s\u00e1ra is, ha az \u00fcgyf\u00e9l term\u00e9keinek saj\u00e1toss\u00e1gai ezt megk\u00f6vetelik.<\/p>\n<p>[\/et_pb_blurb][difl_advanced_blurb title=&#8221;K\u00e9rd\u00e9se van?&#8221; sub_title=&#8221; T\u00f6ltse ki az \u0171rlapot, \u00e9s k\u00fcldje el nek\u00fcnk, a lehet\u0151 leghamarabb v\u00e1laszolunk.&#8221; button_text=&#8221;K\u00e9r\u00e9s k\u00fcld\u00e9se&#8221; button_url=&#8221;#&#8221; blurb_icon=&#8221;&#x74;||divi||400&#8243; image_icon_container_position=&#8221;outside&#8221; image_placement=&#8221;flex_left&#8221; image_icon_item_align=&#8221;center&#8221; _builder_version=&#8221;4.22.1&#8243; _module_preset=&#8221;27a26ff8-77c3-4c32-8a97-1330a17f096e&#8221; custom_margin_tablet=&#8221;&#8221; custom_margin_phone=&#8221;||||false|false&#8221; custom_margin_last_edited=&#8221;on|desktop&#8221; locked=&#8221;off&#8221; global_colors_info=&#8221;{}&#8221;][\/difl_advanced_blurb][\/et_pb_column][et_pb_column type=&#8221;2_5&#8243; disabled_on=&#8221;on|on|off&#8221; _builder_version=&#8221;4.22.1&#8243; _module_preset=&#8221;default&#8221; background_image=&#8221;https:\/\/terch.com.ua\/wp-content\/uploads\/070923-03.jpg&#8221; custom_padding=&#8221;400px||400px||true|false&#8221; animation_style=&#8221;fold&#8221; global_colors_info=&#8221;{}&#8221;][\/et_pb_column][\/et_pb_row][\/et_pb_section]<\/p>\n","protected":false},"excerpt":{"rendered":"<p><div class=\"et_pb_module difl_breadcrumbs difl_breadcrumbs_0 et_animated\">\n\t\t\t\t\n\t\t\t\t\n\t\t\t\t\n\t\t\t\t\n\t\t\t\t\n\t\t\t\t\n\t\t\t\t<div class=\"et_pb_module_inner\">\n\t\t\t\t\t<div class=\"df_breadcrumbs_container\">\r\n                             <script type=\"application\/ld+json\">{\"@context\":\"https:\\\/\\\/schema.org\\\/\",\"@type\":\"BreadcrumbList\",\"itemListElement\":[{\"@type\":\"ListItem\",\"position\":1,\"name\":\"Otthon\",\"item\":\"https:\\\/\\\/terch.com.ua\\\/hu\\\/\"}]}<\/script>\r\n                            <div class=\"df_breadcrumbs_wrapper\">\r\n                                <ul class=\"df-breadcrumbs\"><li class=\"df-breadcrumbs-item df-breadcrumbs-start\"><a href=\"https:\/\/terch.com.ua\/hu\/\"  rel=\"home\"><span class=\"df-breadcrumbs-text\">  Otthon <\/span><\/a><\/li><\/ul>\r\n                            <\/div>\r\n\r\n                        <\/div>\n\t\t\t\t<\/div>\n\t\t\t<\/div>C\u00e9g\u00fcnk laborat\u00f3riumi vizsg\u00e1latok \u00e9s szolg\u00e1ltat\u00e1sok sz\u00e9les sk\u00e1l\u00e1j\u00e1t k\u00edn\u00e1lja, amelyek c\u00e9lja a term\u00e9kmin\u0151s\u00e9g-ellen\u0151rz\u00e9s biztos\u00edt\u00e1sa. Tiszt\u00e1ban vagyunk azzal, hogy a term\u00e9kmin\u0151s\u00e9g d\u00f6nt\u0151 szerepet j\u00e1tszik az \u00fczleti \u00e9letben, ez\u00e9rt magas k\u00f6vetelm\u00e9nyeket t\u00e1masztunk magunk el\u00e9, \u00e9s megb\u00edzhat\u00f3 \u00e9s pontos laborat\u00f3riumi eredm\u00e9nyeket biztos\u00edtunk. Laborat\u00f3riumunk modern m\u0171szerekkel \u00e9s berendez\u00e9sekkel van felszerelve, amelyek lehet\u0151v\u00e9 teszik a k\u00fcl\u00f6nb\u00f6z\u0151 vizsg\u00e1latok nagy pontoss\u00e1ggal \u00e9s megb\u00edzhat\u00f3s\u00e1ggal t\u00f6rt\u00e9n\u0151 elv\u00e9gz\u00e9s\u00e9t. Tapasztalt laborat\u00f3riumi technikusokb\u00f3l \u00e9s szakemberekb\u0151l \u00e1ll\u00f3 csapatunk van, akik alapos ismeretekkel \u00e9s szakmai tapasztalattal rendelkeznek saj\u00e1t ter\u00fclet\u00fck\u00f6n. Elemz\u00e9seket \u00e9s kutat\u00e1sokat v\u00e9geznek a legmagasabb min\u0151s\u00e9gi \u00e9s biztons\u00e1gi el\u0151\u00edr\u00e1soknak megfelel\u0151en. Fizikai-k\u00e9miai, biok\u00e9miai, mikrobiol\u00f3giai \u00e9s m\u00e1s t\u00edpus\u00fa kutat\u00e1sokat v\u00e9gz\u00fcnk a term\u00e9kmin\u0151s\u00e9g meghat\u00e1roz\u00e1s\u00e1hoz, az esetleges hib\u00e1k azonos\u00edt\u00e1s\u00e1hoz \u00e9s a min\u0151s\u00e9gi el\u0151\u00edr\u00e1sok betart\u00e1s\u00e1hoz. \u00dcgyfeleink sz\u00e1m\u00edthatnak arra, hogy minden egyes tanulm\u00e1nyhoz professzion\u00e1lis \u00e9s egy\u00e9ni megk\u00f6zel\u00edt\u00e9st alkalmazunk. Laborat\u00f3riumunk a min\u0151s\u00e9gi szabv\u00e1nyoknak \u00e9s norm\u00e1knak megfelel\u0151en m\u0171k\u00f6dik, ami lehet\u0151v\u00e9 teszi sz\u00e1munkra, hogy megb\u00edzhat\u00f3 \u00e9s pontos vizsg\u00e1lati eredm\u00e9nyeket szolg\u00e1ltassunk. K\u00e9pesek vagyunk egyedi \u00e9s speci\u00e1lis kutat\u00e1si m\u00f3dszerek kidolgoz\u00e1s\u00e1ra \u00e9s v\u00e9grehajt\u00e1s\u00e1ra is, ha az \u00fcgyf\u00e9l term\u00e9keinek saj\u00e1toss\u00e1gai ezt megk\u00f6vetelik.<div class=\"et_pb_module difl_advanced_blurb difl_advanced_blurb_0\">\n\t\t\t\t\n\t\t\t\t\n\t\t\t\t\n\t\t\t\t\n\t\t\t\t\n\t\t\t\t\n\t\t\t\t<div class=\"et_pb_module_inner\">\n\t\t\t\t\t<div class=\"df_ab_blurb_container\"> <div class=\"df_ab_blurb_content_container\"><div class=\"df_ab_blurb_image image placement_image_&#8221;flex_left&#8221;\"><\/div> <h3  class=\"df_ab_blurb_title\">&#8221;K\u00e9rd\u00e9se<\/h3 > <h4  class=\"df_ab_blurb_sub_title\">&#8221;<\/h4 >  <div class=\"df_ab_blurb_button_wrapper\">\r\n                                <a href=\"http:\/\/&#8221;#&#8221;\"  class=\"df_ab_blurb_button\" data-icon=\"5\"> <span>&#8221;K\u00e9r\u00e9s<\/span> <\/a>\r\n                            <\/div> <\/div><\/div>\n\t\t\t\t<\/div>\n\t\t\t<\/div><\/p>\n","protected":false},"author":1,"featured_media":0,"parent":5301,"menu_order":0,"comment_status":"closed","ping_status":"closed","template":"","meta":{"_et_pb_use_builder":"on","_et_pb_old_content":"","_et_gb_content_width":"","footnotes":""},"class_list":["post-5312","page","type-page","status-publish","hentry"],"_links":{"self":[{"href":"https:\/\/terch.com.ua\/hu\/wp-json\/wp\/v2\/pages\/5312","targetHints":{"allow":["GET"]}}],"collection":[{"href":"https:\/\/terch.com.ua\/hu\/wp-json\/wp\/v2\/pages"}],"about":[{"href":"https:\/\/terch.com.ua\/hu\/wp-json\/wp\/v2\/types\/page"}],"author":[{"embeddable":true,"href":"https:\/\/terch.com.ua\/hu\/wp-json\/wp\/v2\/users\/1"}],"replies":[{"embeddable":true,"href":"https:\/\/terch.com.ua\/hu\/wp-json\/wp\/v2\/comments?post=5312"}],"version-history":[{"count":6,"href":"https:\/\/terch.com.ua\/hu\/wp-json\/wp\/v2\/pages\/5312\/revisions"}],"predecessor-version":[{"id":5321,"href":"https:\/\/terch.com.ua\/hu\/wp-json\/wp\/v2\/pages\/5312\/revisions\/5321"}],"up":[{"embeddable":true,"href":"https:\/\/terch.com.ua\/hu\/wp-json\/wp\/v2\/pages\/5301"}],"wp:attachment":[{"href":"https:\/\/terch.com.ua\/hu\/wp-json\/wp\/v2\/media?parent=5312"}],"curies":[{"name":"wp","href":"https:\/\/api.w.org\/{rel}","templated":true}]}}