{"id":5309,"date":"2023-09-06T04:49:03","date_gmt":"2023-09-06T01:49:03","guid":{"rendered":"https:\/\/terch.com.ua\/szolgaltatasaink\/kontenerplatform-rakomany-szamara\/"},"modified":"2024-03-31T22:49:28","modified_gmt":"2024-03-31T19:49:28","slug":"kontenerplatform-rakomany-szamara","status":"publish","type":"page","link":"https:\/\/terch.com.ua\/hu\/szolgaltatasaink\/kontenerplatform-rakomany-szamara\/","title":{"rendered":"Kont\u00e9nerplatform rakom\u00e1ny sz\u00e1m\u00e1ra"},"content":{"rendered":"<p>[et_pb_section fb_built=&#8221;1&#8243; custom_padding_last_edited=&#8221;on|phone&#8221; admin_label=&#8221;Hero Section&#8221; _builder_version=&#8221;4.22.1&#8243; _module_preset=&#8221;default&#8221; background_enable_color=&#8221;off&#8221; background_image=&#8221;https:\/\/terch.com.ua\/wp-content\/uploads\/2023\/08\/bg-20.jpg&#8221; custom_margin=&#8221;||||false|false&#8221; custom_padding=&#8221;100px||100px||false|false&#8221; custom_padding_tablet=&#8221;100px||100px||false|false&#8221; custom_padding_phone=&#8221;0px||0px||true|false&#8221; locked=&#8221;off&#8221; collapsed=&#8221;off&#8221; global_colors_info=&#8221;{}&#8221;][et_pb_row _builder_version=&#8221;4.19.4&#8243; _module_preset=&#8221;default&#8221; global_colors_info=&#8221;{}&#8221;][et_pb_column type=&#8221;4_4&#8243; _builder_version=&#8221;4.19.4&#8243; _module_preset=&#8221;default&#8221; global_colors_info=&#8221;{}&#8221;][et_pb_text _builder_version=&#8221;4.22.1&#8243; _dynamic_attributes=&#8221;content&#8221; _module_preset=&#8221;default&#8221; text_font=&#8221;|||on|||||&#8221; text_text_color=&#8221;#ffffff&#8221; text_font_size=&#8221;40px&#8221; text_line_height=&#8221;68px&#8221; text_orientation=&#8221;center&#8221; custom_margin=&#8221;||0px||false|false&#8221; animation_style=&#8221;slide&#8221; animation_direction=&#8221;top&#8221; animation_duration=&#8221;300ms&#8221; text_font_size_tablet=&#8221;30px&#8221; text_font_size_phone=&#8221;30px&#8221; text_font_size_last_edited=&#8221;on|tablet&#8221; global_colors_info=&#8221;{}&#8221;]@ET-DC@eyJkeW5hbWljIjp0cnVlLCJjb250ZW50IjoicG9zdF90aXRsZSIsInNldHRpbmdzIjp7ImJlZm9yZSI6IiIsImFmdGVyIjoiIn19@[\/et_pb_text][difl_breadcrumbs use_separator_icon=&#8221;on&#8221; separator_font_icon=&#8221;&#x35;||divi||400&#8243; separator_icon_color=&#8221;#FFFFFF&#8221; home_text=&#8221;Otthon&#8221; alignment=&#8221;center&#8221; show_on_front_page=&#8221;off&#8221; show_title=&#8221;off&#8221; enable_schema=&#8221;on&#8221; _builder_version=&#8221;4.22.1&#8243; _module_preset=&#8221;default&#8221; pages_font_font=&#8221;Nunito Sans|600|||||||&#8221; pages_font_text_color=&#8221;#FFFFFF&#8221; pages_font_line_height=&#8221;22px&#8221; home_font_font=&#8221;|700|||||||&#8221; home_font_line_height=&#8221;22px&#8221; animation_style=&#8221;slide&#8221; animation_direction=&#8221;bottom&#8221; animation_duration=&#8221;300ms&#8221; global_colors_info=&#8221;{}&#8221;][\/difl_breadcrumbs][\/et_pb_column][\/et_pb_row][\/et_pb_section][et_pb_section fb_built=&#8221;1&#8243; custom_padding_last_edited=&#8221;on|phone&#8221; admin_label=&#8221;Body Section&#8221; _builder_version=&#8221;4.22.1&#8243; _module_preset=&#8221;default&#8221; background_color=&#8221;#fafbff&#8221; custom_margin_tablet=&#8221;&#8221; custom_margin_phone=&#8221;||0px||false|false&#8221; custom_margin_last_edited=&#8221;on|phone&#8221; custom_padding_tablet=&#8221;&#8221; custom_padding_phone=&#8221;||0px||false|false&#8221; locked=&#8221;off&#8221; collapsed=&#8221;off&#8221; global_colors_info=&#8221;{}&#8221;][et_pb_row column_structure=&#8221;3_5,2_5&#8243; disabled_on=&#8221;off|off|off&#8221; _builder_version=&#8221;4.22.1&#8243; _module_preset=&#8221;default&#8221; background_enable_image=&#8221;off&#8221; global_colors_info=&#8221;{}&#8221;][et_pb_column type=&#8221;3_5&#8243; _builder_version=&#8221;4.19.4&#8243; _module_preset=&#8221;default&#8221; custom_padding=&#8221;||||false|false&#8221; global_colors_info=&#8221;{}&#8221;][et_pb_blurb content_max_width=&#8221;100%&#8221; disabled_on=&#8221;off|off|off&#8221; _builder_version=&#8221;4.22.2&#8243; _module_preset=&#8221;default&#8221; header_font=&#8221;Nunito Sans|700|||||||&#8221; header_text_color=&#8221;#222222&#8243; header_font_size=&#8221;24px&#8221; header_line_height=&#8221;29px&#8221; body_font=&#8221;|300|||||||&#8221; body_line_height=&#8221;24px&#8221; hover_enabled=&#8221;0&#8243; global_colors_info=&#8221;{}&#8221; sticky_enabled=&#8221;0&#8243;]<\/p>\n<p>Kont\u00e9nerudvarunk modern megold\u00e1st k\u00edn\u00e1l a tengeri kont\u00e9nerekben t\u00e1rolt rakom\u00e1ny t\u00e1rol\u00e1s\u00e1ra \u00e9s kezel\u00e9s\u00e9re. Teljes k\u00f6r\u0171 szolg\u00e1ltat\u00e1sokat ny\u00fajtunk, bele\u00e9rtve a kont\u00e9nerek \u00e1tv\u00e9tel\u00e9t, biztons\u00e1gos t\u00e1rol\u00e1s\u00e1t, hat\u00e9kony t\u00e1rol\u00e1s\u00e1t \u00e9s sz\u00e1ll\u00edt\u00e1s\u00e1t. <\/p>\n<p>Kont\u00e9nerudvarunk modern infrastrukt\u00far\u00e1val van felszerelve a rakom\u00e1ny maxim\u00e1lis biztons\u00e1ga \u00e9s v\u00e9delme \u00e9rdek\u00e9ben. Meg\u00e9rtj\u00fck a hat\u00e9kony logisztika fontoss\u00e1g\u00e1t \u00fcgyfeleink sz\u00e1m\u00e1ra, \u00e9s arra t\u00f6reksz\u00fcnk, hogy optim\u00e1lis felt\u00e9teleket biztos\u00edtsunk a kont\u00e9nerek \u00e9s a rakom\u00e1ny kezel\u00e9s\u00e9hez. <\/p>\n<p>Infrastrukt\u00far\u00e1nk a k\u00f6vetkez\u0151ket foglalja mag\u00e1ban:<\/p>\n<ul>\n<li>KS-50 port\u00e1ldaru 50t emel\u0151kapacit\u00e1ssal<\/li>\n<li>500 TEU befogad\u00f3k\u00e9pess\u00e9g\u0171 nyitott kont\u00e9nerter\u00fclet<\/li>\n<\/ul>\n<p>Szakemberekb\u0151l \u00e1ll\u00f3 csapatunk elk\u00f6telezett a kont\u00e9nerek \u00e1raml\u00e1s\u00e1nak ellen\u0151rz\u00e9se \u00e9s szervez\u00e9se ir\u00e1nt, hogy biztos\u00edtsa a kont\u00e9nerek id\u0151ben t\u00f6rt\u00e9n\u0151 elhelyez\u00e9s\u00e9t \u00e9s sz\u00e1ll\u00edt\u00e1s\u00e1t. Biztosak vagyunk abban, hogy szolg\u00e1ltat\u00e1saink seg\u00edtenek \u00fcgyfeleinknek abban, hogy a min\u0151s\u00e9gi \u00e9s megb\u00edzhat\u00f3 logisztikai t\u00e1mogat\u00e1sban b\u00edzva alapvet\u0151 \u00fczleti tev\u00e9kenys\u00e9geikre \u00f6sszpontos\u00edthassanak. <\/p>\n<p>Kont\u00e9nerudvarunk k\u00fcl\u00f6nb\u00f6z\u0151 mennyis\u00e9g\u0171 \u00e9s t\u00edpus\u00fa rakom\u00e1nyok t\u00e1rol\u00e1s\u00e1t tudja biztos\u00edtani. Korszer\u0171 technol\u00f3gi\u00e1kat \u00e9s rakt\u00e1rhelyis\u00e9g-kezel\u00e9si m\u00f3dszereket alkalmazunk, amelyek lehet\u0151v\u00e9 teszik a rendelkez\u00e9sre \u00e1ll\u00f3 hely hat\u00e9kony kihaszn\u00e1l\u00e1s\u00e1t \u00e9s a t\u00e1rol\u00e1si k\u00f6lts\u00e9gek cs\u00f6kkent\u00e9s\u00e9t. <\/p>\n<p>Szak\u00e9rt\u0151i csapatunk k\u00e9szen \u00e1ll arra, hogy tan\u00e1csot adjon \u00e9s egy\u00e9ni tervet dolgozzon ki minden egyes \u00fcgyf\u00e9l sz\u00e1m\u00e1ra, figyelembe v\u00e9ve az ig\u00e9nyeit \u00e9s k\u00f6vetelm\u00e9nyeit. Mindig nyitottak vagyunk az egy\u00fcttm\u0171k\u00f6d\u00e9sre, \u00e9s k\u00e9szen \u00e1llunk arra, hogy optim\u00e1lis megold\u00e1sokat k\u00edn\u00e1ljunk a kont\u00e9nerek t\u00e1rol\u00e1s\u00e1ra \u00e9s kezel\u00e9s\u00e9re. <\/p>\n<p>Kont\u00e9nerudvarunknak \u00e9s \u00fcres kont\u00e9nerrakt\u00e1runknak k\u00f6sz\u00f6nhet\u0151en \u00fcgyfeleink optimaliz\u00e1lhatj\u00e1k logisztikai folyamataikat \u00e9s n\u00f6velhetik m\u0171k\u00f6d\u00e9s\u00fck hat\u00e9konys\u00e1g\u00e1t.<\/p>\n<p>[\/et_pb_blurb][difl_advanced_blurb title=&#8221;K\u00e9rd\u00e9se van?&#8221; sub_title=&#8221; T\u00f6ltse ki az \u0171rlapot, \u00e9s k\u00fcldje el nek\u00fcnk, a lehet\u0151 leghamarabb v\u00e1laszolunk.&#8221; button_text=&#8221;K\u00e9r\u00e9s k\u00fcld\u00e9se&#8221; button_url=&#8221;#&#8221; blurb_icon=&#8221;&#x74;||divi||400&#8243; image_icon_container_position=&#8221;outside&#8221; image_placement=&#8221;flex_left&#8221; image_icon_item_align=&#8221;center&#8221; _builder_version=&#8221;4.22.1&#8243; _module_preset=&#8221;27a26ff8-77c3-4c32-8a97-1330a17f096e&#8221; custom_margin_tablet=&#8221;&#8221; custom_margin_phone=&#8221;||||false|false&#8221; custom_margin_last_edited=&#8221;on|desktop&#8221; locked=&#8221;off&#8221; global_colors_info=&#8221;{}&#8221;][\/difl_advanced_blurb][\/et_pb_column][et_pb_column type=&#8221;2_5&#8243; disabled_on=&#8221;on|on|off&#8221; _builder_version=&#8221;4.22.1&#8243; _module_preset=&#8221;default&#8221; background_image=&#8221;https:\/\/terch.com.ua\/wp-content\/uploads\/img_001.jpg&#8221; custom_padding=&#8221;400px||400px||true|false&#8221; animation_style=&#8221;fold&#8221; global_colors_info=&#8221;{}&#8221;][\/et_pb_column][\/et_pb_row][\/et_pb_section]<\/p>\n","protected":false},"excerpt":{"rendered":"<p><div class=\"et_pb_module difl_breadcrumbs difl_breadcrumbs_0 et_animated\">\n\t\t\t\t\n\t\t\t\t\n\t\t\t\t\n\t\t\t\t\n\t\t\t\t\n\t\t\t\t\n\t\t\t\t<div class=\"et_pb_module_inner\">\n\t\t\t\t\t<div class=\"df_breadcrumbs_container\">\r\n                             <script type=\"application\/ld+json\">{\"@context\":\"https:\\\/\\\/schema.org\\\/\",\"@type\":\"BreadcrumbList\",\"itemListElement\":[{\"@type\":\"ListItem\",\"position\":1,\"name\":\"Otthon\",\"item\":\"https:\\\/\\\/terch.com.ua\\\/hu\\\/\"}]}<\/script>\r\n                            <div class=\"df_breadcrumbs_wrapper\">\r\n                                <ul class=\"df-breadcrumbs\"><li class=\"df-breadcrumbs-item df-breadcrumbs-start\"><a href=\"https:\/\/terch.com.ua\/hu\/\"  rel=\"home\"><span class=\"df-breadcrumbs-text\">  Otthon <\/span><\/a><\/li><\/ul>\r\n                            <\/div>\r\n\r\n                        <\/div>\n\t\t\t\t<\/div>\n\t\t\t<\/div>Kont\u00e9nerudvarunk modern megold\u00e1st k\u00edn\u00e1l a tengeri kont\u00e9nerekben t\u00e1rolt rakom\u00e1ny t\u00e1rol\u00e1s\u00e1ra \u00e9s kezel\u00e9s\u00e9re. Teljes k\u00f6r\u0171 szolg\u00e1ltat\u00e1sokat ny\u00fajtunk, bele\u00e9rtve a kont\u00e9nerek \u00e1tv\u00e9tel\u00e9t, biztons\u00e1gos t\u00e1rol\u00e1s\u00e1t, hat\u00e9kony t\u00e1rol\u00e1s\u00e1t \u00e9s sz\u00e1ll\u00edt\u00e1s\u00e1t. Kont\u00e9nerudvarunk modern infrastrukt\u00far\u00e1val van felszerelve a rakom\u00e1ny maxim\u00e1lis biztons\u00e1ga \u00e9s v\u00e9delme \u00e9rdek\u00e9ben. Meg\u00e9rtj\u00fck a hat\u00e9kony logisztika fontoss\u00e1g\u00e1t \u00fcgyfeleink sz\u00e1m\u00e1ra, \u00e9s arra t\u00f6reksz\u00fcnk, hogy optim\u00e1lis felt\u00e9teleket biztos\u00edtsunk a kont\u00e9nerek \u00e9s a rakom\u00e1ny kezel\u00e9s\u00e9hez. Infrastrukt\u00far\u00e1nk a k\u00f6vetkez\u0151ket foglalja mag\u00e1ban: KS-50 port\u00e1ldaru 50t emel\u0151kapacit\u00e1ssal 500 TEU befogad\u00f3k\u00e9pess\u00e9g\u0171 nyitott kont\u00e9nerter\u00fclet Szakemberekb\u0151l \u00e1ll\u00f3 csapatunk elk\u00f6telezett a kont\u00e9nerek \u00e1raml\u00e1s\u00e1nak ellen\u0151rz\u00e9se \u00e9s szervez\u00e9se ir\u00e1nt, hogy biztos\u00edtsa a kont\u00e9nerek id\u0151ben t\u00f6rt\u00e9n\u0151 elhelyez\u00e9s\u00e9t \u00e9s sz\u00e1ll\u00edt\u00e1s\u00e1t. Biztosak vagyunk abban, hogy szolg\u00e1ltat\u00e1saink seg\u00edtenek \u00fcgyfeleinknek abban, hogy a min\u0151s\u00e9gi \u00e9s megb\u00edzhat\u00f3 logisztikai t\u00e1mogat\u00e1sban b\u00edzva alapvet\u0151 \u00fczleti tev\u00e9kenys\u00e9geikre \u00f6sszpontos\u00edthassanak. Kont\u00e9nerudvarunk k\u00fcl\u00f6nb\u00f6z\u0151 mennyis\u00e9g\u0171 \u00e9s t\u00edpus\u00fa rakom\u00e1nyok t\u00e1rol\u00e1s\u00e1t tudja biztos\u00edtani. Korszer\u0171 technol\u00f3gi\u00e1kat \u00e9s rakt\u00e1rhelyis\u00e9g-kezel\u00e9si m\u00f3dszereket alkalmazunk, amelyek lehet\u0151v\u00e9 teszik a rendelkez\u00e9sre \u00e1ll\u00f3 hely hat\u00e9kony kihaszn\u00e1l\u00e1s\u00e1t \u00e9s a t\u00e1rol\u00e1si k\u00f6lts\u00e9gek cs\u00f6kkent\u00e9s\u00e9t. Szak\u00e9rt\u0151i csapatunk k\u00e9szen \u00e1ll arra, hogy tan\u00e1csot adjon \u00e9s egy\u00e9ni tervet dolgozzon ki minden egyes \u00fcgyf\u00e9l sz\u00e1m\u00e1ra, figyelembe v\u00e9ve az ig\u00e9nyeit \u00e9s k\u00f6vetelm\u00e9nyeit. Mindig nyitottak vagyunk az egy\u00fcttm\u0171k\u00f6d\u00e9sre, \u00e9s k\u00e9szen \u00e1llunk arra, hogy optim\u00e1lis megold\u00e1sokat k\u00edn\u00e1ljunk a kont\u00e9nerek t\u00e1rol\u00e1s\u00e1ra [&hellip;]<\/p>\n","protected":false},"author":1,"featured_media":0,"parent":5301,"menu_order":0,"comment_status":"closed","ping_status":"closed","template":"","meta":{"_et_pb_use_builder":"on","_et_pb_old_content":"","_et_gb_content_width":"","footnotes":""},"class_list":["post-5309","page","type-page","status-publish","hentry"],"_links":{"self":[{"href":"https:\/\/terch.com.ua\/hu\/wp-json\/wp\/v2\/pages\/5309","targetHints":{"allow":["GET"]}}],"collection":[{"href":"https:\/\/terch.com.ua\/hu\/wp-json\/wp\/v2\/pages"}],"about":[{"href":"https:\/\/terch.com.ua\/hu\/wp-json\/wp\/v2\/types\/page"}],"author":[{"embeddable":true,"href":"https:\/\/terch.com.ua\/hu\/wp-json\/wp\/v2\/users\/1"}],"replies":[{"embeddable":true,"href":"https:\/\/terch.com.ua\/hu\/wp-json\/wp\/v2\/comments?post=5309"}],"version-history":[{"count":2,"href":"https:\/\/terch.com.ua\/hu\/wp-json\/wp\/v2\/pages\/5309\/revisions"}],"predecessor-version":[{"id":5311,"href":"https:\/\/terch.com.ua\/hu\/wp-json\/wp\/v2\/pages\/5309\/revisions\/5311"}],"up":[{"embeddable":true,"href":"https:\/\/terch.com.ua\/hu\/wp-json\/wp\/v2\/pages\/5301"}],"wp:attachment":[{"href":"https:\/\/terch.com.ua\/hu\/wp-json\/wp\/v2\/media?parent=5309"}],"curies":[{"name":"wp","href":"https:\/\/api.w.org\/{rel}","templated":true}]}}