{"id":5305,"date":"2023-09-06T10:03:39","date_gmt":"2023-09-06T07:03:39","guid":{"rendered":"https:\/\/terch.com.ua\/szolgaltatasaink\/szallitmanyozasi-szolgaltatasok\/"},"modified":"2024-03-31T22:40:01","modified_gmt":"2024-03-31T19:40:01","slug":"szallitmanyozasi-szolgaltatasok","status":"publish","type":"page","link":"https:\/\/terch.com.ua\/hu\/szolgaltatasaink\/szallitmanyozasi-szolgaltatasok\/","title":{"rendered":"Sz\u00e1ll\u00edtm\u00e1nyoz\u00e1si szolg\u00e1ltat\u00e1sok"},"content":{"rendered":"<p>[et_pb_section fb_built=&#8221;1&#8243; custom_padding_last_edited=&#8221;on|phone&#8221; admin_label=&#8221;Hero Section&#8221; _builder_version=&#8221;4.22.1&#8243; _module_preset=&#8221;default&#8221; background_enable_color=&#8221;off&#8221; background_image=&#8221;https:\/\/terch.com.ua\/wp-content\/uploads\/2023\/08\/bg-20.jpg&#8221; custom_margin=&#8221;||||false|false&#8221; custom_padding=&#8221;100px||100px||false|false&#8221; custom_padding_tablet=&#8221;100px||100px||false|false&#8221; custom_padding_phone=&#8221;0px||0px||true|false&#8221; locked=&#8221;off&#8221; collapsed=&#8221;off&#8221; global_colors_info=&#8221;{}&#8221;][et_pb_row _builder_version=&#8221;4.19.4&#8243; _module_preset=&#8221;default&#8221; global_colors_info=&#8221;{}&#8221;][et_pb_column type=&#8221;4_4&#8243; _builder_version=&#8221;4.19.4&#8243; _module_preset=&#8221;default&#8221; global_colors_info=&#8221;{}&#8221;][et_pb_text _builder_version=&#8221;4.22.1&#8243; _dynamic_attributes=&#8221;content&#8221; _module_preset=&#8221;default&#8221; text_font=&#8221;|||on|||||&#8221; text_text_color=&#8221;#ffffff&#8221; text_font_size=&#8221;40px&#8221; text_line_height=&#8221;68px&#8221; text_orientation=&#8221;center&#8221; custom_margin=&#8221;||0px||false|false&#8221; hover_enabled=&#8221;0&#8243; text_font_size_tablet=&#8221;30px&#8221; text_font_size_phone=&#8221;30px&#8221; text_font_size_last_edited=&#8221;on|desktop&#8221; global_colors_info=&#8221;{}&#8221; animation_style=&#8221;slide&#8221; animation_direction=&#8221;top&#8221; animation_duration=&#8221;300ms&#8221; sticky_enabled=&#8221;0&#8243;]@ET-DC@eyJkeW5hbWljIjp0cnVlLCJjb250ZW50IjoicG9zdF90aXRsZSIsInNldHRpbmdzIjp7ImJlZm9yZSI6IiIsImFmdGVyIjoiIn19@[\/et_pb_text][difl_breadcrumbs use_separator_icon=&#8221;on&#8221; separator_font_icon=&#8221;&#x35;||divi||400&#8243; separator_icon_color=&#8221;#FFFFFF&#8221; home_text=&#8221;Otthon&#8221; alignment=&#8221;center&#8221; show_on_front_page=&#8221;off&#8221; show_title=&#8221;off&#8221; enable_schema=&#8221;on&#8221; _builder_version=&#8221;4.22.1&#8243; _module_preset=&#8221;default&#8221; pages_font_font=&#8221;Nunito Sans|600|||||||&#8221; pages_font_text_color=&#8221;#FFFFFF&#8221; pages_font_line_height=&#8221;22px&#8221; home_font_font=&#8221;|700|||||||&#8221; home_font_line_height=&#8221;22px&#8221; hover_enabled=&#8221;0&#8243; global_colors_info=&#8221;{}&#8221; animation_style=&#8221;slide&#8221; animation_direction=&#8221;bottom&#8221; sticky_enabled=&#8221;0&#8243;][\/difl_breadcrumbs][\/et_pb_column][\/et_pb_row][\/et_pb_section][et_pb_section fb_built=&#8221;1&#8243; custom_padding_last_edited=&#8221;on|phone&#8221; admin_label=&#8221;Body Section&#8221; _builder_version=&#8221;4.22.1&#8243; _module_preset=&#8221;default&#8221; background_color=&#8221;#fafbff&#8221; custom_margin=&#8221;||||false|false&#8221; custom_margin_tablet=&#8221;||||false|false&#8221; custom_margin_phone=&#8221;||0px||false|false&#8221; custom_margin_last_edited=&#8221;on|phone&#8221; custom_padding=&#8221;||||false|false&#8221; custom_padding_tablet=&#8221;||||false|false&#8221; custom_padding_phone=&#8221;||0px||false|false&#8221; locked=&#8221;off&#8221; collapsed=&#8221;off&#8221; global_colors_info=&#8221;{}&#8221;][et_pb_row column_structure=&#8221;3_5,2_5&#8243; disabled_on=&#8221;off|off|off&#8221; _builder_version=&#8221;4.22.1&#8243; _module_preset=&#8221;default&#8221; background_enable_image=&#8221;off&#8221; global_colors_info=&#8221;{}&#8221;][et_pb_column type=&#8221;3_5&#8243; _builder_version=&#8221;4.19.4&#8243; _module_preset=&#8221;default&#8221; custom_padding=&#8221;||||false|false&#8221; global_colors_info=&#8221;{}&#8221;][et_pb_blurb content_max_width=&#8221;100%&#8221; disabled_on=&#8221;off|off|off&#8221; _builder_version=&#8221;4.22.1&#8243; _module_preset=&#8221;default&#8221; header_font=&#8221;Nunito Sans|700|||||||&#8221; header_text_color=&#8221;#222222&#8243; header_font_size=&#8221;24px&#8221; header_line_height=&#8221;29px&#8221; body_font=&#8221;|300|||||||&#8221; body_line_height=&#8221;24px&#8221; global_colors_info=&#8221;{}&#8221;]<\/p>\n<p>Sz\u00e1ll\u00edtm\u00e1nyoz\u00e1si szolg\u00e1ltat\u00e1saink garant\u00e1lj\u00e1k az \u00e1ruk megb\u00edzhat\u00f3 \u00e9s hat\u00e9kony sz\u00e1ll\u00edt\u00e1s\u00e1t \u00e9s k\u00eds\u00e9r\u00e9s\u00e9t az eur\u00f3pai kik\u00f6t\u0151kbe vagy v\u00e9gfelhaszn\u00e1l\u00f3khoz. Tudjuk, hogy \u00fcgyfeleink sz\u00e1m\u00e1ra mennyire fontos a sz\u00e1ll\u00edt\u00e1s gyorsas\u00e1ga \u00e9s z\u00f6kken\u0151mentess\u00e9ge, ez\u00e9rt a lehet\u0151 legoptim\u00e1lisabb sz\u00e1ll\u00edt\u00e1si \u00fatvonalakat biztos\u00edtjuk.<\/p>\n<p>Az Eur\u00f3p\u00e1ban, Afrik\u00e1ban \u00e9s \u00c1zsi\u00e1ban, t\u00f6bbek k\u00f6z\u00f6tt Indon\u00e9zi\u00e1ban \u00e9s K\u00edn\u00e1ban tal\u00e1lhat\u00f3 fi\u00f3ktelepeink seg\u00edtenek a helyi partnerekkel val\u00f3 kapcsolattart\u00e1sban, \u00e9s biztos\u00edtj\u00e1k a hat\u00e9kony \u00e9s megb\u00edzhat\u00f3 \u00e1rusz\u00e1ll\u00edt\u00e1st. \u00dcgyfeleinkkel a sz\u00e1ll\u00edt\u00e1s kezdet\u00e9t\u0151l a v\u00e9g\u00e9ig egy\u00fctt dolgozunk, \u00e9s minden szakaszban szakmai t\u00e1mogat\u00e1st \u00e9s tan\u00e1csad\u00e1st ny\u00fajtunk.<\/p>\n<p>Ezenk\u00edv\u00fcl teljes k\u00f6r\u0171 t\u00e1mogat\u00e1st ny\u00fajtunk az exportdokument\u00e1ci\u00f3val \u00e9s az \u00e1rutov\u00e1bb\u00edt\u00e1ssal kapcsolatban. Szak\u00e9rt\u0151ink seg\u00edtenek \u00fcgyfeleinknek a nemzetk\u00f6zi kereskedelemhez sz\u00fcks\u00e9ges \u00f6sszes formalit\u00e1st lebonyol\u00edtani, biztos\u00edtva a gyors \u00e9s z\u00f6kken\u0151mentes hat\u00e1r\u00e1tl\u00e9p\u00e9st \u00e9s v\u00e1mkezel\u00e9st.<\/p>\n<p>Meg\u00e9rtj\u00fck, hogy minden ipar\u00e1gnak megvannak a maga egyedi ig\u00e9nyei, ez\u00e9rt sz\u00e1ll\u00edtm\u00e1nyoz\u00f3ink minden projektet egyedileg k\u00f6zel\u00edtenek meg. Szem\u00e9lyre szabott megold\u00e1sokat k\u00edn\u00e1lunk, amelyek figyelembe veszik a rakom\u00e1ny saj\u00e1toss\u00e1gait \u00e9s az \u00fcgyf\u00e9l ig\u00e9nyeit.<\/p>\n<p>C\u00e9lunk, hogy a logisztikai folyamatot a lehet\u0151 legk\u00e9nyelmesebb\u00e9 \u00e9s legbiztons\u00e1gosabb\u00e1 tegy\u00fck \u00fcgyfeleink sz\u00e1m\u00e1ra. Arra t\u00f6reksz\u00fcnk, hogy magas sz\u00ednvonal\u00fa szolg\u00e1ltat\u00e1st ny\u00fajtsunk, \u00e9s partnereink minden ig\u00e9ny\u00e9t kiel\u00e9g\u00edts\u00fck a nemzetk\u00f6zi fuvaroz\u00e1s ter\u00fclet\u00e9n. Szak\u00e9rtelm\u00fcnknek \u00e9s tapasztalatunknak k\u00f6sz\u00f6nhet\u0151en az \u00fcgyfelek biztosak lehetnek abban, hogy k\u00fcldem\u00e9nyeiket id\u0151ben \u00e9s biztons\u00e1gosan k\u00e9zbes\u00edtj\u00fck.<\/p>\n<p>[\/et_pb_blurb][difl_advanced_blurb title=&#8221;K\u00e9rd\u00e9se van?&#8221; sub_title=&#8221; T\u00f6ltse ki az \u0171rlapot, \u00e9s k\u00fcldje el nek\u00fcnk, a lehet\u0151 leghamarabb v\u00e1laszolunk.&#8221; button_text=&#8221;K\u00e9r\u00e9s k\u00fcld\u00e9se&#8221; button_url=&#8221;#&#8221; blurb_icon=&#8221;&#x74;||divi||400&#8243; image_icon_container_position=&#8221;outside&#8221; image_placement=&#8221;flex_left&#8221; image_icon_item_align=&#8221;center&#8221; _builder_version=&#8221;4.22.1&#8243; _module_preset=&#8221;27a26ff8-77c3-4c32-8a97-1330a17f096e&#8221; custom_margin_tablet=&#8221;&#8221; custom_margin_phone=&#8221;||||false|false&#8221; custom_margin_last_edited=&#8221;on|desktop&#8221; locked=&#8221;off&#8221; global_colors_info=&#8221;{}&#8221;][\/difl_advanced_blurb][\/et_pb_column][et_pb_column type=&#8221;2_5&#8243; disabled_on=&#8221;on|on|off&#8221; _builder_version=&#8221;4.22.1&#8243; _module_preset=&#8221;default&#8221; background_image=&#8221;https:\/\/terch.com.ua\/wp-content\/uploads\/070923-05.jpg&#8221; custom_padding=&#8221;400px||400px||true|false&#8221; animation_style=&#8221;fold&#8221; global_colors_info=&#8221;{}&#8221;][\/et_pb_column][\/et_pb_row][\/et_pb_section]<\/p>\n","protected":false},"excerpt":{"rendered":"<p><div class=\"et_pb_module difl_breadcrumbs difl_breadcrumbs_0 et_animated\">\n\t\t\t\t\n\t\t\t\t\n\t\t\t\t\n\t\t\t\t\n\t\t\t\t\n\t\t\t\t\n\t\t\t\t<div class=\"et_pb_module_inner\">\n\t\t\t\t\t<div class=\"df_breadcrumbs_container\">\r\n                             <script type=\"application\/ld+json\">{\"@context\":\"https:\\\/\\\/schema.org\\\/\",\"@type\":\"BreadcrumbList\",\"itemListElement\":[{\"@type\":\"ListItem\",\"position\":1,\"name\":\"Otthon\",\"item\":\"https:\\\/\\\/terch.com.ua\\\/hu\\\/\"}]}<\/script>\r\n                            <div class=\"df_breadcrumbs_wrapper\">\r\n                                <ul class=\"df-breadcrumbs\"><li class=\"df-breadcrumbs-item df-breadcrumbs-start\"><a href=\"https:\/\/terch.com.ua\/hu\/\"  rel=\"home\"><span class=\"df-breadcrumbs-text\">  Otthon <\/span><\/a><\/li><\/ul>\r\n                            <\/div>\r\n\r\n                        <\/div>\n\t\t\t\t<\/div>\n\t\t\t<\/div>Sz\u00e1ll\u00edtm\u00e1nyoz\u00e1si szolg\u00e1ltat\u00e1saink garant\u00e1lj\u00e1k az \u00e1ruk megb\u00edzhat\u00f3 \u00e9s hat\u00e9kony sz\u00e1ll\u00edt\u00e1s\u00e1t \u00e9s k\u00eds\u00e9r\u00e9s\u00e9t az eur\u00f3pai kik\u00f6t\u0151kbe vagy v\u00e9gfelhaszn\u00e1l\u00f3khoz. Tudjuk, hogy \u00fcgyfeleink sz\u00e1m\u00e1ra mennyire fontos a sz\u00e1ll\u00edt\u00e1s gyorsas\u00e1ga \u00e9s z\u00f6kken\u0151mentess\u00e9ge, ez\u00e9rt a lehet\u0151 legoptim\u00e1lisabb sz\u00e1ll\u00edt\u00e1si \u00fatvonalakat biztos\u00edtjuk. Az Eur\u00f3p\u00e1ban, Afrik\u00e1ban \u00e9s \u00c1zsi\u00e1ban, t\u00f6bbek k\u00f6z\u00f6tt Indon\u00e9zi\u00e1ban \u00e9s K\u00edn\u00e1ban tal\u00e1lhat\u00f3 fi\u00f3ktelepeink seg\u00edtenek a helyi partnerekkel val\u00f3 kapcsolattart\u00e1sban, \u00e9s biztos\u00edtj\u00e1k a hat\u00e9kony \u00e9s megb\u00edzhat\u00f3 \u00e1rusz\u00e1ll\u00edt\u00e1st. \u00dcgyfeleinkkel a sz\u00e1ll\u00edt\u00e1s kezdet\u00e9t\u0151l a v\u00e9g\u00e9ig egy\u00fctt dolgozunk, \u00e9s minden szakaszban szakmai t\u00e1mogat\u00e1st \u00e9s tan\u00e1csad\u00e1st ny\u00fajtunk. Ezenk\u00edv\u00fcl teljes k\u00f6r\u0171 t\u00e1mogat\u00e1st ny\u00fajtunk az exportdokument\u00e1ci\u00f3val \u00e9s az \u00e1rutov\u00e1bb\u00edt\u00e1ssal kapcsolatban. Szak\u00e9rt\u0151ink seg\u00edtenek \u00fcgyfeleinknek a nemzetk\u00f6zi kereskedelemhez sz\u00fcks\u00e9ges \u00f6sszes formalit\u00e1st lebonyol\u00edtani, biztos\u00edtva a gyors \u00e9s z\u00f6kken\u0151mentes hat\u00e1r\u00e1tl\u00e9p\u00e9st \u00e9s v\u00e1mkezel\u00e9st. Meg\u00e9rtj\u00fck, hogy minden ipar\u00e1gnak megvannak a maga egyedi ig\u00e9nyei, ez\u00e9rt sz\u00e1ll\u00edtm\u00e1nyoz\u00f3ink minden projektet egyedileg k\u00f6zel\u00edtenek meg. Szem\u00e9lyre szabott megold\u00e1sokat k\u00edn\u00e1lunk, amelyek figyelembe veszik a rakom\u00e1ny saj\u00e1toss\u00e1gait \u00e9s az \u00fcgyf\u00e9l ig\u00e9nyeit. C\u00e9lunk, hogy a logisztikai folyamatot a lehet\u0151 legk\u00e9nyelmesebb\u00e9 \u00e9s legbiztons\u00e1gosabb\u00e1 tegy\u00fck \u00fcgyfeleink sz\u00e1m\u00e1ra. Arra t\u00f6reksz\u00fcnk, hogy magas sz\u00ednvonal\u00fa szolg\u00e1ltat\u00e1st ny\u00fajtsunk, \u00e9s partnereink minden ig\u00e9ny\u00e9t kiel\u00e9g\u00edts\u00fck a nemzetk\u00f6zi fuvaroz\u00e1s ter\u00fclet\u00e9n. Szak\u00e9rtelm\u00fcnknek \u00e9s tapasztalatunknak k\u00f6sz\u00f6nhet\u0151en az \u00fcgyfelek biztosak lehetnek abban, hogy k\u00fcldem\u00e9nyeiket id\u0151ben \u00e9s biztons\u00e1gosan k\u00e9zbes\u00edtj\u00fck.<div class=\"et_pb_module difl_advanced_blurb difl_advanced_blurb_0\">\n\t\t\t\t\n\t\t\t\t\n\t\t\t\t\n\t\t\t\t\n\t\t\t\t\n\t\t\t\t\n\t\t\t\t<div class=\"et_pb_module_inner\">\n\t\t\t\t\t<div class=\"df_ab_blurb_container\"> <div class=\"df_ab_blurb_content_container\"><div class=\"df_ab_blurb_image image placement_image_flex_top\"><\/div> <h3  class=\"df_ab_blurb_title\">&#8221;K\u00e9rd\u00e9se<\/h3 >    <\/div><\/div>\n\t\t\t\t<\/div>\n\t\t\t<\/div><\/p>\n","protected":false},"author":1,"featured_media":0,"parent":5301,"menu_order":0,"comment_status":"closed","ping_status":"closed","template":"","meta":{"_et_pb_use_builder":"on","_et_pb_old_content":"","_et_gb_content_width":"","footnotes":""},"class_list":["post-5305","page","type-page","status-publish","hentry"],"_links":{"self":[{"href":"https:\/\/terch.com.ua\/hu\/wp-json\/wp\/v2\/pages\/5305","targetHints":{"allow":["GET"]}}],"collection":[{"href":"https:\/\/terch.com.ua\/hu\/wp-json\/wp\/v2\/pages"}],"about":[{"href":"https:\/\/terch.com.ua\/hu\/wp-json\/wp\/v2\/types\/page"}],"author":[{"embeddable":true,"href":"https:\/\/terch.com.ua\/hu\/wp-json\/wp\/v2\/users\/1"}],"replies":[{"embeddable":true,"href":"https:\/\/terch.com.ua\/hu\/wp-json\/wp\/v2\/comments?post=5305"}],"version-history":[{"count":1,"href":"https:\/\/terch.com.ua\/hu\/wp-json\/wp\/v2\/pages\/5305\/revisions"}],"predecessor-version":[{"id":5308,"href":"https:\/\/terch.com.ua\/hu\/wp-json\/wp\/v2\/pages\/5305\/revisions\/5308"}],"up":[{"embeddable":true,"href":"https:\/\/terch.com.ua\/hu\/wp-json\/wp\/v2\/pages\/5301"}],"wp:attachment":[{"href":"https:\/\/terch.com.ua\/hu\/wp-json\/wp\/v2\/media?parent=5305"}],"curies":[{"name":"wp","href":"https:\/\/api.w.org\/{rel}","templated":true}]}}